{"id":19190,"date":"2025-09-30T13:37:14","date_gmt":"2025-09-30T13:37:14","guid":{"rendered":"https:\/\/horizonshemato.com\/?post_type=product&#038;p=19190"},"modified":"2025-09-30T13:38:47","modified_gmt":"2025-09-30T13:38:47","slug":"horizons-hemato-vol-15-n-3-septembre-2025","status":"publish","type":"product","link":"https:\/\/horizonshemato.com\/en\/product\/horizons-hemato-vol-15-n-3-septembre-2025\/","title":{"rendered":"Horizons H\u00e9mato \u2013 Vol. 15 n\u00b0 3\u2013 Septembre 2025"},"content":{"rendered":"<p>Magazine au format num\u00e9rique.<\/p>","protected":false},"excerpt":{"rendered":"<p>Nous avons le plaisir de vous pr\u00e9senter ce deuxi\u00e8me volume du dossier \u00ab Grand Angle \u00bb consacr\u00e9 au my\u00e9lome multiple. Apr\u00e8s un premier volet centr\u00e9 sur la physiopathologie et la prise en charge initiale, ce num\u00e9ro met en lumi\u00e8re les formes particuli\u00e8res de la maladie et fait le point sur les avanc\u00e9es r\u00e9centes en immunoth\u00e9rapie de nouvelle g\u00e9n\u00e9ration.<\/p>\n<p>Vous y trouverez tout d\u2019abord un focus sur les expositions professionnelles, enjeu croissant de sant\u00e9 publique et de reconnaissance m\u00e9dico-sociale, ainsi que des fiches pratiques d\u00e9di\u00e9es \u00e0 la prise en charge du my\u00e9lome \u00e0 haut risque cytog\u00e9n\u00e9tique et des plasmocytomes solitaires.<\/p>\n<p>La seconde partie de ce dossier est consacr\u00e9e aux immunoth\u00e9rapies, d\u00e9sormais incontournables dans la prise en charge des rechutes. Deux fiches d\u00e9taillent l\u2019actualit\u00e9 des<\/p>\n<p>anticorps bisp\u00e9cifiques et des cellules CAR T, ainsi<br \/>\nque les perspectives d\u2019am\u00e9lioration des CAR T ainsi que le d\u00e9veloppement des anticorps tri-sp\u00e9cifiques. Nous<span class=\"Apple-converted-space\">\u00a0 <\/span>abordons \u00e9galement la situation complexe des rechutes post-immunoth\u00e9rapie, et deux chapitres sont consacr\u00e9s aux m\u00e9canismes de r\u00e9sistance &#8211;<span class=\"Apple-converted-space\">\u00a0 <\/span>perte de cible<br \/>\net \u00e9puisement du compartiment T.<\/p>\n<p>Nous esp\u00e9rons que ce second volet enrichira votre pratique et nourrira vos r\u00e9flexions. Nos remerciements vont une nouvelle fois aux auteurs pour la qualit\u00e9 de leurs contributions.<\/p>\n<p>Bonne lecture !<\/p>\n<p>Pr Salomon MANIER, Lille.<br \/>\nCoordinateur du \u00ab\u00a0Grand Angle\u00a0\u00bb<\/p>","protected":false},"featured_media":19186,"template":"","meta":{"_monsterinsights_skip_tracking":false,"_monsterinsights_sitenote_active":false,"_monsterinsights_sitenote_note":"","_monsterinsights_sitenote_category":0},"product_brand":[],"product_cat":[86],"product_tag":[],"class_list":{"0":"post-19190","1":"product","2":"type-product","3":"status-publish","4":"has-post-thumbnail","6":"product_cat-myelome-multiple","8":"first","9":"instock","10":"downloadable","11":"shipping-taxable","12":"purchasable","13":"product-type-simple"},"yoast_head":"<!-- This site is optimized with the Yoast SEO plugin v27.1.1 - https:\/\/yoast.com\/product\/yoast-seo-wordpress\/ -->\n<title>Horizons H\u00e9mato \u2013 Vol. 15 n\u00b0 3\u2013 Septembre 2025 - Horizons H\u00e9mato<\/title>\n<meta name=\"robots\" content=\"index, follow, max-snippet:-1, max-image-preview:large, max-video-preview:-1\" \/>\n<link rel=\"canonical\" href=\"https:\/\/horizonshemato.com\/en\/product\/horizons-hemato-vol-15-n-3-septembre-2025\/\" \/>\n<meta property=\"og:locale\" content=\"en_US\" \/>\n<meta property=\"og:type\" content=\"article\" \/>\n<meta property=\"og:title\" content=\"Horizons H\u00e9mato \u2013 Vol. 15 n\u00b0 3\u2013 Septembre 2025 - Horizons H\u00e9mato\" \/>\n<meta property=\"og:description\" content=\"Nous avons le plaisir de vous pr\u00e9senter ce deuxi\u00e8me volume du dossier \u00ab Grand Angle \u00bb consacr\u00e9 au my\u00e9lome multiple. Apr\u00e8s un premier volet centr\u00e9 sur la physiopathologie et la prise en charge initiale, ce num\u00e9ro met en lumi\u00e8re les formes particuli\u00e8res de la maladie et fait le point sur les avanc\u00e9es r\u00e9centes en immunoth\u00e9rapie de nouvelle g\u00e9n\u00e9ration.  Vous y trouverez tout d\u2019abord un focus sur les expositions professionnelles, enjeu croissant de sant\u00e9 publique et de reconnaissance m\u00e9dico-sociale, ainsi que des fiches pratiques d\u00e9di\u00e9es \u00e0 la prise en charge du my\u00e9lome \u00e0 haut risque cytog\u00e9n\u00e9tique et des plasmocytomes solitaires.  La seconde partie de ce dossier est consacr\u00e9e aux immunoth\u00e9rapies, d\u00e9sormais incontournables dans la prise en charge des rechutes. Deux fiches d\u00e9taillent l\u2019actualit\u00e9 des  anticorps bisp\u00e9cifiques et des cellules CAR T, ainsi que les perspectives d\u2019am\u00e9lioration des CAR T ainsi que le d\u00e9veloppement des anticorps tri-sp\u00e9cifiques. Nous\u00a0 abordons \u00e9galement la situation complexe des rechutes post-immunoth\u00e9rapie, et deux chapitres sont consacr\u00e9s aux m\u00e9canismes de r\u00e9sistance -\u00a0 perte de cible et \u00e9puisement du compartiment T.  Nous esp\u00e9rons que ce second volet enrichira votre pratique et nourrira vos r\u00e9flexions. Nos remerciements vont une nouvelle fois aux auteurs pour la qualit\u00e9 de leurs contributions.  Bonne lecture !  Pr Salomon MANIER, Lille. Coordinateur du &quot;Grand Angle&quot;\" \/>\n<meta property=\"og:url\" content=\"https:\/\/horizonshemato.com\/en\/product\/horizons-hemato-vol-15-n-3-septembre-2025\/\" \/>\n<meta property=\"og:site_name\" content=\"Horizons H\u00e9mato\" \/>\n<meta property=\"article:modified_time\" content=\"2025-09-30T13:38:47+00:00\" \/>\n<meta property=\"og:image\" content=\"https:\/\/horizonshemato.com\/wp-content\/uploads\/2025\/09\/HHsept-2025.png\" \/>\n\t<meta property=\"og:image:width\" content=\"600\" \/>\n\t<meta property=\"og:image:height\" content=\"378\" \/>\n\t<meta property=\"og:image:type\" content=\"image\/png\" \/>\n<meta name=\"twitter:card\" content=\"summary_large_image\" \/>\n<meta name=\"twitter:label1\" content=\"Est. reading time\" \/>\n\t<meta name=\"twitter:data1\" content=\"1 minute\" \/>\n<script type=\"application\/ld+json\" class=\"yoast-schema-graph\">{\"@context\":\"https:\/\/schema.org\",\"@graph\":[{\"@type\":\"WebPage\",\"@id\":\"https:\/\/horizonshemato.com\/product\/horizons-hemato-vol-15-n-3-septembre-2025\/\",\"url\":\"https:\/\/horizonshemato.com\/product\/horizons-hemato-vol-15-n-3-septembre-2025\/\",\"name\":\"Horizons H\u00e9mato \u2013 Vol. 15 n\u00b0 3\u2013 Septembre 2025 - Horizons H\u00e9mato\",\"isPartOf\":{\"@id\":\"https:\/\/horizonshemato.com\/#website\"},\"primaryImageOfPage\":{\"@id\":\"https:\/\/horizonshemato.com\/product\/horizons-hemato-vol-15-n-3-septembre-2025\/#primaryimage\"},\"image\":{\"@id\":\"https:\/\/horizonshemato.com\/product\/horizons-hemato-vol-15-n-3-septembre-2025\/#primaryimage\"},\"thumbnailUrl\":\"https:\/\/horizonshemato.com\/wp-content\/uploads\/2025\/09\/HHsept-2025.png\",\"datePublished\":\"2025-09-30T13:37:14+00:00\",\"dateModified\":\"2025-09-30T13:38:47+00:00\",\"breadcrumb\":{\"@id\":\"https:\/\/horizonshemato.com\/product\/horizons-hemato-vol-15-n-3-septembre-2025\/#breadcrumb\"},\"inLanguage\":\"en-US\",\"potentialAction\":[{\"@type\":\"ReadAction\",\"target\":[\"https:\/\/horizonshemato.com\/product\/horizons-hemato-vol-15-n-3-septembre-2025\/\"]}]},{\"@type\":\"ImageObject\",\"inLanguage\":\"en-US\",\"@id\":\"https:\/\/horizonshemato.com\/product\/horizons-hemato-vol-15-n-3-septembre-2025\/#primaryimage\",\"url\":\"https:\/\/horizonshemato.com\/wp-content\/uploads\/2025\/09\/HHsept-2025.png\",\"contentUrl\":\"https:\/\/horizonshemato.com\/wp-content\/uploads\/2025\/09\/HHsept-2025.png\",\"width\":600,\"height\":378},{\"@type\":\"BreadcrumbList\",\"@id\":\"https:\/\/horizonshemato.com\/product\/horizons-hemato-vol-15-n-3-septembre-2025\/#breadcrumb\",\"itemListElement\":[{\"@type\":\"ListItem\",\"position\":1,\"name\":\"Accueil\",\"item\":\"https:\/\/horizonshemato.com\/\"},{\"@type\":\"ListItem\",\"position\":2,\"name\":\"Boutique\",\"item\":\"https:\/\/horizonshemato.com\/boutique\/\"},{\"@type\":\"ListItem\",\"position\":3,\"name\":\"Horizons H\u00e9mato \u2013 Vol. 15 n\u00b0 3\u2013 Septembre 2025\"}]},{\"@type\":\"WebSite\",\"@id\":\"https:\/\/horizonshemato.com\/#website\",\"url\":\"https:\/\/horizonshemato.com\/\",\"name\":\"Horizons H\u00e9mato\",\"description\":\"La revue des pratiques en h\u00e9matologie\",\"potentialAction\":[{\"@type\":\"SearchAction\",\"target\":{\"@type\":\"EntryPoint\",\"urlTemplate\":\"https:\/\/horizonshemato.com\/?s={search_term_string}\"},\"query-input\":{\"@type\":\"PropertyValueSpecification\",\"valueRequired\":true,\"valueName\":\"search_term_string\"}}],\"inLanguage\":\"en-US\"}]}<\/script>\n<!-- \/ Yoast SEO plugin. -->","yoast_head_json":{"title":"Horizons H\u00e9mato \u2013 Vol. 15 n\u00b0 3\u2013 Septembre 2025 - Horizons H\u00e9mato","robots":{"index":"index","follow":"follow","max-snippet":"max-snippet:-1","max-image-preview":"max-image-preview:large","max-video-preview":"max-video-preview:-1"},"canonical":"https:\/\/horizonshemato.com\/en\/product\/horizons-hemato-vol-15-n-3-septembre-2025\/","og_locale":"en_US","og_type":"article","og_title":"Horizons H\u00e9mato \u2013 Vol. 15 n\u00b0 3\u2013 Septembre 2025 - Horizons H\u00e9mato","og_description":"Nous avons le plaisir de vous pr\u00e9senter ce deuxi\u00e8me volume du dossier \u00ab Grand Angle \u00bb consacr\u00e9 au my\u00e9lome multiple. Apr\u00e8s un premier volet centr\u00e9 sur la physiopathologie et la prise en charge initiale, ce num\u00e9ro met en lumi\u00e8re les formes particuli\u00e8res de la maladie et fait le point sur les avanc\u00e9es r\u00e9centes en immunoth\u00e9rapie de nouvelle g\u00e9n\u00e9ration.  Vous y trouverez tout d\u2019abord un focus sur les expositions professionnelles, enjeu croissant de sant\u00e9 publique et de reconnaissance m\u00e9dico-sociale, ainsi que des fiches pratiques d\u00e9di\u00e9es \u00e0 la prise en charge du my\u00e9lome \u00e0 haut risque cytog\u00e9n\u00e9tique et des plasmocytomes solitaires.  La seconde partie de ce dossier est consacr\u00e9e aux immunoth\u00e9rapies, d\u00e9sormais incontournables dans la prise en charge des rechutes. Deux fiches d\u00e9taillent l\u2019actualit\u00e9 des  anticorps bisp\u00e9cifiques et des cellules CAR T, ainsi que les perspectives d\u2019am\u00e9lioration des CAR T ainsi que le d\u00e9veloppement des anticorps tri-sp\u00e9cifiques. Nous\u00a0 abordons \u00e9galement la situation complexe des rechutes post-immunoth\u00e9rapie, et deux chapitres sont consacr\u00e9s aux m\u00e9canismes de r\u00e9sistance -\u00a0 perte de cible et \u00e9puisement du compartiment T.  Nous esp\u00e9rons que ce second volet enrichira votre pratique et nourrira vos r\u00e9flexions. Nos remerciements vont une nouvelle fois aux auteurs pour la qualit\u00e9 de leurs contributions.  Bonne lecture !  Pr Salomon MANIER, Lille. Coordinateur du \"Grand Angle\"","og_url":"https:\/\/horizonshemato.com\/en\/product\/horizons-hemato-vol-15-n-3-septembre-2025\/","og_site_name":"Horizons H\u00e9mato","article_modified_time":"2025-09-30T13:38:47+00:00","og_image":[{"width":600,"height":378,"url":"https:\/\/horizonshemato.com\/wp-content\/uploads\/2025\/09\/HHsept-2025.png","type":"image\/png"}],"twitter_card":"summary_large_image","twitter_misc":{"Est. reading time":"1 minute"},"schema":{"@context":"https:\/\/schema.org","@graph":[{"@type":"WebPage","@id":"https:\/\/horizonshemato.com\/product\/horizons-hemato-vol-15-n-3-septembre-2025\/","url":"https:\/\/horizonshemato.com\/product\/horizons-hemato-vol-15-n-3-septembre-2025\/","name":"Horizons H\u00e9mato \u2013 Vol. 15 n\u00b0 3\u2013 Septembre 2025 - Horizons H\u00e9mato","isPartOf":{"@id":"https:\/\/horizonshemato.com\/#website"},"primaryImageOfPage":{"@id":"https:\/\/horizonshemato.com\/product\/horizons-hemato-vol-15-n-3-septembre-2025\/#primaryimage"},"image":{"@id":"https:\/\/horizonshemato.com\/product\/horizons-hemato-vol-15-n-3-septembre-2025\/#primaryimage"},"thumbnailUrl":"https:\/\/horizonshemato.com\/wp-content\/uploads\/2025\/09\/HHsept-2025.png","datePublished":"2025-09-30T13:37:14+00:00","dateModified":"2025-09-30T13:38:47+00:00","breadcrumb":{"@id":"https:\/\/horizonshemato.com\/product\/horizons-hemato-vol-15-n-3-septembre-2025\/#breadcrumb"},"inLanguage":"en-US","potentialAction":[{"@type":"ReadAction","target":["https:\/\/horizonshemato.com\/product\/horizons-hemato-vol-15-n-3-septembre-2025\/"]}]},{"@type":"ImageObject","inLanguage":"en-US","@id":"https:\/\/horizonshemato.com\/product\/horizons-hemato-vol-15-n-3-septembre-2025\/#primaryimage","url":"https:\/\/horizonshemato.com\/wp-content\/uploads\/2025\/09\/HHsept-2025.png","contentUrl":"https:\/\/horizonshemato.com\/wp-content\/uploads\/2025\/09\/HHsept-2025.png","width":600,"height":378},{"@type":"BreadcrumbList","@id":"https:\/\/horizonshemato.com\/product\/horizons-hemato-vol-15-n-3-septembre-2025\/#breadcrumb","itemListElement":[{"@type":"ListItem","position":1,"name":"Accueil","item":"https:\/\/horizonshemato.com\/"},{"@type":"ListItem","position":2,"name":"Boutique","item":"https:\/\/horizonshemato.com\/boutique\/"},{"@type":"ListItem","position":3,"name":"Horizons H\u00e9mato \u2013 Vol. 15 n\u00b0 3\u2013 Septembre 2025"}]},{"@type":"WebSite","@id":"https:\/\/horizonshemato.com\/#website","url":"https:\/\/horizonshemato.com\/","name":"Horizons H\u00e9mato","description":"La revue des pratiques en h\u00e9matologie","potentialAction":[{"@type":"SearchAction","target":{"@type":"EntryPoint","urlTemplate":"https:\/\/horizonshemato.com\/?s={search_term_string}"},"query-input":{"@type":"PropertyValueSpecification","valueRequired":true,"valueName":"search_term_string"}}],"inLanguage":"en-US"}]}},"_links":{"self":[{"href":"https:\/\/horizonshemato.com\/en\/wp-json\/wp\/v2\/product\/19190","targetHints":{"allow":["GET"]}}],"collection":[{"href":"https:\/\/horizonshemato.com\/en\/wp-json\/wp\/v2\/product"}],"about":[{"href":"https:\/\/horizonshemato.com\/en\/wp-json\/wp\/v2\/types\/product"}],"wp:featuredmedia":[{"embeddable":true,"href":"https:\/\/horizonshemato.com\/en\/wp-json\/wp\/v2\/media\/19186"}],"wp:attachment":[{"href":"https:\/\/horizonshemato.com\/en\/wp-json\/wp\/v2\/media?parent=19190"}],"wp:term":[{"taxonomy":"product_brand","embeddable":true,"href":"https:\/\/horizonshemato.com\/en\/wp-json\/wp\/v2\/product_brand?post=19190"},{"taxonomy":"product_cat","embeddable":true,"href":"https:\/\/horizonshemato.com\/en\/wp-json\/wp\/v2\/product_cat?post=19190"},{"taxonomy":"product_tag","embeddable":true,"href":"https:\/\/horizonshemato.com\/en\/wp-json\/wp\/v2\/product_tag?post=19190"}],"curies":[{"name":"wp","href":"https:\/\/api.w.org\/{rel}","templated":true}]}}