{"id":18794,"date":"2024-10-17T09:58:37","date_gmt":"2024-10-17T09:58:37","guid":{"rendered":"https:\/\/horizonshemato.com\/?post_type=product&#038;p=18794"},"modified":"2024-10-17T10:02:18","modified_gmt":"2024-10-17T10:02:18","slug":"horizons-hemato-vol-14-septembre-2024","status":"publish","type":"product","link":"https:\/\/horizonshemato.com\/en\/product\/horizons-hemato-vol-14-septembre-2024\/","title":{"rendered":"Horizons H\u00e9mato \u2013 Vol. 14 n\u00b0 3\u2013 Septembre 2024"},"content":{"rendered":"<p>Magazine au format num\u00e9rique.<\/p>","protected":false},"excerpt":{"rendered":"<p>Apr\u00e8s plusieurs d\u00e9cennies de stagnation, l\u2019innovation dans le traitement de la LLC n\u2019a de cesse de progresser depuis dix ans. La place de la traditionnelle immunochimioth\u00e9rapie est devenue marginale dans les pays ayant acc\u00e8s aux th\u00e9rapies cibl\u00e9es et le pronostic global de la maladie s\u2019est significativement am\u00e9lior\u00e9.<\/p>\n<p>Le dossier actuel, r\u00e9dig\u00e9 par d\u2019excellents sp\u00e9cialistes &#8211; Th\u00e9r\u00e8se Aurran-Schleinitz, Christina Bagac\u00e9an, Romain Gui\u00e8ze, Gr\u00e9gory Lazarian, R\u00e9mi Letestu, Anne-Sophie Michallet, Lo\u00efc Ysebaert \u2013 tous membres du groupe coop\u00e9rateur national FILO, couvre les principaux domaines dans lesquels une actualisation des connaissances nous a sembl\u00e9 n\u00e9cessaire.<\/p>\n<p>La prise en charge en premi\u00e8re ligne a encore \u00e9volu\u00e9 depuis le dernier dossier et devrait encore se modifier dans les ann\u00e9es \u00e0 venir, comme en t\u00e9moigne le nombre de nouveaux m\u00e9dicaments et strat\u00e9gies actuellement test\u00e9s.<span class=\"Apple-converted-space\">\u00a0<\/span><\/p>\n<p>La maladie r\u00e9siduelle est un param\u00e8tre dont l\u2019importance va croissante dans les essais cliniques et peut-\u00eatre un jour dans la pratique courante. La recherche des mutations de r\u00e9sistance aux th\u00e9rapies cibl\u00e9es prend elle aussi une place croissante avec la g\u00e9n\u00e9ralisation de ces traitements tant en premi\u00e8re ligne qu\u2019au-del\u00e0. Enfin, les patients que nous prenons en charges sont souvent \u00e2g\u00e9s et pr\u00e9sentent des comorbidit\u00e9s importantes ; la pr\u00e9vention du risque infectieux-cause de mortalit\u00e9 majeure- est un enjeu important qui doit \u00eatre adapt\u00e9 si n\u00e9cessaire aux strat\u00e9gies th\u00e9rapeutiques.<\/p>\n<p>Il reste, dans le domaine th\u00e9rapeutique, deux domaines dans lesquels les progr\u00e8s se font attendre : (i) les complications dysimmunitaires et surtout (ii) le lymphome de Richter pour lequel nous esp\u00e9rons que les nouvelles mol\u00e9cules voire les traitements innovants des lymphomes permettrons d\u2019am\u00e9liorer le pronostic qui reste malheureusement dramatiquement sombre.<span class=\"Apple-converted-space\">\u00a0<\/span><\/p>\n<p>Nous vous souhaitons \u00e0 toutes et tous une agr\u00e9able lecture.<\/p>\n<p><strong>Pr Vincent L\u00c9VY, Bobigny.<\/strong><br \/>\nCoordinateur du \u00ab\u00a0Grand Angle\u00a0\u00bb<\/p>","protected":false},"featured_media":18780,"template":"","meta":{"_monsterinsights_skip_tracking":false,"_monsterinsights_sitenote_active":false,"_monsterinsights_sitenote_note":"","_monsterinsights_sitenote_category":0},"product_brand":[],"product_cat":[84],"product_tag":[],"class_list":{"0":"post-18794","1":"product","2":"type-product","3":"status-publish","4":"has-post-thumbnail","6":"product_cat-leucemie-lymphoide-chronique-llc","8":"first","9":"instock","10":"downloadable","11":"shipping-taxable","12":"purchasable","13":"product-type-simple"},"yoast_head":"<!-- This site is optimized with the Yoast SEO plugin v27.1.1 - https:\/\/yoast.com\/product\/yoast-seo-wordpress\/ -->\n<title>Horizons H\u00e9mato \u2013 Vol. 14 n\u00b0 3\u2013 Septembre 2024 - Horizons H\u00e9mato<\/title>\n<meta name=\"robots\" content=\"index, follow, max-snippet:-1, max-image-preview:large, max-video-preview:-1\" \/>\n<link rel=\"canonical\" href=\"https:\/\/horizonshemato.com\/en\/product\/horizons-hemato-vol-14-septembre-2024\/\" \/>\n<meta property=\"og:locale\" content=\"en_US\" \/>\n<meta property=\"og:type\" content=\"article\" \/>\n<meta property=\"og:title\" content=\"Horizons H\u00e9mato \u2013 Vol. 14 n\u00b0 3\u2013 Septembre 2024 - Horizons H\u00e9mato\" \/>\n<meta property=\"og:description\" content=\"Apr\u00e8s plusieurs d\u00e9cennies de stagnation, l\u2019innovation dans le traitement de la LLC n\u2019a de cesse de progresser depuis dix ans. La place de la traditionnelle immunochimioth\u00e9rapie est devenue marginale dans les pays ayant acc\u00e8s aux th\u00e9rapies cibl\u00e9es et le pronostic global de la maladie s\u2019est significativement am\u00e9lior\u00e9.  Le dossier actuel, r\u00e9dig\u00e9 par d\u2019excellents sp\u00e9cialistes - Th\u00e9r\u00e8se Aurran-Schleinitz, Christina Bagac\u00e9an, Romain Gui\u00e8ze, Gr\u00e9gory Lazarian, R\u00e9mi Letestu, Anne-Sophie Michallet, Lo\u00efc Ysebaert \u2013 tous membres du groupe coop\u00e9rateur national FILO, couvre les principaux domaines dans lesquels une actualisation des connaissances nous a sembl\u00e9 n\u00e9cessaire.  La prise en charge en premi\u00e8re ligne a encore \u00e9volu\u00e9 depuis le dernier dossier et devrait encore se modifier dans les ann\u00e9es \u00e0 venir, comme en t\u00e9moigne le nombre de nouveaux m\u00e9dicaments et strat\u00e9gies actuellement test\u00e9s.\u00a0  La maladie r\u00e9siduelle est un param\u00e8tre dont l\u2019importance va croissante dans les essais cliniques et peut-\u00eatre un jour dans la pratique courante. La recherche des mutations de r\u00e9sistance aux th\u00e9rapies cibl\u00e9es prend elle aussi une place croissante avec la g\u00e9n\u00e9ralisation de ces traitements tant en premi\u00e8re ligne qu\u2019au-del\u00e0. Enfin, les patients que nous prenons en charges sont souvent \u00e2g\u00e9s et pr\u00e9sentent des comorbidit\u00e9s importantes ; la pr\u00e9vention du risque infectieux-cause de mortalit\u00e9 majeure- est un enjeu important qui doit \u00eatre adapt\u00e9 si n\u00e9cessaire aux strat\u00e9gies th\u00e9rapeutiques.  Il reste, dans le domaine th\u00e9rapeutique, deux domaines dans lesquels les progr\u00e8s se font attendre : (i) les complications dysimmunitaires et surtout (ii) le lymphome de Richter pour lequel nous esp\u00e9rons que les nouvelles mol\u00e9cules voire les traitements innovants des lymphomes permettrons d\u2019am\u00e9liorer le pronostic qui reste malheureusement dramatiquement sombre.\u00a0  Nous vous souhaitons \u00e0 toutes et tous une agr\u00e9able lecture.  Pr Vincent L\u00c9VY, Bobigny. Coordinateur du &quot;Grand Angle&quot;\" \/>\n<meta property=\"og:url\" content=\"https:\/\/horizonshemato.com\/en\/product\/horizons-hemato-vol-14-septembre-2024\/\" \/>\n<meta property=\"og:site_name\" content=\"Horizons H\u00e9mato\" \/>\n<meta property=\"article:modified_time\" content=\"2024-10-17T10:02:18+00:00\" \/>\n<meta property=\"og:image\" content=\"https:\/\/horizonshemato.com\/wp-content\/uploads\/2024\/10\/HH-septembre-2024.png\" \/>\n\t<meta property=\"og:image:width\" content=\"600\" \/>\n\t<meta property=\"og:image:height\" content=\"378\" \/>\n\t<meta property=\"og:image:type\" content=\"image\/png\" \/>\n<meta name=\"twitter:card\" content=\"summary_large_image\" \/>\n<meta name=\"twitter:label1\" content=\"Est. reading time\" \/>\n\t<meta name=\"twitter:data1\" content=\"1 minute\" \/>\n<script type=\"application\/ld+json\" class=\"yoast-schema-graph\">{\"@context\":\"https:\/\/schema.org\",\"@graph\":[{\"@type\":\"WebPage\",\"@id\":\"https:\/\/horizonshemato.com\/product\/horizons-hemato-vol-14-septembre-2024\/\",\"url\":\"https:\/\/horizonshemato.com\/product\/horizons-hemato-vol-14-septembre-2024\/\",\"name\":\"Horizons H\u00e9mato \u2013 Vol. 14 n\u00b0 3\u2013 Septembre 2024 - Horizons H\u00e9mato\",\"isPartOf\":{\"@id\":\"https:\/\/horizonshemato.com\/#website\"},\"primaryImageOfPage\":{\"@id\":\"https:\/\/horizonshemato.com\/product\/horizons-hemato-vol-14-septembre-2024\/#primaryimage\"},\"image\":{\"@id\":\"https:\/\/horizonshemato.com\/product\/horizons-hemato-vol-14-septembre-2024\/#primaryimage\"},\"thumbnailUrl\":\"https:\/\/horizonshemato.com\/wp-content\/uploads\/2024\/10\/HH-septembre-2024.png\",\"datePublished\":\"2024-10-17T09:58:37+00:00\",\"dateModified\":\"2024-10-17T10:02:18+00:00\",\"breadcrumb\":{\"@id\":\"https:\/\/horizonshemato.com\/product\/horizons-hemato-vol-14-septembre-2024\/#breadcrumb\"},\"inLanguage\":\"en-US\",\"potentialAction\":[{\"@type\":\"ReadAction\",\"target\":[\"https:\/\/horizonshemato.com\/product\/horizons-hemato-vol-14-septembre-2024\/\"]}]},{\"@type\":\"ImageObject\",\"inLanguage\":\"en-US\",\"@id\":\"https:\/\/horizonshemato.com\/product\/horizons-hemato-vol-14-septembre-2024\/#primaryimage\",\"url\":\"https:\/\/horizonshemato.com\/wp-content\/uploads\/2024\/10\/HH-septembre-2024.png\",\"contentUrl\":\"https:\/\/horizonshemato.com\/wp-content\/uploads\/2024\/10\/HH-septembre-2024.png\",\"width\":600,\"height\":378},{\"@type\":\"BreadcrumbList\",\"@id\":\"https:\/\/horizonshemato.com\/product\/horizons-hemato-vol-14-septembre-2024\/#breadcrumb\",\"itemListElement\":[{\"@type\":\"ListItem\",\"position\":1,\"name\":\"Accueil\",\"item\":\"https:\/\/horizonshemato.com\/\"},{\"@type\":\"ListItem\",\"position\":2,\"name\":\"Boutique\",\"item\":\"https:\/\/horizonshemato.com\/boutique\/\"},{\"@type\":\"ListItem\",\"position\":3,\"name\":\"Horizons H\u00e9mato \u2013 Vol. 14 n\u00b0 3\u2013 Septembre 2024\"}]},{\"@type\":\"WebSite\",\"@id\":\"https:\/\/horizonshemato.com\/#website\",\"url\":\"https:\/\/horizonshemato.com\/\",\"name\":\"Horizons H\u00e9mato\",\"description\":\"La revue des pratiques en h\u00e9matologie\",\"potentialAction\":[{\"@type\":\"SearchAction\",\"target\":{\"@type\":\"EntryPoint\",\"urlTemplate\":\"https:\/\/horizonshemato.com\/?s={search_term_string}\"},\"query-input\":{\"@type\":\"PropertyValueSpecification\",\"valueRequired\":true,\"valueName\":\"search_term_string\"}}],\"inLanguage\":\"en-US\"}]}<\/script>\n<!-- \/ Yoast SEO plugin. -->","yoast_head_json":{"title":"Horizons H\u00e9mato \u2013 Vol. 14 n\u00b0 3\u2013 Septembre 2024 - Horizons H\u00e9mato","robots":{"index":"index","follow":"follow","max-snippet":"max-snippet:-1","max-image-preview":"max-image-preview:large","max-video-preview":"max-video-preview:-1"},"canonical":"https:\/\/horizonshemato.com\/en\/product\/horizons-hemato-vol-14-septembre-2024\/","og_locale":"en_US","og_type":"article","og_title":"Horizons H\u00e9mato \u2013 Vol. 14 n\u00b0 3\u2013 Septembre 2024 - Horizons H\u00e9mato","og_description":"Apr\u00e8s plusieurs d\u00e9cennies de stagnation, l\u2019innovation dans le traitement de la LLC n\u2019a de cesse de progresser depuis dix ans. La place de la traditionnelle immunochimioth\u00e9rapie est devenue marginale dans les pays ayant acc\u00e8s aux th\u00e9rapies cibl\u00e9es et le pronostic global de la maladie s\u2019est significativement am\u00e9lior\u00e9.  Le dossier actuel, r\u00e9dig\u00e9 par d\u2019excellents sp\u00e9cialistes - Th\u00e9r\u00e8se Aurran-Schleinitz, Christina Bagac\u00e9an, Romain Gui\u00e8ze, Gr\u00e9gory Lazarian, R\u00e9mi Letestu, Anne-Sophie Michallet, Lo\u00efc Ysebaert \u2013 tous membres du groupe coop\u00e9rateur national FILO, couvre les principaux domaines dans lesquels une actualisation des connaissances nous a sembl\u00e9 n\u00e9cessaire.  La prise en charge en premi\u00e8re ligne a encore \u00e9volu\u00e9 depuis le dernier dossier et devrait encore se modifier dans les ann\u00e9es \u00e0 venir, comme en t\u00e9moigne le nombre de nouveaux m\u00e9dicaments et strat\u00e9gies actuellement test\u00e9s.\u00a0  La maladie r\u00e9siduelle est un param\u00e8tre dont l\u2019importance va croissante dans les essais cliniques et peut-\u00eatre un jour dans la pratique courante. La recherche des mutations de r\u00e9sistance aux th\u00e9rapies cibl\u00e9es prend elle aussi une place croissante avec la g\u00e9n\u00e9ralisation de ces traitements tant en premi\u00e8re ligne qu\u2019au-del\u00e0. Enfin, les patients que nous prenons en charges sont souvent \u00e2g\u00e9s et pr\u00e9sentent des comorbidit\u00e9s importantes ; la pr\u00e9vention du risque infectieux-cause de mortalit\u00e9 majeure- est un enjeu important qui doit \u00eatre adapt\u00e9 si n\u00e9cessaire aux strat\u00e9gies th\u00e9rapeutiques.  Il reste, dans le domaine th\u00e9rapeutique, deux domaines dans lesquels les progr\u00e8s se font attendre : (i) les complications dysimmunitaires et surtout (ii) le lymphome de Richter pour lequel nous esp\u00e9rons que les nouvelles mol\u00e9cules voire les traitements innovants des lymphomes permettrons d\u2019am\u00e9liorer le pronostic qui reste malheureusement dramatiquement sombre.\u00a0  Nous vous souhaitons \u00e0 toutes et tous une agr\u00e9able lecture.  Pr Vincent L\u00c9VY, Bobigny. Coordinateur du \"Grand Angle\"","og_url":"https:\/\/horizonshemato.com\/en\/product\/horizons-hemato-vol-14-septembre-2024\/","og_site_name":"Horizons H\u00e9mato","article_modified_time":"2024-10-17T10:02:18+00:00","og_image":[{"width":600,"height":378,"url":"https:\/\/horizonshemato.com\/wp-content\/uploads\/2024\/10\/HH-septembre-2024.png","type":"image\/png"}],"twitter_card":"summary_large_image","twitter_misc":{"Est. reading time":"1 minute"},"schema":{"@context":"https:\/\/schema.org","@graph":[{"@type":"WebPage","@id":"https:\/\/horizonshemato.com\/product\/horizons-hemato-vol-14-septembre-2024\/","url":"https:\/\/horizonshemato.com\/product\/horizons-hemato-vol-14-septembre-2024\/","name":"Horizons H\u00e9mato \u2013 Vol. 14 n\u00b0 3\u2013 Septembre 2024 - Horizons H\u00e9mato","isPartOf":{"@id":"https:\/\/horizonshemato.com\/#website"},"primaryImageOfPage":{"@id":"https:\/\/horizonshemato.com\/product\/horizons-hemato-vol-14-septembre-2024\/#primaryimage"},"image":{"@id":"https:\/\/horizonshemato.com\/product\/horizons-hemato-vol-14-septembre-2024\/#primaryimage"},"thumbnailUrl":"https:\/\/horizonshemato.com\/wp-content\/uploads\/2024\/10\/HH-septembre-2024.png","datePublished":"2024-10-17T09:58:37+00:00","dateModified":"2024-10-17T10:02:18+00:00","breadcrumb":{"@id":"https:\/\/horizonshemato.com\/product\/horizons-hemato-vol-14-septembre-2024\/#breadcrumb"},"inLanguage":"en-US","potentialAction":[{"@type":"ReadAction","target":["https:\/\/horizonshemato.com\/product\/horizons-hemato-vol-14-septembre-2024\/"]}]},{"@type":"ImageObject","inLanguage":"en-US","@id":"https:\/\/horizonshemato.com\/product\/horizons-hemato-vol-14-septembre-2024\/#primaryimage","url":"https:\/\/horizonshemato.com\/wp-content\/uploads\/2024\/10\/HH-septembre-2024.png","contentUrl":"https:\/\/horizonshemato.com\/wp-content\/uploads\/2024\/10\/HH-septembre-2024.png","width":600,"height":378},{"@type":"BreadcrumbList","@id":"https:\/\/horizonshemato.com\/product\/horizons-hemato-vol-14-septembre-2024\/#breadcrumb","itemListElement":[{"@type":"ListItem","position":1,"name":"Accueil","item":"https:\/\/horizonshemato.com\/"},{"@type":"ListItem","position":2,"name":"Boutique","item":"https:\/\/horizonshemato.com\/boutique\/"},{"@type":"ListItem","position":3,"name":"Horizons H\u00e9mato \u2013 Vol. 14 n\u00b0 3\u2013 Septembre 2024"}]},{"@type":"WebSite","@id":"https:\/\/horizonshemato.com\/#website","url":"https:\/\/horizonshemato.com\/","name":"Horizons H\u00e9mato","description":"La revue des pratiques en h\u00e9matologie","potentialAction":[{"@type":"SearchAction","target":{"@type":"EntryPoint","urlTemplate":"https:\/\/horizonshemato.com\/?s={search_term_string}"},"query-input":{"@type":"PropertyValueSpecification","valueRequired":true,"valueName":"search_term_string"}}],"inLanguage":"en-US"}]}},"_links":{"self":[{"href":"https:\/\/horizonshemato.com\/en\/wp-json\/wp\/v2\/product\/18794","targetHints":{"allow":["GET"]}}],"collection":[{"href":"https:\/\/horizonshemato.com\/en\/wp-json\/wp\/v2\/product"}],"about":[{"href":"https:\/\/horizonshemato.com\/en\/wp-json\/wp\/v2\/types\/product"}],"wp:featuredmedia":[{"embeddable":true,"href":"https:\/\/horizonshemato.com\/en\/wp-json\/wp\/v2\/media\/18780"}],"wp:attachment":[{"href":"https:\/\/horizonshemato.com\/en\/wp-json\/wp\/v2\/media?parent=18794"}],"wp:term":[{"taxonomy":"product_brand","embeddable":true,"href":"https:\/\/horizonshemato.com\/en\/wp-json\/wp\/v2\/product_brand?post=18794"},{"taxonomy":"product_cat","embeddable":true,"href":"https:\/\/horizonshemato.com\/en\/wp-json\/wp\/v2\/product_cat?post=18794"},{"taxonomy":"product_tag","embeddable":true,"href":"https:\/\/horizonshemato.com\/en\/wp-json\/wp\/v2\/product_tag?post=18794"}],"curies":[{"name":"wp","href":"https:\/\/api.w.org\/{rel}","templated":true}]}}