{"id":18563,"date":"2024-03-13T13:51:58","date_gmt":"2024-03-13T13:51:58","guid":{"rendered":"https:\/\/horizonshemato.com\/?post_type=product&#038;p=18563"},"modified":"2024-03-13T13:56:44","modified_gmt":"2024-03-13T13:56:44","slug":"horizons-hemato-vol-14-n1-mars-2024","status":"publish","type":"product","link":"https:\/\/horizonshemato.com\/en\/product\/horizons-hemato-vol-14-n1-mars-2024\/","title":{"rendered":"Horizons H\u00e9mato \u2013 Vol. 14 n\u00b0 \u2013 Mars 2024"},"content":{"rendered":"<p>Magazine au format num\u00e9rique.<\/p>","protected":false},"excerpt":{"rendered":"<p>C&rsquo;est avec un grand plaisir que nous vous proposons ce \u00ab\u00a0Grand Angle\u00a0\u00bb d&rsquo;<i>Horizons H\u00e9mato<\/i> sp\u00e9cifiquement d\u00e9di\u00e9 aux pathologies constitutionnelles de l&rsquo;\u00e9rythropo\u00ef\u00e8se et du globule rouge. Le dernier \u00ab\u00a0Grand Angle\u00a0\u00bbsur cette th\u00e9matique remonte \u00e0 septembre 2018, et il est grand temps de faire le point dans un domaine o\u00f9 les innovations ont \u00e9t\u00e9 nombreuses, permettant aujourd&rsquo;hui de disposer de solutions th\u00e9rapeutiques qui manquaient jusqu&rsquo;ici.<\/p>\n<p>Le besoin m\u00e9dical est immense : dans le domaine des h\u00e9moglobinopathies, il faut rappeler qu&rsquo;en Afrique subsaharienne,<br \/>\nles syndromes dr\u00e9panocytaires majeurs concernent pr\u00e8s de 2% des naissances et la mortalit\u00e9 est encore tr\u00e8s lourde,<br \/>\nplus de 50%, avant l&rsquo;\u00e2ge de 5 ans.<\/p>\n<p>En France, ce sont plus de 20 000 patients qui sont suivis pour dr\u00e9panocytose, avec des sp\u00e9cificit\u00e9s de prise en charge, notamment transfusionnelle, comme le d\u00e9taillera le Dr Floch. Apr\u00e8s une stagnation dans l&rsquo;arsenal th\u00e9rapeutique, aujourd&rsquo;hui les choses changent et le Pr de Montalembert nous pr\u00e9sentera les traitements innovants, y compris la th\u00e9rapie g\u00e9nique dont les r\u00e9sultats prometteurs ont permis une obtention d&rsquo;autorisation de la FDA et de l&rsquo;EMA.<span class=\"Apple-converted-space\">\u00a0 <\/span>Les syndromes thalass\u00e9miques b\u00e9n\u00e9ficient \u00e9galement de ces avanc\u00e9es et la France s&rsquo;est structur\u00e9e par la cr\u00e9ation d&rsquo;un registre d\u00e9di\u00e9, NaThalY, que nous pr\u00e9sentera le Pr Badens, outil indispensable pour la recherche clinique et \u00e9pid\u00e9miologique. Les enzymopathies \u00e9rythrocytaires ne sont pas en reste, avec le d\u00e9veloppement et la mise \u00e0 disposition en acc\u00e8s pr\u00e9coce d&rsquo;un activateur allost\u00e9rique de la Pyruvate Kinase \u00e9rythrocytaire permettant une r\u00e9ponse \u00e9rythro\u00efde chez plus de 40%\u00a0des patients, comme nous l&rsquo;expliquera le Dr Willaume.<br \/>\nDans le domaine des membranopathies, le Dr Guitton nous rappellera les principes diagnostiques et th\u00e9rapeutiques de la sph\u00e9rocytose h\u00e9r\u00e9ditaire, la plus fr\u00e9quente des h\u00e9molyses constitutionnelles dans les populations caucasiennes, qui a fait l&rsquo;objet d&rsquo;un PNDS r\u00e9cent. La x\u00e9rocytose h\u00e9r\u00e9ditaire est plus rare, mais attire l&rsquo;attention depuis le prix Nobel attribu\u00e9 \u00e0 Ardem Patapoutian en 2021 pour ses travaux sur PIEZO1, mut\u00e9 dans 90% des cas de x\u00e9rocytose.<\/p>\n<p>La publication de larges s\u00e9ries, donc celle de 126 patients, d\u00e9crites par le Dr Picard, permet de mieux connaitre cette pathologie, contre-indication classique \u00e0 la spl\u00e9nectomie.<\/p>\n<p>Ce \u00ab\u00a0Grand Angle\u00a0\u00bb est \u00e9galement l&rsquo;occasion de faire le point sur le diagnostic et la prise en charge d&rsquo;une maladie rare, l&rsquo;an\u00e9mie de Blackfan-Diamond, qui a b\u00e9n\u00e9fici\u00e9 ces derni\u00e8res ann\u00e9es d&rsquo;avanc\u00e9es majeures dans le domaine de la g\u00e9n\u00e9tique et de la physiopathologie, comme nous le pr\u00e9sentera le Pr Da Costa. Enfin, \u00e0 l&rsquo;autre extr\u00e9mit\u00e9 du spectre de la pathologie \u00e9rythrocytaire, les polyglobulies repr\u00e9sentent des motifs fr\u00e9quents de consultation, le Pr Girodon nous rappellera les diff\u00e9rentes \u00e9tapes de la strat\u00e9gie diagnostique, depuis la recherche d&rsquo;une n\u00e9oplasie my\u00e9loprolif\u00e9rative jusqu&rsquo;au bilan g\u00e9n\u00e9tique \u00e0 la recherche de causes constitutionnelles rares.<\/p>\n<p>Au nom de tous les auteurs et de notre groupe coop\u00e9rateur, le Club du Globule Rouge et du Fer, j&rsquo;esp\u00e8re que ce \u00ab\u00a0Grand Angle\u00a0\u00bb vous passionnera et saura vous convaincre du dynamisme de cette th\u00e9matique, de ses enjeux et de l&rsquo;importance de son ancrage au sein de l&rsquo;H\u00e9matologie fran\u00e7aise.<\/p>\n<p><strong>Pr Lo\u00efc GARCON, Amiens.<\/strong><br \/>\nCoordinateur du \u00ab\u00a0Grand Angle\u00a0\u00bb<br \/>\nGarcon.Loic@chu-amiens.fr<\/p>","protected":false},"featured_media":18543,"template":"","meta":{"_monsterinsights_skip_tracking":false,"_monsterinsights_sitenote_active":false,"_monsterinsights_sitenote_note":"","_monsterinsights_sitenote_category":0},"product_brand":[],"product_cat":[100],"product_tag":[],"class_list":{"0":"post-18563","1":"product","2":"type-product","3":"status-publish","4":"has-post-thumbnail","6":"product_cat-lymphome-de-hodgkin","8":"first","9":"instock","10":"downloadable","11":"shipping-taxable","12":"purchasable","13":"product-type-simple"},"yoast_head":"<!-- This site is optimized with the Yoast SEO plugin v27.1.1 - https:\/\/yoast.com\/product\/yoast-seo-wordpress\/ -->\n<title>Horizons H\u00e9mato \u2013 Vol. 14 n\u00b0 \u2013 Mars 2024 - Horizons H\u00e9mato<\/title>\n<meta name=\"robots\" content=\"index, follow, max-snippet:-1, max-image-preview:large, max-video-preview:-1\" \/>\n<link rel=\"canonical\" href=\"https:\/\/horizonshemato.com\/en\/product\/horizons-hemato-vol-14-n1-mars-2024\/\" \/>\n<meta property=\"og:locale\" content=\"en_US\" \/>\n<meta property=\"og:type\" content=\"article\" \/>\n<meta property=\"og:title\" content=\"Horizons H\u00e9mato \u2013 Vol. 14 n\u00b0 \u2013 Mars 2024 - Horizons H\u00e9mato\" \/>\n<meta property=\"og:description\" content=\"C&#039;est avec un grand plaisir que nous vous proposons ce &quot;Grand Angle&quot; d&#039;Horizons H\u00e9mato sp\u00e9cifiquement d\u00e9di\u00e9 aux pathologies constitutionnelles de l&#039;\u00e9rythropo\u00ef\u00e8se et du globule rouge. Le dernier &quot;Grand Angle&quot;sur cette th\u00e9matique remonte \u00e0 septembre 2018, et il est grand temps de faire le point dans un domaine o\u00f9 les innovations ont \u00e9t\u00e9 nombreuses, permettant aujourd&#039;hui de disposer de solutions th\u00e9rapeutiques qui manquaient jusqu&#039;ici.  Le besoin m\u00e9dical est immense : dans le domaine des h\u00e9moglobinopathies, il faut rappeler qu&#039;en Afrique subsaharienne, les syndromes dr\u00e9panocytaires majeurs concernent pr\u00e8s de 2% des naissances et la mortalit\u00e9 est encore tr\u00e8s lourde, plus de 50%, avant l&#039;\u00e2ge de 5 ans.  En France, ce sont plus de 20 000 patients qui sont suivis pour dr\u00e9panocytose, avec des sp\u00e9cificit\u00e9s de prise en charge, notamment transfusionnelle, comme le d\u00e9taillera le Dr Floch. Apr\u00e8s une stagnation dans l&#039;arsenal th\u00e9rapeutique, aujourd&#039;hui les choses changent et le Pr de Montalembert nous pr\u00e9sentera les traitements innovants, y compris la th\u00e9rapie g\u00e9nique dont les r\u00e9sultats prometteurs ont permis une obtention d&#039;autorisation de la FDA et de l&#039;EMA.\u00a0 Les syndromes thalass\u00e9miques b\u00e9n\u00e9ficient \u00e9galement de ces avanc\u00e9es et la France s&#039;est structur\u00e9e par la cr\u00e9ation d&#039;un registre d\u00e9di\u00e9, NaThalY, que nous pr\u00e9sentera le Pr Badens, outil indispensable pour la recherche clinique et \u00e9pid\u00e9miologique. Les enzymopathies \u00e9rythrocytaires ne sont pas en reste, avec le d\u00e9veloppement et la mise \u00e0 disposition en acc\u00e8s pr\u00e9coce d&#039;un activateur allost\u00e9rique de la Pyruvate Kinase \u00e9rythrocytaire permettant une r\u00e9ponse \u00e9rythro\u00efde chez plus de 40%\u00a0des patients, comme nous l&#039;expliquera le Dr Willaume. Dans le domaine des membranopathies, le Dr Guitton nous rappellera les principes diagnostiques et th\u00e9rapeutiques de la sph\u00e9rocytose h\u00e9r\u00e9ditaire, la plus fr\u00e9quente des h\u00e9molyses constitutionnelles dans les populations caucasiennes, qui a fait l&#039;objet d&#039;un PNDS r\u00e9cent. La x\u00e9rocytose h\u00e9r\u00e9ditaire est plus rare, mais attire l&#039;attention depuis le prix Nobel attribu\u00e9 \u00e0 Ardem Patapoutian en 2021 pour ses travaux sur PIEZO1, mut\u00e9 dans 90% des cas de x\u00e9rocytose.  La publication de larges s\u00e9ries, donc celle de 126 patients, d\u00e9crites par le Dr Picard, permet de mieux connaitre cette pathologie, contre-indication classique \u00e0 la spl\u00e9nectomie.  Ce &quot;Grand Angle&quot; est \u00e9galement l&#039;occasion de faire le point sur le diagnostic et la prise en charge d&#039;une maladie rare, l&#039;an\u00e9mie de Blackfan-Diamond, qui a b\u00e9n\u00e9fici\u00e9 ces derni\u00e8res ann\u00e9es d&#039;avanc\u00e9es majeures dans le domaine de la g\u00e9n\u00e9tique et de la physiopathologie, comme nous le pr\u00e9sentera le Pr Da Costa. Enfin, \u00e0 l&#039;autre extr\u00e9mit\u00e9 du spectre de la pathologie \u00e9rythrocytaire, les polyglobulies repr\u00e9sentent des motifs fr\u00e9quents de consultation, le Pr Girodon nous rappellera les diff\u00e9rentes \u00e9tapes de la strat\u00e9gie diagnostique, depuis la recherche d&#039;une n\u00e9oplasie my\u00e9loprolif\u00e9rative jusqu&#039;au bilan g\u00e9n\u00e9tique \u00e0 la recherche de causes constitutionnelles rares.  Au nom de tous les auteurs et de notre groupe coop\u00e9rateur, le Club du Globule Rouge et du Fer, j&#039;esp\u00e8re que ce &quot;Grand Angle&quot; vous passionnera et saura vous convaincre du dynamisme de cette th\u00e9matique, de ses enjeux et de l&#039;importance de son ancrage au sein de l&#039;H\u00e9matologie fran\u00e7aise.  Pr Lo\u00efc GARCON, Amiens. Coordinateur du &quot;Grand Angle&quot; Garcon.Loic@chu-amiens.fr\" \/>\n<meta property=\"og:url\" content=\"https:\/\/horizonshemato.com\/en\/product\/horizons-hemato-vol-14-n1-mars-2024\/\" \/>\n<meta property=\"og:site_name\" content=\"Horizons H\u00e9mato\" \/>\n<meta property=\"article:modified_time\" content=\"2024-03-13T13:56:44+00:00\" \/>\n<meta property=\"og:image\" content=\"https:\/\/horizonshemato.com\/wp-content\/uploads\/2024\/03\/HH-mars-2024.png\" \/>\n\t<meta property=\"og:image:width\" content=\"600\" \/>\n\t<meta property=\"og:image:height\" content=\"378\" \/>\n\t<meta property=\"og:image:type\" content=\"image\/png\" \/>\n<meta name=\"twitter:card\" content=\"summary_large_image\" \/>\n<meta name=\"twitter:label1\" content=\"Est. reading time\" \/>\n\t<meta name=\"twitter:data1\" content=\"1 minute\" \/>\n<script type=\"application\/ld+json\" class=\"yoast-schema-graph\">{\"@context\":\"https:\/\/schema.org\",\"@graph\":[{\"@type\":\"WebPage\",\"@id\":\"https:\/\/horizonshemato.com\/product\/horizons-hemato-vol-14-n1-mars-2024\/\",\"url\":\"https:\/\/horizonshemato.com\/product\/horizons-hemato-vol-14-n1-mars-2024\/\",\"name\":\"Horizons H\u00e9mato \u2013 Vol. 14 n\u00b0 \u2013 Mars 2024 - Horizons H\u00e9mato\",\"isPartOf\":{\"@id\":\"https:\/\/horizonshemato.com\/#website\"},\"primaryImageOfPage\":{\"@id\":\"https:\/\/horizonshemato.com\/product\/horizons-hemato-vol-14-n1-mars-2024\/#primaryimage\"},\"image\":{\"@id\":\"https:\/\/horizonshemato.com\/product\/horizons-hemato-vol-14-n1-mars-2024\/#primaryimage\"},\"thumbnailUrl\":\"https:\/\/horizonshemato.com\/wp-content\/uploads\/2024\/03\/HH-mars-2024.png\",\"datePublished\":\"2024-03-13T13:51:58+00:00\",\"dateModified\":\"2024-03-13T13:56:44+00:00\",\"breadcrumb\":{\"@id\":\"https:\/\/horizonshemato.com\/product\/horizons-hemato-vol-14-n1-mars-2024\/#breadcrumb\"},\"inLanguage\":\"en-US\",\"potentialAction\":[{\"@type\":\"ReadAction\",\"target\":[\"https:\/\/horizonshemato.com\/product\/horizons-hemato-vol-14-n1-mars-2024\/\"]}]},{\"@type\":\"ImageObject\",\"inLanguage\":\"en-US\",\"@id\":\"https:\/\/horizonshemato.com\/product\/horizons-hemato-vol-14-n1-mars-2024\/#primaryimage\",\"url\":\"https:\/\/horizonshemato.com\/wp-content\/uploads\/2024\/03\/HH-mars-2024.png\",\"contentUrl\":\"https:\/\/horizonshemato.com\/wp-content\/uploads\/2024\/03\/HH-mars-2024.png\",\"width\":600,\"height\":378},{\"@type\":\"BreadcrumbList\",\"@id\":\"https:\/\/horizonshemato.com\/product\/horizons-hemato-vol-14-n1-mars-2024\/#breadcrumb\",\"itemListElement\":[{\"@type\":\"ListItem\",\"position\":1,\"name\":\"Accueil\",\"item\":\"https:\/\/horizonshemato.com\/\"},{\"@type\":\"ListItem\",\"position\":2,\"name\":\"Boutique\",\"item\":\"https:\/\/horizonshemato.com\/boutique\/\"},{\"@type\":\"ListItem\",\"position\":3,\"name\":\"Horizons H\u00e9mato \u2013 Vol. 14 n\u00b0 \u2013 Mars 2024\"}]},{\"@type\":\"WebSite\",\"@id\":\"https:\/\/horizonshemato.com\/#website\",\"url\":\"https:\/\/horizonshemato.com\/\",\"name\":\"Horizons H\u00e9mato\",\"description\":\"La revue des pratiques en h\u00e9matologie\",\"potentialAction\":[{\"@type\":\"SearchAction\",\"target\":{\"@type\":\"EntryPoint\",\"urlTemplate\":\"https:\/\/horizonshemato.com\/?s={search_term_string}\"},\"query-input\":{\"@type\":\"PropertyValueSpecification\",\"valueRequired\":true,\"valueName\":\"search_term_string\"}}],\"inLanguage\":\"en-US\"}]}<\/script>\n<!-- \/ Yoast SEO plugin. -->","yoast_head_json":{"title":"Horizons H\u00e9mato \u2013 Vol. 14 n\u00b0 \u2013 Mars 2024 - Horizons H\u00e9mato","robots":{"index":"index","follow":"follow","max-snippet":"max-snippet:-1","max-image-preview":"max-image-preview:large","max-video-preview":"max-video-preview:-1"},"canonical":"https:\/\/horizonshemato.com\/en\/product\/horizons-hemato-vol-14-n1-mars-2024\/","og_locale":"en_US","og_type":"article","og_title":"Horizons H\u00e9mato \u2013 Vol. 14 n\u00b0 \u2013 Mars 2024 - Horizons H\u00e9mato","og_description":"C'est avec un grand plaisir que nous vous proposons ce \"Grand Angle\" d'Horizons H\u00e9mato sp\u00e9cifiquement d\u00e9di\u00e9 aux pathologies constitutionnelles de l'\u00e9rythropo\u00ef\u00e8se et du globule rouge. Le dernier \"Grand Angle\"sur cette th\u00e9matique remonte \u00e0 septembre 2018, et il est grand temps de faire le point dans un domaine o\u00f9 les innovations ont \u00e9t\u00e9 nombreuses, permettant aujourd'hui de disposer de solutions th\u00e9rapeutiques qui manquaient jusqu'ici.  Le besoin m\u00e9dical est immense : dans le domaine des h\u00e9moglobinopathies, il faut rappeler qu'en Afrique subsaharienne, les syndromes dr\u00e9panocytaires majeurs concernent pr\u00e8s de 2% des naissances et la mortalit\u00e9 est encore tr\u00e8s lourde, plus de 50%, avant l'\u00e2ge de 5 ans.  En France, ce sont plus de 20 000 patients qui sont suivis pour dr\u00e9panocytose, avec des sp\u00e9cificit\u00e9s de prise en charge, notamment transfusionnelle, comme le d\u00e9taillera le Dr Floch. Apr\u00e8s une stagnation dans l'arsenal th\u00e9rapeutique, aujourd'hui les choses changent et le Pr de Montalembert nous pr\u00e9sentera les traitements innovants, y compris la th\u00e9rapie g\u00e9nique dont les r\u00e9sultats prometteurs ont permis une obtention d'autorisation de la FDA et de l'EMA.\u00a0 Les syndromes thalass\u00e9miques b\u00e9n\u00e9ficient \u00e9galement de ces avanc\u00e9es et la France s'est structur\u00e9e par la cr\u00e9ation d'un registre d\u00e9di\u00e9, NaThalY, que nous pr\u00e9sentera le Pr Badens, outil indispensable pour la recherche clinique et \u00e9pid\u00e9miologique. Les enzymopathies \u00e9rythrocytaires ne sont pas en reste, avec le d\u00e9veloppement et la mise \u00e0 disposition en acc\u00e8s pr\u00e9coce d'un activateur allost\u00e9rique de la Pyruvate Kinase \u00e9rythrocytaire permettant une r\u00e9ponse \u00e9rythro\u00efde chez plus de 40%\u00a0des patients, comme nous l'expliquera le Dr Willaume. Dans le domaine des membranopathies, le Dr Guitton nous rappellera les principes diagnostiques et th\u00e9rapeutiques de la sph\u00e9rocytose h\u00e9r\u00e9ditaire, la plus fr\u00e9quente des h\u00e9molyses constitutionnelles dans les populations caucasiennes, qui a fait l'objet d'un PNDS r\u00e9cent. La x\u00e9rocytose h\u00e9r\u00e9ditaire est plus rare, mais attire l'attention depuis le prix Nobel attribu\u00e9 \u00e0 Ardem Patapoutian en 2021 pour ses travaux sur PIEZO1, mut\u00e9 dans 90% des cas de x\u00e9rocytose.  La publication de larges s\u00e9ries, donc celle de 126 patients, d\u00e9crites par le Dr Picard, permet de mieux connaitre cette pathologie, contre-indication classique \u00e0 la spl\u00e9nectomie.  Ce \"Grand Angle\" est \u00e9galement l'occasion de faire le point sur le diagnostic et la prise en charge d'une maladie rare, l'an\u00e9mie de Blackfan-Diamond, qui a b\u00e9n\u00e9fici\u00e9 ces derni\u00e8res ann\u00e9es d'avanc\u00e9es majeures dans le domaine de la g\u00e9n\u00e9tique et de la physiopathologie, comme nous le pr\u00e9sentera le Pr Da Costa. Enfin, \u00e0 l'autre extr\u00e9mit\u00e9 du spectre de la pathologie \u00e9rythrocytaire, les polyglobulies repr\u00e9sentent des motifs fr\u00e9quents de consultation, le Pr Girodon nous rappellera les diff\u00e9rentes \u00e9tapes de la strat\u00e9gie diagnostique, depuis la recherche d'une n\u00e9oplasie my\u00e9loprolif\u00e9rative jusqu'au bilan g\u00e9n\u00e9tique \u00e0 la recherche de causes constitutionnelles rares.  Au nom de tous les auteurs et de notre groupe coop\u00e9rateur, le Club du Globule Rouge et du Fer, j'esp\u00e8re que ce \"Grand Angle\" vous passionnera et saura vous convaincre du dynamisme de cette th\u00e9matique, de ses enjeux et de l'importance de son ancrage au sein de l'H\u00e9matologie fran\u00e7aise.  Pr Lo\u00efc GARCON, Amiens. Coordinateur du \"Grand Angle\" Garcon.Loic@chu-amiens.fr","og_url":"https:\/\/horizonshemato.com\/en\/product\/horizons-hemato-vol-14-n1-mars-2024\/","og_site_name":"Horizons H\u00e9mato","article_modified_time":"2024-03-13T13:56:44+00:00","og_image":[{"width":600,"height":378,"url":"https:\/\/horizonshemato.com\/wp-content\/uploads\/2024\/03\/HH-mars-2024.png","type":"image\/png"}],"twitter_card":"summary_large_image","twitter_misc":{"Est. reading time":"1 minute"},"schema":{"@context":"https:\/\/schema.org","@graph":[{"@type":"WebPage","@id":"https:\/\/horizonshemato.com\/product\/horizons-hemato-vol-14-n1-mars-2024\/","url":"https:\/\/horizonshemato.com\/product\/horizons-hemato-vol-14-n1-mars-2024\/","name":"Horizons H\u00e9mato \u2013 Vol. 14 n\u00b0 \u2013 Mars 2024 - Horizons H\u00e9mato","isPartOf":{"@id":"https:\/\/horizonshemato.com\/#website"},"primaryImageOfPage":{"@id":"https:\/\/horizonshemato.com\/product\/horizons-hemato-vol-14-n1-mars-2024\/#primaryimage"},"image":{"@id":"https:\/\/horizonshemato.com\/product\/horizons-hemato-vol-14-n1-mars-2024\/#primaryimage"},"thumbnailUrl":"https:\/\/horizonshemato.com\/wp-content\/uploads\/2024\/03\/HH-mars-2024.png","datePublished":"2024-03-13T13:51:58+00:00","dateModified":"2024-03-13T13:56:44+00:00","breadcrumb":{"@id":"https:\/\/horizonshemato.com\/product\/horizons-hemato-vol-14-n1-mars-2024\/#breadcrumb"},"inLanguage":"en-US","potentialAction":[{"@type":"ReadAction","target":["https:\/\/horizonshemato.com\/product\/horizons-hemato-vol-14-n1-mars-2024\/"]}]},{"@type":"ImageObject","inLanguage":"en-US","@id":"https:\/\/horizonshemato.com\/product\/horizons-hemato-vol-14-n1-mars-2024\/#primaryimage","url":"https:\/\/horizonshemato.com\/wp-content\/uploads\/2024\/03\/HH-mars-2024.png","contentUrl":"https:\/\/horizonshemato.com\/wp-content\/uploads\/2024\/03\/HH-mars-2024.png","width":600,"height":378},{"@type":"BreadcrumbList","@id":"https:\/\/horizonshemato.com\/product\/horizons-hemato-vol-14-n1-mars-2024\/#breadcrumb","itemListElement":[{"@type":"ListItem","position":1,"name":"Accueil","item":"https:\/\/horizonshemato.com\/"},{"@type":"ListItem","position":2,"name":"Boutique","item":"https:\/\/horizonshemato.com\/boutique\/"},{"@type":"ListItem","position":3,"name":"Horizons H\u00e9mato \u2013 Vol. 14 n\u00b0 \u2013 Mars 2024"}]},{"@type":"WebSite","@id":"https:\/\/horizonshemato.com\/#website","url":"https:\/\/horizonshemato.com\/","name":"Horizons H\u00e9mato","description":"La revue des pratiques en h\u00e9matologie","potentialAction":[{"@type":"SearchAction","target":{"@type":"EntryPoint","urlTemplate":"https:\/\/horizonshemato.com\/?s={search_term_string}"},"query-input":{"@type":"PropertyValueSpecification","valueRequired":true,"valueName":"search_term_string"}}],"inLanguage":"en-US"}]}},"_links":{"self":[{"href":"https:\/\/horizonshemato.com\/en\/wp-json\/wp\/v2\/product\/18563","targetHints":{"allow":["GET"]}}],"collection":[{"href":"https:\/\/horizonshemato.com\/en\/wp-json\/wp\/v2\/product"}],"about":[{"href":"https:\/\/horizonshemato.com\/en\/wp-json\/wp\/v2\/types\/product"}],"wp:featuredmedia":[{"embeddable":true,"href":"https:\/\/horizonshemato.com\/en\/wp-json\/wp\/v2\/media\/18543"}],"wp:attachment":[{"href":"https:\/\/horizonshemato.com\/en\/wp-json\/wp\/v2\/media?parent=18563"}],"wp:term":[{"taxonomy":"product_brand","embeddable":true,"href":"https:\/\/horizonshemato.com\/en\/wp-json\/wp\/v2\/product_brand?post=18563"},{"taxonomy":"product_cat","embeddable":true,"href":"https:\/\/horizonshemato.com\/en\/wp-json\/wp\/v2\/product_cat?post=18563"},{"taxonomy":"product_tag","embeddable":true,"href":"https:\/\/horizonshemato.com\/en\/wp-json\/wp\/v2\/product_tag?post=18563"}],"curies":[{"name":"wp","href":"https:\/\/api.w.org\/{rel}","templated":true}]}}