{"id":17043,"date":"2022-09-30T10:57:52","date_gmt":"2022-09-30T10:57:52","guid":{"rendered":"https:\/\/horizonshemato.com\/?post_type=product&#038;p=17043"},"modified":"2024-01-08T17:18:07","modified_gmt":"2024-01-08T17:18:07","slug":"horizons-hemato-vol-12-n3-septembre-2022","status":"publish","type":"product","link":"https:\/\/horizonshemato.com\/en\/product\/horizons-hemato-vol-12-n3-septembre-2022\/","title":{"rendered":"Horizons H\u00e9mato \u2013 Vol. 12 n\u00b03 \u2013 Septembre 2022"},"content":{"rendered":"<p>Magazine au format num\u00e9rique.<\/p>","protected":false},"excerpt":{"rendered":"<p>\u00c0\u00a0<span class=\"Apple-converted-space\">\u00a0<\/span>l\u2019\u00e8re d\u2019innovations th\u00e9rapeutiques sans pr\u00e9c\u00e9dent dans les lymphomes, avec des traitements si efficaces qu\u2019il nous ait permis de penser \u00e0 la gu\u00e9rison de nombreux patients, m\u00eame en situation de rechute, l\u2019apr\u00e8s-cancer est un enjeu majeur, tant au niveau de sa prise en charge que de son organisation.<span class=\"Apple-converted-space\">\u00a0<\/span><\/p>\n<p>Nous avons r\u00e9uni, pour ce \u00ab Grand Angle \u00bb, les r\u00e9flexions de plusieurs horizons. Tout d\u2019abord, l\u2019article de l\u2019\u00e9quipe de Toulouse avec Mme Gis\u00e8le Compaci, infirmi\u00e8re-coordinatrice dont la pr\u00e9sentation n\u2019est plus \u00e0 faire, tant son travail d\u00e9but\u00e9 avec le Pr. Guy Laurent a \u00e9t\u00e9 reconnu comme la premi\u00e8re pierre pos\u00e9e dans l\u2019organisation de l\u2019apr\u00e8s-lymphome en France, avec un mod\u00e8le de suivi partag\u00e9 entre le m\u00e9decin g\u00e9n\u00e9raliste, l\u2019h\u00e9matologue et l\u2019infirmi\u00e8re coordonnatrice. Le r\u00f4le de l\u2019infirmier dans le nouveau parcours de soin de l\u2019apr\u00e8s-CAR T cells est d\u00e9crit de mani\u00e8re tr\u00e8s pr\u00e9cise par Mr Maxime Berquier, infirmier-coordinateur \u00e0 l\u2019H\u00f4pital Saint-Louis, avec une exp\u00e9rience partag\u00e9e et discut\u00e9e au sein du r\u00e9seau national des infirmiers-coordinateurs CART.<span class=\"Apple-converted-space\">\u00a0<\/span><\/p>\n<p>Qu\u2019en est-il des recommandations par grandes pathologies, le lymphome de Hodgkin, les lymphomes agressifs, les lymphomes indolents? Le suivi du lymphome de hodgkin a \u00e9t\u00e9 un mod\u00e8le car depuis longtemps plus de 80% des patients sont gu\u00e9ris, et la surveillance de la survenue des effets secondaires doit \u00eatre minutieusement r\u00e9alis\u00e9e comme nous l\u2019explique le Dr C\u00e9dric Rossi et le Pr Olivier Casasnovas. Alors que l\u2019imagerie n\u2019a pas de place dans le suivi des lymphomes agressifs d\u2019autant que les examens r\u00e9p\u00e9t\u00e9s ont prouv\u00e9 \u00eatre anxiog\u00e8nes, le Dr Vincent Camus\u00a0et le Pr Herv\u00e9 Tilly discutent de l\u2019analyse de l\u2019ADN circulant qui pourrait permettre d\u2019aider \u00e0 ce suivi. Le suivi des lymphomes indolents est complexe, et occupe beaucoup nos consultations. Le Pr Ysebaert nous explique comment le r\u00e9aliser de fa\u00e7on la plus rationnelle possible.<span class=\"Apple-converted-space\">\u00a0<\/span><\/p>\n<p>Enfin, nous terminerons par les sympt\u00f4mes difficilement quantifiables, tels que la fatigue qui peut persister pendant m\u00eame 10 ans apr\u00e8s la fin du traitement comme nous l\u2019explique de Pr Nicolas Mounier. Est-ce que des outils digitaux pourront aider \u00e0 l\u2019avenir \u00e0 la prise en compte de la qualit\u00e9 de vie, de la fatigue, de la douleur dans la p\u00e9riode de l\u2019apr\u00e8s-cancer? Le Dr C\u00f4me Bommier nous explique qu\u2019il est d\u00e9sormais possible d\u2019\u00e9valuer les patients \u00e0 distance gr\u00e2ce \u00e0 des applications de sant\u00e9 connect\u00e9es et que cela sera possible.<span class=\"Apple-converted-space\">\u00a0<\/span><\/p>\n<p>Un grand merci aux auteurs pour leur contribution \u00e0 ce<br \/>\n\u00ab Grand Angle \u00bb d\u00e9di\u00e9 \u00e0 l\u2019Apr\u00e8s-Cancer dans le lymphome.<\/p>\n<p>Bonne lecture !<span class=\"Apple-converted-space\">\u00a0<\/span><\/p>\n<p><strong>Pr Catherine Thieblemont, Coordinatrice du \u00ab Grand Angle \u00bb.<\/strong><br \/>\nChef de service d\u2019h\u00e9mato-oncologie, H\u00f4pital Saint-Louis, Paris.<br \/>\ncatherine.thieblemont@aphp.fr<\/p>","protected":false},"featured_media":17046,"template":"","meta":{"_monsterinsights_skip_tracking":false,"_monsterinsights_sitenote_active":false,"_monsterinsights_sitenote_note":"","_monsterinsights_sitenote_category":0},"product_brand":[],"product_cat":[251],"product_tag":[],"class_list":{"0":"post-17043","1":"product","2":"type-product","3":"status-publish","4":"has-post-thumbnail","6":"product_cat-lapres-cancer-dans-le-lymphome","8":"first","9":"instock","10":"downloadable","11":"shipping-taxable","12":"purchasable","13":"product-type-simple"},"yoast_head":"<!-- This site is optimized with the Yoast SEO plugin v27.1.1 - https:\/\/yoast.com\/product\/yoast-seo-wordpress\/ -->\n<title>Horizons H\u00e9mato \u2013 Vol. 12 n\u00b03 \u2013 Septembre 2022 - Horizons H\u00e9mato<\/title>\n<meta name=\"robots\" content=\"index, follow, max-snippet:-1, max-image-preview:large, max-video-preview:-1\" \/>\n<link rel=\"canonical\" href=\"https:\/\/horizonshemato.com\/en\/product\/horizons-hemato-vol-12-n3-septembre-2022\/\" \/>\n<meta property=\"og:locale\" content=\"en_US\" \/>\n<meta property=\"og:type\" content=\"article\" \/>\n<meta property=\"og:title\" content=\"Horizons H\u00e9mato \u2013 Vol. 12 n\u00b03 \u2013 Septembre 2022 - Horizons H\u00e9mato\" \/>\n<meta property=\"og:description\" content=\"\u00c0\u00a0\u00a0l\u2019\u00e8re d\u2019innovations th\u00e9rapeutiques sans pr\u00e9c\u00e9dent dans les lymphomes, avec des traitements si efficaces qu\u2019il nous ait permis de penser \u00e0 la gu\u00e9rison de nombreux patients, m\u00eame en situation de rechute, l\u2019apr\u00e8s-cancer est un enjeu majeur, tant au niveau de sa prise en charge que de son organisation.\u00a0  Nous avons r\u00e9uni, pour ce \u00ab Grand Angle \u00bb, les r\u00e9flexions de plusieurs horizons. Tout d\u2019abord, l\u2019article de l\u2019\u00e9quipe de Toulouse avec Mme Gis\u00e8le Compaci, infirmi\u00e8re-coordinatrice dont la pr\u00e9sentation n\u2019est plus \u00e0 faire, tant son travail d\u00e9but\u00e9 avec le Pr. Guy Laurent a \u00e9t\u00e9 reconnu comme la premi\u00e8re pierre pos\u00e9e dans l\u2019organisation de l\u2019apr\u00e8s-lymphome en France, avec un mod\u00e8le de suivi partag\u00e9 entre le m\u00e9decin g\u00e9n\u00e9raliste, l\u2019h\u00e9matologue et l\u2019infirmi\u00e8re coordonnatrice. Le r\u00f4le de l\u2019infirmier dans le nouveau parcours de soin de l\u2019apr\u00e8s-CAR T cells est d\u00e9crit de mani\u00e8re tr\u00e8s pr\u00e9cise par Mr Maxime Berquier, infirmier-coordinateur \u00e0 l\u2019H\u00f4pital Saint-Louis, avec une exp\u00e9rience partag\u00e9e et discut\u00e9e au sein du r\u00e9seau national des infirmiers-coordinateurs CART.\u00a0  Qu\u2019en est-il des recommandations par grandes pathologies, le lymphome de Hodgkin, les lymphomes agressifs, les lymphomes indolents? Le suivi du lymphome de hodgkin a \u00e9t\u00e9 un mod\u00e8le car depuis longtemps plus de 80% des patients sont gu\u00e9ris, et la surveillance de la survenue des effets secondaires doit \u00eatre minutieusement r\u00e9alis\u00e9e comme nous l\u2019explique le Dr C\u00e9dric Rossi et le Pr Olivier Casasnovas. Alors que l\u2019imagerie n\u2019a pas de place dans le suivi des lymphomes agressifs d\u2019autant que les examens r\u00e9p\u00e9t\u00e9s ont prouv\u00e9 \u00eatre anxiog\u00e8nes, le Dr Vincent Camus\u00a0et le Pr Herv\u00e9 Tilly discutent de l\u2019analyse de l\u2019ADN circulant qui pourrait permettre d\u2019aider \u00e0 ce suivi. Le suivi des lymphomes indolents est complexe, et occupe beaucoup nos consultations. Le Pr Ysebaert nous explique comment le r\u00e9aliser de fa\u00e7on la plus rationnelle possible.\u00a0  Enfin, nous terminerons par les sympt\u00f4mes difficilement quantifiables, tels que la fatigue qui peut persister pendant m\u00eame 10 ans apr\u00e8s la fin du traitement comme nous l\u2019explique de Pr Nicolas Mounier. Est-ce que des outils digitaux pourront aider \u00e0 l\u2019avenir \u00e0 la prise en compte de la qualit\u00e9 de vie, de la fatigue, de la douleur dans la p\u00e9riode de l\u2019apr\u00e8s-cancer? Le Dr C\u00f4me Bommier nous explique qu\u2019il est d\u00e9sormais possible d\u2019\u00e9valuer les patients \u00e0 distance gr\u00e2ce \u00e0 des applications de sant\u00e9 connect\u00e9es et que cela sera possible.\u00a0  Un grand merci aux auteurs pour leur contribution \u00e0 ce \u00ab Grand Angle \u00bb d\u00e9di\u00e9 \u00e0 l\u2019Apr\u00e8s-Cancer dans le lymphome.  Bonne lecture !\u00a0  Pr Catherine Thieblemont, Coordinatrice du \u00ab Grand Angle \u00bb. Chef de service d\u2019h\u00e9mato-oncologie, H\u00f4pital Saint-Louis, Paris. catherine.thieblemont@aphp.fr\" \/>\n<meta property=\"og:url\" content=\"https:\/\/horizonshemato.com\/en\/product\/horizons-hemato-vol-12-n3-septembre-2022\/\" \/>\n<meta property=\"og:site_name\" content=\"Horizons H\u00e9mato\" \/>\n<meta property=\"article:modified_time\" content=\"2024-01-08T17:18:07+00:00\" \/>\n<meta property=\"og:image\" content=\"https:\/\/horizonshemato.com\/wp-content\/uploads\/2023\/06\/HH-VOL12-N3.png\" \/>\n\t<meta property=\"og:image:width\" content=\"938\" \/>\n\t<meta property=\"og:image:height\" content=\"938\" \/>\n\t<meta property=\"og:image:type\" content=\"image\/png\" \/>\n<meta name=\"twitter:card\" content=\"summary_large_image\" \/>\n<meta name=\"twitter:label1\" content=\"Est. reading time\" \/>\n\t<meta name=\"twitter:data1\" content=\"1 minute\" \/>\n<script type=\"application\/ld+json\" class=\"yoast-schema-graph\">{\"@context\":\"https:\/\/schema.org\",\"@graph\":[{\"@type\":\"WebPage\",\"@id\":\"https:\/\/horizonshemato.com\/product\/horizons-hemato-vol-12-n3-septembre-2022\/\",\"url\":\"https:\/\/horizonshemato.com\/product\/horizons-hemato-vol-12-n3-septembre-2022\/\",\"name\":\"Horizons H\u00e9mato \u2013 Vol. 12 n\u00b03 \u2013 Septembre 2022 - Horizons H\u00e9mato\",\"isPartOf\":{\"@id\":\"https:\/\/horizonshemato.com\/#website\"},\"primaryImageOfPage\":{\"@id\":\"https:\/\/horizonshemato.com\/product\/horizons-hemato-vol-12-n3-septembre-2022\/#primaryimage\"},\"image\":{\"@id\":\"https:\/\/horizonshemato.com\/product\/horizons-hemato-vol-12-n3-septembre-2022\/#primaryimage\"},\"thumbnailUrl\":\"https:\/\/horizonshemato.com\/wp-content\/uploads\/2023\/06\/HH-VOL12-N3.png\",\"datePublished\":\"2022-09-30T10:57:52+00:00\",\"dateModified\":\"2024-01-08T17:18:07+00:00\",\"breadcrumb\":{\"@id\":\"https:\/\/horizonshemato.com\/product\/horizons-hemato-vol-12-n3-septembre-2022\/#breadcrumb\"},\"inLanguage\":\"en-US\",\"potentialAction\":[{\"@type\":\"ReadAction\",\"target\":[\"https:\/\/horizonshemato.com\/product\/horizons-hemato-vol-12-n3-septembre-2022\/\"]}]},{\"@type\":\"ImageObject\",\"inLanguage\":\"en-US\",\"@id\":\"https:\/\/horizonshemato.com\/product\/horizons-hemato-vol-12-n3-septembre-2022\/#primaryimage\",\"url\":\"https:\/\/horizonshemato.com\/wp-content\/uploads\/2023\/06\/HH-VOL12-N3.png\",\"contentUrl\":\"https:\/\/horizonshemato.com\/wp-content\/uploads\/2023\/06\/HH-VOL12-N3.png\",\"width\":938,\"height\":938},{\"@type\":\"BreadcrumbList\",\"@id\":\"https:\/\/horizonshemato.com\/product\/horizons-hemato-vol-12-n3-septembre-2022\/#breadcrumb\",\"itemListElement\":[{\"@type\":\"ListItem\",\"position\":1,\"name\":\"Accueil\",\"item\":\"https:\/\/horizonshemato.com\/\"},{\"@type\":\"ListItem\",\"position\":2,\"name\":\"Boutique\",\"item\":\"https:\/\/horizonshemato.com\/boutique\/\"},{\"@type\":\"ListItem\",\"position\":3,\"name\":\"Horizons H\u00e9mato \u2013 Vol. 12 n\u00b03 \u2013 Septembre 2022\"}]},{\"@type\":\"WebSite\",\"@id\":\"https:\/\/horizonshemato.com\/#website\",\"url\":\"https:\/\/horizonshemato.com\/\",\"name\":\"Horizons H\u00e9mato\",\"description\":\"La revue des pratiques en h\u00e9matologie\",\"potentialAction\":[{\"@type\":\"SearchAction\",\"target\":{\"@type\":\"EntryPoint\",\"urlTemplate\":\"https:\/\/horizonshemato.com\/?s={search_term_string}\"},\"query-input\":{\"@type\":\"PropertyValueSpecification\",\"valueRequired\":true,\"valueName\":\"search_term_string\"}}],\"inLanguage\":\"en-US\"}]}<\/script>\n<!-- \/ Yoast SEO plugin. -->","yoast_head_json":{"title":"Horizons H\u00e9mato \u2013 Vol. 12 n\u00b03 \u2013 Septembre 2022 - Horizons H\u00e9mato","robots":{"index":"index","follow":"follow","max-snippet":"max-snippet:-1","max-image-preview":"max-image-preview:large","max-video-preview":"max-video-preview:-1"},"canonical":"https:\/\/horizonshemato.com\/en\/product\/horizons-hemato-vol-12-n3-septembre-2022\/","og_locale":"en_US","og_type":"article","og_title":"Horizons H\u00e9mato \u2013 Vol. 12 n\u00b03 \u2013 Septembre 2022 - Horizons H\u00e9mato","og_description":"\u00c0\u00a0\u00a0l\u2019\u00e8re d\u2019innovations th\u00e9rapeutiques sans pr\u00e9c\u00e9dent dans les lymphomes, avec des traitements si efficaces qu\u2019il nous ait permis de penser \u00e0 la gu\u00e9rison de nombreux patients, m\u00eame en situation de rechute, l\u2019apr\u00e8s-cancer est un enjeu majeur, tant au niveau de sa prise en charge que de son organisation.\u00a0  Nous avons r\u00e9uni, pour ce \u00ab Grand Angle \u00bb, les r\u00e9flexions de plusieurs horizons. Tout d\u2019abord, l\u2019article de l\u2019\u00e9quipe de Toulouse avec Mme Gis\u00e8le Compaci, infirmi\u00e8re-coordinatrice dont la pr\u00e9sentation n\u2019est plus \u00e0 faire, tant son travail d\u00e9but\u00e9 avec le Pr. Guy Laurent a \u00e9t\u00e9 reconnu comme la premi\u00e8re pierre pos\u00e9e dans l\u2019organisation de l\u2019apr\u00e8s-lymphome en France, avec un mod\u00e8le de suivi partag\u00e9 entre le m\u00e9decin g\u00e9n\u00e9raliste, l\u2019h\u00e9matologue et l\u2019infirmi\u00e8re coordonnatrice. Le r\u00f4le de l\u2019infirmier dans le nouveau parcours de soin de l\u2019apr\u00e8s-CAR T cells est d\u00e9crit de mani\u00e8re tr\u00e8s pr\u00e9cise par Mr Maxime Berquier, infirmier-coordinateur \u00e0 l\u2019H\u00f4pital Saint-Louis, avec une exp\u00e9rience partag\u00e9e et discut\u00e9e au sein du r\u00e9seau national des infirmiers-coordinateurs CART.\u00a0  Qu\u2019en est-il des recommandations par grandes pathologies, le lymphome de Hodgkin, les lymphomes agressifs, les lymphomes indolents? Le suivi du lymphome de hodgkin a \u00e9t\u00e9 un mod\u00e8le car depuis longtemps plus de 80% des patients sont gu\u00e9ris, et la surveillance de la survenue des effets secondaires doit \u00eatre minutieusement r\u00e9alis\u00e9e comme nous l\u2019explique le Dr C\u00e9dric Rossi et le Pr Olivier Casasnovas. Alors que l\u2019imagerie n\u2019a pas de place dans le suivi des lymphomes agressifs d\u2019autant que les examens r\u00e9p\u00e9t\u00e9s ont prouv\u00e9 \u00eatre anxiog\u00e8nes, le Dr Vincent Camus\u00a0et le Pr Herv\u00e9 Tilly discutent de l\u2019analyse de l\u2019ADN circulant qui pourrait permettre d\u2019aider \u00e0 ce suivi. Le suivi des lymphomes indolents est complexe, et occupe beaucoup nos consultations. Le Pr Ysebaert nous explique comment le r\u00e9aliser de fa\u00e7on la plus rationnelle possible.\u00a0  Enfin, nous terminerons par les sympt\u00f4mes difficilement quantifiables, tels que la fatigue qui peut persister pendant m\u00eame 10 ans apr\u00e8s la fin du traitement comme nous l\u2019explique de Pr Nicolas Mounier. Est-ce que des outils digitaux pourront aider \u00e0 l\u2019avenir \u00e0 la prise en compte de la qualit\u00e9 de vie, de la fatigue, de la douleur dans la p\u00e9riode de l\u2019apr\u00e8s-cancer? Le Dr C\u00f4me Bommier nous explique qu\u2019il est d\u00e9sormais possible d\u2019\u00e9valuer les patients \u00e0 distance gr\u00e2ce \u00e0 des applications de sant\u00e9 connect\u00e9es et que cela sera possible.\u00a0  Un grand merci aux auteurs pour leur contribution \u00e0 ce \u00ab Grand Angle \u00bb d\u00e9di\u00e9 \u00e0 l\u2019Apr\u00e8s-Cancer dans le lymphome.  Bonne lecture !\u00a0  Pr Catherine Thieblemont, Coordinatrice du \u00ab Grand Angle \u00bb. Chef de service d\u2019h\u00e9mato-oncologie, H\u00f4pital Saint-Louis, Paris. catherine.thieblemont@aphp.fr","og_url":"https:\/\/horizonshemato.com\/en\/product\/horizons-hemato-vol-12-n3-septembre-2022\/","og_site_name":"Horizons H\u00e9mato","article_modified_time":"2024-01-08T17:18:07+00:00","og_image":[{"width":938,"height":938,"url":"https:\/\/horizonshemato.com\/wp-content\/uploads\/2023\/06\/HH-VOL12-N3.png","type":"image\/png"}],"twitter_card":"summary_large_image","twitter_misc":{"Est. reading time":"1 minute"},"schema":{"@context":"https:\/\/schema.org","@graph":[{"@type":"WebPage","@id":"https:\/\/horizonshemato.com\/product\/horizons-hemato-vol-12-n3-septembre-2022\/","url":"https:\/\/horizonshemato.com\/product\/horizons-hemato-vol-12-n3-septembre-2022\/","name":"Horizons H\u00e9mato \u2013 Vol. 12 n\u00b03 \u2013 Septembre 2022 - Horizons H\u00e9mato","isPartOf":{"@id":"https:\/\/horizonshemato.com\/#website"},"primaryImageOfPage":{"@id":"https:\/\/horizonshemato.com\/product\/horizons-hemato-vol-12-n3-septembre-2022\/#primaryimage"},"image":{"@id":"https:\/\/horizonshemato.com\/product\/horizons-hemato-vol-12-n3-septembre-2022\/#primaryimage"},"thumbnailUrl":"https:\/\/horizonshemato.com\/wp-content\/uploads\/2023\/06\/HH-VOL12-N3.png","datePublished":"2022-09-30T10:57:52+00:00","dateModified":"2024-01-08T17:18:07+00:00","breadcrumb":{"@id":"https:\/\/horizonshemato.com\/product\/horizons-hemato-vol-12-n3-septembre-2022\/#breadcrumb"},"inLanguage":"en-US","potentialAction":[{"@type":"ReadAction","target":["https:\/\/horizonshemato.com\/product\/horizons-hemato-vol-12-n3-septembre-2022\/"]}]},{"@type":"ImageObject","inLanguage":"en-US","@id":"https:\/\/horizonshemato.com\/product\/horizons-hemato-vol-12-n3-septembre-2022\/#primaryimage","url":"https:\/\/horizonshemato.com\/wp-content\/uploads\/2023\/06\/HH-VOL12-N3.png","contentUrl":"https:\/\/horizonshemato.com\/wp-content\/uploads\/2023\/06\/HH-VOL12-N3.png","width":938,"height":938},{"@type":"BreadcrumbList","@id":"https:\/\/horizonshemato.com\/product\/horizons-hemato-vol-12-n3-septembre-2022\/#breadcrumb","itemListElement":[{"@type":"ListItem","position":1,"name":"Accueil","item":"https:\/\/horizonshemato.com\/"},{"@type":"ListItem","position":2,"name":"Boutique","item":"https:\/\/horizonshemato.com\/boutique\/"},{"@type":"ListItem","position":3,"name":"Horizons H\u00e9mato \u2013 Vol. 12 n\u00b03 \u2013 Septembre 2022"}]},{"@type":"WebSite","@id":"https:\/\/horizonshemato.com\/#website","url":"https:\/\/horizonshemato.com\/","name":"Horizons H\u00e9mato","description":"La revue des pratiques en h\u00e9matologie","potentialAction":[{"@type":"SearchAction","target":{"@type":"EntryPoint","urlTemplate":"https:\/\/horizonshemato.com\/?s={search_term_string}"},"query-input":{"@type":"PropertyValueSpecification","valueRequired":true,"valueName":"search_term_string"}}],"inLanguage":"en-US"}]}},"_links":{"self":[{"href":"https:\/\/horizonshemato.com\/en\/wp-json\/wp\/v2\/product\/17043","targetHints":{"allow":["GET"]}}],"collection":[{"href":"https:\/\/horizonshemato.com\/en\/wp-json\/wp\/v2\/product"}],"about":[{"href":"https:\/\/horizonshemato.com\/en\/wp-json\/wp\/v2\/types\/product"}],"wp:featuredmedia":[{"embeddable":true,"href":"https:\/\/horizonshemato.com\/en\/wp-json\/wp\/v2\/media\/17046"}],"wp:attachment":[{"href":"https:\/\/horizonshemato.com\/en\/wp-json\/wp\/v2\/media?parent=17043"}],"wp:term":[{"taxonomy":"product_brand","embeddable":true,"href":"https:\/\/horizonshemato.com\/en\/wp-json\/wp\/v2\/product_brand?post=17043"},{"taxonomy":"product_cat","embeddable":true,"href":"https:\/\/horizonshemato.com\/en\/wp-json\/wp\/v2\/product_cat?post=17043"},{"taxonomy":"product_tag","embeddable":true,"href":"https:\/\/horizonshemato.com\/en\/wp-json\/wp\/v2\/product_tag?post=17043"}],"curies":[{"name":"wp","href":"https:\/\/api.w.org\/{rel}","templated":true}]}}