{"id":17039,"date":"2022-12-30T09:11:42","date_gmt":"2022-12-30T09:11:42","guid":{"rendered":"https:\/\/horizonshemato.com\/?post_type=product&#038;p=17039"},"modified":"2024-01-08T17:18:06","modified_gmt":"2024-01-08T17:18:06","slug":"horizons-hemato-vol-12-n4-decembre-2022","status":"publish","type":"product","link":"https:\/\/horizonshemato.com\/en\/product\/horizons-hemato-vol-12-n4-decembre-2022\/","title":{"rendered":"Horizons H\u00e9mato \u2013 Vol. 12 n\u00b04 \u2013 D\u00e9cembre 2022"},"content":{"rendered":"<p>Magazine au format num\u00e9rique.<\/p>","protected":false},"excerpt":{"rendered":"<p>Une riche actualit\u00e9 concerne les syndromes my\u00e9lodysplasiques au cours de ces derniers mois :<\/p>\n<p>Une nouvelle classification diagnostique, une nouvelle classification pronostique, de nouveaux m\u00e9dicaments, un nouveau syndrome associ\u00e9 \u00e0 de l\u2019inflammation, sans oublier les espoirs pour les SMD de haut risque, stimul\u00e9s par des r\u00e9sultats probants d\u2019essais th\u00e9rapeutiques dans les LAM.<\/p>\n<p>C\u2019est avec beaucoup de plaisir que le groupe de travail de ce num\u00e9ro Grand Angle SMD vous pr\u00e9sente une synth\u00e8se sur ces pathologies h\u00e9t\u00e9rog\u00e8nes, qui concernent des patients de plus en plus \u00e2g\u00e9s. Le diagnostic peut faire appel au diagnostic mol\u00e9culaire, non disponible partout, ce qui rend n\u00e9cessaire une r\u00e9flexion sur l\u2019ad\u00e9quation des moyens mobilis\u00e9s pour chaque patient en fonction de son contexte particulier. Le NGS s\u2019invite d\u00e9sormais dans la classification pronostique IPSS-M, avec l\u00e0 aussi des enjeux th\u00e9rapeutiques qui peuvent \u00eatre affin\u00e9s. Il est loin le temps o\u00f9 on calculait l\u2019IPSS de t\u00eate, vous aurez besoin d\u2019un calculateur online ou d\u2019une application sur votre t\u00e9l\u00e9phone pour calculer ce nouveau score.<\/p>\n<p>Dans les syndromes my\u00e9lodysplasiques de bas risque, l\u2019\u00e9v\u00e9nement marquant en France est la disponibilit\u00e9 du luspatercept, qui devrait pouvoir rendre service \u00e0 certains patients r\u00e9fractaires aux ASE.<\/p>\n<p>Vous trouverez aussi une description des avanc\u00e9es dans l\u2019organisation des parcours de soins, qui peuvent \u00eatre utiles y compris en dehors du contexte des my\u00e9lodysplasies.<\/p>\n<p>Nous esp\u00e9rons que ce num\u00e9ro Grand Angle vous apportera des informations utiles pour votre pratique comme pour la p\u00e9dagogie vis-\u00e0-vis de nos jeunes coll\u00e8gues.<\/p>\n<p>Bien amicalement \u00e0 tous.<\/p>\n<p><b>Pr Emmanuel GYAN, Tours.<br \/>\n<\/b>Coordinateur du \u00ab\u00a0Grand Angle.<br \/>\nE.GYAN@chu-tours.fr<\/p>","protected":false},"featured_media":17041,"template":"","meta":{"_monsterinsights_skip_tracking":false,"_monsterinsights_sitenote_active":false,"_monsterinsights_sitenote_note":"","_monsterinsights_sitenote_category":0},"product_brand":[],"product_cat":[247],"product_tag":[],"class_list":{"0":"post-17039","1":"product","2":"type-product","3":"status-publish","4":"has-post-thumbnail","6":"product_cat-syndromes-myelodysplasiques-smd","8":"first","9":"instock","10":"downloadable","11":"shipping-taxable","12":"purchasable","13":"product-type-simple"},"yoast_head":"<!-- This site is optimized with the Yoast SEO plugin v27.1.1 - https:\/\/yoast.com\/product\/yoast-seo-wordpress\/ -->\n<title>Horizons H\u00e9mato \u2013 Vol. 12 n\u00b04 \u2013 D\u00e9cembre 2022 - Horizons H\u00e9mato<\/title>\n<meta name=\"robots\" content=\"index, follow, max-snippet:-1, max-image-preview:large, max-video-preview:-1\" \/>\n<link rel=\"canonical\" href=\"https:\/\/horizonshemato.com\/en\/product\/horizons-hemato-vol-12-n4-decembre-2022\/\" \/>\n<meta property=\"og:locale\" content=\"en_US\" \/>\n<meta property=\"og:type\" content=\"article\" \/>\n<meta property=\"og:title\" content=\"Horizons H\u00e9mato \u2013 Vol. 12 n\u00b04 \u2013 D\u00e9cembre 2022 - Horizons H\u00e9mato\" \/>\n<meta property=\"og:description\" content=\"Une riche actualit\u00e9 concerne les syndromes my\u00e9lodysplasiques au cours de ces derniers mois :  Une nouvelle classification diagnostique, une nouvelle classification pronostique, de nouveaux m\u00e9dicaments, un nouveau syndrome associ\u00e9 \u00e0 de l\u2019inflammation, sans oublier les espoirs pour les SMD de haut risque, stimul\u00e9s par des r\u00e9sultats probants d\u2019essais th\u00e9rapeutiques dans les LAM.  C\u2019est avec beaucoup de plaisir que le groupe de travail de ce num\u00e9ro Grand Angle SMD vous pr\u00e9sente une synth\u00e8se sur ces pathologies h\u00e9t\u00e9rog\u00e8nes, qui concernent des patients de plus en plus \u00e2g\u00e9s. Le diagnostic peut faire appel au diagnostic mol\u00e9culaire, non disponible partout, ce qui rend n\u00e9cessaire une r\u00e9flexion sur l\u2019ad\u00e9quation des moyens mobilis\u00e9s pour chaque patient en fonction de son contexte particulier. Le NGS s\u2019invite d\u00e9sormais dans la classification pronostique IPSS-M, avec l\u00e0 aussi des enjeux th\u00e9rapeutiques qui peuvent \u00eatre affin\u00e9s. Il est loin le temps o\u00f9 on calculait l\u2019IPSS de t\u00eate, vous aurez besoin d\u2019un calculateur online ou d\u2019une application sur votre t\u00e9l\u00e9phone pour calculer ce nouveau score.  Dans les syndromes my\u00e9lodysplasiques de bas risque, l\u2019\u00e9v\u00e9nement marquant en France est la disponibilit\u00e9 du luspatercept, qui devrait pouvoir rendre service \u00e0 certains patients r\u00e9fractaires aux ASE.  Vous trouverez aussi une description des avanc\u00e9es dans l\u2019organisation des parcours de soins, qui peuvent \u00eatre utiles y compris en dehors du contexte des my\u00e9lodysplasies.  Nous esp\u00e9rons que ce num\u00e9ro Grand Angle vous apportera des informations utiles pour votre pratique comme pour la p\u00e9dagogie vis-\u00e0-vis de nos jeunes coll\u00e8gues.  Bien amicalement \u00e0 tous.  Pr Emmanuel GYAN, Tours. Coordinateur du \u00ab\u00a0Grand Angle. E.GYAN@chu-tours.fr\" \/>\n<meta property=\"og:url\" content=\"https:\/\/horizonshemato.com\/en\/product\/horizons-hemato-vol-12-n4-decembre-2022\/\" \/>\n<meta property=\"og:site_name\" content=\"Horizons H\u00e9mato\" \/>\n<meta property=\"article:modified_time\" content=\"2024-01-08T17:18:06+00:00\" \/>\n<meta property=\"og:image\" content=\"https:\/\/horizonshemato.com\/wp-content\/uploads\/2023\/06\/HH-VOL12-N4.png\" \/>\n\t<meta property=\"og:image:width\" content=\"938\" \/>\n\t<meta property=\"og:image:height\" content=\"938\" \/>\n\t<meta property=\"og:image:type\" content=\"image\/png\" \/>\n<meta name=\"twitter:card\" content=\"summary_large_image\" \/>\n<meta name=\"twitter:label1\" content=\"Est. reading time\" \/>\n\t<meta name=\"twitter:data1\" content=\"1 minute\" \/>\n<script type=\"application\/ld+json\" class=\"yoast-schema-graph\">{\"@context\":\"https:\/\/schema.org\",\"@graph\":[{\"@type\":\"WebPage\",\"@id\":\"https:\/\/horizonshemato.com\/product\/horizons-hemato-vol-12-n4-decembre-2022\/\",\"url\":\"https:\/\/horizonshemato.com\/product\/horizons-hemato-vol-12-n4-decembre-2022\/\",\"name\":\"Horizons H\u00e9mato \u2013 Vol. 12 n\u00b04 \u2013 D\u00e9cembre 2022 - Horizons H\u00e9mato\",\"isPartOf\":{\"@id\":\"https:\/\/horizonshemato.com\/#website\"},\"primaryImageOfPage\":{\"@id\":\"https:\/\/horizonshemato.com\/product\/horizons-hemato-vol-12-n4-decembre-2022\/#primaryimage\"},\"image\":{\"@id\":\"https:\/\/horizonshemato.com\/product\/horizons-hemato-vol-12-n4-decembre-2022\/#primaryimage\"},\"thumbnailUrl\":\"https:\/\/horizonshemato.com\/wp-content\/uploads\/2023\/06\/HH-VOL12-N4.png\",\"datePublished\":\"2022-12-30T09:11:42+00:00\",\"dateModified\":\"2024-01-08T17:18:06+00:00\",\"breadcrumb\":{\"@id\":\"https:\/\/horizonshemato.com\/product\/horizons-hemato-vol-12-n4-decembre-2022\/#breadcrumb\"},\"inLanguage\":\"en-US\",\"potentialAction\":[{\"@type\":\"ReadAction\",\"target\":[\"https:\/\/horizonshemato.com\/product\/horizons-hemato-vol-12-n4-decembre-2022\/\"]}]},{\"@type\":\"ImageObject\",\"inLanguage\":\"en-US\",\"@id\":\"https:\/\/horizonshemato.com\/product\/horizons-hemato-vol-12-n4-decembre-2022\/#primaryimage\",\"url\":\"https:\/\/horizonshemato.com\/wp-content\/uploads\/2023\/06\/HH-VOL12-N4.png\",\"contentUrl\":\"https:\/\/horizonshemato.com\/wp-content\/uploads\/2023\/06\/HH-VOL12-N4.png\",\"width\":938,\"height\":938},{\"@type\":\"BreadcrumbList\",\"@id\":\"https:\/\/horizonshemato.com\/product\/horizons-hemato-vol-12-n4-decembre-2022\/#breadcrumb\",\"itemListElement\":[{\"@type\":\"ListItem\",\"position\":1,\"name\":\"Accueil\",\"item\":\"https:\/\/horizonshemato.com\/\"},{\"@type\":\"ListItem\",\"position\":2,\"name\":\"Boutique\",\"item\":\"https:\/\/horizonshemato.com\/boutique\/\"},{\"@type\":\"ListItem\",\"position\":3,\"name\":\"Horizons H\u00e9mato \u2013 Vol. 12 n\u00b04 \u2013 D\u00e9cembre 2022\"}]},{\"@type\":\"WebSite\",\"@id\":\"https:\/\/horizonshemato.com\/#website\",\"url\":\"https:\/\/horizonshemato.com\/\",\"name\":\"Horizons H\u00e9mato\",\"description\":\"La revue des pratiques en h\u00e9matologie\",\"potentialAction\":[{\"@type\":\"SearchAction\",\"target\":{\"@type\":\"EntryPoint\",\"urlTemplate\":\"https:\/\/horizonshemato.com\/?s={search_term_string}\"},\"query-input\":{\"@type\":\"PropertyValueSpecification\",\"valueRequired\":true,\"valueName\":\"search_term_string\"}}],\"inLanguage\":\"en-US\"}]}<\/script>\n<!-- \/ Yoast SEO plugin. -->","yoast_head_json":{"title":"Horizons H\u00e9mato \u2013 Vol. 12 n\u00b04 \u2013 D\u00e9cembre 2022 - Horizons H\u00e9mato","robots":{"index":"index","follow":"follow","max-snippet":"max-snippet:-1","max-image-preview":"max-image-preview:large","max-video-preview":"max-video-preview:-1"},"canonical":"https:\/\/horizonshemato.com\/en\/product\/horizons-hemato-vol-12-n4-decembre-2022\/","og_locale":"en_US","og_type":"article","og_title":"Horizons H\u00e9mato \u2013 Vol. 12 n\u00b04 \u2013 D\u00e9cembre 2022 - Horizons H\u00e9mato","og_description":"Une riche actualit\u00e9 concerne les syndromes my\u00e9lodysplasiques au cours de ces derniers mois :  Une nouvelle classification diagnostique, une nouvelle classification pronostique, de nouveaux m\u00e9dicaments, un nouveau syndrome associ\u00e9 \u00e0 de l\u2019inflammation, sans oublier les espoirs pour les SMD de haut risque, stimul\u00e9s par des r\u00e9sultats probants d\u2019essais th\u00e9rapeutiques dans les LAM.  C\u2019est avec beaucoup de plaisir que le groupe de travail de ce num\u00e9ro Grand Angle SMD vous pr\u00e9sente une synth\u00e8se sur ces pathologies h\u00e9t\u00e9rog\u00e8nes, qui concernent des patients de plus en plus \u00e2g\u00e9s. Le diagnostic peut faire appel au diagnostic mol\u00e9culaire, non disponible partout, ce qui rend n\u00e9cessaire une r\u00e9flexion sur l\u2019ad\u00e9quation des moyens mobilis\u00e9s pour chaque patient en fonction de son contexte particulier. Le NGS s\u2019invite d\u00e9sormais dans la classification pronostique IPSS-M, avec l\u00e0 aussi des enjeux th\u00e9rapeutiques qui peuvent \u00eatre affin\u00e9s. Il est loin le temps o\u00f9 on calculait l\u2019IPSS de t\u00eate, vous aurez besoin d\u2019un calculateur online ou d\u2019une application sur votre t\u00e9l\u00e9phone pour calculer ce nouveau score.  Dans les syndromes my\u00e9lodysplasiques de bas risque, l\u2019\u00e9v\u00e9nement marquant en France est la disponibilit\u00e9 du luspatercept, qui devrait pouvoir rendre service \u00e0 certains patients r\u00e9fractaires aux ASE.  Vous trouverez aussi une description des avanc\u00e9es dans l\u2019organisation des parcours de soins, qui peuvent \u00eatre utiles y compris en dehors du contexte des my\u00e9lodysplasies.  Nous esp\u00e9rons que ce num\u00e9ro Grand Angle vous apportera des informations utiles pour votre pratique comme pour la p\u00e9dagogie vis-\u00e0-vis de nos jeunes coll\u00e8gues.  Bien amicalement \u00e0 tous.  Pr Emmanuel GYAN, Tours. Coordinateur du \u00ab\u00a0Grand Angle. E.GYAN@chu-tours.fr","og_url":"https:\/\/horizonshemato.com\/en\/product\/horizons-hemato-vol-12-n4-decembre-2022\/","og_site_name":"Horizons H\u00e9mato","article_modified_time":"2024-01-08T17:18:06+00:00","og_image":[{"width":938,"height":938,"url":"https:\/\/horizonshemato.com\/wp-content\/uploads\/2023\/06\/HH-VOL12-N4.png","type":"image\/png"}],"twitter_card":"summary_large_image","twitter_misc":{"Est. reading time":"1 minute"},"schema":{"@context":"https:\/\/schema.org","@graph":[{"@type":"WebPage","@id":"https:\/\/horizonshemato.com\/product\/horizons-hemato-vol-12-n4-decembre-2022\/","url":"https:\/\/horizonshemato.com\/product\/horizons-hemato-vol-12-n4-decembre-2022\/","name":"Horizons H\u00e9mato \u2013 Vol. 12 n\u00b04 \u2013 D\u00e9cembre 2022 - Horizons H\u00e9mato","isPartOf":{"@id":"https:\/\/horizonshemato.com\/#website"},"primaryImageOfPage":{"@id":"https:\/\/horizonshemato.com\/product\/horizons-hemato-vol-12-n4-decembre-2022\/#primaryimage"},"image":{"@id":"https:\/\/horizonshemato.com\/product\/horizons-hemato-vol-12-n4-decembre-2022\/#primaryimage"},"thumbnailUrl":"https:\/\/horizonshemato.com\/wp-content\/uploads\/2023\/06\/HH-VOL12-N4.png","datePublished":"2022-12-30T09:11:42+00:00","dateModified":"2024-01-08T17:18:06+00:00","breadcrumb":{"@id":"https:\/\/horizonshemato.com\/product\/horizons-hemato-vol-12-n4-decembre-2022\/#breadcrumb"},"inLanguage":"en-US","potentialAction":[{"@type":"ReadAction","target":["https:\/\/horizonshemato.com\/product\/horizons-hemato-vol-12-n4-decembre-2022\/"]}]},{"@type":"ImageObject","inLanguage":"en-US","@id":"https:\/\/horizonshemato.com\/product\/horizons-hemato-vol-12-n4-decembre-2022\/#primaryimage","url":"https:\/\/horizonshemato.com\/wp-content\/uploads\/2023\/06\/HH-VOL12-N4.png","contentUrl":"https:\/\/horizonshemato.com\/wp-content\/uploads\/2023\/06\/HH-VOL12-N4.png","width":938,"height":938},{"@type":"BreadcrumbList","@id":"https:\/\/horizonshemato.com\/product\/horizons-hemato-vol-12-n4-decembre-2022\/#breadcrumb","itemListElement":[{"@type":"ListItem","position":1,"name":"Accueil","item":"https:\/\/horizonshemato.com\/"},{"@type":"ListItem","position":2,"name":"Boutique","item":"https:\/\/horizonshemato.com\/boutique\/"},{"@type":"ListItem","position":3,"name":"Horizons H\u00e9mato \u2013 Vol. 12 n\u00b04 \u2013 D\u00e9cembre 2022"}]},{"@type":"WebSite","@id":"https:\/\/horizonshemato.com\/#website","url":"https:\/\/horizonshemato.com\/","name":"Horizons H\u00e9mato","description":"La revue des pratiques en h\u00e9matologie","potentialAction":[{"@type":"SearchAction","target":{"@type":"EntryPoint","urlTemplate":"https:\/\/horizonshemato.com\/?s={search_term_string}"},"query-input":{"@type":"PropertyValueSpecification","valueRequired":true,"valueName":"search_term_string"}}],"inLanguage":"en-US"}]}},"_links":{"self":[{"href":"https:\/\/horizonshemato.com\/en\/wp-json\/wp\/v2\/product\/17039","targetHints":{"allow":["GET"]}}],"collection":[{"href":"https:\/\/horizonshemato.com\/en\/wp-json\/wp\/v2\/product"}],"about":[{"href":"https:\/\/horizonshemato.com\/en\/wp-json\/wp\/v2\/types\/product"}],"wp:featuredmedia":[{"embeddable":true,"href":"https:\/\/horizonshemato.com\/en\/wp-json\/wp\/v2\/media\/17041"}],"wp:attachment":[{"href":"https:\/\/horizonshemato.com\/en\/wp-json\/wp\/v2\/media?parent=17039"}],"wp:term":[{"taxonomy":"product_brand","embeddable":true,"href":"https:\/\/horizonshemato.com\/en\/wp-json\/wp\/v2\/product_brand?post=17039"},{"taxonomy":"product_cat","embeddable":true,"href":"https:\/\/horizonshemato.com\/en\/wp-json\/wp\/v2\/product_cat?post=17039"},{"taxonomy":"product_tag","embeddable":true,"href":"https:\/\/horizonshemato.com\/en\/wp-json\/wp\/v2\/product_tag?post=17039"}],"curies":[{"name":"wp","href":"https:\/\/api.w.org\/{rel}","templated":true}]}}