{"id":17036,"date":"2023-03-20T09:06:05","date_gmt":"2023-03-20T09:06:05","guid":{"rendered":"https:\/\/horizonshemato.com\/?post_type=product&#038;p=17036"},"modified":"2024-01-08T17:18:06","modified_gmt":"2024-01-08T17:18:06","slug":"horizons-hemato-vol-13-n1-mars-2023","status":"publish","type":"product","link":"https:\/\/horizonshemato.com\/en\/product\/horizons-hemato-vol-13-n1-mars-2023\/","title":{"rendered":"Horizons H\u00e9mato \u2013 Vol. 13 n\u00b01 \u2013  Mars 2023"},"content":{"rendered":"<p>Magazine au format num\u00e9rique.<\/p>","protected":false},"excerpt":{"rendered":"<p>Cinq ans d\u00e9j\u00e0 ! Les premiers patients trait\u00e9s par CAR T-cells en France ont \u00e9t\u00e9 pris en charge en 2018. Que s\u2019est \u2013 il pass\u00e9 depuis ? Nos experts se sont mobilis\u00e9s pour vous transmettre les derniers r\u00e9sultats, les perspectives, et leurs r\u00e9flexions.<\/p>\n<p>Le Pr Houot nous explique l\u2019apport du registre national fran\u00e7ais de DESCART qui permet de belles \u00e9tudes de vie r\u00e9elle.<\/p>\n<p>Le Pr Larghero nous parle de la production acad\u00e9mique de CAR T. Est-ce possible en 2023 ? Quelles sont les contraintes et le sch\u00e9ma de d\u00e9veloppement ?<\/p>\n<p>Les Prs Boissel, Manier, et le Dr Di Blasi nous pr\u00e9senteront les derniers r\u00e9sultats des CAR T-cells dans la leuc\u00e9mie aigu\u00eb, le my\u00e9lome et les lymphomes.<\/p>\n<p>Le Pr Ysaebert nous explique les d\u00e9fis des CAR T-cells dans la LLC, avec les difficult\u00e9s en raison non seulement des comorbidit\u00e9s des patients mais aussi de l\u2019immunosubversion de cette h\u00e9mopathie, et des enjeux importants pour la mise en place des essais cliniques dans ce contexte.<\/p>\n<p>Le Pr Chabannon nous donne la vision europ\u00e9enne du d\u00e9veloppement des CAR T avec 6 autorisations de mise sur le march\u00e9 depuis 2018, mais avec un acc\u00e8s in\u00e9gal, en raison de la limitation dans la production, le temps de production, la logistique complexe.<span class=\"Apple-converted-space\">\u00a0<\/span><\/p>\n<p>Bonne lecture, chers coll\u00e8gues !<\/p>\n<p><strong>Pr Catherine THIEBLEMONT<\/strong><br \/>\nCoordinatrice du \u00ab\u00a0Grand Angle\u00a0\u00bb<\/p>\n<p>&nbsp;<\/p>","protected":false},"featured_media":17038,"template":"","meta":{"_monsterinsights_skip_tracking":false,"_monsterinsights_sitenote_active":false,"_monsterinsights_sitenote_note":"","_monsterinsights_sitenote_category":0},"product_brand":[],"product_cat":[79],"product_tag":[],"class_list":{"0":"post-17036","1":"product","2":"type-product","3":"status-publish","4":"has-post-thumbnail","6":"product_cat-abonnements","8":"first","9":"instock","10":"downloadable","11":"shipping-taxable","12":"purchasable","13":"product-type-simple"},"yoast_head":"<!-- This site is optimized with the Yoast SEO plugin v27.1.1 - https:\/\/yoast.com\/product\/yoast-seo-wordpress\/ -->\n<title>Horizons H\u00e9mato \u2013 Vol. 13 n\u00b01 \u2013 Mars 2023 - Horizons H\u00e9mato<\/title>\n<meta name=\"robots\" content=\"index, follow, max-snippet:-1, max-image-preview:large, max-video-preview:-1\" \/>\n<link rel=\"canonical\" href=\"https:\/\/horizonshemato.com\/en\/product\/horizons-hemato-vol-13-n1-mars-2023\/\" \/>\n<meta property=\"og:locale\" content=\"en_US\" \/>\n<meta property=\"og:type\" content=\"article\" \/>\n<meta property=\"og:title\" content=\"Horizons H\u00e9mato \u2013 Vol. 13 n\u00b01 \u2013 Mars 2023 - Horizons H\u00e9mato\" \/>\n<meta property=\"og:description\" content=\"Cinq ans d\u00e9j\u00e0 ! Les premiers patients trait\u00e9s par CAR T-cells en France ont \u00e9t\u00e9 pris en charge en 2018. Que s\u2019est \u2013 il pass\u00e9 depuis ? Nos experts se sont mobilis\u00e9s pour vous transmettre les derniers r\u00e9sultats, les perspectives, et leurs r\u00e9flexions.  Le Pr Houot nous explique l\u2019apport du registre national fran\u00e7ais de DESCART qui permet de belles \u00e9tudes de vie r\u00e9elle.  Le Pr Larghero nous parle de la production acad\u00e9mique de CAR T. Est-ce possible en 2023 ? Quelles sont les contraintes et le sch\u00e9ma de d\u00e9veloppement ?  Les Prs Boissel, Manier, et le Dr Di Blasi nous pr\u00e9senteront les derniers r\u00e9sultats des CAR T-cells dans la leuc\u00e9mie aigu\u00eb, le my\u00e9lome et les lymphomes.  Le Pr Ysaebert nous explique les d\u00e9fis des CAR T-cells dans la LLC, avec les difficult\u00e9s en raison non seulement des comorbidit\u00e9s des patients mais aussi de l\u2019immunosubversion de cette h\u00e9mopathie, et des enjeux importants pour la mise en place des essais cliniques dans ce contexte.  Le Pr Chabannon nous donne la vision europ\u00e9enne du d\u00e9veloppement des CAR T avec 6 autorisations de mise sur le march\u00e9 depuis 2018, mais avec un acc\u00e8s in\u00e9gal, en raison de la limitation dans la production, le temps de production, la logistique complexe.\u00a0  Bonne lecture, chers coll\u00e8gues !  Pr Catherine THIEBLEMONT Coordinatrice du &quot;Grand Angle&quot;  &nbsp;\" \/>\n<meta property=\"og:url\" content=\"https:\/\/horizonshemato.com\/en\/product\/horizons-hemato-vol-13-n1-mars-2023\/\" \/>\n<meta property=\"og:site_name\" content=\"Horizons H\u00e9mato\" \/>\n<meta property=\"article:modified_time\" content=\"2024-01-08T17:18:06+00:00\" \/>\n<meta property=\"og:image\" content=\"https:\/\/horizonshemato.com\/wp-content\/uploads\/2023\/06\/HH-VOL13-N1.png\" \/>\n\t<meta property=\"og:image:width\" content=\"938\" \/>\n\t<meta property=\"og:image:height\" content=\"938\" \/>\n\t<meta property=\"og:image:type\" content=\"image\/png\" \/>\n<meta name=\"twitter:card\" content=\"summary_large_image\" \/>\n<meta name=\"twitter:label1\" content=\"Est. reading time\" \/>\n\t<meta name=\"twitter:data1\" content=\"1 minute\" \/>\n<script type=\"application\/ld+json\" class=\"yoast-schema-graph\">{\"@context\":\"https:\/\/schema.org\",\"@graph\":[{\"@type\":\"WebPage\",\"@id\":\"https:\/\/horizonshemato.com\/product\/horizons-hemato-vol-13-n1-mars-2023\/\",\"url\":\"https:\/\/horizonshemato.com\/product\/horizons-hemato-vol-13-n1-mars-2023\/\",\"name\":\"Horizons H\u00e9mato \u2013 Vol. 13 n\u00b01 \u2013 Mars 2023 - Horizons H\u00e9mato\",\"isPartOf\":{\"@id\":\"https:\/\/horizonshemato.com\/#website\"},\"primaryImageOfPage\":{\"@id\":\"https:\/\/horizonshemato.com\/product\/horizons-hemato-vol-13-n1-mars-2023\/#primaryimage\"},\"image\":{\"@id\":\"https:\/\/horizonshemato.com\/product\/horizons-hemato-vol-13-n1-mars-2023\/#primaryimage\"},\"thumbnailUrl\":\"https:\/\/horizonshemato.com\/wp-content\/uploads\/2023\/06\/HH-VOL13-N1.png\",\"datePublished\":\"2023-03-20T09:06:05+00:00\",\"dateModified\":\"2024-01-08T17:18:06+00:00\",\"breadcrumb\":{\"@id\":\"https:\/\/horizonshemato.com\/product\/horizons-hemato-vol-13-n1-mars-2023\/#breadcrumb\"},\"inLanguage\":\"en-US\",\"potentialAction\":[{\"@type\":\"ReadAction\",\"target\":[\"https:\/\/horizonshemato.com\/product\/horizons-hemato-vol-13-n1-mars-2023\/\"]}]},{\"@type\":\"ImageObject\",\"inLanguage\":\"en-US\",\"@id\":\"https:\/\/horizonshemato.com\/product\/horizons-hemato-vol-13-n1-mars-2023\/#primaryimage\",\"url\":\"https:\/\/horizonshemato.com\/wp-content\/uploads\/2023\/06\/HH-VOL13-N1.png\",\"contentUrl\":\"https:\/\/horizonshemato.com\/wp-content\/uploads\/2023\/06\/HH-VOL13-N1.png\",\"width\":938,\"height\":938},{\"@type\":\"BreadcrumbList\",\"@id\":\"https:\/\/horizonshemato.com\/product\/horizons-hemato-vol-13-n1-mars-2023\/#breadcrumb\",\"itemListElement\":[{\"@type\":\"ListItem\",\"position\":1,\"name\":\"Accueil\",\"item\":\"https:\/\/horizonshemato.com\/\"},{\"@type\":\"ListItem\",\"position\":2,\"name\":\"Boutique\",\"item\":\"https:\/\/horizonshemato.com\/boutique\/\"},{\"@type\":\"ListItem\",\"position\":3,\"name\":\"Horizons H\u00e9mato \u2013 Vol. 13 n\u00b01 \u2013 Mars 2023\"}]},{\"@type\":\"WebSite\",\"@id\":\"https:\/\/horizonshemato.com\/#website\",\"url\":\"https:\/\/horizonshemato.com\/\",\"name\":\"Horizons H\u00e9mato\",\"description\":\"La revue des pratiques en h\u00e9matologie\",\"potentialAction\":[{\"@type\":\"SearchAction\",\"target\":{\"@type\":\"EntryPoint\",\"urlTemplate\":\"https:\/\/horizonshemato.com\/?s={search_term_string}\"},\"query-input\":{\"@type\":\"PropertyValueSpecification\",\"valueRequired\":true,\"valueName\":\"search_term_string\"}}],\"inLanguage\":\"en-US\"}]}<\/script>\n<!-- \/ Yoast SEO plugin. -->","yoast_head_json":{"title":"Horizons H\u00e9mato \u2013 Vol. 13 n\u00b01 \u2013 Mars 2023 - Horizons H\u00e9mato","robots":{"index":"index","follow":"follow","max-snippet":"max-snippet:-1","max-image-preview":"max-image-preview:large","max-video-preview":"max-video-preview:-1"},"canonical":"https:\/\/horizonshemato.com\/en\/product\/horizons-hemato-vol-13-n1-mars-2023\/","og_locale":"en_US","og_type":"article","og_title":"Horizons H\u00e9mato \u2013 Vol. 13 n\u00b01 \u2013 Mars 2023 - Horizons H\u00e9mato","og_description":"Cinq ans d\u00e9j\u00e0 ! Les premiers patients trait\u00e9s par CAR T-cells en France ont \u00e9t\u00e9 pris en charge en 2018. Que s\u2019est \u2013 il pass\u00e9 depuis ? Nos experts se sont mobilis\u00e9s pour vous transmettre les derniers r\u00e9sultats, les perspectives, et leurs r\u00e9flexions.  Le Pr Houot nous explique l\u2019apport du registre national fran\u00e7ais de DESCART qui permet de belles \u00e9tudes de vie r\u00e9elle.  Le Pr Larghero nous parle de la production acad\u00e9mique de CAR T. Est-ce possible en 2023 ? Quelles sont les contraintes et le sch\u00e9ma de d\u00e9veloppement ?  Les Prs Boissel, Manier, et le Dr Di Blasi nous pr\u00e9senteront les derniers r\u00e9sultats des CAR T-cells dans la leuc\u00e9mie aigu\u00eb, le my\u00e9lome et les lymphomes.  Le Pr Ysaebert nous explique les d\u00e9fis des CAR T-cells dans la LLC, avec les difficult\u00e9s en raison non seulement des comorbidit\u00e9s des patients mais aussi de l\u2019immunosubversion de cette h\u00e9mopathie, et des enjeux importants pour la mise en place des essais cliniques dans ce contexte.  Le Pr Chabannon nous donne la vision europ\u00e9enne du d\u00e9veloppement des CAR T avec 6 autorisations de mise sur le march\u00e9 depuis 2018, mais avec un acc\u00e8s in\u00e9gal, en raison de la limitation dans la production, le temps de production, la logistique complexe.\u00a0  Bonne lecture, chers coll\u00e8gues !  Pr Catherine THIEBLEMONT Coordinatrice du \"Grand Angle\"  &nbsp;","og_url":"https:\/\/horizonshemato.com\/en\/product\/horizons-hemato-vol-13-n1-mars-2023\/","og_site_name":"Horizons H\u00e9mato","article_modified_time":"2024-01-08T17:18:06+00:00","og_image":[{"width":938,"height":938,"url":"https:\/\/horizonshemato.com\/wp-content\/uploads\/2023\/06\/HH-VOL13-N1.png","type":"image\/png"}],"twitter_card":"summary_large_image","twitter_misc":{"Est. reading time":"1 minute"},"schema":{"@context":"https:\/\/schema.org","@graph":[{"@type":"WebPage","@id":"https:\/\/horizonshemato.com\/product\/horizons-hemato-vol-13-n1-mars-2023\/","url":"https:\/\/horizonshemato.com\/product\/horizons-hemato-vol-13-n1-mars-2023\/","name":"Horizons H\u00e9mato \u2013 Vol. 13 n\u00b01 \u2013 Mars 2023 - Horizons H\u00e9mato","isPartOf":{"@id":"https:\/\/horizonshemato.com\/#website"},"primaryImageOfPage":{"@id":"https:\/\/horizonshemato.com\/product\/horizons-hemato-vol-13-n1-mars-2023\/#primaryimage"},"image":{"@id":"https:\/\/horizonshemato.com\/product\/horizons-hemato-vol-13-n1-mars-2023\/#primaryimage"},"thumbnailUrl":"https:\/\/horizonshemato.com\/wp-content\/uploads\/2023\/06\/HH-VOL13-N1.png","datePublished":"2023-03-20T09:06:05+00:00","dateModified":"2024-01-08T17:18:06+00:00","breadcrumb":{"@id":"https:\/\/horizonshemato.com\/product\/horizons-hemato-vol-13-n1-mars-2023\/#breadcrumb"},"inLanguage":"en-US","potentialAction":[{"@type":"ReadAction","target":["https:\/\/horizonshemato.com\/product\/horizons-hemato-vol-13-n1-mars-2023\/"]}]},{"@type":"ImageObject","inLanguage":"en-US","@id":"https:\/\/horizonshemato.com\/product\/horizons-hemato-vol-13-n1-mars-2023\/#primaryimage","url":"https:\/\/horizonshemato.com\/wp-content\/uploads\/2023\/06\/HH-VOL13-N1.png","contentUrl":"https:\/\/horizonshemato.com\/wp-content\/uploads\/2023\/06\/HH-VOL13-N1.png","width":938,"height":938},{"@type":"BreadcrumbList","@id":"https:\/\/horizonshemato.com\/product\/horizons-hemato-vol-13-n1-mars-2023\/#breadcrumb","itemListElement":[{"@type":"ListItem","position":1,"name":"Accueil","item":"https:\/\/horizonshemato.com\/"},{"@type":"ListItem","position":2,"name":"Boutique","item":"https:\/\/horizonshemato.com\/boutique\/"},{"@type":"ListItem","position":3,"name":"Horizons H\u00e9mato \u2013 Vol. 13 n\u00b01 \u2013 Mars 2023"}]},{"@type":"WebSite","@id":"https:\/\/horizonshemato.com\/#website","url":"https:\/\/horizonshemato.com\/","name":"Horizons H\u00e9mato","description":"La revue des pratiques en h\u00e9matologie","potentialAction":[{"@type":"SearchAction","target":{"@type":"EntryPoint","urlTemplate":"https:\/\/horizonshemato.com\/?s={search_term_string}"},"query-input":{"@type":"PropertyValueSpecification","valueRequired":true,"valueName":"search_term_string"}}],"inLanguage":"en-US"}]}},"_links":{"self":[{"href":"https:\/\/horizonshemato.com\/en\/wp-json\/wp\/v2\/product\/17036","targetHints":{"allow":["GET"]}}],"collection":[{"href":"https:\/\/horizonshemato.com\/en\/wp-json\/wp\/v2\/product"}],"about":[{"href":"https:\/\/horizonshemato.com\/en\/wp-json\/wp\/v2\/types\/product"}],"wp:featuredmedia":[{"embeddable":true,"href":"https:\/\/horizonshemato.com\/en\/wp-json\/wp\/v2\/media\/17038"}],"wp:attachment":[{"href":"https:\/\/horizonshemato.com\/en\/wp-json\/wp\/v2\/media?parent=17036"}],"wp:term":[{"taxonomy":"product_brand","embeddable":true,"href":"https:\/\/horizonshemato.com\/en\/wp-json\/wp\/v2\/product_brand?post=17036"},{"taxonomy":"product_cat","embeddable":true,"href":"https:\/\/horizonshemato.com\/en\/wp-json\/wp\/v2\/product_cat?post=17036"},{"taxonomy":"product_tag","embeddable":true,"href":"https:\/\/horizonshemato.com\/en\/wp-json\/wp\/v2\/product_tag?post=17036"}],"curies":[{"name":"wp","href":"https:\/\/api.w.org\/{rel}","templated":true}]}}