{"id":15383,"date":"2021-01-08T19:18:09","date_gmt":"2021-01-08T19:18:09","guid":{"rendered":"https:\/\/horizonshemato.com\/?post_type=product&#038;p=15383"},"modified":"2023-10-12T20:03:13","modified_gmt":"2023-10-12T20:03:13","slug":"entreprises-societes","status":"publish","type":"product","link":"https:\/\/horizonshemato.com\/en\/product\/entreprises-societes\/","title":{"rendered":"Entreprises\/Soci\u00e9t\u00e9s"},"content":{"rendered":"","protected":false},"excerpt":{"rendered":"<ul>\n<li>4 num\u00e9ros par an (mars, juin, septembre, d\u00e9cembre)<\/li>\n<li>Suppl\u00e9ments<\/li>\n<li>Compte-rendu congr\u00e8s<\/li>\n<li>Acc\u00e8s aux archives en ligne<\/li>\n<\/ul>","protected":false},"featured_media":15696,"template":"","meta":{"_monsterinsights_skip_tracking":false,"_monsterinsights_sitenote_active":false,"_monsterinsights_sitenote_note":"","_monsterinsights_sitenote_category":0},"product_brand":[],"product_cat":[79],"product_tag":[],"class_list":{"0":"post-15383","1":"product","2":"type-product","3":"status-publish","4":"has-post-thumbnail","6":"product_cat-abonnements","8":"first","9":"instock","10":"shipping-taxable","11":"purchasable","12":"product-type-variable-subscription"},"yoast_head":"<!-- This site is optimized with the Yoast SEO plugin v27.1.1 - https:\/\/yoast.com\/product\/yoast-seo-wordpress\/ -->\n<title>Entreprises\/Soci\u00e9t\u00e9s - Horizons H\u00e9mato<\/title>\n<meta name=\"robots\" content=\"index, follow, max-snippet:-1, max-image-preview:large, max-video-preview:-1\" \/>\n<link rel=\"canonical\" href=\"https:\/\/horizonshemato.com\/en\/product\/entreprises-societes\/\" \/>\n<meta property=\"og:locale\" content=\"en_US\" \/>\n<meta property=\"og:type\" content=\"article\" \/>\n<meta property=\"og:title\" content=\"Entreprises\/Soci\u00e9t\u00e9s - Horizons H\u00e9mato\" \/>\n<meta property=\"og:description\" content=\"4 num\u00e9ros par an (mars, juin, septembre, d\u00e9cembre)  Suppl\u00e9ments  Compte-rendu congr\u00e8s  Acc\u00e8s aux archives en ligne\" \/>\n<meta property=\"og:url\" content=\"https:\/\/horizonshemato.com\/en\/product\/entreprises-societes\/\" \/>\n<meta property=\"og:site_name\" content=\"Horizons H\u00e9mato\" \/>\n<meta property=\"article:modified_time\" content=\"2023-10-12T20:03:13+00:00\" \/>\n<meta property=\"og:image\" content=\"https:\/\/horizonshemato.com\/wp-content\/uploads\/2021\/01\/abo-collectivite.png\" \/>\n\t<meta property=\"og:image:width\" content=\"1200\" \/>\n\t<meta property=\"og:image:height\" content=\"1200\" \/>\n\t<meta property=\"og:image:type\" content=\"image\/png\" \/>\n<meta name=\"twitter:card\" content=\"summary_large_image\" \/>\n<script type=\"application\/ld+json\" class=\"yoast-schema-graph\">{\"@context\":\"https:\/\/schema.org\",\"@graph\":[{\"@type\":\"WebPage\",\"@id\":\"https:\/\/horizonshemato.com\/product\/entreprises-societes\/\",\"url\":\"https:\/\/horizonshemato.com\/product\/entreprises-societes\/\",\"name\":\"Entreprises\/Soci\u00e9t\u00e9s - Horizons H\u00e9mato\",\"isPartOf\":{\"@id\":\"https:\/\/horizonshemato.com\/#website\"},\"primaryImageOfPage\":{\"@id\":\"https:\/\/horizonshemato.com\/product\/entreprises-societes\/#primaryimage\"},\"image\":{\"@id\":\"https:\/\/horizonshemato.com\/product\/entreprises-societes\/#primaryimage\"},\"thumbnailUrl\":\"https:\/\/horizonshemato.com\/wp-content\/uploads\/2021\/01\/abo-collectivite.png\",\"datePublished\":\"2021-01-08T19:18:09+00:00\",\"dateModified\":\"2023-10-12T20:03:13+00:00\",\"breadcrumb\":{\"@id\":\"https:\/\/horizonshemato.com\/product\/entreprises-societes\/#breadcrumb\"},\"inLanguage\":\"en-US\",\"potentialAction\":[{\"@type\":\"ReadAction\",\"target\":[\"https:\/\/horizonshemato.com\/product\/entreprises-societes\/\"]}]},{\"@type\":\"ImageObject\",\"inLanguage\":\"en-US\",\"@id\":\"https:\/\/horizonshemato.com\/product\/entreprises-societes\/#primaryimage\",\"url\":\"https:\/\/horizonshemato.com\/wp-content\/uploads\/2021\/01\/abo-collectivite.png\",\"contentUrl\":\"https:\/\/horizonshemato.com\/wp-content\/uploads\/2021\/01\/abo-collectivite.png\",\"width\":1200,\"height\":1200},{\"@type\":\"BreadcrumbList\",\"@id\":\"https:\/\/horizonshemato.com\/product\/entreprises-societes\/#breadcrumb\",\"itemListElement\":[{\"@type\":\"ListItem\",\"position\":1,\"name\":\"Accueil\",\"item\":\"https:\/\/horizonshemato.com\/\"},{\"@type\":\"ListItem\",\"position\":2,\"name\":\"Boutique\",\"item\":\"https:\/\/horizonshemato.com\/boutique\/\"},{\"@type\":\"ListItem\",\"position\":3,\"name\":\"Entreprises\/Soci\u00e9t\u00e9s\"}]},{\"@type\":\"WebSite\",\"@id\":\"https:\/\/horizonshemato.com\/#website\",\"url\":\"https:\/\/horizonshemato.com\/\",\"name\":\"Horizons H\u00e9mato\",\"description\":\"La revue des pratiques en h\u00e9matologie\",\"potentialAction\":[{\"@type\":\"SearchAction\",\"target\":{\"@type\":\"EntryPoint\",\"urlTemplate\":\"https:\/\/horizonshemato.com\/?s={search_term_string}\"},\"query-input\":{\"@type\":\"PropertyValueSpecification\",\"valueRequired\":true,\"valueName\":\"search_term_string\"}}],\"inLanguage\":\"en-US\"}]}<\/script>\n<!-- \/ Yoast SEO plugin. -->","yoast_head_json":{"title":"Entreprises\/Soci\u00e9t\u00e9s - Horizons H\u00e9mato","robots":{"index":"index","follow":"follow","max-snippet":"max-snippet:-1","max-image-preview":"max-image-preview:large","max-video-preview":"max-video-preview:-1"},"canonical":"https:\/\/horizonshemato.com\/en\/product\/entreprises-societes\/","og_locale":"en_US","og_type":"article","og_title":"Entreprises\/Soci\u00e9t\u00e9s - Horizons H\u00e9mato","og_description":"4 num\u00e9ros par an (mars, juin, septembre, d\u00e9cembre)  Suppl\u00e9ments  Compte-rendu congr\u00e8s  Acc\u00e8s aux archives en ligne","og_url":"https:\/\/horizonshemato.com\/en\/product\/entreprises-societes\/","og_site_name":"Horizons H\u00e9mato","article_modified_time":"2023-10-12T20:03:13+00:00","og_image":[{"width":1200,"height":1200,"url":"https:\/\/horizonshemato.com\/wp-content\/uploads\/2021\/01\/abo-collectivite.png","type":"image\/png"}],"twitter_card":"summary_large_image","schema":{"@context":"https:\/\/schema.org","@graph":[{"@type":"WebPage","@id":"https:\/\/horizonshemato.com\/product\/entreprises-societes\/","url":"https:\/\/horizonshemato.com\/product\/entreprises-societes\/","name":"Entreprises\/Soci\u00e9t\u00e9s - Horizons H\u00e9mato","isPartOf":{"@id":"https:\/\/horizonshemato.com\/#website"},"primaryImageOfPage":{"@id":"https:\/\/horizonshemato.com\/product\/entreprises-societes\/#primaryimage"},"image":{"@id":"https:\/\/horizonshemato.com\/product\/entreprises-societes\/#primaryimage"},"thumbnailUrl":"https:\/\/horizonshemato.com\/wp-content\/uploads\/2021\/01\/abo-collectivite.png","datePublished":"2021-01-08T19:18:09+00:00","dateModified":"2023-10-12T20:03:13+00:00","breadcrumb":{"@id":"https:\/\/horizonshemato.com\/product\/entreprises-societes\/#breadcrumb"},"inLanguage":"en-US","potentialAction":[{"@type":"ReadAction","target":["https:\/\/horizonshemato.com\/product\/entreprises-societes\/"]}]},{"@type":"ImageObject","inLanguage":"en-US","@id":"https:\/\/horizonshemato.com\/product\/entreprises-societes\/#primaryimage","url":"https:\/\/horizonshemato.com\/wp-content\/uploads\/2021\/01\/abo-collectivite.png","contentUrl":"https:\/\/horizonshemato.com\/wp-content\/uploads\/2021\/01\/abo-collectivite.png","width":1200,"height":1200},{"@type":"BreadcrumbList","@id":"https:\/\/horizonshemato.com\/product\/entreprises-societes\/#breadcrumb","itemListElement":[{"@type":"ListItem","position":1,"name":"Accueil","item":"https:\/\/horizonshemato.com\/"},{"@type":"ListItem","position":2,"name":"Boutique","item":"https:\/\/horizonshemato.com\/boutique\/"},{"@type":"ListItem","position":3,"name":"Entreprises\/Soci\u00e9t\u00e9s"}]},{"@type":"WebSite","@id":"https:\/\/horizonshemato.com\/#website","url":"https:\/\/horizonshemato.com\/","name":"Horizons H\u00e9mato","description":"La revue des pratiques en h\u00e9matologie","potentialAction":[{"@type":"SearchAction","target":{"@type":"EntryPoint","urlTemplate":"https:\/\/horizonshemato.com\/?s={search_term_string}"},"query-input":{"@type":"PropertyValueSpecification","valueRequired":true,"valueName":"search_term_string"}}],"inLanguage":"en-US"}]}},"_links":{"self":[{"href":"https:\/\/horizonshemato.com\/en\/wp-json\/wp\/v2\/product\/15383","targetHints":{"allow":["GET"]}}],"collection":[{"href":"https:\/\/horizonshemato.com\/en\/wp-json\/wp\/v2\/product"}],"about":[{"href":"https:\/\/horizonshemato.com\/en\/wp-json\/wp\/v2\/types\/product"}],"wp:featuredmedia":[{"embeddable":true,"href":"https:\/\/horizonshemato.com\/en\/wp-json\/wp\/v2\/media\/15696"}],"wp:attachment":[{"href":"https:\/\/horizonshemato.com\/en\/wp-json\/wp\/v2\/media?parent=15383"}],"wp:term":[{"taxonomy":"product_brand","embeddable":true,"href":"https:\/\/horizonshemato.com\/en\/wp-json\/wp\/v2\/product_brand?post=15383"},{"taxonomy":"product_cat","embeddable":true,"href":"https:\/\/horizonshemato.com\/en\/wp-json\/wp\/v2\/product_cat?post=15383"},{"taxonomy":"product_tag","embeddable":true,"href":"https:\/\/horizonshemato.com\/en\/wp-json\/wp\/v2\/product_tag?post=15383"}],"curies":[{"name":"wp","href":"https:\/\/api.w.org\/{rel}","templated":true}]}}