{"id":14192,"date":"2019-01-09T09:11:15","date_gmt":"2019-01-09T09:11:15","guid":{"rendered":"http:\/\/horizonshemato.com\/?post_type=product&#038;p=14192"},"modified":"2024-01-08T17:17:12","modified_gmt":"2024-01-08T17:17:12","slug":"horizons-hemato-vol-8-n4-dec-2018","status":"publish","type":"product","link":"https:\/\/horizonshemato.com\/en\/product\/horizons-hemato-vol-8-n4-dec-2018\/","title":{"rendered":"Horizons H\u00e9mato \u2013 Vol. 8 n\u00b04 \u2013 D\u00e9c. 2018"},"content":{"rendered":"<p>Magazine au format num\u00e9rique.<br \/>\nEnvois en version papier sur demande.<\/p>","protected":false},"excerpt":{"rendered":"<p>Pendant 40 ans, les progr\u00e8s th\u00e9rapeutiques dans le monde de la\u00a0leuc\u00e9mie aigu\u00eb my\u00e9loblastique (LAM) ont essentiellement \u00e9t\u00e9 obtenus\u00a0par une meilleure utilisation des mol\u00e9cules disponibles, une meilleure\u00a0gestion des soins de support et un \u00e9largissement des possibilit\u00e9s de\u00a0r\u00e9aliser des greffes de cellules souches h\u00e9matopo\u00ef\u00e9tiques allog\u00e9niques.\u00a0Nous assistons enfin maintenant \u00e0 l\u2019\u00e9mergence de nouvelles mol\u00e9cules<br \/>\nqui transforment le pronostic des malades atteints de ces h\u00e9mopathies.\u00a0La mise \u00e0 disposition de ces progr\u00e8s th\u00e9rapeutiques se fait en partie\u00a0par la coop\u00e9ration avec l\u2019industrie pharmaceutique mais aussi gr\u00e2ce\u00a0\u00e0 une activit\u00e9 toujours plus intense de nos groupes coop\u00e9ratifs.<br \/>\nNous avons laiss\u00e9 le soin aux plus jeunes des membres du Conseil\u00a0Scientifique LAM du groupe FILO de pr\u00e9senter ici certaines\u00a0de ces innovations et de faire le point sur les pratiques et les\u00a0recommandations concernant les LAM pour notre groupe.\u00a0Les sujets abord\u00e9s sont larges, allant de l\u2019\u00e9pid\u00e9miologie aux traitements\u00a0diff\u00e9renci\u00e9s des sujets jeunes ou plus \u00e2g\u00e9s, <em>de novo<\/em>, en rechute ou\u00a0r\u00e9fractaires. Sont \u00e9galement pr\u00e9sents la recherche de maladie r\u00e9siduelle\u00a0ici trait\u00e9e par l\u2019aspect de son \u00e9valuation en cytom\u00e9trie en flux, un point\u00a0sur l\u2019allogreffe et les nouveaux m\u00e9dicaments cibl\u00e9s anti-FLT3 anti-IDH.<br \/>\nUn grand merci \u00e0 tous les auteurs pour leurs contributions remises dans\u00a0les d\u00e9lais et un immense merci au Professeur Marie-Christine B\u00e9n\u00e9\u00a0qui, telle la denteli\u00e8re, avec minutie, a relu l\u2019int\u00e9gralit\u00e9 de ces manuscrits.<\/p>\n<p>Bonne lecture !<\/p>\n<p><strong>Pr Arnaud Pigneux,<\/strong><br \/>\ncoordinateur du Grand angle LAM.<\/p>","protected":false},"featured_media":14190,"template":"","meta":{"_monsterinsights_skip_tracking":false,"_monsterinsights_sitenote_active":false,"_monsterinsights_sitenote_note":"","_monsterinsights_sitenote_category":0},"product_brand":[],"product_cat":[120,101],"product_tag":[],"class_list":{"0":"post-14192","1":"product","2":"type-product","3":"status-publish","4":"has-post-thumbnail","6":"product_cat-leucemie-aigue-myeloblastique-lam","7":"product_cat-leucemies-aigues-myeloides","9":"first","10":"instock","11":"downloadable","12":"shipping-taxable","13":"purchasable","14":"product-type-simple"},"yoast_head":"<!-- This site is optimized with the Yoast SEO plugin v27.1.1 - https:\/\/yoast.com\/product\/yoast-seo-wordpress\/ -->\n<title>Horizons H\u00e9mato \u2013 Vol. 8 n\u00b04 \u2013 D\u00e9c. 2018 - Horizons H\u00e9mato<\/title>\n<meta name=\"robots\" content=\"index, follow, max-snippet:-1, max-image-preview:large, max-video-preview:-1\" \/>\n<link rel=\"canonical\" href=\"https:\/\/horizonshemato.com\/en\/product\/horizons-hemato-vol-8-n4-dec-2018\/\" \/>\n<meta property=\"og:locale\" content=\"en_US\" \/>\n<meta property=\"og:type\" content=\"article\" \/>\n<meta property=\"og:title\" content=\"Horizons H\u00e9mato \u2013 Vol. 8 n\u00b04 \u2013 D\u00e9c. 2018 - Horizons H\u00e9mato\" \/>\n<meta property=\"og:description\" content=\"Pendant 40 ans, les progr\u00e8s th\u00e9rapeutiques dans le monde de la\u00a0leuc\u00e9mie aigu\u00eb my\u00e9loblastique (LAM) ont essentiellement \u00e9t\u00e9 obtenus\u00a0par une meilleure utilisation des mol\u00e9cules disponibles, une meilleure\u00a0gestion des soins de support et un \u00e9largissement des possibilit\u00e9s de\u00a0r\u00e9aliser des greffes de cellules souches h\u00e9matopo\u00ef\u00e9tiques allog\u00e9niques.\u00a0Nous assistons enfin maintenant \u00e0 l\u2019\u00e9mergence de nouvelles mol\u00e9cules qui transforment le pronostic des malades atteints de ces h\u00e9mopathies.\u00a0La mise \u00e0 disposition de ces progr\u00e8s th\u00e9rapeutiques se fait en partie\u00a0par la coop\u00e9ration avec l\u2019industrie pharmaceutique mais aussi gr\u00e2ce\u00a0\u00e0 une activit\u00e9 toujours plus intense de nos groupes coop\u00e9ratifs. Nous avons laiss\u00e9 le soin aux plus jeunes des membres du Conseil\u00a0Scientifique LAM du groupe FILO de pr\u00e9senter ici certaines\u00a0de ces innovations et de faire le point sur les pratiques et les\u00a0recommandations concernant les LAM pour notre groupe.\u00a0Les sujets abord\u00e9s sont larges, allant de l\u2019\u00e9pid\u00e9miologie aux traitements\u00a0diff\u00e9renci\u00e9s des sujets jeunes ou plus \u00e2g\u00e9s, de novo, en rechute ou\u00a0r\u00e9fractaires. Sont \u00e9galement pr\u00e9sents la recherche de maladie r\u00e9siduelle\u00a0ici trait\u00e9e par l\u2019aspect de son \u00e9valuation en cytom\u00e9trie en flux, un point\u00a0sur l\u2019allogreffe et les nouveaux m\u00e9dicaments cibl\u00e9s anti-FLT3 anti-IDH. Un grand merci \u00e0 tous les auteurs pour leurs contributions remises dans\u00a0les d\u00e9lais et un immense merci au Professeur Marie-Christine B\u00e9n\u00e9\u00a0qui, telle la denteli\u00e8re, avec minutie, a relu l\u2019int\u00e9gralit\u00e9 de ces manuscrits.  Bonne lecture !  Pr Arnaud Pigneux, coordinateur du Grand angle LAM.\" \/>\n<meta property=\"og:url\" content=\"https:\/\/horizonshemato.com\/en\/product\/horizons-hemato-vol-8-n4-dec-2018\/\" \/>\n<meta property=\"og:site_name\" content=\"Horizons H\u00e9mato\" \/>\n<meta property=\"article:modified_time\" content=\"2024-01-08T17:17:12+00:00\" \/>\n<meta property=\"og:image\" content=\"https:\/\/horizonshemato.com\/wp-content\/uploads\/2019\/01\/HH-Dec-18-600x378.png\" \/>\n\t<meta property=\"og:image:width\" content=\"600\" \/>\n\t<meta property=\"og:image:height\" content=\"378\" \/>\n\t<meta property=\"og:image:type\" content=\"image\/png\" \/>\n<meta name=\"twitter:card\" content=\"summary_large_image\" \/>\n<script type=\"application\/ld+json\" class=\"yoast-schema-graph\">{\"@context\":\"https:\/\/schema.org\",\"@graph\":[{\"@type\":\"WebPage\",\"@id\":\"https:\/\/horizonshemato.com\/product\/horizons-hemato-vol-8-n4-dec-2018\/\",\"url\":\"https:\/\/horizonshemato.com\/product\/horizons-hemato-vol-8-n4-dec-2018\/\",\"name\":\"Horizons H\u00e9mato \u2013 Vol. 8 n\u00b04 \u2013 D\u00e9c. 2018 - Horizons H\u00e9mato\",\"isPartOf\":{\"@id\":\"https:\/\/horizonshemato.com\/#website\"},\"primaryImageOfPage\":{\"@id\":\"https:\/\/horizonshemato.com\/product\/horizons-hemato-vol-8-n4-dec-2018\/#primaryimage\"},\"image\":{\"@id\":\"https:\/\/horizonshemato.com\/product\/horizons-hemato-vol-8-n4-dec-2018\/#primaryimage\"},\"thumbnailUrl\":\"https:\/\/horizonshemato.com\/wp-content\/uploads\/2019\/01\/HH-Dec-18-600x378.png\",\"datePublished\":\"2019-01-09T09:11:15+00:00\",\"dateModified\":\"2024-01-08T17:17:12+00:00\",\"breadcrumb\":{\"@id\":\"https:\/\/horizonshemato.com\/product\/horizons-hemato-vol-8-n4-dec-2018\/#breadcrumb\"},\"inLanguage\":\"en-US\",\"potentialAction\":[{\"@type\":\"ReadAction\",\"target\":[\"https:\/\/horizonshemato.com\/product\/horizons-hemato-vol-8-n4-dec-2018\/\"]}]},{\"@type\":\"ImageObject\",\"inLanguage\":\"en-US\",\"@id\":\"https:\/\/horizonshemato.com\/product\/horizons-hemato-vol-8-n4-dec-2018\/#primaryimage\",\"url\":\"https:\/\/horizonshemato.com\/wp-content\/uploads\/2019\/01\/HH-Dec-18-600x378.png\",\"contentUrl\":\"https:\/\/horizonshemato.com\/wp-content\/uploads\/2019\/01\/HH-Dec-18-600x378.png\",\"width\":600,\"height\":378},{\"@type\":\"BreadcrumbList\",\"@id\":\"https:\/\/horizonshemato.com\/product\/horizons-hemato-vol-8-n4-dec-2018\/#breadcrumb\",\"itemListElement\":[{\"@type\":\"ListItem\",\"position\":1,\"name\":\"Accueil\",\"item\":\"https:\/\/horizonshemato.com\/\"},{\"@type\":\"ListItem\",\"position\":2,\"name\":\"Boutique\",\"item\":\"https:\/\/horizonshemato.com\/boutique\/\"},{\"@type\":\"ListItem\",\"position\":3,\"name\":\"Horizons H\u00e9mato \u2013 Vol. 8 n\u00b04 \u2013 D\u00e9c. 2018\"}]},{\"@type\":\"WebSite\",\"@id\":\"https:\/\/horizonshemato.com\/#website\",\"url\":\"https:\/\/horizonshemato.com\/\",\"name\":\"Horizons H\u00e9mato\",\"description\":\"La revue des pratiques en h\u00e9matologie\",\"potentialAction\":[{\"@type\":\"SearchAction\",\"target\":{\"@type\":\"EntryPoint\",\"urlTemplate\":\"https:\/\/horizonshemato.com\/?s={search_term_string}\"},\"query-input\":{\"@type\":\"PropertyValueSpecification\",\"valueRequired\":true,\"valueName\":\"search_term_string\"}}],\"inLanguage\":\"en-US\"}]}<\/script>\n<!-- \/ Yoast SEO plugin. -->","yoast_head_json":{"title":"Horizons H\u00e9mato \u2013 Vol. 8 n\u00b04 \u2013 D\u00e9c. 2018 - Horizons H\u00e9mato","robots":{"index":"index","follow":"follow","max-snippet":"max-snippet:-1","max-image-preview":"max-image-preview:large","max-video-preview":"max-video-preview:-1"},"canonical":"https:\/\/horizonshemato.com\/en\/product\/horizons-hemato-vol-8-n4-dec-2018\/","og_locale":"en_US","og_type":"article","og_title":"Horizons H\u00e9mato \u2013 Vol. 8 n\u00b04 \u2013 D\u00e9c. 2018 - Horizons H\u00e9mato","og_description":"Pendant 40 ans, les progr\u00e8s th\u00e9rapeutiques dans le monde de la\u00a0leuc\u00e9mie aigu\u00eb my\u00e9loblastique (LAM) ont essentiellement \u00e9t\u00e9 obtenus\u00a0par une meilleure utilisation des mol\u00e9cules disponibles, une meilleure\u00a0gestion des soins de support et un \u00e9largissement des possibilit\u00e9s de\u00a0r\u00e9aliser des greffes de cellules souches h\u00e9matopo\u00ef\u00e9tiques allog\u00e9niques.\u00a0Nous assistons enfin maintenant \u00e0 l\u2019\u00e9mergence de nouvelles mol\u00e9cules qui transforment le pronostic des malades atteints de ces h\u00e9mopathies.\u00a0La mise \u00e0 disposition de ces progr\u00e8s th\u00e9rapeutiques se fait en partie\u00a0par la coop\u00e9ration avec l\u2019industrie pharmaceutique mais aussi gr\u00e2ce\u00a0\u00e0 une activit\u00e9 toujours plus intense de nos groupes coop\u00e9ratifs. Nous avons laiss\u00e9 le soin aux plus jeunes des membres du Conseil\u00a0Scientifique LAM du groupe FILO de pr\u00e9senter ici certaines\u00a0de ces innovations et de faire le point sur les pratiques et les\u00a0recommandations concernant les LAM pour notre groupe.\u00a0Les sujets abord\u00e9s sont larges, allant de l\u2019\u00e9pid\u00e9miologie aux traitements\u00a0diff\u00e9renci\u00e9s des sujets jeunes ou plus \u00e2g\u00e9s, de novo, en rechute ou\u00a0r\u00e9fractaires. Sont \u00e9galement pr\u00e9sents la recherche de maladie r\u00e9siduelle\u00a0ici trait\u00e9e par l\u2019aspect de son \u00e9valuation en cytom\u00e9trie en flux, un point\u00a0sur l\u2019allogreffe et les nouveaux m\u00e9dicaments cibl\u00e9s anti-FLT3 anti-IDH. Un grand merci \u00e0 tous les auteurs pour leurs contributions remises dans\u00a0les d\u00e9lais et un immense merci au Professeur Marie-Christine B\u00e9n\u00e9\u00a0qui, telle la denteli\u00e8re, avec minutie, a relu l\u2019int\u00e9gralit\u00e9 de ces manuscrits.  Bonne lecture !  Pr Arnaud Pigneux, coordinateur du Grand angle LAM.","og_url":"https:\/\/horizonshemato.com\/en\/product\/horizons-hemato-vol-8-n4-dec-2018\/","og_site_name":"Horizons H\u00e9mato","article_modified_time":"2024-01-08T17:17:12+00:00","og_image":[{"width":600,"height":378,"url":"https:\/\/horizonshemato.com\/wp-content\/uploads\/2019\/01\/HH-Dec-18-600x378.png","type":"image\/png"}],"twitter_card":"summary_large_image","schema":{"@context":"https:\/\/schema.org","@graph":[{"@type":"WebPage","@id":"https:\/\/horizonshemato.com\/product\/horizons-hemato-vol-8-n4-dec-2018\/","url":"https:\/\/horizonshemato.com\/product\/horizons-hemato-vol-8-n4-dec-2018\/","name":"Horizons H\u00e9mato \u2013 Vol. 8 n\u00b04 \u2013 D\u00e9c. 2018 - Horizons H\u00e9mato","isPartOf":{"@id":"https:\/\/horizonshemato.com\/#website"},"primaryImageOfPage":{"@id":"https:\/\/horizonshemato.com\/product\/horizons-hemato-vol-8-n4-dec-2018\/#primaryimage"},"image":{"@id":"https:\/\/horizonshemato.com\/product\/horizons-hemato-vol-8-n4-dec-2018\/#primaryimage"},"thumbnailUrl":"https:\/\/horizonshemato.com\/wp-content\/uploads\/2019\/01\/HH-Dec-18-600x378.png","datePublished":"2019-01-09T09:11:15+00:00","dateModified":"2024-01-08T17:17:12+00:00","breadcrumb":{"@id":"https:\/\/horizonshemato.com\/product\/horizons-hemato-vol-8-n4-dec-2018\/#breadcrumb"},"inLanguage":"en-US","potentialAction":[{"@type":"ReadAction","target":["https:\/\/horizonshemato.com\/product\/horizons-hemato-vol-8-n4-dec-2018\/"]}]},{"@type":"ImageObject","inLanguage":"en-US","@id":"https:\/\/horizonshemato.com\/product\/horizons-hemato-vol-8-n4-dec-2018\/#primaryimage","url":"https:\/\/horizonshemato.com\/wp-content\/uploads\/2019\/01\/HH-Dec-18-600x378.png","contentUrl":"https:\/\/horizonshemato.com\/wp-content\/uploads\/2019\/01\/HH-Dec-18-600x378.png","width":600,"height":378},{"@type":"BreadcrumbList","@id":"https:\/\/horizonshemato.com\/product\/horizons-hemato-vol-8-n4-dec-2018\/#breadcrumb","itemListElement":[{"@type":"ListItem","position":1,"name":"Accueil","item":"https:\/\/horizonshemato.com\/"},{"@type":"ListItem","position":2,"name":"Boutique","item":"https:\/\/horizonshemato.com\/boutique\/"},{"@type":"ListItem","position":3,"name":"Horizons H\u00e9mato \u2013 Vol. 8 n\u00b04 \u2013 D\u00e9c. 2018"}]},{"@type":"WebSite","@id":"https:\/\/horizonshemato.com\/#website","url":"https:\/\/horizonshemato.com\/","name":"Horizons H\u00e9mato","description":"La revue des pratiques en h\u00e9matologie","potentialAction":[{"@type":"SearchAction","target":{"@type":"EntryPoint","urlTemplate":"https:\/\/horizonshemato.com\/?s={search_term_string}"},"query-input":{"@type":"PropertyValueSpecification","valueRequired":true,"valueName":"search_term_string"}}],"inLanguage":"en-US"}]}},"_links":{"self":[{"href":"https:\/\/horizonshemato.com\/en\/wp-json\/wp\/v2\/product\/14192","targetHints":{"allow":["GET"]}}],"collection":[{"href":"https:\/\/horizonshemato.com\/en\/wp-json\/wp\/v2\/product"}],"about":[{"href":"https:\/\/horizonshemato.com\/en\/wp-json\/wp\/v2\/types\/product"}],"wp:featuredmedia":[{"embeddable":true,"href":"https:\/\/horizonshemato.com\/en\/wp-json\/wp\/v2\/media\/14190"}],"wp:attachment":[{"href":"https:\/\/horizonshemato.com\/en\/wp-json\/wp\/v2\/media?parent=14192"}],"wp:term":[{"taxonomy":"product_brand","embeddable":true,"href":"https:\/\/horizonshemato.com\/en\/wp-json\/wp\/v2\/product_brand?post=14192"},{"taxonomy":"product_cat","embeddable":true,"href":"https:\/\/horizonshemato.com\/en\/wp-json\/wp\/v2\/product_cat?post=14192"},{"taxonomy":"product_tag","embeddable":true,"href":"https:\/\/horizonshemato.com\/en\/wp-json\/wp\/v2\/product_tag?post=14192"}],"curies":[{"name":"wp","href":"https:\/\/api.w.org\/{rel}","templated":true}]}}