{"id":13938,"date":"2018-10-24T13:44:17","date_gmt":"2018-10-24T13:44:17","guid":{"rendered":"http:\/\/horizonshemato.com\/?post_type=product&#038;p=13938"},"modified":"2024-01-08T17:17:11","modified_gmt":"2024-01-08T17:17:11","slug":"horizons-hemato-vol-8-n3-septembre-2018","status":"publish","type":"product","link":"https:\/\/horizonshemato.com\/en\/product\/horizons-hemato-vol-8-n3-septembre-2018\/","title":{"rendered":"Horizons H\u00e9mato \u2013 Vol. 8 n\u00b03 \u2013 Septembre 2018"},"content":{"rendered":"<p>Magazine au format num\u00e9rique.<br \/>\nEnvois en version papier sur demande.<\/p>","protected":false},"excerpt":{"rendered":"<p>Dans ce second volet consacr\u00e9 \u00e0 la pathologie \u00e9rythrocytaire notre \u00ab Grand Angle \u00bb se focalise sur la prise en charge actuelle des surcharges martiales et de la dr\u00e9panocytose, maladie g\u00e9n\u00e9tique la plus fr\u00e9quente sur le territoire fran\u00e7ais. Les syndromes thalass\u00e9miques sont abord\u00e9s sous l\u2019angle novateur de la th\u00e9rapie g\u00e9nique, rappelant que la recherche dans ce domaine constitue une source majeure d\u2019espoir pour les patients. La rubrique biologie quant \u00e0 elle nous \u00e9claire sur l\u2019apport des techniques de cytog\u00e9n\u00e9tique mol\u00e9culaire (CGH-array, SNP-array) appliqu\u00e9es au diagnostic des h\u00e9mopathies malignes.<br \/>\nLa r\u00e9daction d\u2019<em>Horizons H\u00e9mato<\/em> tient \u00e0 remercier chaleureusement le Professeur Lo\u00efc Gar\u00e7on ainsi que tous les \u00e9minents experts fran\u00e7ais ici r\u00e9unis pour leur contribution \u00e0 ce nouveau num\u00e9ro.<\/p>\n<p>Bonne lecture !<\/p>\n<p><strong>Dr. Christophe Marzac.<\/strong><br \/>\nR\u00e9dacteur en chef-adjoint.<br \/>\nGustave Roussy, Villejuif.<\/p>","protected":false},"featured_media":13939,"template":"","meta":{"_monsterinsights_skip_tracking":false,"_monsterinsights_sitenote_active":false,"_monsterinsights_sitenote_note":"","_monsterinsights_sitenote_category":0},"product_brand":[],"product_cat":[118],"product_tag":[],"class_list":{"0":"post-13938","1":"product","2":"type-product","3":"status-publish","4":"has-post-thumbnail","6":"product_cat-pathologies-du-globule-rouge-et-du-fer","8":"first","9":"instock","10":"downloadable","11":"shipping-taxable","12":"purchasable","13":"product-type-simple"},"yoast_head":"<!-- This site is optimized with the Yoast SEO plugin v27.1.1 - https:\/\/yoast.com\/product\/yoast-seo-wordpress\/ -->\n<title>Horizons H\u00e9mato \u2013 Vol. 8 n\u00b03 \u2013 Septembre 2018 - Horizons H\u00e9mato<\/title>\n<meta name=\"description\" content=\"La prise en charge actuelle des surcharges martiales et de la dr\u00e9panocytose, maladie g\u00e9n\u00e9tique la plus fr\u00e9quente sur le territoire fran\u00e7ais. Les syndromes thalass\u00e9miques sont abord\u00e9s sous l\u2019angle novateur de la th\u00e9rapie g\u00e9nique ...\" \/>\n<meta name=\"robots\" content=\"index, follow, max-snippet:-1, max-image-preview:large, max-video-preview:-1\" \/>\n<link rel=\"canonical\" href=\"https:\/\/horizonshemato.com\/en\/product\/horizons-hemato-vol-8-n3-septembre-2018\/\" \/>\n<meta property=\"og:locale\" content=\"en_US\" \/>\n<meta property=\"og:type\" content=\"article\" \/>\n<meta property=\"og:title\" content=\"Horizons H\u00e9mato \u2013 Vol. 8 n\u00b03 \u2013 Septembre 2018 - Horizons H\u00e9mato\" \/>\n<meta property=\"og:description\" content=\"La prise en charge actuelle des surcharges martiales et de la dr\u00e9panocytose, maladie g\u00e9n\u00e9tique la plus fr\u00e9quente sur le territoire fran\u00e7ais. Les syndromes thalass\u00e9miques sont abord\u00e9s sous l\u2019angle novateur de la th\u00e9rapie g\u00e9nique ...\" \/>\n<meta property=\"og:url\" content=\"https:\/\/horizonshemato.com\/en\/product\/horizons-hemato-vol-8-n3-septembre-2018\/\" \/>\n<meta property=\"og:site_name\" content=\"Horizons H\u00e9mato\" \/>\n<meta property=\"article:modified_time\" content=\"2024-01-08T17:17:11+00:00\" \/>\n<meta property=\"og:image\" content=\"https:\/\/horizonshemato.com\/wp-content\/uploads\/2018\/10\/HH-sept-2018.jpg\" \/>\n\t<meta property=\"og:image:width\" content=\"938\" \/>\n\t<meta property=\"og:image:height\" content=\"938\" \/>\n\t<meta property=\"og:image:type\" content=\"image\/jpeg\" \/>\n<meta name=\"twitter:card\" content=\"summary_large_image\" \/>\n<script type=\"application\/ld+json\" class=\"yoast-schema-graph\">{\"@context\":\"https:\/\/schema.org\",\"@graph\":[{\"@type\":\"WebPage\",\"@id\":\"https:\/\/horizonshemato.com\/product\/horizons-hemato-vol-8-n3-septembre-2018\/\",\"url\":\"https:\/\/horizonshemato.com\/product\/horizons-hemato-vol-8-n3-septembre-2018\/\",\"name\":\"Horizons H\u00e9mato \u2013 Vol. 8 n\u00b03 \u2013 Septembre 2018 - Horizons H\u00e9mato\",\"isPartOf\":{\"@id\":\"https:\/\/horizonshemato.com\/#website\"},\"primaryImageOfPage\":{\"@id\":\"https:\/\/horizonshemato.com\/product\/horizons-hemato-vol-8-n3-septembre-2018\/#primaryimage\"},\"image\":{\"@id\":\"https:\/\/horizonshemato.com\/product\/horizons-hemato-vol-8-n3-septembre-2018\/#primaryimage\"},\"thumbnailUrl\":\"https:\/\/horizonshemato.com\/wp-content\/uploads\/2018\/10\/HH-sept-2018.jpg\",\"datePublished\":\"2018-10-24T13:44:17+00:00\",\"dateModified\":\"2024-01-08T17:17:11+00:00\",\"description\":\"La prise en charge actuelle des surcharges martiales et de la dr\u00e9panocytose, maladie g\u00e9n\u00e9tique la plus fr\u00e9quente sur le territoire fran\u00e7ais. Les syndromes thalass\u00e9miques sont abord\u00e9s sous l\u2019angle novateur de la th\u00e9rapie g\u00e9nique ...\",\"breadcrumb\":{\"@id\":\"https:\/\/horizonshemato.com\/product\/horizons-hemato-vol-8-n3-septembre-2018\/#breadcrumb\"},\"inLanguage\":\"en-US\",\"potentialAction\":[{\"@type\":\"ReadAction\",\"target\":[\"https:\/\/horizonshemato.com\/product\/horizons-hemato-vol-8-n3-septembre-2018\/\"]}]},{\"@type\":\"ImageObject\",\"inLanguage\":\"en-US\",\"@id\":\"https:\/\/horizonshemato.com\/product\/horizons-hemato-vol-8-n3-septembre-2018\/#primaryimage\",\"url\":\"https:\/\/horizonshemato.com\/wp-content\/uploads\/2018\/10\/HH-sept-2018.jpg\",\"contentUrl\":\"https:\/\/horizonshemato.com\/wp-content\/uploads\/2018\/10\/HH-sept-2018.jpg\",\"width\":938,\"height\":938},{\"@type\":\"BreadcrumbList\",\"@id\":\"https:\/\/horizonshemato.com\/product\/horizons-hemato-vol-8-n3-septembre-2018\/#breadcrumb\",\"itemListElement\":[{\"@type\":\"ListItem\",\"position\":1,\"name\":\"Accueil\",\"item\":\"https:\/\/horizonshemato.com\/\"},{\"@type\":\"ListItem\",\"position\":2,\"name\":\"Boutique\",\"item\":\"https:\/\/horizonshemato.com\/boutique\/\"},{\"@type\":\"ListItem\",\"position\":3,\"name\":\"Horizons H\u00e9mato \u2013 Vol. 8 n\u00b03 \u2013 Septembre 2018\"}]},{\"@type\":\"WebSite\",\"@id\":\"https:\/\/horizonshemato.com\/#website\",\"url\":\"https:\/\/horizonshemato.com\/\",\"name\":\"Horizons H\u00e9mato\",\"description\":\"La revue des pratiques en h\u00e9matologie\",\"potentialAction\":[{\"@type\":\"SearchAction\",\"target\":{\"@type\":\"EntryPoint\",\"urlTemplate\":\"https:\/\/horizonshemato.com\/?s={search_term_string}\"},\"query-input\":{\"@type\":\"PropertyValueSpecification\",\"valueRequired\":true,\"valueName\":\"search_term_string\"}}],\"inLanguage\":\"en-US\"}]}<\/script>\n<!-- \/ Yoast SEO plugin. -->","yoast_head_json":{"title":"Horizons H\u00e9mato \u2013 Vol. 8 n\u00b03 \u2013 Septembre 2018 - Horizons H\u00e9mato","description":"La prise en charge actuelle des surcharges martiales et de la dr\u00e9panocytose, maladie g\u00e9n\u00e9tique la plus fr\u00e9quente sur le territoire fran\u00e7ais. Les syndromes thalass\u00e9miques sont abord\u00e9s sous l\u2019angle novateur de la th\u00e9rapie g\u00e9nique ...","robots":{"index":"index","follow":"follow","max-snippet":"max-snippet:-1","max-image-preview":"max-image-preview:large","max-video-preview":"max-video-preview:-1"},"canonical":"https:\/\/horizonshemato.com\/en\/product\/horizons-hemato-vol-8-n3-septembre-2018\/","og_locale":"en_US","og_type":"article","og_title":"Horizons H\u00e9mato \u2013 Vol. 8 n\u00b03 \u2013 Septembre 2018 - Horizons H\u00e9mato","og_description":"La prise en charge actuelle des surcharges martiales et de la dr\u00e9panocytose, maladie g\u00e9n\u00e9tique la plus fr\u00e9quente sur le territoire fran\u00e7ais. Les syndromes thalass\u00e9miques sont abord\u00e9s sous l\u2019angle novateur de la th\u00e9rapie g\u00e9nique ...","og_url":"https:\/\/horizonshemato.com\/en\/product\/horizons-hemato-vol-8-n3-septembre-2018\/","og_site_name":"Horizons H\u00e9mato","article_modified_time":"2024-01-08T17:17:11+00:00","og_image":[{"width":938,"height":938,"url":"https:\/\/horizonshemato.com\/wp-content\/uploads\/2018\/10\/HH-sept-2018.jpg","type":"image\/jpeg"}],"twitter_card":"summary_large_image","schema":{"@context":"https:\/\/schema.org","@graph":[{"@type":"WebPage","@id":"https:\/\/horizonshemato.com\/product\/horizons-hemato-vol-8-n3-septembre-2018\/","url":"https:\/\/horizonshemato.com\/product\/horizons-hemato-vol-8-n3-septembre-2018\/","name":"Horizons H\u00e9mato \u2013 Vol. 8 n\u00b03 \u2013 Septembre 2018 - Horizons H\u00e9mato","isPartOf":{"@id":"https:\/\/horizonshemato.com\/#website"},"primaryImageOfPage":{"@id":"https:\/\/horizonshemato.com\/product\/horizons-hemato-vol-8-n3-septembre-2018\/#primaryimage"},"image":{"@id":"https:\/\/horizonshemato.com\/product\/horizons-hemato-vol-8-n3-septembre-2018\/#primaryimage"},"thumbnailUrl":"https:\/\/horizonshemato.com\/wp-content\/uploads\/2018\/10\/HH-sept-2018.jpg","datePublished":"2018-10-24T13:44:17+00:00","dateModified":"2024-01-08T17:17:11+00:00","description":"La prise en charge actuelle des surcharges martiales et de la dr\u00e9panocytose, maladie g\u00e9n\u00e9tique la plus fr\u00e9quente sur le territoire fran\u00e7ais. Les syndromes thalass\u00e9miques sont abord\u00e9s sous l\u2019angle novateur de la th\u00e9rapie g\u00e9nique ...","breadcrumb":{"@id":"https:\/\/horizonshemato.com\/product\/horizons-hemato-vol-8-n3-septembre-2018\/#breadcrumb"},"inLanguage":"en-US","potentialAction":[{"@type":"ReadAction","target":["https:\/\/horizonshemato.com\/product\/horizons-hemato-vol-8-n3-septembre-2018\/"]}]},{"@type":"ImageObject","inLanguage":"en-US","@id":"https:\/\/horizonshemato.com\/product\/horizons-hemato-vol-8-n3-septembre-2018\/#primaryimage","url":"https:\/\/horizonshemato.com\/wp-content\/uploads\/2018\/10\/HH-sept-2018.jpg","contentUrl":"https:\/\/horizonshemato.com\/wp-content\/uploads\/2018\/10\/HH-sept-2018.jpg","width":938,"height":938},{"@type":"BreadcrumbList","@id":"https:\/\/horizonshemato.com\/product\/horizons-hemato-vol-8-n3-septembre-2018\/#breadcrumb","itemListElement":[{"@type":"ListItem","position":1,"name":"Accueil","item":"https:\/\/horizonshemato.com\/"},{"@type":"ListItem","position":2,"name":"Boutique","item":"https:\/\/horizonshemato.com\/boutique\/"},{"@type":"ListItem","position":3,"name":"Horizons H\u00e9mato \u2013 Vol. 8 n\u00b03 \u2013 Septembre 2018"}]},{"@type":"WebSite","@id":"https:\/\/horizonshemato.com\/#website","url":"https:\/\/horizonshemato.com\/","name":"Horizons H\u00e9mato","description":"La revue des pratiques en h\u00e9matologie","potentialAction":[{"@type":"SearchAction","target":{"@type":"EntryPoint","urlTemplate":"https:\/\/horizonshemato.com\/?s={search_term_string}"},"query-input":{"@type":"PropertyValueSpecification","valueRequired":true,"valueName":"search_term_string"}}],"inLanguage":"en-US"}]}},"_links":{"self":[{"href":"https:\/\/horizonshemato.com\/en\/wp-json\/wp\/v2\/product\/13938","targetHints":{"allow":["GET"]}}],"collection":[{"href":"https:\/\/horizonshemato.com\/en\/wp-json\/wp\/v2\/product"}],"about":[{"href":"https:\/\/horizonshemato.com\/en\/wp-json\/wp\/v2\/types\/product"}],"wp:featuredmedia":[{"embeddable":true,"href":"https:\/\/horizonshemato.com\/en\/wp-json\/wp\/v2\/media\/13939"}],"wp:attachment":[{"href":"https:\/\/horizonshemato.com\/en\/wp-json\/wp\/v2\/media?parent=13938"}],"wp:term":[{"taxonomy":"product_brand","embeddable":true,"href":"https:\/\/horizonshemato.com\/en\/wp-json\/wp\/v2\/product_brand?post=13938"},{"taxonomy":"product_cat","embeddable":true,"href":"https:\/\/horizonshemato.com\/en\/wp-json\/wp\/v2\/product_cat?post=13938"},{"taxonomy":"product_tag","embeddable":true,"href":"https:\/\/horizonshemato.com\/en\/wp-json\/wp\/v2\/product_tag?post=13938"}],"curies":[{"name":"wp","href":"https:\/\/api.w.org\/{rel}","templated":true}]}}