{"id":13901,"date":"2018-10-18T10:42:21","date_gmt":"2018-10-18T10:42:21","guid":{"rendered":"http:\/\/horizonshemato.com\/?post_type=product&#038;p=13901"},"modified":"2024-01-08T17:17:11","modified_gmt":"2024-01-08T17:17:11","slug":"horizons-hemato-vol-2-n4-decembre-2012","status":"publish","type":"product","link":"https:\/\/horizonshemato.com\/en\/product\/horizons-hemato-vol-2-n4-decembre-2012\/","title":{"rendered":"Horizons H\u00e9mato \u2013 Vol. 2 n\u00b04 \u2013 D\u00e9cembre 2012"},"content":{"rendered":"<p>Magazine au format num\u00e9rique.<br \/>\nEnvois en version papier sur demande.<\/p>","protected":false},"excerpt":{"rendered":"<p>Longtemps consid\u00e9r\u00e9 comme une\u00a0pathologie orpheline b\u00e9nigne dont le\u00a0traitement reposait essentiellement sur les cortico\u00efdes et la spl\u00e9nectomie, le purpura thrombop\u00e9nique immunologique (PTI) a b\u00e9n\u00e9fici\u00e9 au cours des dix derni\u00e8res ann\u00e9es d\u2019innovations th\u00e9rapeutiques r\u00e9elles. Une meilleure compr\u00e9hension de sa physiopathologie a permis le d\u00e9veloppement de nouvelles strat\u00e9gies de prise en charge bas\u00e9es sur une stimulation de la production des plaquettes par les agents thrombopo\u00ef\u00e9tiques et sur la modulation de la r\u00e9ponse immunitaire, en particulier des lymphocytes B, gr\u00e2ce \u00e0 l\u2019utilisation d\u2019anticorps monoclonaux. Ces derni\u00e8res ann\u00e9es ont \u00e9galement \u00e9t\u00e9 marqu\u00e9es par une meilleure connaissance de l\u2019\u00e9pid\u00e9miologie et par la prise en compte du retentissement ind\u00e9niable de la maladie sur la qualit\u00e9 de vie. Ces progr\u00e8s ont paradoxalement rendu la prise en charge du PTI plus complexe ; il n\u2019existe pas une strat\u00e9gie consensuelle et univoque car la multiplication des possibilit\u00e9s th\u00e9rapeutiques rend plus que jamais n\u00e9cessaire une personnalisation des choix th\u00e9rapeutiques et un accompagnement du patient en d\u00e9veloppant des actions d\u2019\u00e9ducation th\u00e9rapeutique.<\/p>\n<p>Ce num\u00e9ro d\u2019Horizons H\u00e9mato a pour ambition d\u2019aider les cliniciens dans la prise en charge de cette pathologie. En faisant appel \u00e0 des sp\u00e9cialistes reconnus, y compris pour les aspects p\u00e9diatriques de la maladie, dont la plupart appartiennent \u00a0au r\u00e9seau du centre de r\u00e9f\u00e9rence des cytop\u00e9nies auto-immunes, nous esp\u00e9rons que cet objectif sera atteint. Il aurait \u00e9t\u00e9 cependant dommage de limiter ce num\u00e9ro \u00e0 la prise en charge du PTI car m\u00eame si elles sont beaucoup moins fr\u00e9quentes, les neutrop\u00e9nies auto-immunes et les an\u00e9mies h\u00e9molytiques auto-immunes sont des pathologies rares dont la prise en charge diagnostique et th\u00e9rapeutique reste \u00e9galement difficile. L\u00e0 encore, le recours \u00e0 des experts reconnus dans ces deux domaines devrait r\u00e9pondre aux attentes des lecteurs. Un grand merci \u00e0 toutes celles et ceux \u00a0qui ont accept\u00e9 avec enthousiasme de participer \u00e0 la r\u00e9daction de ce num\u00e9ro de la revue qui est maintenant aussi disponible sur l\u2019application Horizons\u00a0H\u00e9mato pour iOS (iPhone et iPad) et Android.Cette version \u00e9lectronique compl\u00e8te \u00a0la publication papier synth\u00e9tique ; elle est enrichie par les divers compl\u00e9ments propos\u00e9s par les auteurs.<\/p>\n<p>Bonne lecture,<\/p>\n<p><strong>Bertrand GODEAU<\/strong><br \/>\nCoordonnateur du centre de r\u00e9f\u00e9rence<br \/>\ndes cytop\u00e9nies auto-immunes de l&rsquo;adulte<br \/>\n<strong>bertrand.godeau@hmn.aphp.fr<\/strong><\/p>\n<p><strong>St\u00e9phane CH\u00c8ZE<\/strong><br \/>\nCoordinateur<br \/>\ndu Grand Angle \u00ab cytop\u00e9nies auto-immunes \u00bb<br \/>\n<strong>cheze-s@chu-caen.fr<\/strong><\/p>","protected":false},"featured_media":13903,"template":"","meta":{"_monsterinsights_skip_tracking":false,"_monsterinsights_sitenote_active":false,"_monsterinsights_sitenote_note":"","_monsterinsights_sitenote_category":0},"product_brand":[],"product_cat":[117],"product_tag":[],"class_list":{"0":"post-13901","1":"product","2":"type-product","3":"status-publish","4":"has-post-thumbnail","6":"product_cat-cytopenies-auto-immunes","8":"first","9":"instock","10":"downloadable","11":"shipping-taxable","12":"purchasable","13":"product-type-simple"},"yoast_head":"<!-- This site is optimized with the Yoast SEO plugin v27.1.1 - https:\/\/yoast.com\/product\/yoast-seo-wordpress\/ -->\n<title>Horizons H\u00e9mato \u2013 Vol. 2 n\u00b04 \u2013 D\u00e9cembre 2012 - Horizons H\u00e9mato<\/title>\n<meta name=\"robots\" content=\"index, follow, max-snippet:-1, max-image-preview:large, max-video-preview:-1\" \/>\n<link rel=\"canonical\" href=\"https:\/\/horizonshemato.com\/en\/product\/horizons-hemato-vol-2-n4-decembre-2012\/\" \/>\n<meta property=\"og:locale\" content=\"en_US\" \/>\n<meta property=\"og:type\" content=\"article\" \/>\n<meta property=\"og:title\" content=\"Horizons H\u00e9mato \u2013 Vol. 2 n\u00b04 \u2013 D\u00e9cembre 2012 - Horizons H\u00e9mato\" \/>\n<meta property=\"og:description\" content=\"Longtemps consid\u00e9r\u00e9 comme une\u00a0pathologie orpheline b\u00e9nigne dont le\u00a0traitement reposait essentiellement sur les cortico\u00efdes et la spl\u00e9nectomie, le purpura thrombop\u00e9nique immunologique (PTI) a b\u00e9n\u00e9fici\u00e9 au cours des dix derni\u00e8res ann\u00e9es d\u2019innovations th\u00e9rapeutiques r\u00e9elles. Une meilleure compr\u00e9hension de sa physiopathologie a permis le d\u00e9veloppement de nouvelles strat\u00e9gies de prise en charge bas\u00e9es sur une stimulation de la production des plaquettes par les agents thrombopo\u00ef\u00e9tiques et sur la modulation de la r\u00e9ponse immunitaire, en particulier des lymphocytes B, gr\u00e2ce \u00e0 l\u2019utilisation d\u2019anticorps monoclonaux. Ces derni\u00e8res ann\u00e9es ont \u00e9galement \u00e9t\u00e9 marqu\u00e9es par une meilleure connaissance de l\u2019\u00e9pid\u00e9miologie et par la prise en compte du retentissement ind\u00e9niable de la maladie sur la qualit\u00e9 de vie. Ces progr\u00e8s ont paradoxalement rendu la prise en charge du PTI plus complexe ; il n\u2019existe pas une strat\u00e9gie consensuelle et univoque car la multiplication des possibilit\u00e9s th\u00e9rapeutiques rend plus que jamais n\u00e9cessaire une personnalisation des choix th\u00e9rapeutiques et un accompagnement du patient en d\u00e9veloppant des actions d\u2019\u00e9ducation th\u00e9rapeutique.  Ce num\u00e9ro d\u2019Horizons H\u00e9mato a pour ambition d\u2019aider les cliniciens dans la prise en charge de cette pathologie. En faisant appel \u00e0 des sp\u00e9cialistes reconnus, y compris pour les aspects p\u00e9diatriques de la maladie, dont la plupart appartiennent \u00a0au r\u00e9seau du centre de r\u00e9f\u00e9rence des cytop\u00e9nies auto-immunes, nous esp\u00e9rons que cet objectif sera atteint. Il aurait \u00e9t\u00e9 cependant dommage de limiter ce num\u00e9ro \u00e0 la prise en charge du PTI car m\u00eame si elles sont beaucoup moins fr\u00e9quentes, les neutrop\u00e9nies auto-immunes et les an\u00e9mies h\u00e9molytiques auto-immunes sont des pathologies rares dont la prise en charge diagnostique et th\u00e9rapeutique reste \u00e9galement difficile. L\u00e0 encore, le recours \u00e0 des experts reconnus dans ces deux domaines devrait r\u00e9pondre aux attentes des lecteurs. Un grand merci \u00e0 toutes celles et ceux \u00a0qui ont accept\u00e9 avec enthousiasme de participer \u00e0 la r\u00e9daction de ce num\u00e9ro de la revue qui est maintenant aussi disponible sur l\u2019application Horizons\u00a0H\u00e9mato pour iOS (iPhone et iPad) et Android.Cette version \u00e9lectronique compl\u00e8te \u00a0la publication papier synth\u00e9tique ; elle est enrichie par les divers compl\u00e9ments propos\u00e9s par les auteurs.  Bonne lecture,  Bertrand GODEAU Coordonnateur du centre de r\u00e9f\u00e9rence des cytop\u00e9nies auto-immunes de l&#039;adulte bertrand.godeau@hmn.aphp.fr  St\u00e9phane CH\u00c8ZE Coordinateur du Grand Angle \u00ab cytop\u00e9nies auto-immunes \u00bb cheze-s@chu-caen.fr\" \/>\n<meta property=\"og:url\" content=\"https:\/\/horizonshemato.com\/en\/product\/horizons-hemato-vol-2-n4-decembre-2012\/\" \/>\n<meta property=\"og:site_name\" content=\"Horizons H\u00e9mato\" \/>\n<meta property=\"article:modified_time\" content=\"2024-01-08T17:17:11+00:00\" \/>\n<meta property=\"og:image\" content=\"https:\/\/horizonshemato.com\/wp-content\/uploads\/2018\/10\/HH-VOL2-N4.jpg\" \/>\n\t<meta property=\"og:image:width\" content=\"938\" \/>\n\t<meta property=\"og:image:height\" content=\"938\" \/>\n\t<meta property=\"og:image:type\" content=\"image\/jpeg\" \/>\n<meta name=\"twitter:card\" content=\"summary_large_image\" \/>\n<script type=\"application\/ld+json\" class=\"yoast-schema-graph\">{\"@context\":\"https:\/\/schema.org\",\"@graph\":[{\"@type\":\"WebPage\",\"@id\":\"https:\/\/horizonshemato.com\/product\/horizons-hemato-vol-2-n4-decembre-2012\/\",\"url\":\"https:\/\/horizonshemato.com\/product\/horizons-hemato-vol-2-n4-decembre-2012\/\",\"name\":\"Horizons H\u00e9mato \u2013 Vol. 2 n\u00b04 \u2013 D\u00e9cembre 2012 - Horizons H\u00e9mato\",\"isPartOf\":{\"@id\":\"https:\/\/horizonshemato.com\/#website\"},\"primaryImageOfPage\":{\"@id\":\"https:\/\/horizonshemato.com\/product\/horizons-hemato-vol-2-n4-decembre-2012\/#primaryimage\"},\"image\":{\"@id\":\"https:\/\/horizonshemato.com\/product\/horizons-hemato-vol-2-n4-decembre-2012\/#primaryimage\"},\"thumbnailUrl\":\"https:\/\/horizonshemato.com\/wp-content\/uploads\/2018\/10\/HH-VOL2-N4.jpg\",\"datePublished\":\"2018-10-18T10:42:21+00:00\",\"dateModified\":\"2024-01-08T17:17:11+00:00\",\"breadcrumb\":{\"@id\":\"https:\/\/horizonshemato.com\/product\/horizons-hemato-vol-2-n4-decembre-2012\/#breadcrumb\"},\"inLanguage\":\"en-US\",\"potentialAction\":[{\"@type\":\"ReadAction\",\"target\":[\"https:\/\/horizonshemato.com\/product\/horizons-hemato-vol-2-n4-decembre-2012\/\"]}]},{\"@type\":\"ImageObject\",\"inLanguage\":\"en-US\",\"@id\":\"https:\/\/horizonshemato.com\/product\/horizons-hemato-vol-2-n4-decembre-2012\/#primaryimage\",\"url\":\"https:\/\/horizonshemato.com\/wp-content\/uploads\/2018\/10\/HH-VOL2-N4.jpg\",\"contentUrl\":\"https:\/\/horizonshemato.com\/wp-content\/uploads\/2018\/10\/HH-VOL2-N4.jpg\",\"width\":938,\"height\":938},{\"@type\":\"BreadcrumbList\",\"@id\":\"https:\/\/horizonshemato.com\/product\/horizons-hemato-vol-2-n4-decembre-2012\/#breadcrumb\",\"itemListElement\":[{\"@type\":\"ListItem\",\"position\":1,\"name\":\"Accueil\",\"item\":\"https:\/\/horizonshemato.com\/\"},{\"@type\":\"ListItem\",\"position\":2,\"name\":\"Boutique\",\"item\":\"https:\/\/horizonshemato.com\/boutique\/\"},{\"@type\":\"ListItem\",\"position\":3,\"name\":\"Horizons H\u00e9mato \u2013 Vol. 2 n\u00b04 \u2013 D\u00e9cembre 2012\"}]},{\"@type\":\"WebSite\",\"@id\":\"https:\/\/horizonshemato.com\/#website\",\"url\":\"https:\/\/horizonshemato.com\/\",\"name\":\"Horizons H\u00e9mato\",\"description\":\"La revue des pratiques en h\u00e9matologie\",\"potentialAction\":[{\"@type\":\"SearchAction\",\"target\":{\"@type\":\"EntryPoint\",\"urlTemplate\":\"https:\/\/horizonshemato.com\/?s={search_term_string}\"},\"query-input\":{\"@type\":\"PropertyValueSpecification\",\"valueRequired\":true,\"valueName\":\"search_term_string\"}}],\"inLanguage\":\"en-US\"}]}<\/script>\n<!-- \/ Yoast SEO plugin. -->","yoast_head_json":{"title":"Horizons H\u00e9mato \u2013 Vol. 2 n\u00b04 \u2013 D\u00e9cembre 2012 - Horizons H\u00e9mato","robots":{"index":"index","follow":"follow","max-snippet":"max-snippet:-1","max-image-preview":"max-image-preview:large","max-video-preview":"max-video-preview:-1"},"canonical":"https:\/\/horizonshemato.com\/en\/product\/horizons-hemato-vol-2-n4-decembre-2012\/","og_locale":"en_US","og_type":"article","og_title":"Horizons H\u00e9mato \u2013 Vol. 2 n\u00b04 \u2013 D\u00e9cembre 2012 - Horizons H\u00e9mato","og_description":"Longtemps consid\u00e9r\u00e9 comme une\u00a0pathologie orpheline b\u00e9nigne dont le\u00a0traitement reposait essentiellement sur les cortico\u00efdes et la spl\u00e9nectomie, le purpura thrombop\u00e9nique immunologique (PTI) a b\u00e9n\u00e9fici\u00e9 au cours des dix derni\u00e8res ann\u00e9es d\u2019innovations th\u00e9rapeutiques r\u00e9elles. Une meilleure compr\u00e9hension de sa physiopathologie a permis le d\u00e9veloppement de nouvelles strat\u00e9gies de prise en charge bas\u00e9es sur une stimulation de la production des plaquettes par les agents thrombopo\u00ef\u00e9tiques et sur la modulation de la r\u00e9ponse immunitaire, en particulier des lymphocytes B, gr\u00e2ce \u00e0 l\u2019utilisation d\u2019anticorps monoclonaux. Ces derni\u00e8res ann\u00e9es ont \u00e9galement \u00e9t\u00e9 marqu\u00e9es par une meilleure connaissance de l\u2019\u00e9pid\u00e9miologie et par la prise en compte du retentissement ind\u00e9niable de la maladie sur la qualit\u00e9 de vie. Ces progr\u00e8s ont paradoxalement rendu la prise en charge du PTI plus complexe ; il n\u2019existe pas une strat\u00e9gie consensuelle et univoque car la multiplication des possibilit\u00e9s th\u00e9rapeutiques rend plus que jamais n\u00e9cessaire une personnalisation des choix th\u00e9rapeutiques et un accompagnement du patient en d\u00e9veloppant des actions d\u2019\u00e9ducation th\u00e9rapeutique.  Ce num\u00e9ro d\u2019Horizons H\u00e9mato a pour ambition d\u2019aider les cliniciens dans la prise en charge de cette pathologie. En faisant appel \u00e0 des sp\u00e9cialistes reconnus, y compris pour les aspects p\u00e9diatriques de la maladie, dont la plupart appartiennent \u00a0au r\u00e9seau du centre de r\u00e9f\u00e9rence des cytop\u00e9nies auto-immunes, nous esp\u00e9rons que cet objectif sera atteint. Il aurait \u00e9t\u00e9 cependant dommage de limiter ce num\u00e9ro \u00e0 la prise en charge du PTI car m\u00eame si elles sont beaucoup moins fr\u00e9quentes, les neutrop\u00e9nies auto-immunes et les an\u00e9mies h\u00e9molytiques auto-immunes sont des pathologies rares dont la prise en charge diagnostique et th\u00e9rapeutique reste \u00e9galement difficile. L\u00e0 encore, le recours \u00e0 des experts reconnus dans ces deux domaines devrait r\u00e9pondre aux attentes des lecteurs. Un grand merci \u00e0 toutes celles et ceux \u00a0qui ont accept\u00e9 avec enthousiasme de participer \u00e0 la r\u00e9daction de ce num\u00e9ro de la revue qui est maintenant aussi disponible sur l\u2019application Horizons\u00a0H\u00e9mato pour iOS (iPhone et iPad) et Android.Cette version \u00e9lectronique compl\u00e8te \u00a0la publication papier synth\u00e9tique ; elle est enrichie par les divers compl\u00e9ments propos\u00e9s par les auteurs.  Bonne lecture,  Bertrand GODEAU Coordonnateur du centre de r\u00e9f\u00e9rence des cytop\u00e9nies auto-immunes de l'adulte bertrand.godeau@hmn.aphp.fr  St\u00e9phane CH\u00c8ZE Coordinateur du Grand Angle \u00ab cytop\u00e9nies auto-immunes \u00bb cheze-s@chu-caen.fr","og_url":"https:\/\/horizonshemato.com\/en\/product\/horizons-hemato-vol-2-n4-decembre-2012\/","og_site_name":"Horizons H\u00e9mato","article_modified_time":"2024-01-08T17:17:11+00:00","og_image":[{"width":938,"height":938,"url":"https:\/\/horizonshemato.com\/wp-content\/uploads\/2018\/10\/HH-VOL2-N4.jpg","type":"image\/jpeg"}],"twitter_card":"summary_large_image","schema":{"@context":"https:\/\/schema.org","@graph":[{"@type":"WebPage","@id":"https:\/\/horizonshemato.com\/product\/horizons-hemato-vol-2-n4-decembre-2012\/","url":"https:\/\/horizonshemato.com\/product\/horizons-hemato-vol-2-n4-decembre-2012\/","name":"Horizons H\u00e9mato \u2013 Vol. 2 n\u00b04 \u2013 D\u00e9cembre 2012 - Horizons H\u00e9mato","isPartOf":{"@id":"https:\/\/horizonshemato.com\/#website"},"primaryImageOfPage":{"@id":"https:\/\/horizonshemato.com\/product\/horizons-hemato-vol-2-n4-decembre-2012\/#primaryimage"},"image":{"@id":"https:\/\/horizonshemato.com\/product\/horizons-hemato-vol-2-n4-decembre-2012\/#primaryimage"},"thumbnailUrl":"https:\/\/horizonshemato.com\/wp-content\/uploads\/2018\/10\/HH-VOL2-N4.jpg","datePublished":"2018-10-18T10:42:21+00:00","dateModified":"2024-01-08T17:17:11+00:00","breadcrumb":{"@id":"https:\/\/horizonshemato.com\/product\/horizons-hemato-vol-2-n4-decembre-2012\/#breadcrumb"},"inLanguage":"en-US","potentialAction":[{"@type":"ReadAction","target":["https:\/\/horizonshemato.com\/product\/horizons-hemato-vol-2-n4-decembre-2012\/"]}]},{"@type":"ImageObject","inLanguage":"en-US","@id":"https:\/\/horizonshemato.com\/product\/horizons-hemato-vol-2-n4-decembre-2012\/#primaryimage","url":"https:\/\/horizonshemato.com\/wp-content\/uploads\/2018\/10\/HH-VOL2-N4.jpg","contentUrl":"https:\/\/horizonshemato.com\/wp-content\/uploads\/2018\/10\/HH-VOL2-N4.jpg","width":938,"height":938},{"@type":"BreadcrumbList","@id":"https:\/\/horizonshemato.com\/product\/horizons-hemato-vol-2-n4-decembre-2012\/#breadcrumb","itemListElement":[{"@type":"ListItem","position":1,"name":"Accueil","item":"https:\/\/horizonshemato.com\/"},{"@type":"ListItem","position":2,"name":"Boutique","item":"https:\/\/horizonshemato.com\/boutique\/"},{"@type":"ListItem","position":3,"name":"Horizons H\u00e9mato \u2013 Vol. 2 n\u00b04 \u2013 D\u00e9cembre 2012"}]},{"@type":"WebSite","@id":"https:\/\/horizonshemato.com\/#website","url":"https:\/\/horizonshemato.com\/","name":"Horizons H\u00e9mato","description":"La revue des pratiques en h\u00e9matologie","potentialAction":[{"@type":"SearchAction","target":{"@type":"EntryPoint","urlTemplate":"https:\/\/horizonshemato.com\/?s={search_term_string}"},"query-input":{"@type":"PropertyValueSpecification","valueRequired":true,"valueName":"search_term_string"}}],"inLanguage":"en-US"}]}},"_links":{"self":[{"href":"https:\/\/horizonshemato.com\/en\/wp-json\/wp\/v2\/product\/13901","targetHints":{"allow":["GET"]}}],"collection":[{"href":"https:\/\/horizonshemato.com\/en\/wp-json\/wp\/v2\/product"}],"about":[{"href":"https:\/\/horizonshemato.com\/en\/wp-json\/wp\/v2\/types\/product"}],"wp:featuredmedia":[{"embeddable":true,"href":"https:\/\/horizonshemato.com\/en\/wp-json\/wp\/v2\/media\/13903"}],"wp:attachment":[{"href":"https:\/\/horizonshemato.com\/en\/wp-json\/wp\/v2\/media?parent=13901"}],"wp:term":[{"taxonomy":"product_brand","embeddable":true,"href":"https:\/\/horizonshemato.com\/en\/wp-json\/wp\/v2\/product_brand?post=13901"},{"taxonomy":"product_cat","embeddable":true,"href":"https:\/\/horizonshemato.com\/en\/wp-json\/wp\/v2\/product_cat?post=13901"},{"taxonomy":"product_tag","embeddable":true,"href":"https:\/\/horizonshemato.com\/en\/wp-json\/wp\/v2\/product_tag?post=13901"}],"curies":[{"name":"wp","href":"https:\/\/api.w.org\/{rel}","templated":true}]}}