{"id":13898,"date":"2018-10-18T10:16:55","date_gmt":"2018-10-18T10:16:55","guid":{"rendered":"http:\/\/horizonshemato.com\/?post_type=product&#038;p=13898"},"modified":"2024-01-08T17:17:11","modified_gmt":"2024-01-08T17:17:11","slug":"horizons-hemato-vol-2-n3-sept-2012","status":"publish","type":"product","link":"https:\/\/horizonshemato.com\/en\/product\/horizons-hemato-vol-2-n3-sept-2012\/","title":{"rendered":"Horizons H\u00e9mato \u2013 Vol. 2 n\u00b03 \u2013 Sept. 2012"},"content":{"rendered":"<p>Magazine au format num\u00e9rique.<br \/>\nEnvois en version papier sur demande.<\/p>","protected":false},"excerpt":{"rendered":"<p>C\u2019est en 1951 que, William Dameshek, \u00e9met l\u2019hypoth\u00e8se\u00a0essentielle (TE) et la my\u00e9lofibrose primaire (MFP)<br \/>\nsont des h\u00e9mopathies \u00e9troitement apparent\u00e9es<br \/>\navec \u00e0 leur origine un stimulus commun.<br \/>\n\u00c0 l&rsquo;origine appel\u00e9es syndromes my\u00e9loprolif\u00e9ratifs (SMP),<br \/>\nelles ont \u00e9t\u00e9 renomm\u00e9es n\u00e9oplasmes my\u00e9loprolif\u00e9ratifs (NMP) mais cette terminologie n&rsquo;est pas adapt\u00e9e \u00e0 la mod\u00e9lisation<br \/>\net aux formes familiales. Pour ces raisons, cette<br \/>\nnomenclature n&rsquo;est pas adopt\u00e9e de fa\u00e7on universelle.<br \/>\nLa description en 2005 de la mutation activatrice V617F du g\u00e8ne codant pour JAK2 (Janus Kinase 2), une tyrosine kinase impliqu\u00e9e dans la signalisation de nombreux r\u00e9cepteurs de cytokines dont ceux de l\u2019\u00e9rythropo\u00ef\u00e9tine de la thrombopo\u00ef\u00e9tine et des cytokines de la lign\u00e9e granuleuse, a fourni une explication aux similitudes cliniques et \u00e9volutives de ces<br \/>\n3\u00a0h\u00e9mopathies. En effet au moins 95\u00a0% des PV, 50 \u00e0 60\u00a0% des TE et des MFP pr\u00e9sentent la mutation V617F. D\u2019autres mutations plus rares ont \u00e9t\u00e9 d\u00e9crites et toutes induisent une d\u00e9r\u00e9gulation du signal induit par les r\u00e9cepteurs aux cytokines avec une activation constitutive de JAK2 et un r\u00f4le important de l\u2019activation des STAT, dont STAT5, dans leur pathog\u00e9nie. Cependant il reste \u00e0 d\u00e9montrer que ceci est \u00e9galement vrai dans les TE et les MFP sans mutation de signalisation identifi\u00e9e. Cette d\u00e9couverte a ouvert le champ \u00e0 une recherche tr\u00e8s active, aussi bien fondamentale que clinique.<br \/>\nUne premi\u00e8re cons\u00e9quence a \u00e9t\u00e9 en 2008 la modification<br \/>\ndes algorithmes diagnostiques recommand\u00e9s par l\u2019Organisation Mondiale de la Sant\u00e9 et l\u2019int\u00e9gration de la mutation V617F de JAK2 dans les crit\u00e8res majeurs.<br \/>\nUn autre aspect encore incompl\u00e8tement compris est comment une mutation unique (V617F) peut donner trois pathologies diff\u00e9rentes. Il existe trois grandes hypoth\u00e8ses qui ne sont pas antinomiques. Dans la premi\u00e8re c\u2019est le niveau de signalisation voire son type qui d\u00e9finit la maladie. L\u2019un des d\u00e9terminants majeurs est la pr\u00e9sence ou non d\u2019un clone homozygote survenu \u00e0 la suite d\u2019une recombinaison mitotique du clone h\u00e9t\u00e9rozygote et qui entra\u00eene une dominance clonale. Cet aspect du point de vue pratique se traduit par la charge all\u00e9lique plus forte dans les MF secondaires que dans les PV et plus forte dans les PV que dans les TE. La seconde hypoth\u00e8se souligne l\u2019importancede d\u00e9terminants g\u00e9n\u00e9tiques constitutionnels qui vont intervenir dans la signalisation de V617F. Enfin ces derni\u00e8res ann\u00e9es de nombreux arguments ont \u00e9t\u00e9 apport\u00e9s en faveur de l\u2019existence d\u2019autres mutations acquises portant soit sur des r\u00e9gulateurs de l\u2019\u00e9pig\u00e9n\u00e9tique, soit sur des g\u00e8nes impliqu\u00e9s dans l\u2019\u00e9pissage qui seraient responsables de l\u2019h\u00e9t\u00e9rog\u00e9n\u00e9it\u00e9 des n\u00e9oplasmes my\u00e9loprolif\u00e9ratifs.<br \/>\nCeci est particuli\u00e8rement bien d\u00e9montr\u00e9 dans les my\u00e9lofibroses primaires, mais beaucoup moins \u00e9vident dans les PV,<br \/>\nles TE et les my\u00e9lofibroses secondaires.<br \/>\nLa d\u00e9couverte de ces nombreuses autres mutations<br \/>\nnon impliqu\u00e9es dans la signalisation a mis en \u00e9vidence une plus grande complexit\u00e9 dans la physiopathologie des NPM qu\u2019attendue et en font des maladies beaucoup plus complexes que la LMC. Surtout ces donn\u00e9es font que la th\u00e9orie initiale de W. Dameshek ne repr\u00e9sente qu\u2019une partie de la r\u00e9alit\u00e9 et que les NPM doivent \u00eatre plus vus comme une continuit\u00e9 avec<br \/>\nles autres h\u00e9mopathies malignes comme les<br \/>\nSMP\/SMD, les SMD voire les LAM. Cette continuit\u00e9 en<br \/>\nfait donc des maladies particuli\u00e8rement attractives pour comprendre l\u2019oncogen\u00e8se des h\u00e9mopathies malignes et \u00e9galement pour d\u00e9velopper de nouveaux traitements.<br \/>\nCes cinq derni\u00e8res ann\u00e9es ont vu des changements th\u00e9rapeutiques profonds bas\u00e9s sur l\u2019utilisation de l\u2019Interf\u00e9ron-alpha et sur des inhibiteurs de JAK2. On peut penser que<br \/>\nces nouvelles approches th\u00e9rapeutiques n\u2019en sont qu\u2019\u00e0 leur d\u00e9but et \u00e9volueront lorsqu\u2019on progressera \u00e0 la fois dans<br \/>\nla compr\u00e9hension des modifications engendr\u00e9es dans la structure de JAK2 par les mutations et dans le r\u00f4le des<br \/>\nautres mutations dans la physiopathologie de ces maladies. Nous avons essay\u00e9, dans ce num\u00e9ro d\u2019Horizons H\u00e9mato<br \/>\nconsacr\u00e9 aux SMP, d\u2019aller des aspects\u00a0fondamentaux \u00e0 la pratique. Merci \u00e0 toutes celles et ceux qui ont particip\u00e9 \u00e0 la<br \/>\nr\u00e9daction de ces articles tr\u00e8s riches et nous esp\u00e9rons<br \/>\nque les lecteurs prendront conscience du vaste champ<br \/>\nde recherche qui s\u2019ouvre dans ces pathologies<br \/>\nCe num\u00e9ro de la revue co\u00efncide avec le lancement<br \/>\nde l\u2019application Horizons H\u00e9mato.<br \/>\nL\u2019ampleur des informations apport\u00e9es par la totalit\u00e9 des articles va permettre une publication papier synth\u00e9tique, enrichie<br \/>\npar les divers compl\u00e9ments post\u00e9s sur l\u2019application.<br \/>\nNous vous souhaitons une tr\u00e8s bonne lecture,<\/p>\n<p><strong>Nicole CASADEVALL<\/strong><br \/>\nCoordinatrice du dossier SMP<br \/>\n<strong>nicole.casadevall@sat.aphp.fr<\/strong><\/p>\n<p><strong>William VAINCHENKER<\/strong><br \/>\nPr\u00e9sident du conseil scientifique du FIM<br \/>\n<strong>verpre@igr.fr<\/strong><\/p>","protected":false},"featured_media":13900,"template":"","meta":{"_monsterinsights_skip_tracking":false,"_monsterinsights_sitenote_active":false,"_monsterinsights_sitenote_note":"","_monsterinsights_sitenote_category":0},"product_brand":[],"product_cat":[102],"product_tag":[],"class_list":{"0":"post-13898","1":"product","2":"type-product","3":"status-publish","4":"has-post-thumbnail","6":"product_cat-syndromes-myeloproliferatifs","8":"first","9":"instock","10":"downloadable","11":"shipping-taxable","12":"purchasable","13":"product-type-simple"},"yoast_head":"<!-- This site is optimized with the Yoast SEO plugin v27.1.1 - https:\/\/yoast.com\/product\/yoast-seo-wordpress\/ -->\n<title>Horizons H\u00e9mato \u2013 Vol. 2 n\u00b03 \u2013 Sept. 2012 - Horizons H\u00e9mato<\/title>\n<meta name=\"robots\" content=\"index, follow, max-snippet:-1, max-image-preview:large, max-video-preview:-1\" \/>\n<link rel=\"canonical\" href=\"https:\/\/horizonshemato.com\/en\/product\/horizons-hemato-vol-2-n3-sept-2012\/\" \/>\n<meta property=\"og:locale\" content=\"en_US\" \/>\n<meta property=\"og:type\" content=\"article\" \/>\n<meta property=\"og:title\" content=\"Horizons H\u00e9mato \u2013 Vol. 2 n\u00b03 \u2013 Sept. 2012 - Horizons H\u00e9mato\" \/>\n<meta property=\"og:description\" content=\"C\u2019est en 1951 que, William Dameshek, \u00e9met l\u2019hypoth\u00e8se\u00a0essentielle (TE) et la my\u00e9lofibrose primaire (MFP) sont des h\u00e9mopathies \u00e9troitement apparent\u00e9es avec \u00e0 leur origine un stimulus commun. \u00c0 l&#039;origine appel\u00e9es syndromes my\u00e9loprolif\u00e9ratifs (SMP), elles ont \u00e9t\u00e9 renomm\u00e9es n\u00e9oplasmes my\u00e9loprolif\u00e9ratifs (NMP) mais cette terminologie n&#039;est pas adapt\u00e9e \u00e0 la mod\u00e9lisation et aux formes familiales. Pour ces raisons, cette nomenclature n&#039;est pas adopt\u00e9e de fa\u00e7on universelle. La description en 2005 de la mutation activatrice V617F du g\u00e8ne codant pour JAK2 (Janus Kinase 2), une tyrosine kinase impliqu\u00e9e dans la signalisation de nombreux r\u00e9cepteurs de cytokines dont ceux de l\u2019\u00e9rythropo\u00ef\u00e9tine de la thrombopo\u00ef\u00e9tine et des cytokines de la lign\u00e9e granuleuse, a fourni une explication aux similitudes cliniques et \u00e9volutives de ces 3\u00a0h\u00e9mopathies. En effet au moins 95\u00a0% des PV, 50 \u00e0 60\u00a0% des TE et des MFP pr\u00e9sentent la mutation V617F. D\u2019autres mutations plus rares ont \u00e9t\u00e9 d\u00e9crites et toutes induisent une d\u00e9r\u00e9gulation du signal induit par les r\u00e9cepteurs aux cytokines avec une activation constitutive de JAK2 et un r\u00f4le important de l\u2019activation des STAT, dont STAT5, dans leur pathog\u00e9nie. Cependant il reste \u00e0 d\u00e9montrer que ceci est \u00e9galement vrai dans les TE et les MFP sans mutation de signalisation identifi\u00e9e. Cette d\u00e9couverte a ouvert le champ \u00e0 une recherche tr\u00e8s active, aussi bien fondamentale que clinique. Une premi\u00e8re cons\u00e9quence a \u00e9t\u00e9 en 2008 la modification des algorithmes diagnostiques recommand\u00e9s par l\u2019Organisation Mondiale de la Sant\u00e9 et l\u2019int\u00e9gration de la mutation V617F de JAK2 dans les crit\u00e8res majeurs. Un autre aspect encore incompl\u00e8tement compris est comment une mutation unique (V617F) peut donner trois pathologies diff\u00e9rentes. Il existe trois grandes hypoth\u00e8ses qui ne sont pas antinomiques. Dans la premi\u00e8re c\u2019est le niveau de signalisation voire son type qui d\u00e9finit la maladie. L\u2019un des d\u00e9terminants majeurs est la pr\u00e9sence ou non d\u2019un clone homozygote survenu \u00e0 la suite d\u2019une recombinaison mitotique du clone h\u00e9t\u00e9rozygote et qui entra\u00eene une dominance clonale. Cet aspect du point de vue pratique se traduit par la charge all\u00e9lique plus forte dans les MF secondaires que dans les PV et plus forte dans les PV que dans les TE. La seconde hypoth\u00e8se souligne l\u2019importancede d\u00e9terminants g\u00e9n\u00e9tiques constitutionnels qui vont intervenir dans la signalisation de V617F. Enfin ces derni\u00e8res ann\u00e9es de nombreux arguments ont \u00e9t\u00e9 apport\u00e9s en faveur de l\u2019existence d\u2019autres mutations acquises portant soit sur des r\u00e9gulateurs de l\u2019\u00e9pig\u00e9n\u00e9tique, soit sur des g\u00e8nes impliqu\u00e9s dans l\u2019\u00e9pissage qui seraient responsables de l\u2019h\u00e9t\u00e9rog\u00e9n\u00e9it\u00e9 des n\u00e9oplasmes my\u00e9loprolif\u00e9ratifs. Ceci est particuli\u00e8rement bien d\u00e9montr\u00e9 dans les my\u00e9lofibroses primaires, mais beaucoup moins \u00e9vident dans les PV, les TE et les my\u00e9lofibroses secondaires. La d\u00e9couverte de ces nombreuses autres mutations non impliqu\u00e9es dans la signalisation a mis en \u00e9vidence une plus grande complexit\u00e9 dans la physiopathologie des NPM qu\u2019attendue et en font des maladies beaucoup plus complexes que la LMC. Surtout ces donn\u00e9es font que la th\u00e9orie initiale de W. Dameshek ne repr\u00e9sente qu\u2019une partie de la r\u00e9alit\u00e9 et que les NPM doivent \u00eatre plus vus comme une continuit\u00e9 avec les autres h\u00e9mopathies malignes comme les SMP\/SMD, les SMD voire les LAM. Cette continuit\u00e9 en fait donc des maladies particuli\u00e8rement attractives pour comprendre l\u2019oncogen\u00e8se des h\u00e9mopathies malignes et \u00e9galement pour d\u00e9velopper de nouveaux traitements. Ces cinq derni\u00e8res ann\u00e9es ont vu des changements th\u00e9rapeutiques profonds bas\u00e9s sur l\u2019utilisation de l\u2019Interf\u00e9ron-alpha et sur des inhibiteurs de JAK2. On peut penser que ces nouvelles approches th\u00e9rapeutiques n\u2019en sont qu\u2019\u00e0 leur d\u00e9but et \u00e9volueront lorsqu\u2019on progressera \u00e0 la fois dans la compr\u00e9hension des modifications engendr\u00e9es dans la structure de JAK2 par les mutations et dans le r\u00f4le des autres mutations dans la physiopathologie de ces maladies. Nous avons essay\u00e9, dans ce num\u00e9ro d\u2019Horizons H\u00e9mato consacr\u00e9 aux SMP, d\u2019aller des aspects\u00a0fondamentaux \u00e0 la pratique. Merci \u00e0 toutes celles et ceux qui ont particip\u00e9 \u00e0 la r\u00e9daction de ces articles tr\u00e8s riches et nous esp\u00e9rons que les lecteurs prendront conscience du vaste champ de recherche qui s\u2019ouvre dans ces pathologies Ce num\u00e9ro de la revue co\u00efncide avec le lancement de l\u2019application Horizons H\u00e9mato. L\u2019ampleur des informations apport\u00e9es par la totalit\u00e9 des articles va permettre une publication papier synth\u00e9tique, enrichie par les divers compl\u00e9ments post\u00e9s sur l\u2019application. Nous vous souhaitons une tr\u00e8s bonne lecture,  Nicole CASADEVALL Coordinatrice du dossier SMP nicole.casadevall@sat.aphp.fr  William VAINCHENKER Pr\u00e9sident du conseil scientifique du FIM verpre@igr.fr\" \/>\n<meta property=\"og:url\" content=\"https:\/\/horizonshemato.com\/en\/product\/horizons-hemato-vol-2-n3-sept-2012\/\" \/>\n<meta property=\"og:site_name\" content=\"Horizons H\u00e9mato\" \/>\n<meta property=\"article:modified_time\" content=\"2024-01-08T17:17:11+00:00\" \/>\n<meta property=\"og:image\" content=\"https:\/\/horizonshemato.com\/wp-content\/uploads\/2018\/10\/HH-VOL2-N3.jpg\" \/>\n\t<meta property=\"og:image:width\" content=\"938\" \/>\n\t<meta property=\"og:image:height\" content=\"938\" \/>\n\t<meta property=\"og:image:type\" content=\"image\/jpeg\" \/>\n<meta name=\"twitter:card\" content=\"summary_large_image\" \/>\n<script type=\"application\/ld+json\" class=\"yoast-schema-graph\">{\"@context\":\"https:\/\/schema.org\",\"@graph\":[{\"@type\":\"WebPage\",\"@id\":\"https:\/\/horizonshemato.com\/product\/horizons-hemato-vol-2-n3-sept-2012\/\",\"url\":\"https:\/\/horizonshemato.com\/product\/horizons-hemato-vol-2-n3-sept-2012\/\",\"name\":\"Horizons H\u00e9mato \u2013 Vol. 2 n\u00b03 \u2013 Sept. 2012 - Horizons H\u00e9mato\",\"isPartOf\":{\"@id\":\"https:\/\/horizonshemato.com\/#website\"},\"primaryImageOfPage\":{\"@id\":\"https:\/\/horizonshemato.com\/product\/horizons-hemato-vol-2-n3-sept-2012\/#primaryimage\"},\"image\":{\"@id\":\"https:\/\/horizonshemato.com\/product\/horizons-hemato-vol-2-n3-sept-2012\/#primaryimage\"},\"thumbnailUrl\":\"https:\/\/horizonshemato.com\/wp-content\/uploads\/2018\/10\/HH-VOL2-N3.jpg\",\"datePublished\":\"2018-10-18T10:16:55+00:00\",\"dateModified\":\"2024-01-08T17:17:11+00:00\",\"breadcrumb\":{\"@id\":\"https:\/\/horizonshemato.com\/product\/horizons-hemato-vol-2-n3-sept-2012\/#breadcrumb\"},\"inLanguage\":\"en-US\",\"potentialAction\":[{\"@type\":\"ReadAction\",\"target\":[\"https:\/\/horizonshemato.com\/product\/horizons-hemato-vol-2-n3-sept-2012\/\"]}]},{\"@type\":\"ImageObject\",\"inLanguage\":\"en-US\",\"@id\":\"https:\/\/horizonshemato.com\/product\/horizons-hemato-vol-2-n3-sept-2012\/#primaryimage\",\"url\":\"https:\/\/horizonshemato.com\/wp-content\/uploads\/2018\/10\/HH-VOL2-N3.jpg\",\"contentUrl\":\"https:\/\/horizonshemato.com\/wp-content\/uploads\/2018\/10\/HH-VOL2-N3.jpg\",\"width\":938,\"height\":938},{\"@type\":\"BreadcrumbList\",\"@id\":\"https:\/\/horizonshemato.com\/product\/horizons-hemato-vol-2-n3-sept-2012\/#breadcrumb\",\"itemListElement\":[{\"@type\":\"ListItem\",\"position\":1,\"name\":\"Accueil\",\"item\":\"https:\/\/horizonshemato.com\/\"},{\"@type\":\"ListItem\",\"position\":2,\"name\":\"Boutique\",\"item\":\"https:\/\/horizonshemato.com\/boutique\/\"},{\"@type\":\"ListItem\",\"position\":3,\"name\":\"Horizons H\u00e9mato \u2013 Vol. 2 n\u00b03 \u2013 Sept. 2012\"}]},{\"@type\":\"WebSite\",\"@id\":\"https:\/\/horizonshemato.com\/#website\",\"url\":\"https:\/\/horizonshemato.com\/\",\"name\":\"Horizons H\u00e9mato\",\"description\":\"La revue des pratiques en h\u00e9matologie\",\"potentialAction\":[{\"@type\":\"SearchAction\",\"target\":{\"@type\":\"EntryPoint\",\"urlTemplate\":\"https:\/\/horizonshemato.com\/?s={search_term_string}\"},\"query-input\":{\"@type\":\"PropertyValueSpecification\",\"valueRequired\":true,\"valueName\":\"search_term_string\"}}],\"inLanguage\":\"en-US\"}]}<\/script>\n<!-- \/ Yoast SEO plugin. -->","yoast_head_json":{"title":"Horizons H\u00e9mato \u2013 Vol. 2 n\u00b03 \u2013 Sept. 2012 - Horizons H\u00e9mato","robots":{"index":"index","follow":"follow","max-snippet":"max-snippet:-1","max-image-preview":"max-image-preview:large","max-video-preview":"max-video-preview:-1"},"canonical":"https:\/\/horizonshemato.com\/en\/product\/horizons-hemato-vol-2-n3-sept-2012\/","og_locale":"en_US","og_type":"article","og_title":"Horizons H\u00e9mato \u2013 Vol. 2 n\u00b03 \u2013 Sept. 2012 - Horizons H\u00e9mato","og_description":"C\u2019est en 1951 que, William Dameshek, \u00e9met l\u2019hypoth\u00e8se\u00a0essentielle (TE) et la my\u00e9lofibrose primaire (MFP) sont des h\u00e9mopathies \u00e9troitement apparent\u00e9es avec \u00e0 leur origine un stimulus commun. \u00c0 l'origine appel\u00e9es syndromes my\u00e9loprolif\u00e9ratifs (SMP), elles ont \u00e9t\u00e9 renomm\u00e9es n\u00e9oplasmes my\u00e9loprolif\u00e9ratifs (NMP) mais cette terminologie n'est pas adapt\u00e9e \u00e0 la mod\u00e9lisation et aux formes familiales. Pour ces raisons, cette nomenclature n'est pas adopt\u00e9e de fa\u00e7on universelle. La description en 2005 de la mutation activatrice V617F du g\u00e8ne codant pour JAK2 (Janus Kinase 2), une tyrosine kinase impliqu\u00e9e dans la signalisation de nombreux r\u00e9cepteurs de cytokines dont ceux de l\u2019\u00e9rythropo\u00ef\u00e9tine de la thrombopo\u00ef\u00e9tine et des cytokines de la lign\u00e9e granuleuse, a fourni une explication aux similitudes cliniques et \u00e9volutives de ces 3\u00a0h\u00e9mopathies. En effet au moins 95\u00a0% des PV, 50 \u00e0 60\u00a0% des TE et des MFP pr\u00e9sentent la mutation V617F. D\u2019autres mutations plus rares ont \u00e9t\u00e9 d\u00e9crites et toutes induisent une d\u00e9r\u00e9gulation du signal induit par les r\u00e9cepteurs aux cytokines avec une activation constitutive de JAK2 et un r\u00f4le important de l\u2019activation des STAT, dont STAT5, dans leur pathog\u00e9nie. Cependant il reste \u00e0 d\u00e9montrer que ceci est \u00e9galement vrai dans les TE et les MFP sans mutation de signalisation identifi\u00e9e. Cette d\u00e9couverte a ouvert le champ \u00e0 une recherche tr\u00e8s active, aussi bien fondamentale que clinique. Une premi\u00e8re cons\u00e9quence a \u00e9t\u00e9 en 2008 la modification des algorithmes diagnostiques recommand\u00e9s par l\u2019Organisation Mondiale de la Sant\u00e9 et l\u2019int\u00e9gration de la mutation V617F de JAK2 dans les crit\u00e8res majeurs. Un autre aspect encore incompl\u00e8tement compris est comment une mutation unique (V617F) peut donner trois pathologies diff\u00e9rentes. Il existe trois grandes hypoth\u00e8ses qui ne sont pas antinomiques. Dans la premi\u00e8re c\u2019est le niveau de signalisation voire son type qui d\u00e9finit la maladie. L\u2019un des d\u00e9terminants majeurs est la pr\u00e9sence ou non d\u2019un clone homozygote survenu \u00e0 la suite d\u2019une recombinaison mitotique du clone h\u00e9t\u00e9rozygote et qui entra\u00eene une dominance clonale. Cet aspect du point de vue pratique se traduit par la charge all\u00e9lique plus forte dans les MF secondaires que dans les PV et plus forte dans les PV que dans les TE. La seconde hypoth\u00e8se souligne l\u2019importancede d\u00e9terminants g\u00e9n\u00e9tiques constitutionnels qui vont intervenir dans la signalisation de V617F. Enfin ces derni\u00e8res ann\u00e9es de nombreux arguments ont \u00e9t\u00e9 apport\u00e9s en faveur de l\u2019existence d\u2019autres mutations acquises portant soit sur des r\u00e9gulateurs de l\u2019\u00e9pig\u00e9n\u00e9tique, soit sur des g\u00e8nes impliqu\u00e9s dans l\u2019\u00e9pissage qui seraient responsables de l\u2019h\u00e9t\u00e9rog\u00e9n\u00e9it\u00e9 des n\u00e9oplasmes my\u00e9loprolif\u00e9ratifs. Ceci est particuli\u00e8rement bien d\u00e9montr\u00e9 dans les my\u00e9lofibroses primaires, mais beaucoup moins \u00e9vident dans les PV, les TE et les my\u00e9lofibroses secondaires. La d\u00e9couverte de ces nombreuses autres mutations non impliqu\u00e9es dans la signalisation a mis en \u00e9vidence une plus grande complexit\u00e9 dans la physiopathologie des NPM qu\u2019attendue et en font des maladies beaucoup plus complexes que la LMC. Surtout ces donn\u00e9es font que la th\u00e9orie initiale de W. Dameshek ne repr\u00e9sente qu\u2019une partie de la r\u00e9alit\u00e9 et que les NPM doivent \u00eatre plus vus comme une continuit\u00e9 avec les autres h\u00e9mopathies malignes comme les SMP\/SMD, les SMD voire les LAM. Cette continuit\u00e9 en fait donc des maladies particuli\u00e8rement attractives pour comprendre l\u2019oncogen\u00e8se des h\u00e9mopathies malignes et \u00e9galement pour d\u00e9velopper de nouveaux traitements. Ces cinq derni\u00e8res ann\u00e9es ont vu des changements th\u00e9rapeutiques profonds bas\u00e9s sur l\u2019utilisation de l\u2019Interf\u00e9ron-alpha et sur des inhibiteurs de JAK2. On peut penser que ces nouvelles approches th\u00e9rapeutiques n\u2019en sont qu\u2019\u00e0 leur d\u00e9but et \u00e9volueront lorsqu\u2019on progressera \u00e0 la fois dans la compr\u00e9hension des modifications engendr\u00e9es dans la structure de JAK2 par les mutations et dans le r\u00f4le des autres mutations dans la physiopathologie de ces maladies. Nous avons essay\u00e9, dans ce num\u00e9ro d\u2019Horizons H\u00e9mato consacr\u00e9 aux SMP, d\u2019aller des aspects\u00a0fondamentaux \u00e0 la pratique. Merci \u00e0 toutes celles et ceux qui ont particip\u00e9 \u00e0 la r\u00e9daction de ces articles tr\u00e8s riches et nous esp\u00e9rons que les lecteurs prendront conscience du vaste champ de recherche qui s\u2019ouvre dans ces pathologies Ce num\u00e9ro de la revue co\u00efncide avec le lancement de l\u2019application Horizons H\u00e9mato. L\u2019ampleur des informations apport\u00e9es par la totalit\u00e9 des articles va permettre une publication papier synth\u00e9tique, enrichie par les divers compl\u00e9ments post\u00e9s sur l\u2019application. Nous vous souhaitons une tr\u00e8s bonne lecture,  Nicole CASADEVALL Coordinatrice du dossier SMP nicole.casadevall@sat.aphp.fr  William VAINCHENKER Pr\u00e9sident du conseil scientifique du FIM verpre@igr.fr","og_url":"https:\/\/horizonshemato.com\/en\/product\/horizons-hemato-vol-2-n3-sept-2012\/","og_site_name":"Horizons H\u00e9mato","article_modified_time":"2024-01-08T17:17:11+00:00","og_image":[{"width":938,"height":938,"url":"https:\/\/horizonshemato.com\/wp-content\/uploads\/2018\/10\/HH-VOL2-N3.jpg","type":"image\/jpeg"}],"twitter_card":"summary_large_image","schema":{"@context":"https:\/\/schema.org","@graph":[{"@type":"WebPage","@id":"https:\/\/horizonshemato.com\/product\/horizons-hemato-vol-2-n3-sept-2012\/","url":"https:\/\/horizonshemato.com\/product\/horizons-hemato-vol-2-n3-sept-2012\/","name":"Horizons H\u00e9mato \u2013 Vol. 2 n\u00b03 \u2013 Sept. 2012 - Horizons H\u00e9mato","isPartOf":{"@id":"https:\/\/horizonshemato.com\/#website"},"primaryImageOfPage":{"@id":"https:\/\/horizonshemato.com\/product\/horizons-hemato-vol-2-n3-sept-2012\/#primaryimage"},"image":{"@id":"https:\/\/horizonshemato.com\/product\/horizons-hemato-vol-2-n3-sept-2012\/#primaryimage"},"thumbnailUrl":"https:\/\/horizonshemato.com\/wp-content\/uploads\/2018\/10\/HH-VOL2-N3.jpg","datePublished":"2018-10-18T10:16:55+00:00","dateModified":"2024-01-08T17:17:11+00:00","breadcrumb":{"@id":"https:\/\/horizonshemato.com\/product\/horizons-hemato-vol-2-n3-sept-2012\/#breadcrumb"},"inLanguage":"en-US","potentialAction":[{"@type":"ReadAction","target":["https:\/\/horizonshemato.com\/product\/horizons-hemato-vol-2-n3-sept-2012\/"]}]},{"@type":"ImageObject","inLanguage":"en-US","@id":"https:\/\/horizonshemato.com\/product\/horizons-hemato-vol-2-n3-sept-2012\/#primaryimage","url":"https:\/\/horizonshemato.com\/wp-content\/uploads\/2018\/10\/HH-VOL2-N3.jpg","contentUrl":"https:\/\/horizonshemato.com\/wp-content\/uploads\/2018\/10\/HH-VOL2-N3.jpg","width":938,"height":938},{"@type":"BreadcrumbList","@id":"https:\/\/horizonshemato.com\/product\/horizons-hemato-vol-2-n3-sept-2012\/#breadcrumb","itemListElement":[{"@type":"ListItem","position":1,"name":"Accueil","item":"https:\/\/horizonshemato.com\/"},{"@type":"ListItem","position":2,"name":"Boutique","item":"https:\/\/horizonshemato.com\/boutique\/"},{"@type":"ListItem","position":3,"name":"Horizons H\u00e9mato \u2013 Vol. 2 n\u00b03 \u2013 Sept. 2012"}]},{"@type":"WebSite","@id":"https:\/\/horizonshemato.com\/#website","url":"https:\/\/horizonshemato.com\/","name":"Horizons H\u00e9mato","description":"La revue des pratiques en h\u00e9matologie","potentialAction":[{"@type":"SearchAction","target":{"@type":"EntryPoint","urlTemplate":"https:\/\/horizonshemato.com\/?s={search_term_string}"},"query-input":{"@type":"PropertyValueSpecification","valueRequired":true,"valueName":"search_term_string"}}],"inLanguage":"en-US"}]}},"_links":{"self":[{"href":"https:\/\/horizonshemato.com\/en\/wp-json\/wp\/v2\/product\/13898","targetHints":{"allow":["GET"]}}],"collection":[{"href":"https:\/\/horizonshemato.com\/en\/wp-json\/wp\/v2\/product"}],"about":[{"href":"https:\/\/horizonshemato.com\/en\/wp-json\/wp\/v2\/types\/product"}],"wp:featuredmedia":[{"embeddable":true,"href":"https:\/\/horizonshemato.com\/en\/wp-json\/wp\/v2\/media\/13900"}],"wp:attachment":[{"href":"https:\/\/horizonshemato.com\/en\/wp-json\/wp\/v2\/media?parent=13898"}],"wp:term":[{"taxonomy":"product_brand","embeddable":true,"href":"https:\/\/horizonshemato.com\/en\/wp-json\/wp\/v2\/product_brand?post=13898"},{"taxonomy":"product_cat","embeddable":true,"href":"https:\/\/horizonshemato.com\/en\/wp-json\/wp\/v2\/product_cat?post=13898"},{"taxonomy":"product_tag","embeddable":true,"href":"https:\/\/horizonshemato.com\/en\/wp-json\/wp\/v2\/product_tag?post=13898"}],"curies":[{"name":"wp","href":"https:\/\/api.w.org\/{rel}","templated":true}]}}