{"id":13895,"date":"2018-10-18T10:10:40","date_gmt":"2018-10-18T10:10:40","guid":{"rendered":"http:\/\/horizonshemato.com\/?post_type=product&#038;p=13895"},"modified":"2024-01-08T17:17:11","modified_gmt":"2024-01-08T17:17:11","slug":"horizons-hemato-vol-2-n2-juin-2012","status":"publish","type":"product","link":"https:\/\/horizonshemato.com\/en\/product\/horizons-hemato-vol-2-n2-juin-2012\/","title":{"rendered":"Horizons H\u00e9mato \u2013 Vol. 2 n\u00b02 \u2013 Juin 2012"},"content":{"rendered":"<p>Magazine au format num\u00e9rique.<br \/>\nEnvois en version papier sur demande.<\/p>","protected":false},"excerpt":{"rendered":"<p>L\u2019allogreffe de cellules souches h\u00e9matopo\u00ef\u00e9tiques est un traitement qui est actuellement en pleine expansion tant sur le plan national qu\u2019international. Cette augmentation significative de l\u2019activit\u00e9 au d\u00e9cours des dix derni\u00e8res ann\u00e9es est li\u00e9e essentiellement \u00e0 l\u2019introduction des conditionnements dits \u00e0 intensit\u00e9 ou toxicit\u00e9 r\u00e9duite qui ont permis l\u2019acc\u00e8s \u00e0 l\u2019allogreffe \u00e0 des patients de plus en plus \u00e2g\u00e9s, mais \u00e9galement \u00e0 des patients ayant des comorbidit\u00e9s qui, jusque-l\u00e0, \u00e9taient consid\u00e9r\u00e9es comme des contre-indications \u00e0 l\u2019allogreffe. Une autre raison \u00e0 l\u2019augmentation de cette activit\u00e9 est celle de l\u2019utilisation de donneurs de cellules souches dits alternatifs comme les donneurs volontaires HLA identiques ou encore les donneurs dits haplo identiques, et les sangs de cordons. Malgr\u00e9 le traitement de patients de plus en plus lourds et des pathologies de plus en plus de haut risque, la toxicit\u00e9 li\u00e9e \u00e0 la greffe, du moins dans les premiers temps post-allogreffe, a \u00e9t\u00e9 \u00e9galement nettement<\/p>\n<p>diminu\u00e9e au cours des dix derni\u00e8res ann\u00e9es. Une grande part de cette diminution des toxicit\u00e9s est li\u00e9e \u00e0 la mise au point de protocoles de traitements de support de plus en plus efficaces, mais aussi \u00e0 l\u2019utilisation d\u2019agents th\u00e9rapeutiques dont le profil de toxicit\u00e9 est tr\u00e8s favorable.<br \/>\nCe num\u00e9ro de la revue Horizons H\u00e9mato consacre un dossier visant \u00e0 faire le point sur l\u2019\u00e9tat actuel et les d\u00e9veloppements attendus gr\u00e2ce \u00e0 l\u2019utilisation de nouveaux agents th\u00e9rapeutiques dont un grand nombre est d\u00e9j\u00e0 utilis\u00e9 en dehors du contexte de l\u2019allogreffe. Les diff\u00e9rents articles ont \u00e9t\u00e9 \u00e9labor\u00e9s avec un grand soin par des sp\u00e9cialistes confirm\u00e9s dans leur domaine, mais \u00e9galement gr\u00e2ce \u00e0 des coll\u00e8gues plus jeunes qui ont fourni un effort remarquable de synth\u00e8se.<br \/>\nLes diff\u00e9rents th\u00e8mes abord\u00e9s dans ce \u00ab Grand Angle \u00bb permettront certainement de fournir aux investigateurs impliqu\u00e9s dans ce domaine des informations pr\u00e9cises pour mieux comprendre les enjeux et donc d\u2019identifier les besoins et les domaines de recherche \u00e0 d\u00e9velopper.<\/p>\n<p>Bonne lecture<strong>,<br \/>\n<\/strong><strong>Pr. Mohamad MOHTY<\/strong><\/p>","protected":false},"featured_media":13897,"template":"","meta":{"_monsterinsights_skip_tracking":false,"_monsterinsights_sitenote_active":false,"_monsterinsights_sitenote_note":"","_monsterinsights_sitenote_category":0},"product_brand":[],"product_cat":[116],"product_tag":[],"class_list":{"0":"post-13895","1":"product","2":"type-product","3":"status-publish","4":"has-post-thumbnail","6":"product_cat-coordonne-par-mohamed-mohty","8":"first","9":"instock","10":"downloadable","11":"shipping-taxable","12":"purchasable","13":"product-type-simple"},"yoast_head":"<!-- This site is optimized with the Yoast SEO plugin v27.1.1 - https:\/\/yoast.com\/product\/yoast-seo-wordpress\/ -->\n<title>Horizons H\u00e9mato \u2013 Vol. 2 n\u00b02 \u2013 Juin 2012 - Horizons H\u00e9mato<\/title>\n<meta name=\"robots\" content=\"index, follow, max-snippet:-1, max-image-preview:large, max-video-preview:-1\" \/>\n<link rel=\"canonical\" href=\"https:\/\/horizonshemato.com\/en\/product\/horizons-hemato-vol-2-n2-juin-2012\/\" \/>\n<meta property=\"og:locale\" content=\"en_US\" \/>\n<meta property=\"og:type\" content=\"article\" \/>\n<meta property=\"og:title\" content=\"Horizons H\u00e9mato \u2013 Vol. 2 n\u00b02 \u2013 Juin 2012 - Horizons H\u00e9mato\" \/>\n<meta property=\"og:description\" content=\"L\u2019allogreffe de cellules souches h\u00e9matopo\u00ef\u00e9tiques est un traitement qui est actuellement en pleine expansion tant sur le plan national qu\u2019international. Cette augmentation significative de l\u2019activit\u00e9 au d\u00e9cours des dix derni\u00e8res ann\u00e9es est li\u00e9e essentiellement \u00e0 l\u2019introduction des conditionnements dits \u00e0 intensit\u00e9 ou toxicit\u00e9 r\u00e9duite qui ont permis l\u2019acc\u00e8s \u00e0 l\u2019allogreffe \u00e0 des patients de plus en plus \u00e2g\u00e9s, mais \u00e9galement \u00e0 des patients ayant des comorbidit\u00e9s qui, jusque-l\u00e0, \u00e9taient consid\u00e9r\u00e9es comme des contre-indications \u00e0 l\u2019allogreffe. Une autre raison \u00e0 l\u2019augmentation de cette activit\u00e9 est celle de l\u2019utilisation de donneurs de cellules souches dits alternatifs comme les donneurs volontaires HLA identiques ou encore les donneurs dits haplo identiques, et les sangs de cordons. Malgr\u00e9 le traitement de patients de plus en plus lourds et des pathologies de plus en plus de haut risque, la toxicit\u00e9 li\u00e9e \u00e0 la greffe, du moins dans les premiers temps post-allogreffe, a \u00e9t\u00e9 \u00e9galement nettement  diminu\u00e9e au cours des dix derni\u00e8res ann\u00e9es. Une grande part de cette diminution des toxicit\u00e9s est li\u00e9e \u00e0 la mise au point de protocoles de traitements de support de plus en plus efficaces, mais aussi \u00e0 l\u2019utilisation d\u2019agents th\u00e9rapeutiques dont le profil de toxicit\u00e9 est tr\u00e8s favorable. Ce num\u00e9ro de la revue Horizons H\u00e9mato consacre un dossier visant \u00e0 faire le point sur l\u2019\u00e9tat actuel et les d\u00e9veloppements attendus gr\u00e2ce \u00e0 l\u2019utilisation de nouveaux agents th\u00e9rapeutiques dont un grand nombre est d\u00e9j\u00e0 utilis\u00e9 en dehors du contexte de l\u2019allogreffe. Les diff\u00e9rents articles ont \u00e9t\u00e9 \u00e9labor\u00e9s avec un grand soin par des sp\u00e9cialistes confirm\u00e9s dans leur domaine, mais \u00e9galement gr\u00e2ce \u00e0 des coll\u00e8gues plus jeunes qui ont fourni un effort remarquable de synth\u00e8se. Les diff\u00e9rents th\u00e8mes abord\u00e9s dans ce \u00ab Grand Angle \u00bb permettront certainement de fournir aux investigateurs impliqu\u00e9s dans ce domaine des informations pr\u00e9cises pour mieux comprendre les enjeux et donc d\u2019identifier les besoins et les domaines de recherche \u00e0 d\u00e9velopper.  Bonne lecture, Pr. Mohamad MOHTY\" \/>\n<meta property=\"og:url\" content=\"https:\/\/horizonshemato.com\/en\/product\/horizons-hemato-vol-2-n2-juin-2012\/\" \/>\n<meta property=\"og:site_name\" content=\"Horizons H\u00e9mato\" \/>\n<meta property=\"article:modified_time\" content=\"2024-01-08T17:17:11+00:00\" \/>\n<meta property=\"og:image\" content=\"https:\/\/horizonshemato.com\/wp-content\/uploads\/2018\/10\/HH-VOL2-N2.jpg\" \/>\n\t<meta property=\"og:image:width\" content=\"938\" \/>\n\t<meta property=\"og:image:height\" content=\"938\" \/>\n\t<meta property=\"og:image:type\" content=\"image\/jpeg\" \/>\n<meta name=\"twitter:card\" content=\"summary_large_image\" \/>\n<script type=\"application\/ld+json\" class=\"yoast-schema-graph\">{\"@context\":\"https:\/\/schema.org\",\"@graph\":[{\"@type\":\"WebPage\",\"@id\":\"https:\/\/horizonshemato.com\/product\/horizons-hemato-vol-2-n2-juin-2012\/\",\"url\":\"https:\/\/horizonshemato.com\/product\/horizons-hemato-vol-2-n2-juin-2012\/\",\"name\":\"Horizons H\u00e9mato \u2013 Vol. 2 n\u00b02 \u2013 Juin 2012 - Horizons H\u00e9mato\",\"isPartOf\":{\"@id\":\"https:\/\/horizonshemato.com\/#website\"},\"primaryImageOfPage\":{\"@id\":\"https:\/\/horizonshemato.com\/product\/horizons-hemato-vol-2-n2-juin-2012\/#primaryimage\"},\"image\":{\"@id\":\"https:\/\/horizonshemato.com\/product\/horizons-hemato-vol-2-n2-juin-2012\/#primaryimage\"},\"thumbnailUrl\":\"https:\/\/horizonshemato.com\/wp-content\/uploads\/2018\/10\/HH-VOL2-N2.jpg\",\"datePublished\":\"2018-10-18T10:10:40+00:00\",\"dateModified\":\"2024-01-08T17:17:11+00:00\",\"breadcrumb\":{\"@id\":\"https:\/\/horizonshemato.com\/product\/horizons-hemato-vol-2-n2-juin-2012\/#breadcrumb\"},\"inLanguage\":\"en-US\",\"potentialAction\":[{\"@type\":\"ReadAction\",\"target\":[\"https:\/\/horizonshemato.com\/product\/horizons-hemato-vol-2-n2-juin-2012\/\"]}]},{\"@type\":\"ImageObject\",\"inLanguage\":\"en-US\",\"@id\":\"https:\/\/horizonshemato.com\/product\/horizons-hemato-vol-2-n2-juin-2012\/#primaryimage\",\"url\":\"https:\/\/horizonshemato.com\/wp-content\/uploads\/2018\/10\/HH-VOL2-N2.jpg\",\"contentUrl\":\"https:\/\/horizonshemato.com\/wp-content\/uploads\/2018\/10\/HH-VOL2-N2.jpg\",\"width\":938,\"height\":938},{\"@type\":\"BreadcrumbList\",\"@id\":\"https:\/\/horizonshemato.com\/product\/horizons-hemato-vol-2-n2-juin-2012\/#breadcrumb\",\"itemListElement\":[{\"@type\":\"ListItem\",\"position\":1,\"name\":\"Accueil\",\"item\":\"https:\/\/horizonshemato.com\/\"},{\"@type\":\"ListItem\",\"position\":2,\"name\":\"Boutique\",\"item\":\"https:\/\/horizonshemato.com\/boutique\/\"},{\"@type\":\"ListItem\",\"position\":3,\"name\":\"Horizons H\u00e9mato \u2013 Vol. 2 n\u00b02 \u2013 Juin 2012\"}]},{\"@type\":\"WebSite\",\"@id\":\"https:\/\/horizonshemato.com\/#website\",\"url\":\"https:\/\/horizonshemato.com\/\",\"name\":\"Horizons H\u00e9mato\",\"description\":\"La revue des pratiques en h\u00e9matologie\",\"potentialAction\":[{\"@type\":\"SearchAction\",\"target\":{\"@type\":\"EntryPoint\",\"urlTemplate\":\"https:\/\/horizonshemato.com\/?s={search_term_string}\"},\"query-input\":{\"@type\":\"PropertyValueSpecification\",\"valueRequired\":true,\"valueName\":\"search_term_string\"}}],\"inLanguage\":\"en-US\"}]}<\/script>\n<!-- \/ Yoast SEO plugin. -->","yoast_head_json":{"title":"Horizons H\u00e9mato \u2013 Vol. 2 n\u00b02 \u2013 Juin 2012 - Horizons H\u00e9mato","robots":{"index":"index","follow":"follow","max-snippet":"max-snippet:-1","max-image-preview":"max-image-preview:large","max-video-preview":"max-video-preview:-1"},"canonical":"https:\/\/horizonshemato.com\/en\/product\/horizons-hemato-vol-2-n2-juin-2012\/","og_locale":"en_US","og_type":"article","og_title":"Horizons H\u00e9mato \u2013 Vol. 2 n\u00b02 \u2013 Juin 2012 - Horizons H\u00e9mato","og_description":"L\u2019allogreffe de cellules souches h\u00e9matopo\u00ef\u00e9tiques est un traitement qui est actuellement en pleine expansion tant sur le plan national qu\u2019international. Cette augmentation significative de l\u2019activit\u00e9 au d\u00e9cours des dix derni\u00e8res ann\u00e9es est li\u00e9e essentiellement \u00e0 l\u2019introduction des conditionnements dits \u00e0 intensit\u00e9 ou toxicit\u00e9 r\u00e9duite qui ont permis l\u2019acc\u00e8s \u00e0 l\u2019allogreffe \u00e0 des patients de plus en plus \u00e2g\u00e9s, mais \u00e9galement \u00e0 des patients ayant des comorbidit\u00e9s qui, jusque-l\u00e0, \u00e9taient consid\u00e9r\u00e9es comme des contre-indications \u00e0 l\u2019allogreffe. Une autre raison \u00e0 l\u2019augmentation de cette activit\u00e9 est celle de l\u2019utilisation de donneurs de cellules souches dits alternatifs comme les donneurs volontaires HLA identiques ou encore les donneurs dits haplo identiques, et les sangs de cordons. Malgr\u00e9 le traitement de patients de plus en plus lourds et des pathologies de plus en plus de haut risque, la toxicit\u00e9 li\u00e9e \u00e0 la greffe, du moins dans les premiers temps post-allogreffe, a \u00e9t\u00e9 \u00e9galement nettement  diminu\u00e9e au cours des dix derni\u00e8res ann\u00e9es. Une grande part de cette diminution des toxicit\u00e9s est li\u00e9e \u00e0 la mise au point de protocoles de traitements de support de plus en plus efficaces, mais aussi \u00e0 l\u2019utilisation d\u2019agents th\u00e9rapeutiques dont le profil de toxicit\u00e9 est tr\u00e8s favorable. Ce num\u00e9ro de la revue Horizons H\u00e9mato consacre un dossier visant \u00e0 faire le point sur l\u2019\u00e9tat actuel et les d\u00e9veloppements attendus gr\u00e2ce \u00e0 l\u2019utilisation de nouveaux agents th\u00e9rapeutiques dont un grand nombre est d\u00e9j\u00e0 utilis\u00e9 en dehors du contexte de l\u2019allogreffe. Les diff\u00e9rents articles ont \u00e9t\u00e9 \u00e9labor\u00e9s avec un grand soin par des sp\u00e9cialistes confirm\u00e9s dans leur domaine, mais \u00e9galement gr\u00e2ce \u00e0 des coll\u00e8gues plus jeunes qui ont fourni un effort remarquable de synth\u00e8se. Les diff\u00e9rents th\u00e8mes abord\u00e9s dans ce \u00ab Grand Angle \u00bb permettront certainement de fournir aux investigateurs impliqu\u00e9s dans ce domaine des informations pr\u00e9cises pour mieux comprendre les enjeux et donc d\u2019identifier les besoins et les domaines de recherche \u00e0 d\u00e9velopper.  Bonne lecture, Pr. Mohamad MOHTY","og_url":"https:\/\/horizonshemato.com\/en\/product\/horizons-hemato-vol-2-n2-juin-2012\/","og_site_name":"Horizons H\u00e9mato","article_modified_time":"2024-01-08T17:17:11+00:00","og_image":[{"width":938,"height":938,"url":"https:\/\/horizonshemato.com\/wp-content\/uploads\/2018\/10\/HH-VOL2-N2.jpg","type":"image\/jpeg"}],"twitter_card":"summary_large_image","schema":{"@context":"https:\/\/schema.org","@graph":[{"@type":"WebPage","@id":"https:\/\/horizonshemato.com\/product\/horizons-hemato-vol-2-n2-juin-2012\/","url":"https:\/\/horizonshemato.com\/product\/horizons-hemato-vol-2-n2-juin-2012\/","name":"Horizons H\u00e9mato \u2013 Vol. 2 n\u00b02 \u2013 Juin 2012 - Horizons H\u00e9mato","isPartOf":{"@id":"https:\/\/horizonshemato.com\/#website"},"primaryImageOfPage":{"@id":"https:\/\/horizonshemato.com\/product\/horizons-hemato-vol-2-n2-juin-2012\/#primaryimage"},"image":{"@id":"https:\/\/horizonshemato.com\/product\/horizons-hemato-vol-2-n2-juin-2012\/#primaryimage"},"thumbnailUrl":"https:\/\/horizonshemato.com\/wp-content\/uploads\/2018\/10\/HH-VOL2-N2.jpg","datePublished":"2018-10-18T10:10:40+00:00","dateModified":"2024-01-08T17:17:11+00:00","breadcrumb":{"@id":"https:\/\/horizonshemato.com\/product\/horizons-hemato-vol-2-n2-juin-2012\/#breadcrumb"},"inLanguage":"en-US","potentialAction":[{"@type":"ReadAction","target":["https:\/\/horizonshemato.com\/product\/horizons-hemato-vol-2-n2-juin-2012\/"]}]},{"@type":"ImageObject","inLanguage":"en-US","@id":"https:\/\/horizonshemato.com\/product\/horizons-hemato-vol-2-n2-juin-2012\/#primaryimage","url":"https:\/\/horizonshemato.com\/wp-content\/uploads\/2018\/10\/HH-VOL2-N2.jpg","contentUrl":"https:\/\/horizonshemato.com\/wp-content\/uploads\/2018\/10\/HH-VOL2-N2.jpg","width":938,"height":938},{"@type":"BreadcrumbList","@id":"https:\/\/horizonshemato.com\/product\/horizons-hemato-vol-2-n2-juin-2012\/#breadcrumb","itemListElement":[{"@type":"ListItem","position":1,"name":"Accueil","item":"https:\/\/horizonshemato.com\/"},{"@type":"ListItem","position":2,"name":"Boutique","item":"https:\/\/horizonshemato.com\/boutique\/"},{"@type":"ListItem","position":3,"name":"Horizons H\u00e9mato \u2013 Vol. 2 n\u00b02 \u2013 Juin 2012"}]},{"@type":"WebSite","@id":"https:\/\/horizonshemato.com\/#website","url":"https:\/\/horizonshemato.com\/","name":"Horizons H\u00e9mato","description":"La revue des pratiques en h\u00e9matologie","potentialAction":[{"@type":"SearchAction","target":{"@type":"EntryPoint","urlTemplate":"https:\/\/horizonshemato.com\/?s={search_term_string}"},"query-input":{"@type":"PropertyValueSpecification","valueRequired":true,"valueName":"search_term_string"}}],"inLanguage":"en-US"}]}},"_links":{"self":[{"href":"https:\/\/horizonshemato.com\/en\/wp-json\/wp\/v2\/product\/13895","targetHints":{"allow":["GET"]}}],"collection":[{"href":"https:\/\/horizonshemato.com\/en\/wp-json\/wp\/v2\/product"}],"about":[{"href":"https:\/\/horizonshemato.com\/en\/wp-json\/wp\/v2\/types\/product"}],"wp:featuredmedia":[{"embeddable":true,"href":"https:\/\/horizonshemato.com\/en\/wp-json\/wp\/v2\/media\/13897"}],"wp:attachment":[{"href":"https:\/\/horizonshemato.com\/en\/wp-json\/wp\/v2\/media?parent=13895"}],"wp:term":[{"taxonomy":"product_brand","embeddable":true,"href":"https:\/\/horizonshemato.com\/en\/wp-json\/wp\/v2\/product_brand?post=13895"},{"taxonomy":"product_cat","embeddable":true,"href":"https:\/\/horizonshemato.com\/en\/wp-json\/wp\/v2\/product_cat?post=13895"},{"taxonomy":"product_tag","embeddable":true,"href":"https:\/\/horizonshemato.com\/en\/wp-json\/wp\/v2\/product_tag?post=13895"}],"curies":[{"name":"wp","href":"https:\/\/api.w.org\/{rel}","templated":true}]}}