{"id":13891,"date":"2018-10-18T09:50:29","date_gmt":"2018-10-18T09:50:29","guid":{"rendered":"http:\/\/horizonshemato.com\/?post_type=product&#038;p=13891"},"modified":"2024-01-08T17:17:11","modified_gmt":"2024-01-08T17:17:11","slug":"horizons-hemato-vol-2-n1-mars-2012","status":"publish","type":"product","link":"https:\/\/horizonshemato.com\/en\/product\/horizons-hemato-vol-2-n1-mars-2012\/","title":{"rendered":"Horizons H\u00e9mato \u2013 Vol. 2 n\u00b01 \u2013 Mars 2012"},"content":{"rendered":"<p>Magazine au format num\u00e9rique.<br \/>\nEnvois en version papier sur demande.<\/p>","protected":false},"excerpt":{"rendered":"<p>Le num\u00e9ro 3 d\u2019Horizons H\u00e9mato nous propose de faire un tour d\u2019horizon complet sur la Leuc\u00e9mie Lympho\u00efde Chronique (LLC), la leuc\u00e9mie la plus fr\u00e9quente des pays de l\u2019Ouest (4000 nouveaux cas incidents en France en 2011). Le \u00ab Grand angle \u00bb, de ce fait,\u00a0aborde la pathologie sous ses multiples facettes, allant des aspects parfois m\u00e9connus \u00e9pid\u00e9miologiques ou plus fondamentaux \u00e0 une prise en charge th\u00e9rapeutique adapt\u00e9e \u00e0 chaque patient, sans oublier les nombreux aspects novateurs (drogues de mieux en mieux cibl\u00e9es) permettant \u00e0 l\u2019ensemble de la collectivit\u00e9 m\u00e9dicale scientifique et \u00e0 tous nos patients de nourrir des espoirs de gu\u00e9rison chez les sujets jeunes ou d\u2019am\u00e9lioration de la qualit\u00e9 de vie chez les patients plus \u00e2g\u00e9s pr\u00e9sentant parfois des comorbidit\u00e9s. Les groupes scientifiques doivent promouvoir l\u2019am\u00e9lioration des connaissances de la maladie.<br \/>\nLa mise en place r\u00e9cente de l\u2019Intergroupe illustre notre volont\u00e9 affirm\u00e9e de mutualiser l\u2019ensemble<br \/>\nde nos comp\u00e9tences et de nos moyens.<br \/>\nLe dynamisme de ce groupe repr\u00e9sent\u00e9 par notre pr\u00e9sidente V\u00e9ronique Leblond et nos pr\u00e9sidents<br \/>\ndu Conseil Scientifique, Alain Delmer et Pierre Feugier, permet la mise en place sur tout le territoire\u00a0de nombreux essais cliniques nationaux voire internationaux. Les projets multiples port\u00e9s et soutenus par l\u2019association des patients SILLC, en coordination avec nos tutelles institutionnelles et scientifiques, illustrent aussi la place pr\u00e9dominante que nous accordons tous aux patients. Enfin, les publications scientifiques consacr\u00e9es \u00e0 la LLC et index\u00e9es dans PubMed (une seule en 1949 et 872 en 2011) illustrent l\u2019int\u00e9r\u00eat croissant de la collectivit\u00e9 m\u00e9dicale \u00e0 cette h\u00e9mopathie maligne. Nous sommes aussi fiers que la France soit dans le top 5 des publications.<br \/>\nJe remercie l\u2019ensemble des auteurs, qui ont fait preuve d\u2019une grande p\u00e9dagogie et qui ont tous contribu\u00e9 \u00e0 la r\u00e9ussite de ce num\u00e9ro de tr\u00e8s grande qualit\u00e9. Tous les aspects de la maladie ont \u00e9t\u00e9 regard\u00e9s et trait\u00e9s avec beaucoup d\u2019attention, m\u00eame si certains aspects, en particulier le point de vue de l\u2019infirmi\u00e8re ont \u00e9t\u00e9 omis uniquement pour des raisons organisationnelles.<br \/>\nLa mise en place d\u2019un Fond de dotation \u00ab Force H\u00e9mato \u00bb nous permettra de d\u00e9velopper et structurer la recherche clinique et fondamentale et de mettre en place de fa\u00e7on organis\u00e9e des th\u00e8ques.<br \/>\nLa LLC, nous l\u2019esp\u00e9rons, sera reconnue comme une grande cause nationale dans les prochaines ann\u00e9es.<\/p>\n<p><strong>Pr Xavier Troussard<\/strong><br \/>\nH\u00e9matologie, CHU C\u00f4te de Nacre, Caen<br \/>\nCoordinateur du Grand Angle<\/p>","protected":false},"featured_media":13894,"template":"","meta":{"_monsterinsights_skip_tracking":false,"_monsterinsights_sitenote_active":false,"_monsterinsights_sitenote_note":"","_monsterinsights_sitenote_category":0},"product_brand":[],"product_cat":[84],"product_tag":[],"class_list":{"0":"post-13891","1":"product","2":"type-product","3":"status-publish","4":"has-post-thumbnail","6":"product_cat-leucemie-lymphoide-chronique-llc","8":"first","9":"instock","10":"downloadable","11":"shipping-taxable","12":"purchasable","13":"product-type-simple"},"yoast_head":"<!-- This site is optimized with the Yoast SEO plugin v27.1.1 - https:\/\/yoast.com\/product\/yoast-seo-wordpress\/ -->\n<title>Horizons H\u00e9mato \u2013 Vol. 2 n\u00b01 \u2013 Mars 2012 - Horizons H\u00e9mato<\/title>\n<meta name=\"robots\" content=\"index, follow, max-snippet:-1, max-image-preview:large, max-video-preview:-1\" \/>\n<link rel=\"canonical\" href=\"https:\/\/horizonshemato.com\/en\/product\/horizons-hemato-vol-2-n1-mars-2012\/\" \/>\n<meta property=\"og:locale\" content=\"en_US\" \/>\n<meta property=\"og:type\" content=\"article\" \/>\n<meta property=\"og:title\" content=\"Horizons H\u00e9mato \u2013 Vol. 2 n\u00b01 \u2013 Mars 2012 - Horizons H\u00e9mato\" \/>\n<meta property=\"og:description\" content=\"Le num\u00e9ro 3 d\u2019Horizons H\u00e9mato nous propose de faire un tour d\u2019horizon complet sur la Leuc\u00e9mie Lympho\u00efde Chronique (LLC), la leuc\u00e9mie la plus fr\u00e9quente des pays de l\u2019Ouest (4000 nouveaux cas incidents en France en 2011). Le \u00ab Grand angle \u00bb, de ce fait,\u00a0aborde la pathologie sous ses multiples facettes, allant des aspects parfois m\u00e9connus \u00e9pid\u00e9miologiques ou plus fondamentaux \u00e0 une prise en charge th\u00e9rapeutique adapt\u00e9e \u00e0 chaque patient, sans oublier les nombreux aspects novateurs (drogues de mieux en mieux cibl\u00e9es) permettant \u00e0 l\u2019ensemble de la collectivit\u00e9 m\u00e9dicale scientifique et \u00e0 tous nos patients de nourrir des espoirs de gu\u00e9rison chez les sujets jeunes ou d\u2019am\u00e9lioration de la qualit\u00e9 de vie chez les patients plus \u00e2g\u00e9s pr\u00e9sentant parfois des comorbidit\u00e9s. Les groupes scientifiques doivent promouvoir l\u2019am\u00e9lioration des connaissances de la maladie. La mise en place r\u00e9cente de l\u2019Intergroupe illustre notre volont\u00e9 affirm\u00e9e de mutualiser l\u2019ensemble de nos comp\u00e9tences et de nos moyens. Le dynamisme de ce groupe repr\u00e9sent\u00e9 par notre pr\u00e9sidente V\u00e9ronique Leblond et nos pr\u00e9sidents du Conseil Scientifique, Alain Delmer et Pierre Feugier, permet la mise en place sur tout le territoire\u00a0de nombreux essais cliniques nationaux voire internationaux. Les projets multiples port\u00e9s et soutenus par l\u2019association des patients SILLC, en coordination avec nos tutelles institutionnelles et scientifiques, illustrent aussi la place pr\u00e9dominante que nous accordons tous aux patients. Enfin, les publications scientifiques consacr\u00e9es \u00e0 la LLC et index\u00e9es dans PubMed (une seule en 1949 et 872 en 2011) illustrent l\u2019int\u00e9r\u00eat croissant de la collectivit\u00e9 m\u00e9dicale \u00e0 cette h\u00e9mopathie maligne. Nous sommes aussi fiers que la France soit dans le top 5 des publications. Je remercie l\u2019ensemble des auteurs, qui ont fait preuve d\u2019une grande p\u00e9dagogie et qui ont tous contribu\u00e9 \u00e0 la r\u00e9ussite de ce num\u00e9ro de tr\u00e8s grande qualit\u00e9. Tous les aspects de la maladie ont \u00e9t\u00e9 regard\u00e9s et trait\u00e9s avec beaucoup d\u2019attention, m\u00eame si certains aspects, en particulier le point de vue de l\u2019infirmi\u00e8re ont \u00e9t\u00e9 omis uniquement pour des raisons organisationnelles. La mise en place d\u2019un Fond de dotation \u00ab Force H\u00e9mato \u00bb nous permettra de d\u00e9velopper et structurer la recherche clinique et fondamentale et de mettre en place de fa\u00e7on organis\u00e9e des th\u00e8ques. La LLC, nous l\u2019esp\u00e9rons, sera reconnue comme une grande cause nationale dans les prochaines ann\u00e9es.  Pr Xavier Troussard H\u00e9matologie, CHU C\u00f4te de Nacre, Caen Coordinateur du Grand Angle\" \/>\n<meta property=\"og:url\" content=\"https:\/\/horizonshemato.com\/en\/product\/horizons-hemato-vol-2-n1-mars-2012\/\" \/>\n<meta property=\"og:site_name\" content=\"Horizons H\u00e9mato\" \/>\n<meta property=\"article:modified_time\" content=\"2024-01-08T17:17:11+00:00\" \/>\n<meta property=\"og:image\" content=\"https:\/\/horizonshemato.com\/wp-content\/uploads\/2018\/10\/HH-VOL2-N1.jpg\" \/>\n\t<meta property=\"og:image:width\" content=\"938\" \/>\n\t<meta property=\"og:image:height\" content=\"938\" \/>\n\t<meta property=\"og:image:type\" content=\"image\/jpeg\" \/>\n<meta name=\"twitter:card\" content=\"summary_large_image\" \/>\n<script type=\"application\/ld+json\" class=\"yoast-schema-graph\">{\"@context\":\"https:\/\/schema.org\",\"@graph\":[{\"@type\":\"WebPage\",\"@id\":\"https:\/\/horizonshemato.com\/product\/horizons-hemato-vol-2-n1-mars-2012\/\",\"url\":\"https:\/\/horizonshemato.com\/product\/horizons-hemato-vol-2-n1-mars-2012\/\",\"name\":\"Horizons H\u00e9mato \u2013 Vol. 2 n\u00b01 \u2013 Mars 2012 - Horizons H\u00e9mato\",\"isPartOf\":{\"@id\":\"https:\/\/horizonshemato.com\/#website\"},\"primaryImageOfPage\":{\"@id\":\"https:\/\/horizonshemato.com\/product\/horizons-hemato-vol-2-n1-mars-2012\/#primaryimage\"},\"image\":{\"@id\":\"https:\/\/horizonshemato.com\/product\/horizons-hemato-vol-2-n1-mars-2012\/#primaryimage\"},\"thumbnailUrl\":\"https:\/\/horizonshemato.com\/wp-content\/uploads\/2018\/10\/HH-VOL2-N1.jpg\",\"datePublished\":\"2018-10-18T09:50:29+00:00\",\"dateModified\":\"2024-01-08T17:17:11+00:00\",\"breadcrumb\":{\"@id\":\"https:\/\/horizonshemato.com\/product\/horizons-hemato-vol-2-n1-mars-2012\/#breadcrumb\"},\"inLanguage\":\"en-US\",\"potentialAction\":[{\"@type\":\"ReadAction\",\"target\":[\"https:\/\/horizonshemato.com\/product\/horizons-hemato-vol-2-n1-mars-2012\/\"]}]},{\"@type\":\"ImageObject\",\"inLanguage\":\"en-US\",\"@id\":\"https:\/\/horizonshemato.com\/product\/horizons-hemato-vol-2-n1-mars-2012\/#primaryimage\",\"url\":\"https:\/\/horizonshemato.com\/wp-content\/uploads\/2018\/10\/HH-VOL2-N1.jpg\",\"contentUrl\":\"https:\/\/horizonshemato.com\/wp-content\/uploads\/2018\/10\/HH-VOL2-N1.jpg\",\"width\":938,\"height\":938},{\"@type\":\"BreadcrumbList\",\"@id\":\"https:\/\/horizonshemato.com\/product\/horizons-hemato-vol-2-n1-mars-2012\/#breadcrumb\",\"itemListElement\":[{\"@type\":\"ListItem\",\"position\":1,\"name\":\"Accueil\",\"item\":\"https:\/\/horizonshemato.com\/\"},{\"@type\":\"ListItem\",\"position\":2,\"name\":\"Boutique\",\"item\":\"https:\/\/horizonshemato.com\/boutique\/\"},{\"@type\":\"ListItem\",\"position\":3,\"name\":\"Horizons H\u00e9mato \u2013 Vol. 2 n\u00b01 \u2013 Mars 2012\"}]},{\"@type\":\"WebSite\",\"@id\":\"https:\/\/horizonshemato.com\/#website\",\"url\":\"https:\/\/horizonshemato.com\/\",\"name\":\"Horizons H\u00e9mato\",\"description\":\"La revue des pratiques en h\u00e9matologie\",\"potentialAction\":[{\"@type\":\"SearchAction\",\"target\":{\"@type\":\"EntryPoint\",\"urlTemplate\":\"https:\/\/horizonshemato.com\/?s={search_term_string}\"},\"query-input\":{\"@type\":\"PropertyValueSpecification\",\"valueRequired\":true,\"valueName\":\"search_term_string\"}}],\"inLanguage\":\"en-US\"}]}<\/script>\n<!-- \/ Yoast SEO plugin. -->","yoast_head_json":{"title":"Horizons H\u00e9mato \u2013 Vol. 2 n\u00b01 \u2013 Mars 2012 - Horizons H\u00e9mato","robots":{"index":"index","follow":"follow","max-snippet":"max-snippet:-1","max-image-preview":"max-image-preview:large","max-video-preview":"max-video-preview:-1"},"canonical":"https:\/\/horizonshemato.com\/en\/product\/horizons-hemato-vol-2-n1-mars-2012\/","og_locale":"en_US","og_type":"article","og_title":"Horizons H\u00e9mato \u2013 Vol. 2 n\u00b01 \u2013 Mars 2012 - Horizons H\u00e9mato","og_description":"Le num\u00e9ro 3 d\u2019Horizons H\u00e9mato nous propose de faire un tour d\u2019horizon complet sur la Leuc\u00e9mie Lympho\u00efde Chronique (LLC), la leuc\u00e9mie la plus fr\u00e9quente des pays de l\u2019Ouest (4000 nouveaux cas incidents en France en 2011). Le \u00ab Grand angle \u00bb, de ce fait,\u00a0aborde la pathologie sous ses multiples facettes, allant des aspects parfois m\u00e9connus \u00e9pid\u00e9miologiques ou plus fondamentaux \u00e0 une prise en charge th\u00e9rapeutique adapt\u00e9e \u00e0 chaque patient, sans oublier les nombreux aspects novateurs (drogues de mieux en mieux cibl\u00e9es) permettant \u00e0 l\u2019ensemble de la collectivit\u00e9 m\u00e9dicale scientifique et \u00e0 tous nos patients de nourrir des espoirs de gu\u00e9rison chez les sujets jeunes ou d\u2019am\u00e9lioration de la qualit\u00e9 de vie chez les patients plus \u00e2g\u00e9s pr\u00e9sentant parfois des comorbidit\u00e9s. Les groupes scientifiques doivent promouvoir l\u2019am\u00e9lioration des connaissances de la maladie. La mise en place r\u00e9cente de l\u2019Intergroupe illustre notre volont\u00e9 affirm\u00e9e de mutualiser l\u2019ensemble de nos comp\u00e9tences et de nos moyens. Le dynamisme de ce groupe repr\u00e9sent\u00e9 par notre pr\u00e9sidente V\u00e9ronique Leblond et nos pr\u00e9sidents du Conseil Scientifique, Alain Delmer et Pierre Feugier, permet la mise en place sur tout le territoire\u00a0de nombreux essais cliniques nationaux voire internationaux. Les projets multiples port\u00e9s et soutenus par l\u2019association des patients SILLC, en coordination avec nos tutelles institutionnelles et scientifiques, illustrent aussi la place pr\u00e9dominante que nous accordons tous aux patients. Enfin, les publications scientifiques consacr\u00e9es \u00e0 la LLC et index\u00e9es dans PubMed (une seule en 1949 et 872 en 2011) illustrent l\u2019int\u00e9r\u00eat croissant de la collectivit\u00e9 m\u00e9dicale \u00e0 cette h\u00e9mopathie maligne. Nous sommes aussi fiers que la France soit dans le top 5 des publications. Je remercie l\u2019ensemble des auteurs, qui ont fait preuve d\u2019une grande p\u00e9dagogie et qui ont tous contribu\u00e9 \u00e0 la r\u00e9ussite de ce num\u00e9ro de tr\u00e8s grande qualit\u00e9. Tous les aspects de la maladie ont \u00e9t\u00e9 regard\u00e9s et trait\u00e9s avec beaucoup d\u2019attention, m\u00eame si certains aspects, en particulier le point de vue de l\u2019infirmi\u00e8re ont \u00e9t\u00e9 omis uniquement pour des raisons organisationnelles. La mise en place d\u2019un Fond de dotation \u00ab Force H\u00e9mato \u00bb nous permettra de d\u00e9velopper et structurer la recherche clinique et fondamentale et de mettre en place de fa\u00e7on organis\u00e9e des th\u00e8ques. La LLC, nous l\u2019esp\u00e9rons, sera reconnue comme une grande cause nationale dans les prochaines ann\u00e9es.  Pr Xavier Troussard H\u00e9matologie, CHU C\u00f4te de Nacre, Caen Coordinateur du Grand Angle","og_url":"https:\/\/horizonshemato.com\/en\/product\/horizons-hemato-vol-2-n1-mars-2012\/","og_site_name":"Horizons H\u00e9mato","article_modified_time":"2024-01-08T17:17:11+00:00","og_image":[{"width":938,"height":938,"url":"https:\/\/horizonshemato.com\/wp-content\/uploads\/2018\/10\/HH-VOL2-N1.jpg","type":"image\/jpeg"}],"twitter_card":"summary_large_image","schema":{"@context":"https:\/\/schema.org","@graph":[{"@type":"WebPage","@id":"https:\/\/horizonshemato.com\/product\/horizons-hemato-vol-2-n1-mars-2012\/","url":"https:\/\/horizonshemato.com\/product\/horizons-hemato-vol-2-n1-mars-2012\/","name":"Horizons H\u00e9mato \u2013 Vol. 2 n\u00b01 \u2013 Mars 2012 - Horizons H\u00e9mato","isPartOf":{"@id":"https:\/\/horizonshemato.com\/#website"},"primaryImageOfPage":{"@id":"https:\/\/horizonshemato.com\/product\/horizons-hemato-vol-2-n1-mars-2012\/#primaryimage"},"image":{"@id":"https:\/\/horizonshemato.com\/product\/horizons-hemato-vol-2-n1-mars-2012\/#primaryimage"},"thumbnailUrl":"https:\/\/horizonshemato.com\/wp-content\/uploads\/2018\/10\/HH-VOL2-N1.jpg","datePublished":"2018-10-18T09:50:29+00:00","dateModified":"2024-01-08T17:17:11+00:00","breadcrumb":{"@id":"https:\/\/horizonshemato.com\/product\/horizons-hemato-vol-2-n1-mars-2012\/#breadcrumb"},"inLanguage":"en-US","potentialAction":[{"@type":"ReadAction","target":["https:\/\/horizonshemato.com\/product\/horizons-hemato-vol-2-n1-mars-2012\/"]}]},{"@type":"ImageObject","inLanguage":"en-US","@id":"https:\/\/horizonshemato.com\/product\/horizons-hemato-vol-2-n1-mars-2012\/#primaryimage","url":"https:\/\/horizonshemato.com\/wp-content\/uploads\/2018\/10\/HH-VOL2-N1.jpg","contentUrl":"https:\/\/horizonshemato.com\/wp-content\/uploads\/2018\/10\/HH-VOL2-N1.jpg","width":938,"height":938},{"@type":"BreadcrumbList","@id":"https:\/\/horizonshemato.com\/product\/horizons-hemato-vol-2-n1-mars-2012\/#breadcrumb","itemListElement":[{"@type":"ListItem","position":1,"name":"Accueil","item":"https:\/\/horizonshemato.com\/"},{"@type":"ListItem","position":2,"name":"Boutique","item":"https:\/\/horizonshemato.com\/boutique\/"},{"@type":"ListItem","position":3,"name":"Horizons H\u00e9mato \u2013 Vol. 2 n\u00b01 \u2013 Mars 2012"}]},{"@type":"WebSite","@id":"https:\/\/horizonshemato.com\/#website","url":"https:\/\/horizonshemato.com\/","name":"Horizons H\u00e9mato","description":"La revue des pratiques en h\u00e9matologie","potentialAction":[{"@type":"SearchAction","target":{"@type":"EntryPoint","urlTemplate":"https:\/\/horizonshemato.com\/?s={search_term_string}"},"query-input":{"@type":"PropertyValueSpecification","valueRequired":true,"valueName":"search_term_string"}}],"inLanguage":"en-US"}]}},"_links":{"self":[{"href":"https:\/\/horizonshemato.com\/en\/wp-json\/wp\/v2\/product\/13891","targetHints":{"allow":["GET"]}}],"collection":[{"href":"https:\/\/horizonshemato.com\/en\/wp-json\/wp\/v2\/product"}],"about":[{"href":"https:\/\/horizonshemato.com\/en\/wp-json\/wp\/v2\/types\/product"}],"wp:featuredmedia":[{"embeddable":true,"href":"https:\/\/horizonshemato.com\/en\/wp-json\/wp\/v2\/media\/13894"}],"wp:attachment":[{"href":"https:\/\/horizonshemato.com\/en\/wp-json\/wp\/v2\/media?parent=13891"}],"wp:term":[{"taxonomy":"product_brand","embeddable":true,"href":"https:\/\/horizonshemato.com\/en\/wp-json\/wp\/v2\/product_brand?post=13891"},{"taxonomy":"product_cat","embeddable":true,"href":"https:\/\/horizonshemato.com\/en\/wp-json\/wp\/v2\/product_cat?post=13891"},{"taxonomy":"product_tag","embeddable":true,"href":"https:\/\/horizonshemato.com\/en\/wp-json\/wp\/v2\/product_tag?post=13891"}],"curies":[{"name":"wp","href":"https:\/\/api.w.org\/{rel}","templated":true}]}}