{"id":13889,"date":"2018-10-17T12:59:32","date_gmt":"2018-10-17T12:59:32","guid":{"rendered":"http:\/\/horizonshemato.com\/?post_type=product&#038;p=13889"},"modified":"2024-01-08T17:17:10","modified_gmt":"2024-01-08T17:17:10","slug":"horizons-hemato-vol-6-n3-sept-2018","status":"publish","type":"product","link":"https:\/\/horizonshemato.com\/en\/product\/horizons-hemato-vol-6-n3-sept-2018\/","title":{"rendered":"Horizons H\u00e9mato \u2013 Vol. 6 n\u00b03 \u2013 Sept. 2018"},"content":{"rendered":"<p>Magazine au format num\u00e9rique.<br \/>\nEnvois en version papier sur demande.<\/p>","protected":false},"excerpt":{"rendered":"<p>La leuc\u00e9mie lympho\u00efde chronique en 2016 :\u00a0beaucoup de questions encore sans r\u00e9ponse\u00a0Un nouvel horizon pour la Leuc\u00e9mie Lympho\u00efde Chronique (LLC)\u00a0au sens propre et au sens figur\u00e9 ! Ce nouveau num\u00e9ro consacr\u00e9\u00a0\u00e0 cette h\u00e9mopathie en est la preuve. Depuis plusieurs ann\u00e9es de\u00a0nouveaux concepts biologiques ont \u00e9merg\u00e9 gr\u00e2ce \u00e0 l \u00e9volution des\u00a0techniques de s\u00e9quen\u00e7age avec la notion d\u2019\u00e9volution clonale qui est\u00a0observ\u00e9e maintenant dans la majorit\u00e9 des h\u00e9mopathies et qui doit\u00a0\u00eatre prise en consid\u00e9ration pour la prise en charge th\u00e9rapeutique.\u00a0Le microenvironnement et l\u2019importance de la r\u00e9ponse immunitaire\u00a0anti tumorale avec la notion d\u2019\u00ab immune check points \u00bb sont de\u00a0nouvelles cibles th\u00e9rapeutiques qui doivent \u00eatre d\u00e9velopp\u00e9es.\u00a0La question pos\u00e9e le plus en plus par nos patients est la possibilit\u00e9\u00a0de leur offrir un traitement \u00ab sans chimioth\u00e9rapie \u00bb ? L\u2019offre existe\u00a0maintenant et va augmenter au cours du temps avec l\u2019arriv\u00e9e de\u00a0nouveaux inhibiteurs du BCR, de nouveaux anticorps monoclonaux\u00a0dont les bisp\u00e9cifiques, les inhibiteurs de bcl2, les CART T cells.\u00a0Sommes-nous pr\u00e8s \u00e0 abandonner notre sacro sainte immunoth\u00e9rapie\u00a0pour tous les patients ? Sommes-nous pr\u00eats \u00e0 ne plus allogreffer\u00a0les patients les plus graves ? Sommes-nous pr\u00eats \u00e0 revoir avec\u00a0ces nouvelles drogues nos crit\u00e8res de r\u00e9ponse en particulier\u00a0la notion de maladie r\u00e9siduelle ind\u00e9tectable qui garantissait\u00a0une survie sans progression longue et \u00e9galement une survie\u00a0globale meilleure ? Sommes-nous pr\u00eats \u00e0 traiter nos patients\u00a0\u00ab jusqu\u2019\u00e0 progression \u00bb avec des drogues dont la toxicit\u00e9\u00a0au long cours n\u2019est pas bien connue et que nous ne savons\u00a0pas pour le moment monitorer car pas de dosage de routine\u00a0donc pas d\u2019adaptation possible si toxicit\u00e9 ou inefficacit\u00e9.\u00a0Sommes-nous pr\u00eats \u00e0 revoir nos organisations qui d\u2019hospitalocentr\u00e9es\u00a0deviennent \u00ab hospitalo-guid\u00e9es \u00bb pour une prise en charge\u00a0la plus optimale des patients en ambulatoire sous voie orale ?\u00a0Toutes ces questions vont \u00eatre pos\u00e9es dans ce num\u00e9ro d\u2019Horizon\u00a0H\u00e9mato, beaucoup resterons sans r\u00e9ponse laissant un champ\u00a0d\u2019investigation passionnant pour les jeunes coll\u00e8gues travaillant au\u00a0sein du groupe FILO qui j\u2019esp\u00e8re y r\u00e9pondront gr\u00e2ce \u00e0 des essais\u00a0th\u00e9rapeutiques ou m\u00e9dico-\u00e9conomiques bien men\u00e9s et innovants.<\/p>\n<p><strong>Pr V\u00e9ronique LEBLOND, Pr\u00e9sidente du FILO, Paris<br \/>\nveronique.leblond@aphp.fr<\/strong><\/p>","protected":false},"featured_media":13890,"template":"","meta":{"_monsterinsights_skip_tracking":false,"_monsterinsights_sitenote_active":false,"_monsterinsights_sitenote_note":"","_monsterinsights_sitenote_category":0},"product_brand":[],"product_cat":[84],"product_tag":[],"class_list":{"0":"post-13889","1":"product","2":"type-product","3":"status-publish","4":"has-post-thumbnail","6":"product_cat-leucemie-lymphoide-chronique-llc","8":"first","9":"instock","10":"downloadable","11":"shipping-taxable","12":"purchasable","13":"product-type-simple"},"yoast_head":"<!-- This site is optimized with the Yoast SEO plugin v27.1.1 - https:\/\/yoast.com\/product\/yoast-seo-wordpress\/ -->\n<title>Horizons H\u00e9mato \u2013 Vol. 6 n\u00b03 \u2013 Sept. 2018 - Horizons H\u00e9mato<\/title>\n<meta name=\"robots\" content=\"index, follow, max-snippet:-1, max-image-preview:large, max-video-preview:-1\" \/>\n<link rel=\"canonical\" href=\"https:\/\/horizonshemato.com\/en\/product\/horizons-hemato-vol-6-n3-sept-2018\/\" \/>\n<meta property=\"og:locale\" content=\"en_US\" \/>\n<meta property=\"og:type\" content=\"article\" \/>\n<meta property=\"og:title\" content=\"Horizons H\u00e9mato \u2013 Vol. 6 n\u00b03 \u2013 Sept. 2018 - Horizons H\u00e9mato\" \/>\n<meta property=\"og:description\" content=\"La leuc\u00e9mie lympho\u00efde chronique en 2016 :\u00a0beaucoup de questions encore sans r\u00e9ponse\u00a0Un nouvel horizon pour la Leuc\u00e9mie Lympho\u00efde Chronique (LLC)\u00a0au sens propre et au sens figur\u00e9 ! Ce nouveau num\u00e9ro consacr\u00e9\u00a0\u00e0 cette h\u00e9mopathie en est la preuve. Depuis plusieurs ann\u00e9es de\u00a0nouveaux concepts biologiques ont \u00e9merg\u00e9 gr\u00e2ce \u00e0 l \u00e9volution des\u00a0techniques de s\u00e9quen\u00e7age avec la notion d\u2019\u00e9volution clonale qui est\u00a0observ\u00e9e maintenant dans la majorit\u00e9 des h\u00e9mopathies et qui doit\u00a0\u00eatre prise en consid\u00e9ration pour la prise en charge th\u00e9rapeutique.\u00a0Le microenvironnement et l\u2019importance de la r\u00e9ponse immunitaire\u00a0anti tumorale avec la notion d\u2019\u00ab immune check points \u00bb sont de\u00a0nouvelles cibles th\u00e9rapeutiques qui doivent \u00eatre d\u00e9velopp\u00e9es.\u00a0La question pos\u00e9e le plus en plus par nos patients est la possibilit\u00e9\u00a0de leur offrir un traitement \u00ab sans chimioth\u00e9rapie \u00bb ? L\u2019offre existe\u00a0maintenant et va augmenter au cours du temps avec l\u2019arriv\u00e9e de\u00a0nouveaux inhibiteurs du BCR, de nouveaux anticorps monoclonaux\u00a0dont les bisp\u00e9cifiques, les inhibiteurs de bcl2, les CART T cells.\u00a0Sommes-nous pr\u00e8s \u00e0 abandonner notre sacro sainte immunoth\u00e9rapie\u00a0pour tous les patients ? Sommes-nous pr\u00eats \u00e0 ne plus allogreffer\u00a0les patients les plus graves ? Sommes-nous pr\u00eats \u00e0 revoir avec\u00a0ces nouvelles drogues nos crit\u00e8res de r\u00e9ponse en particulier\u00a0la notion de maladie r\u00e9siduelle ind\u00e9tectable qui garantissait\u00a0une survie sans progression longue et \u00e9galement une survie\u00a0globale meilleure ? Sommes-nous pr\u00eats \u00e0 traiter nos patients\u00a0\u00ab jusqu\u2019\u00e0 progression \u00bb avec des drogues dont la toxicit\u00e9\u00a0au long cours n\u2019est pas bien connue et que nous ne savons\u00a0pas pour le moment monitorer car pas de dosage de routine\u00a0donc pas d\u2019adaptation possible si toxicit\u00e9 ou inefficacit\u00e9.\u00a0Sommes-nous pr\u00eats \u00e0 revoir nos organisations qui d\u2019hospitalocentr\u00e9es\u00a0deviennent \u00ab hospitalo-guid\u00e9es \u00bb pour une prise en charge\u00a0la plus optimale des patients en ambulatoire sous voie orale ?\u00a0Toutes ces questions vont \u00eatre pos\u00e9es dans ce num\u00e9ro d\u2019Horizon\u00a0H\u00e9mato, beaucoup resterons sans r\u00e9ponse laissant un champ\u00a0d\u2019investigation passionnant pour les jeunes coll\u00e8gues travaillant au\u00a0sein du groupe FILO qui j\u2019esp\u00e8re y r\u00e9pondront gr\u00e2ce \u00e0 des essais\u00a0th\u00e9rapeutiques ou m\u00e9dico-\u00e9conomiques bien men\u00e9s et innovants.  Pr V\u00e9ronique LEBLOND, Pr\u00e9sidente du FILO, Paris veronique.leblond@aphp.fr\" \/>\n<meta property=\"og:url\" content=\"https:\/\/horizonshemato.com\/en\/product\/horizons-hemato-vol-6-n3-sept-2018\/\" \/>\n<meta property=\"og:site_name\" content=\"Horizons H\u00e9mato\" \/>\n<meta property=\"article:modified_time\" content=\"2024-01-08T17:17:10+00:00\" \/>\n<meta property=\"og:image\" content=\"https:\/\/horizonshemato.com\/wp-content\/uploads\/2018\/10\/HH-VOL6-N3-1.jpg\" \/>\n\t<meta property=\"og:image:width\" content=\"938\" \/>\n\t<meta property=\"og:image:height\" content=\"938\" \/>\n\t<meta property=\"og:image:type\" content=\"image\/jpeg\" \/>\n<meta name=\"twitter:card\" content=\"summary_large_image\" \/>\n<script type=\"application\/ld+json\" class=\"yoast-schema-graph\">{\"@context\":\"https:\/\/schema.org\",\"@graph\":[{\"@type\":\"WebPage\",\"@id\":\"https:\/\/horizonshemato.com\/product\/horizons-hemato-vol-6-n3-sept-2018\/\",\"url\":\"https:\/\/horizonshemato.com\/product\/horizons-hemato-vol-6-n3-sept-2018\/\",\"name\":\"Horizons H\u00e9mato \u2013 Vol. 6 n\u00b03 \u2013 Sept. 2018 - Horizons H\u00e9mato\",\"isPartOf\":{\"@id\":\"https:\/\/horizonshemato.com\/#website\"},\"primaryImageOfPage\":{\"@id\":\"https:\/\/horizonshemato.com\/product\/horizons-hemato-vol-6-n3-sept-2018\/#primaryimage\"},\"image\":{\"@id\":\"https:\/\/horizonshemato.com\/product\/horizons-hemato-vol-6-n3-sept-2018\/#primaryimage\"},\"thumbnailUrl\":\"https:\/\/horizonshemato.com\/wp-content\/uploads\/2018\/10\/HH-VOL6-N3-1.jpg\",\"datePublished\":\"2018-10-17T12:59:32+00:00\",\"dateModified\":\"2024-01-08T17:17:10+00:00\",\"breadcrumb\":{\"@id\":\"https:\/\/horizonshemato.com\/product\/horizons-hemato-vol-6-n3-sept-2018\/#breadcrumb\"},\"inLanguage\":\"en-US\",\"potentialAction\":[{\"@type\":\"ReadAction\",\"target\":[\"https:\/\/horizonshemato.com\/product\/horizons-hemato-vol-6-n3-sept-2018\/\"]}]},{\"@type\":\"ImageObject\",\"inLanguage\":\"en-US\",\"@id\":\"https:\/\/horizonshemato.com\/product\/horizons-hemato-vol-6-n3-sept-2018\/#primaryimage\",\"url\":\"https:\/\/horizonshemato.com\/wp-content\/uploads\/2018\/10\/HH-VOL6-N3-1.jpg\",\"contentUrl\":\"https:\/\/horizonshemato.com\/wp-content\/uploads\/2018\/10\/HH-VOL6-N3-1.jpg\",\"width\":938,\"height\":938},{\"@type\":\"BreadcrumbList\",\"@id\":\"https:\/\/horizonshemato.com\/product\/horizons-hemato-vol-6-n3-sept-2018\/#breadcrumb\",\"itemListElement\":[{\"@type\":\"ListItem\",\"position\":1,\"name\":\"Accueil\",\"item\":\"https:\/\/horizonshemato.com\/\"},{\"@type\":\"ListItem\",\"position\":2,\"name\":\"Boutique\",\"item\":\"https:\/\/horizonshemato.com\/boutique\/\"},{\"@type\":\"ListItem\",\"position\":3,\"name\":\"Horizons H\u00e9mato \u2013 Vol. 6 n\u00b03 \u2013 Sept. 2018\"}]},{\"@type\":\"WebSite\",\"@id\":\"https:\/\/horizonshemato.com\/#website\",\"url\":\"https:\/\/horizonshemato.com\/\",\"name\":\"Horizons H\u00e9mato\",\"description\":\"La revue des pratiques en h\u00e9matologie\",\"potentialAction\":[{\"@type\":\"SearchAction\",\"target\":{\"@type\":\"EntryPoint\",\"urlTemplate\":\"https:\/\/horizonshemato.com\/?s={search_term_string}\"},\"query-input\":{\"@type\":\"PropertyValueSpecification\",\"valueRequired\":true,\"valueName\":\"search_term_string\"}}],\"inLanguage\":\"en-US\"}]}<\/script>\n<!-- \/ Yoast SEO plugin. -->","yoast_head_json":{"title":"Horizons H\u00e9mato \u2013 Vol. 6 n\u00b03 \u2013 Sept. 2018 - Horizons H\u00e9mato","robots":{"index":"index","follow":"follow","max-snippet":"max-snippet:-1","max-image-preview":"max-image-preview:large","max-video-preview":"max-video-preview:-1"},"canonical":"https:\/\/horizonshemato.com\/en\/product\/horizons-hemato-vol-6-n3-sept-2018\/","og_locale":"en_US","og_type":"article","og_title":"Horizons H\u00e9mato \u2013 Vol. 6 n\u00b03 \u2013 Sept. 2018 - Horizons H\u00e9mato","og_description":"La leuc\u00e9mie lympho\u00efde chronique en 2016 :\u00a0beaucoup de questions encore sans r\u00e9ponse\u00a0Un nouvel horizon pour la Leuc\u00e9mie Lympho\u00efde Chronique (LLC)\u00a0au sens propre et au sens figur\u00e9 ! Ce nouveau num\u00e9ro consacr\u00e9\u00a0\u00e0 cette h\u00e9mopathie en est la preuve. Depuis plusieurs ann\u00e9es de\u00a0nouveaux concepts biologiques ont \u00e9merg\u00e9 gr\u00e2ce \u00e0 l \u00e9volution des\u00a0techniques de s\u00e9quen\u00e7age avec la notion d\u2019\u00e9volution clonale qui est\u00a0observ\u00e9e maintenant dans la majorit\u00e9 des h\u00e9mopathies et qui doit\u00a0\u00eatre prise en consid\u00e9ration pour la prise en charge th\u00e9rapeutique.\u00a0Le microenvironnement et l\u2019importance de la r\u00e9ponse immunitaire\u00a0anti tumorale avec la notion d\u2019\u00ab immune check points \u00bb sont de\u00a0nouvelles cibles th\u00e9rapeutiques qui doivent \u00eatre d\u00e9velopp\u00e9es.\u00a0La question pos\u00e9e le plus en plus par nos patients est la possibilit\u00e9\u00a0de leur offrir un traitement \u00ab sans chimioth\u00e9rapie \u00bb ? L\u2019offre existe\u00a0maintenant et va augmenter au cours du temps avec l\u2019arriv\u00e9e de\u00a0nouveaux inhibiteurs du BCR, de nouveaux anticorps monoclonaux\u00a0dont les bisp\u00e9cifiques, les inhibiteurs de bcl2, les CART T cells.\u00a0Sommes-nous pr\u00e8s \u00e0 abandonner notre sacro sainte immunoth\u00e9rapie\u00a0pour tous les patients ? Sommes-nous pr\u00eats \u00e0 ne plus allogreffer\u00a0les patients les plus graves ? Sommes-nous pr\u00eats \u00e0 revoir avec\u00a0ces nouvelles drogues nos crit\u00e8res de r\u00e9ponse en particulier\u00a0la notion de maladie r\u00e9siduelle ind\u00e9tectable qui garantissait\u00a0une survie sans progression longue et \u00e9galement une survie\u00a0globale meilleure ? Sommes-nous pr\u00eats \u00e0 traiter nos patients\u00a0\u00ab jusqu\u2019\u00e0 progression \u00bb avec des drogues dont la toxicit\u00e9\u00a0au long cours n\u2019est pas bien connue et que nous ne savons\u00a0pas pour le moment monitorer car pas de dosage de routine\u00a0donc pas d\u2019adaptation possible si toxicit\u00e9 ou inefficacit\u00e9.\u00a0Sommes-nous pr\u00eats \u00e0 revoir nos organisations qui d\u2019hospitalocentr\u00e9es\u00a0deviennent \u00ab hospitalo-guid\u00e9es \u00bb pour une prise en charge\u00a0la plus optimale des patients en ambulatoire sous voie orale ?\u00a0Toutes ces questions vont \u00eatre pos\u00e9es dans ce num\u00e9ro d\u2019Horizon\u00a0H\u00e9mato, beaucoup resterons sans r\u00e9ponse laissant un champ\u00a0d\u2019investigation passionnant pour les jeunes coll\u00e8gues travaillant au\u00a0sein du groupe FILO qui j\u2019esp\u00e8re y r\u00e9pondront gr\u00e2ce \u00e0 des essais\u00a0th\u00e9rapeutiques ou m\u00e9dico-\u00e9conomiques bien men\u00e9s et innovants.  Pr V\u00e9ronique LEBLOND, Pr\u00e9sidente du FILO, Paris veronique.leblond@aphp.fr","og_url":"https:\/\/horizonshemato.com\/en\/product\/horizons-hemato-vol-6-n3-sept-2018\/","og_site_name":"Horizons H\u00e9mato","article_modified_time":"2024-01-08T17:17:10+00:00","og_image":[{"width":938,"height":938,"url":"https:\/\/horizonshemato.com\/wp-content\/uploads\/2018\/10\/HH-VOL6-N3-1.jpg","type":"image\/jpeg"}],"twitter_card":"summary_large_image","schema":{"@context":"https:\/\/schema.org","@graph":[{"@type":"WebPage","@id":"https:\/\/horizonshemato.com\/product\/horizons-hemato-vol-6-n3-sept-2018\/","url":"https:\/\/horizonshemato.com\/product\/horizons-hemato-vol-6-n3-sept-2018\/","name":"Horizons H\u00e9mato \u2013 Vol. 6 n\u00b03 \u2013 Sept. 2018 - Horizons H\u00e9mato","isPartOf":{"@id":"https:\/\/horizonshemato.com\/#website"},"primaryImageOfPage":{"@id":"https:\/\/horizonshemato.com\/product\/horizons-hemato-vol-6-n3-sept-2018\/#primaryimage"},"image":{"@id":"https:\/\/horizonshemato.com\/product\/horizons-hemato-vol-6-n3-sept-2018\/#primaryimage"},"thumbnailUrl":"https:\/\/horizonshemato.com\/wp-content\/uploads\/2018\/10\/HH-VOL6-N3-1.jpg","datePublished":"2018-10-17T12:59:32+00:00","dateModified":"2024-01-08T17:17:10+00:00","breadcrumb":{"@id":"https:\/\/horizonshemato.com\/product\/horizons-hemato-vol-6-n3-sept-2018\/#breadcrumb"},"inLanguage":"en-US","potentialAction":[{"@type":"ReadAction","target":["https:\/\/horizonshemato.com\/product\/horizons-hemato-vol-6-n3-sept-2018\/"]}]},{"@type":"ImageObject","inLanguage":"en-US","@id":"https:\/\/horizonshemato.com\/product\/horizons-hemato-vol-6-n3-sept-2018\/#primaryimage","url":"https:\/\/horizonshemato.com\/wp-content\/uploads\/2018\/10\/HH-VOL6-N3-1.jpg","contentUrl":"https:\/\/horizonshemato.com\/wp-content\/uploads\/2018\/10\/HH-VOL6-N3-1.jpg","width":938,"height":938},{"@type":"BreadcrumbList","@id":"https:\/\/horizonshemato.com\/product\/horizons-hemato-vol-6-n3-sept-2018\/#breadcrumb","itemListElement":[{"@type":"ListItem","position":1,"name":"Accueil","item":"https:\/\/horizonshemato.com\/"},{"@type":"ListItem","position":2,"name":"Boutique","item":"https:\/\/horizonshemato.com\/boutique\/"},{"@type":"ListItem","position":3,"name":"Horizons H\u00e9mato \u2013 Vol. 6 n\u00b03 \u2013 Sept. 2018"}]},{"@type":"WebSite","@id":"https:\/\/horizonshemato.com\/#website","url":"https:\/\/horizonshemato.com\/","name":"Horizons H\u00e9mato","description":"La revue des pratiques en h\u00e9matologie","potentialAction":[{"@type":"SearchAction","target":{"@type":"EntryPoint","urlTemplate":"https:\/\/horizonshemato.com\/?s={search_term_string}"},"query-input":{"@type":"PropertyValueSpecification","valueRequired":true,"valueName":"search_term_string"}}],"inLanguage":"en-US"}]}},"_links":{"self":[{"href":"https:\/\/horizonshemato.com\/en\/wp-json\/wp\/v2\/product\/13889","targetHints":{"allow":["GET"]}}],"collection":[{"href":"https:\/\/horizonshemato.com\/en\/wp-json\/wp\/v2\/product"}],"about":[{"href":"https:\/\/horizonshemato.com\/en\/wp-json\/wp\/v2\/types\/product"}],"wp:featuredmedia":[{"embeddable":true,"href":"https:\/\/horizonshemato.com\/en\/wp-json\/wp\/v2\/media\/13890"}],"wp:attachment":[{"href":"https:\/\/horizonshemato.com\/en\/wp-json\/wp\/v2\/media?parent=13889"}],"wp:term":[{"taxonomy":"product_brand","embeddable":true,"href":"https:\/\/horizonshemato.com\/en\/wp-json\/wp\/v2\/product_brand?post=13889"},{"taxonomy":"product_cat","embeddable":true,"href":"https:\/\/horizonshemato.com\/en\/wp-json\/wp\/v2\/product_cat?post=13889"},{"taxonomy":"product_tag","embeddable":true,"href":"https:\/\/horizonshemato.com\/en\/wp-json\/wp\/v2\/product_tag?post=13889"}],"curies":[{"name":"wp","href":"https:\/\/api.w.org\/{rel}","templated":true}]}}