{"id":13884,"date":"2018-10-16T15:09:12","date_gmt":"2018-10-16T15:09:12","guid":{"rendered":"http:\/\/horizonshemato.com\/?post_type=product&#038;p=13884"},"modified":"2024-01-08T17:17:10","modified_gmt":"2024-01-08T17:17:10","slug":"horizons-hemato-vol-3-n4-decembre-2013","status":"publish","type":"product","link":"https:\/\/horizonshemato.com\/en\/product\/horizons-hemato-vol-3-n4-decembre-2013\/","title":{"rendered":"Horizons H\u00e9mato \u2013 Vol. 3 n\u00b04 \u2013 D\u00e9cembre. 2013"},"content":{"rendered":"<p>Magazine au format num\u00e9rique.<br \/>\nEnvois en version papier sur demande.<\/p>","protected":false},"excerpt":{"rendered":"<p>Les lymphomes T p\u00e9riph\u00e9riques constituent\u00a010 % de tous les lymphomes non-hodgkiniens\u00a0avec 1 400 cas incidents en France en 2012.\u00a0Ces sont des maladies caract\u00e9ris\u00e9es par leur\u00a0h\u00e9t\u00e9rog\u00e9n\u00e9it\u00e9\u00a0histologique et biologique ainsi que\u00a0par l\u2019absence des th\u00e9rapeutiques efficaces.\u00a0Longtemps oubli\u00e9s des progr\u00e8s biologiques et\u00a0th\u00e9rapeutiques dont ont b\u00e9n\u00e9fici\u00e9 les lymphomes B,\u00a0les LTP prennent actuellement une place plus\u00a0importante dans les avanc\u00e9es biologiques et\u00a0th\u00e9rapeutiques de ces derni\u00e8res ann\u00e9es.\u00a0Vu la raret\u00e9 et la complexit\u00e9 de cette pathologie,\u00a0il est indispensable que nous veillons \u00e0 ce que\u00a0tout patient atteint de LTP puisse participer aux\u00a0\u00e9tudes clinico-biologiques en cours ou futures,\u00a0qu\u2019elles soient interventionnelles ou cognitives.\u00a0Dans ce num\u00e9ro d\u2019Horizons H\u00e9mato dont le \u00ab Grand Angle \u00bb\u00a0est d\u00e9di\u00e9 aux lymphomes T p\u00e9riph\u00e9riques ganglionnaires,\u00a0nos experts abordent plusieurs facettes de cette pathologie.\u00a0Apr\u00e8s un bref aper\u00e7u sur le LYSA et le fonctionnement\u00a0de la sous-commission des lymphomes T,\u00a0Philippe Gaulard traite bri\u00e8vement la classification\u00a0histologique et l\u2019h\u00e9t\u00e9rog\u00e9n\u00e9it\u00e9 de LTP ;\u00a0Laurence de Leval aborde les nouvelles connaissances en\u00a0mati\u00e8re de biologie de LTP auxquelles elle a beaucoup\u00a0contribu\u00e9. Richard Delarue, R\u00e9my Gressin\u00a0et Olivier Tournilhac discutent les aspects\u00a0th\u00e9rapeutiques et les nouvelles mol\u00e9cules utilis\u00e9es\u00a0dans cette pathologie ; et Christian Gisselbrecht\u00a0nous d\u00e9livre sa vision sur les perspectives futures\u00a0de la prise en charge de ces pathologies.<br \/>\nBonne lecture !<\/p>\n<p>&nbsp;<\/p>\n<p><strong>Gandhi DAMAJ<br \/>\n<\/strong>Coordinateur du Grand Angle \u00ab Lymphomes T p\u00e9riph\u00e9riques \u00bb.<br \/>\nService d\u2019H.matologie et de Th.rapie Cellulaire. CHU d\u2019Amiens.<br \/>\n<strong>damaj.gandhi@chu-amiens.fr<\/strong><\/p>","protected":false},"featured_media":13886,"template":"","meta":{"_monsterinsights_skip_tracking":false,"_monsterinsights_sitenote_active":false,"_monsterinsights_sitenote_note":"","_monsterinsights_sitenote_category":0},"product_brand":[],"product_cat":[98],"product_tag":[],"class_list":{"0":"post-13884","1":"product","2":"type-product","3":"status-publish","4":"has-post-thumbnail","6":"product_cat-lymphomes-t-peripheriques","8":"first","9":"instock","10":"downloadable","11":"shipping-taxable","12":"purchasable","13":"product-type-simple"},"yoast_head":"<!-- This site is optimized with the Yoast SEO plugin v27.1.1 - https:\/\/yoast.com\/product\/yoast-seo-wordpress\/ -->\n<title>Horizons H\u00e9mato \u2013 Vol. 3 n\u00b04 \u2013 D\u00e9cembre. 2013 - Horizons H\u00e9mato<\/title>\n<meta name=\"robots\" content=\"index, follow, max-snippet:-1, max-image-preview:large, max-video-preview:-1\" \/>\n<link rel=\"canonical\" href=\"https:\/\/horizonshemato.com\/en\/product\/horizons-hemato-vol-3-n4-decembre-2013\/\" \/>\n<meta property=\"og:locale\" content=\"en_US\" \/>\n<meta property=\"og:type\" content=\"article\" \/>\n<meta property=\"og:title\" content=\"Horizons H\u00e9mato \u2013 Vol. 3 n\u00b04 \u2013 D\u00e9cembre. 2013 - Horizons H\u00e9mato\" \/>\n<meta property=\"og:description\" content=\"Les lymphomes T p\u00e9riph\u00e9riques constituent\u00a010 % de tous les lymphomes non-hodgkiniens\u00a0avec 1 400 cas incidents en France en 2012.\u00a0Ces sont des maladies caract\u00e9ris\u00e9es par leur\u00a0h\u00e9t\u00e9rog\u00e9n\u00e9it\u00e9\u00a0histologique et biologique ainsi que\u00a0par l\u2019absence des th\u00e9rapeutiques efficaces.\u00a0Longtemps oubli\u00e9s des progr\u00e8s biologiques et\u00a0th\u00e9rapeutiques dont ont b\u00e9n\u00e9fici\u00e9 les lymphomes B,\u00a0les LTP prennent actuellement une place plus\u00a0importante dans les avanc\u00e9es biologiques et\u00a0th\u00e9rapeutiques de ces derni\u00e8res ann\u00e9es.\u00a0Vu la raret\u00e9 et la complexit\u00e9 de cette pathologie,\u00a0il est indispensable que nous veillons \u00e0 ce que\u00a0tout patient atteint de LTP puisse participer aux\u00a0\u00e9tudes clinico-biologiques en cours ou futures,\u00a0qu\u2019elles soient interventionnelles ou cognitives.\u00a0Dans ce num\u00e9ro d\u2019Horizons H\u00e9mato dont le \u00ab Grand Angle \u00bb\u00a0est d\u00e9di\u00e9 aux lymphomes T p\u00e9riph\u00e9riques ganglionnaires,\u00a0nos experts abordent plusieurs facettes de cette pathologie.\u00a0Apr\u00e8s un bref aper\u00e7u sur le LYSA et le fonctionnement\u00a0de la sous-commission des lymphomes T,\u00a0Philippe Gaulard traite bri\u00e8vement la classification\u00a0histologique et l\u2019h\u00e9t\u00e9rog\u00e9n\u00e9it\u00e9 de LTP ;\u00a0Laurence de Leval aborde les nouvelles connaissances en\u00a0mati\u00e8re de biologie de LTP auxquelles elle a beaucoup\u00a0contribu\u00e9. Richard Delarue, R\u00e9my Gressin\u00a0et Olivier Tournilhac discutent les aspects\u00a0th\u00e9rapeutiques et les nouvelles mol\u00e9cules utilis\u00e9es\u00a0dans cette pathologie ; et Christian Gisselbrecht\u00a0nous d\u00e9livre sa vision sur les perspectives futures\u00a0de la prise en charge de ces pathologies. Bonne lecture !  &nbsp;  Gandhi DAMAJ Coordinateur du Grand Angle \u00ab Lymphomes T p\u00e9riph\u00e9riques \u00bb. Service d\u2019H.matologie et de Th.rapie Cellulaire. CHU d\u2019Amiens. damaj.gandhi@chu-amiens.fr\" \/>\n<meta property=\"og:url\" content=\"https:\/\/horizonshemato.com\/en\/product\/horizons-hemato-vol-3-n4-decembre-2013\/\" \/>\n<meta property=\"og:site_name\" content=\"Horizons H\u00e9mato\" \/>\n<meta property=\"article:modified_time\" content=\"2024-01-08T17:17:10+00:00\" \/>\n<meta property=\"og:image\" content=\"https:\/\/horizonshemato.com\/wp-content\/uploads\/2018\/10\/HH-VOL3-N4.jpg\" \/>\n\t<meta property=\"og:image:width\" content=\"938\" \/>\n\t<meta property=\"og:image:height\" content=\"938\" \/>\n\t<meta property=\"og:image:type\" content=\"image\/jpeg\" \/>\n<meta name=\"twitter:card\" content=\"summary_large_image\" \/>\n<script type=\"application\/ld+json\" class=\"yoast-schema-graph\">{\"@context\":\"https:\/\/schema.org\",\"@graph\":[{\"@type\":\"WebPage\",\"@id\":\"https:\/\/horizonshemato.com\/product\/horizons-hemato-vol-3-n4-decembre-2013\/\",\"url\":\"https:\/\/horizonshemato.com\/product\/horizons-hemato-vol-3-n4-decembre-2013\/\",\"name\":\"Horizons H\u00e9mato \u2013 Vol. 3 n\u00b04 \u2013 D\u00e9cembre. 2013 - Horizons H\u00e9mato\",\"isPartOf\":{\"@id\":\"https:\/\/horizonshemato.com\/#website\"},\"primaryImageOfPage\":{\"@id\":\"https:\/\/horizonshemato.com\/product\/horizons-hemato-vol-3-n4-decembre-2013\/#primaryimage\"},\"image\":{\"@id\":\"https:\/\/horizonshemato.com\/product\/horizons-hemato-vol-3-n4-decembre-2013\/#primaryimage\"},\"thumbnailUrl\":\"https:\/\/horizonshemato.com\/wp-content\/uploads\/2018\/10\/HH-VOL3-N4.jpg\",\"datePublished\":\"2018-10-16T15:09:12+00:00\",\"dateModified\":\"2024-01-08T17:17:10+00:00\",\"breadcrumb\":{\"@id\":\"https:\/\/horizonshemato.com\/product\/horizons-hemato-vol-3-n4-decembre-2013\/#breadcrumb\"},\"inLanguage\":\"en-US\",\"potentialAction\":[{\"@type\":\"ReadAction\",\"target\":[\"https:\/\/horizonshemato.com\/product\/horizons-hemato-vol-3-n4-decembre-2013\/\"]}]},{\"@type\":\"ImageObject\",\"inLanguage\":\"en-US\",\"@id\":\"https:\/\/horizonshemato.com\/product\/horizons-hemato-vol-3-n4-decembre-2013\/#primaryimage\",\"url\":\"https:\/\/horizonshemato.com\/wp-content\/uploads\/2018\/10\/HH-VOL3-N4.jpg\",\"contentUrl\":\"https:\/\/horizonshemato.com\/wp-content\/uploads\/2018\/10\/HH-VOL3-N4.jpg\",\"width\":938,\"height\":938},{\"@type\":\"BreadcrumbList\",\"@id\":\"https:\/\/horizonshemato.com\/product\/horizons-hemato-vol-3-n4-decembre-2013\/#breadcrumb\",\"itemListElement\":[{\"@type\":\"ListItem\",\"position\":1,\"name\":\"Accueil\",\"item\":\"https:\/\/horizonshemato.com\/\"},{\"@type\":\"ListItem\",\"position\":2,\"name\":\"Boutique\",\"item\":\"https:\/\/horizonshemato.com\/boutique\/\"},{\"@type\":\"ListItem\",\"position\":3,\"name\":\"Horizons H\u00e9mato \u2013 Vol. 3 n\u00b04 \u2013 D\u00e9cembre. 2013\"}]},{\"@type\":\"WebSite\",\"@id\":\"https:\/\/horizonshemato.com\/#website\",\"url\":\"https:\/\/horizonshemato.com\/\",\"name\":\"Horizons H\u00e9mato\",\"description\":\"La revue des pratiques en h\u00e9matologie\",\"potentialAction\":[{\"@type\":\"SearchAction\",\"target\":{\"@type\":\"EntryPoint\",\"urlTemplate\":\"https:\/\/horizonshemato.com\/?s={search_term_string}\"},\"query-input\":{\"@type\":\"PropertyValueSpecification\",\"valueRequired\":true,\"valueName\":\"search_term_string\"}}],\"inLanguage\":\"en-US\"}]}<\/script>\n<!-- \/ Yoast SEO plugin. -->","yoast_head_json":{"title":"Horizons H\u00e9mato \u2013 Vol. 3 n\u00b04 \u2013 D\u00e9cembre. 2013 - Horizons H\u00e9mato","robots":{"index":"index","follow":"follow","max-snippet":"max-snippet:-1","max-image-preview":"max-image-preview:large","max-video-preview":"max-video-preview:-1"},"canonical":"https:\/\/horizonshemato.com\/en\/product\/horizons-hemato-vol-3-n4-decembre-2013\/","og_locale":"en_US","og_type":"article","og_title":"Horizons H\u00e9mato \u2013 Vol. 3 n\u00b04 \u2013 D\u00e9cembre. 2013 - Horizons H\u00e9mato","og_description":"Les lymphomes T p\u00e9riph\u00e9riques constituent\u00a010 % de tous les lymphomes non-hodgkiniens\u00a0avec 1 400 cas incidents en France en 2012.\u00a0Ces sont des maladies caract\u00e9ris\u00e9es par leur\u00a0h\u00e9t\u00e9rog\u00e9n\u00e9it\u00e9\u00a0histologique et biologique ainsi que\u00a0par l\u2019absence des th\u00e9rapeutiques efficaces.\u00a0Longtemps oubli\u00e9s des progr\u00e8s biologiques et\u00a0th\u00e9rapeutiques dont ont b\u00e9n\u00e9fici\u00e9 les lymphomes B,\u00a0les LTP prennent actuellement une place plus\u00a0importante dans les avanc\u00e9es biologiques et\u00a0th\u00e9rapeutiques de ces derni\u00e8res ann\u00e9es.\u00a0Vu la raret\u00e9 et la complexit\u00e9 de cette pathologie,\u00a0il est indispensable que nous veillons \u00e0 ce que\u00a0tout patient atteint de LTP puisse participer aux\u00a0\u00e9tudes clinico-biologiques en cours ou futures,\u00a0qu\u2019elles soient interventionnelles ou cognitives.\u00a0Dans ce num\u00e9ro d\u2019Horizons H\u00e9mato dont le \u00ab Grand Angle \u00bb\u00a0est d\u00e9di\u00e9 aux lymphomes T p\u00e9riph\u00e9riques ganglionnaires,\u00a0nos experts abordent plusieurs facettes de cette pathologie.\u00a0Apr\u00e8s un bref aper\u00e7u sur le LYSA et le fonctionnement\u00a0de la sous-commission des lymphomes T,\u00a0Philippe Gaulard traite bri\u00e8vement la classification\u00a0histologique et l\u2019h\u00e9t\u00e9rog\u00e9n\u00e9it\u00e9 de LTP ;\u00a0Laurence de Leval aborde les nouvelles connaissances en\u00a0mati\u00e8re de biologie de LTP auxquelles elle a beaucoup\u00a0contribu\u00e9. Richard Delarue, R\u00e9my Gressin\u00a0et Olivier Tournilhac discutent les aspects\u00a0th\u00e9rapeutiques et les nouvelles mol\u00e9cules utilis\u00e9es\u00a0dans cette pathologie ; et Christian Gisselbrecht\u00a0nous d\u00e9livre sa vision sur les perspectives futures\u00a0de la prise en charge de ces pathologies. Bonne lecture !  &nbsp;  Gandhi DAMAJ Coordinateur du Grand Angle \u00ab Lymphomes T p\u00e9riph\u00e9riques \u00bb. Service d\u2019H.matologie et de Th.rapie Cellulaire. CHU d\u2019Amiens. damaj.gandhi@chu-amiens.fr","og_url":"https:\/\/horizonshemato.com\/en\/product\/horizons-hemato-vol-3-n4-decembre-2013\/","og_site_name":"Horizons H\u00e9mato","article_modified_time":"2024-01-08T17:17:10+00:00","og_image":[{"width":938,"height":938,"url":"https:\/\/horizonshemato.com\/wp-content\/uploads\/2018\/10\/HH-VOL3-N4.jpg","type":"image\/jpeg"}],"twitter_card":"summary_large_image","schema":{"@context":"https:\/\/schema.org","@graph":[{"@type":"WebPage","@id":"https:\/\/horizonshemato.com\/product\/horizons-hemato-vol-3-n4-decembre-2013\/","url":"https:\/\/horizonshemato.com\/product\/horizons-hemato-vol-3-n4-decembre-2013\/","name":"Horizons H\u00e9mato \u2013 Vol. 3 n\u00b04 \u2013 D\u00e9cembre. 2013 - Horizons H\u00e9mato","isPartOf":{"@id":"https:\/\/horizonshemato.com\/#website"},"primaryImageOfPage":{"@id":"https:\/\/horizonshemato.com\/product\/horizons-hemato-vol-3-n4-decembre-2013\/#primaryimage"},"image":{"@id":"https:\/\/horizonshemato.com\/product\/horizons-hemato-vol-3-n4-decembre-2013\/#primaryimage"},"thumbnailUrl":"https:\/\/horizonshemato.com\/wp-content\/uploads\/2018\/10\/HH-VOL3-N4.jpg","datePublished":"2018-10-16T15:09:12+00:00","dateModified":"2024-01-08T17:17:10+00:00","breadcrumb":{"@id":"https:\/\/horizonshemato.com\/product\/horizons-hemato-vol-3-n4-decembre-2013\/#breadcrumb"},"inLanguage":"en-US","potentialAction":[{"@type":"ReadAction","target":["https:\/\/horizonshemato.com\/product\/horizons-hemato-vol-3-n4-decembre-2013\/"]}]},{"@type":"ImageObject","inLanguage":"en-US","@id":"https:\/\/horizonshemato.com\/product\/horizons-hemato-vol-3-n4-decembre-2013\/#primaryimage","url":"https:\/\/horizonshemato.com\/wp-content\/uploads\/2018\/10\/HH-VOL3-N4.jpg","contentUrl":"https:\/\/horizonshemato.com\/wp-content\/uploads\/2018\/10\/HH-VOL3-N4.jpg","width":938,"height":938},{"@type":"BreadcrumbList","@id":"https:\/\/horizonshemato.com\/product\/horizons-hemato-vol-3-n4-decembre-2013\/#breadcrumb","itemListElement":[{"@type":"ListItem","position":1,"name":"Accueil","item":"https:\/\/horizonshemato.com\/"},{"@type":"ListItem","position":2,"name":"Boutique","item":"https:\/\/horizonshemato.com\/boutique\/"},{"@type":"ListItem","position":3,"name":"Horizons H\u00e9mato \u2013 Vol. 3 n\u00b04 \u2013 D\u00e9cembre. 2013"}]},{"@type":"WebSite","@id":"https:\/\/horizonshemato.com\/#website","url":"https:\/\/horizonshemato.com\/","name":"Horizons H\u00e9mato","description":"La revue des pratiques en h\u00e9matologie","potentialAction":[{"@type":"SearchAction","target":{"@type":"EntryPoint","urlTemplate":"https:\/\/horizonshemato.com\/?s={search_term_string}"},"query-input":{"@type":"PropertyValueSpecification","valueRequired":true,"valueName":"search_term_string"}}],"inLanguage":"en-US"}]}},"_links":{"self":[{"href":"https:\/\/horizonshemato.com\/en\/wp-json\/wp\/v2\/product\/13884","targetHints":{"allow":["GET"]}}],"collection":[{"href":"https:\/\/horizonshemato.com\/en\/wp-json\/wp\/v2\/product"}],"about":[{"href":"https:\/\/horizonshemato.com\/en\/wp-json\/wp\/v2\/types\/product"}],"wp:featuredmedia":[{"embeddable":true,"href":"https:\/\/horizonshemato.com\/en\/wp-json\/wp\/v2\/media\/13886"}],"wp:attachment":[{"href":"https:\/\/horizonshemato.com\/en\/wp-json\/wp\/v2\/media?parent=13884"}],"wp:term":[{"taxonomy":"product_brand","embeddable":true,"href":"https:\/\/horizonshemato.com\/en\/wp-json\/wp\/v2\/product_brand?post=13884"},{"taxonomy":"product_cat","embeddable":true,"href":"https:\/\/horizonshemato.com\/en\/wp-json\/wp\/v2\/product_cat?post=13884"},{"taxonomy":"product_tag","embeddable":true,"href":"https:\/\/horizonshemato.com\/en\/wp-json\/wp\/v2\/product_tag?post=13884"}],"curies":[{"name":"wp","href":"https:\/\/api.w.org\/{rel}","templated":true}]}}