{"id":13881,"date":"2018-10-16T14:52:59","date_gmt":"2018-10-16T14:52:59","guid":{"rendered":"http:\/\/horizonshemato.com\/?post_type=product&#038;p=13881"},"modified":"2024-01-08T17:17:10","modified_gmt":"2024-01-08T17:17:10","slug":"horizons-hemato-vol-3-n3-sept-2013","status":"publish","type":"product","link":"https:\/\/horizonshemato.com\/en\/product\/horizons-hemato-vol-3-n3-sept-2013\/","title":{"rendered":"Horizons H\u00e9mato \u2013 Vol.3 n\u00b03 \u2013 Sept. 2013"},"content":{"rendered":"<p>Magazine au format num\u00e9rique.<br \/>\nEnvois en version papier sur demande.<\/p>","protected":false},"excerpt":{"rendered":"<p>Les SMD restent, comme le rappelle C\u00e9line Berthon,\u00a0une pathologie du sujet \u00e2g\u00e9 dont l\u2019origine est le plus\u00a0souvent inconnue, \u00e0 part le cas des SMD secondaires \u00e0 une\u00a0chimio- ou radioth\u00e9rapie, qui sont particuli\u00e8rement graves.\u00a0Thomas Cluzeau et Rapha\u00ebl Itzykson d\u00e9taillent\u00a0les progr\u00e8s tr\u00e8s r\u00e9cents en mati\u00e8re de physiopathologie\u00a0des SMD, avec notamment des mutations de g\u00e8nes\u00a0impliqu\u00e9s dans l\u2019\u00e9pig\u00e9n\u00e9tique ou dans l\u2019\u00e9pissage g\u00e9nique,\u00a0l\u2019haplo-insuffisance pour certains g\u00e8nes,\u00a0un possible r\u00f4le du micro-environnement pour expliquer\u00a0l\u2019apoptose excessive des pr\u00e9curseurs aux stades\u00a0pr\u00e9coces de la maladie, puis l\u2019\u00e9volution\u00a0en forme de haut risque voire en LAM.\u00a0Emmanuel Gyan nous rappelle ensuite que le\u00a0diagnostic de SMD repose toujours sur l\u2019h\u00e9mogramme\u00a0(montrant des cytop\u00e9nies) et un examen attentif du\u00a0my\u00e9logramme (montrant une dysmy\u00e9lopo\u00ef\u00e8se +\/- un\u00a0exc\u00e8s de blastes). La classification actuellement\u00a0en cours est celle de l&rsquo;OMS version 2008.\u00a0Le caryotype m\u00e9dullaire a surtout un int\u00e9r\u00eat pronostique\u00a0et, joint aux cytop\u00e9nies et au pourcentage de blastes\u00a0m\u00e9dullaires, constitue le score IPSS servant, comme\u00a0le souligne Sophie Dimicoli, de guide actuel au traitement.\u00a0Ce score IPSS a \u00e9t\u00e9 r\u00e9cemment mis \u00e0 jour (R-IPSS),\u00a0et les facteurs pronostiques s\u2019enrichissent avec la recherche\u00a0de mutations g\u00e9niques somatiques, d\u2019une my\u00e9lofibrose\u00a0et peut-\u00eatre de l\u2019immunoph\u00e9notype des cellules my\u00e9lo\u00efdes.\u00a0Le seul traitement curatif des SMD, comme le rappelle\u00a0Marie Robin, est l\u2019allogreffe de cellules souches, que\u00a0toutefois seule une minorit\u00e9 des patients peut recevoir.\u00a0Pour les autres, Thomas Pr\u00e9bet d\u00e9taille les b\u00e9n\u00e9fices\u00a0importants en termes de survie apport\u00e9s par les\u00a0hypom\u00e9thylants, particuli\u00e8rement l\u2019azacycitidine.\u00a0Pour les SMD de faible risque, Lionel Ad\u00e8s souligne le fait\u00a0que le traitement de l\u2019an\u00e9mie ne fait plus seulement appel\u00a0aux transfusions, mais aussi \u00e0 l&rsquo;EPO,\u00a0au l\u00e9nalidomide, et en seconde ligne aux hypom\u00e9thylants\u00a0et parfois au traitement immunosuppresseur.\u00a0Enfin, Thorsten Braun d\u00e9crit la LMMC,\u00a0aux confins du SMD et du SMP, qui peut b\u00e9n\u00e9ficier de\u00a0l\u2019allogreffe et sans doute aussi des hypom\u00e9thylants.\u00a0Les progr\u00e8s th\u00e9rapeutiques ne peuvent venir\u00a0que d\u2019essais th\u00e9rapeutiques bien men\u00e9s.\u00a0Le Groupe Francophone des My\u00e9lodysplasies\u00a0(GFM) essaie, comme le souligne Fatiha Chermat,\u00a0de mener de tels essais dans les SMD.\u00a0Par ailleurs, le r\u00f4le des associations de patients comme\u00a0Conna\u00eetre et Combattre les My\u00e9lodysplasies (CCM) est,\u00a0comme le d\u00e9crit Patrick Festy, tr\u00e8s important dans\u00a0la prise en charge de ces maladies chroniques.<\/p>\n<p><strong>Pierre FENAUX<br \/>\n<\/strong>Coordinateur du Grand Angle \u00ab My\u00e9lodysplasies \u00bb.<br \/>\nService h\u00e9matologie seniors, H\u00f4pital St-Louis (AP-HP) et universit\u00e9 Paris 7.<br \/>\nProfesseur d&rsquo;h\u00e9matologie (Paris 7).<br \/>\npr\u00e9sident du Groupe Francophone des My\u00e9lodysplasies (GFM).<br \/>\n<strong>pierre.fenaux@sls.aphp.fr<\/strong><\/p>","protected":false},"featured_media":13883,"template":"","meta":{"_monsterinsights_skip_tracking":false,"_monsterinsights_sitenote_active":false,"_monsterinsights_sitenote_note":"","_monsterinsights_sitenote_category":0},"product_brand":[],"product_cat":[99],"product_tag":[],"class_list":{"0":"post-13881","1":"product","2":"type-product","3":"status-publish","4":"has-post-thumbnail","6":"product_cat-myelodysplasies","8":"first","9":"instock","10":"downloadable","11":"shipping-taxable","12":"purchasable","13":"product-type-simple"},"yoast_head":"<!-- This site is optimized with the Yoast SEO plugin v27.1.1 - https:\/\/yoast.com\/product\/yoast-seo-wordpress\/ -->\n<title>Horizons H\u00e9mato \u2013 Vol.3 n\u00b03 \u2013 Sept. 2013 - Horizons H\u00e9mato<\/title>\n<meta name=\"robots\" content=\"index, follow, max-snippet:-1, max-image-preview:large, max-video-preview:-1\" \/>\n<link rel=\"canonical\" href=\"https:\/\/horizonshemato.com\/en\/product\/horizons-hemato-vol-3-n3-sept-2013\/\" \/>\n<meta property=\"og:locale\" content=\"en_US\" \/>\n<meta property=\"og:type\" content=\"article\" \/>\n<meta property=\"og:title\" content=\"Horizons H\u00e9mato \u2013 Vol.3 n\u00b03 \u2013 Sept. 2013 - Horizons H\u00e9mato\" \/>\n<meta property=\"og:description\" content=\"Les SMD restent, comme le rappelle C\u00e9line Berthon,\u00a0une pathologie du sujet \u00e2g\u00e9 dont l\u2019origine est le plus\u00a0souvent inconnue, \u00e0 part le cas des SMD secondaires \u00e0 une\u00a0chimio- ou radioth\u00e9rapie, qui sont particuli\u00e8rement graves.\u00a0Thomas Cluzeau et Rapha\u00ebl Itzykson d\u00e9taillent\u00a0les progr\u00e8s tr\u00e8s r\u00e9cents en mati\u00e8re de physiopathologie\u00a0des SMD, avec notamment des mutations de g\u00e8nes\u00a0impliqu\u00e9s dans l\u2019\u00e9pig\u00e9n\u00e9tique ou dans l\u2019\u00e9pissage g\u00e9nique,\u00a0l\u2019haplo-insuffisance pour certains g\u00e8nes,\u00a0un possible r\u00f4le du micro-environnement pour expliquer\u00a0l\u2019apoptose excessive des pr\u00e9curseurs aux stades\u00a0pr\u00e9coces de la maladie, puis l\u2019\u00e9volution\u00a0en forme de haut risque voire en LAM.\u00a0Emmanuel Gyan nous rappelle ensuite que le\u00a0diagnostic de SMD repose toujours sur l\u2019h\u00e9mogramme\u00a0(montrant des cytop\u00e9nies) et un examen attentif du\u00a0my\u00e9logramme (montrant une dysmy\u00e9lopo\u00ef\u00e8se +\/- un\u00a0exc\u00e8s de blastes). La classification actuellement\u00a0en cours est celle de l&#039;OMS version 2008.\u00a0Le caryotype m\u00e9dullaire a surtout un int\u00e9r\u00eat pronostique\u00a0et, joint aux cytop\u00e9nies et au pourcentage de blastes\u00a0m\u00e9dullaires, constitue le score IPSS servant, comme\u00a0le souligne Sophie Dimicoli, de guide actuel au traitement.\u00a0Ce score IPSS a \u00e9t\u00e9 r\u00e9cemment mis \u00e0 jour (R-IPSS),\u00a0et les facteurs pronostiques s\u2019enrichissent avec la recherche\u00a0de mutations g\u00e9niques somatiques, d\u2019une my\u00e9lofibrose\u00a0et peut-\u00eatre de l\u2019immunoph\u00e9notype des cellules my\u00e9lo\u00efdes.\u00a0Le seul traitement curatif des SMD, comme le rappelle\u00a0Marie Robin, est l\u2019allogreffe de cellules souches, que\u00a0toutefois seule une minorit\u00e9 des patients peut recevoir.\u00a0Pour les autres, Thomas Pr\u00e9bet d\u00e9taille les b\u00e9n\u00e9fices\u00a0importants en termes de survie apport\u00e9s par les\u00a0hypom\u00e9thylants, particuli\u00e8rement l\u2019azacycitidine.\u00a0Pour les SMD de faible risque, Lionel Ad\u00e8s souligne le fait\u00a0que le traitement de l\u2019an\u00e9mie ne fait plus seulement appel\u00a0aux transfusions, mais aussi \u00e0 l&#039;EPO,\u00a0au l\u00e9nalidomide, et en seconde ligne aux hypom\u00e9thylants\u00a0et parfois au traitement immunosuppresseur.\u00a0Enfin, Thorsten Braun d\u00e9crit la LMMC,\u00a0aux confins du SMD et du SMP, qui peut b\u00e9n\u00e9ficier de\u00a0l\u2019allogreffe et sans doute aussi des hypom\u00e9thylants.\u00a0Les progr\u00e8s th\u00e9rapeutiques ne peuvent venir\u00a0que d\u2019essais th\u00e9rapeutiques bien men\u00e9s.\u00a0Le Groupe Francophone des My\u00e9lodysplasies\u00a0(GFM) essaie, comme le souligne Fatiha Chermat,\u00a0de mener de tels essais dans les SMD.\u00a0Par ailleurs, le r\u00f4le des associations de patients comme\u00a0Conna\u00eetre et Combattre les My\u00e9lodysplasies (CCM) est,\u00a0comme le d\u00e9crit Patrick Festy, tr\u00e8s important dans\u00a0la prise en charge de ces maladies chroniques.  Pierre FENAUX Coordinateur du Grand Angle \u00ab My\u00e9lodysplasies \u00bb. Service h\u00e9matologie seniors, H\u00f4pital St-Louis (AP-HP) et universit\u00e9 Paris 7. Professeur d&#039;h\u00e9matologie (Paris 7). pr\u00e9sident du Groupe Francophone des My\u00e9lodysplasies (GFM). pierre.fenaux@sls.aphp.fr\" \/>\n<meta property=\"og:url\" content=\"https:\/\/horizonshemato.com\/en\/product\/horizons-hemato-vol-3-n3-sept-2013\/\" \/>\n<meta property=\"og:site_name\" content=\"Horizons H\u00e9mato\" \/>\n<meta property=\"article:modified_time\" content=\"2024-01-08T17:17:10+00:00\" \/>\n<meta property=\"og:image\" content=\"https:\/\/horizonshemato.com\/wp-content\/uploads\/2018\/10\/HH-VOL3-N3-1.jpg\" \/>\n\t<meta property=\"og:image:width\" content=\"938\" \/>\n\t<meta property=\"og:image:height\" content=\"938\" \/>\n\t<meta property=\"og:image:type\" content=\"image\/jpeg\" \/>\n<meta name=\"twitter:card\" content=\"summary_large_image\" \/>\n<script type=\"application\/ld+json\" class=\"yoast-schema-graph\">{\"@context\":\"https:\/\/schema.org\",\"@graph\":[{\"@type\":\"WebPage\",\"@id\":\"https:\/\/horizonshemato.com\/product\/horizons-hemato-vol-3-n3-sept-2013\/\",\"url\":\"https:\/\/horizonshemato.com\/product\/horizons-hemato-vol-3-n3-sept-2013\/\",\"name\":\"Horizons H\u00e9mato \u2013 Vol.3 n\u00b03 \u2013 Sept. 2013 - Horizons H\u00e9mato\",\"isPartOf\":{\"@id\":\"https:\/\/horizonshemato.com\/#website\"},\"primaryImageOfPage\":{\"@id\":\"https:\/\/horizonshemato.com\/product\/horizons-hemato-vol-3-n3-sept-2013\/#primaryimage\"},\"image\":{\"@id\":\"https:\/\/horizonshemato.com\/product\/horizons-hemato-vol-3-n3-sept-2013\/#primaryimage\"},\"thumbnailUrl\":\"https:\/\/horizonshemato.com\/wp-content\/uploads\/2018\/10\/HH-VOL3-N3-1.jpg\",\"datePublished\":\"2018-10-16T14:52:59+00:00\",\"dateModified\":\"2024-01-08T17:17:10+00:00\",\"breadcrumb\":{\"@id\":\"https:\/\/horizonshemato.com\/product\/horizons-hemato-vol-3-n3-sept-2013\/#breadcrumb\"},\"inLanguage\":\"en-US\",\"potentialAction\":[{\"@type\":\"ReadAction\",\"target\":[\"https:\/\/horizonshemato.com\/product\/horizons-hemato-vol-3-n3-sept-2013\/\"]}]},{\"@type\":\"ImageObject\",\"inLanguage\":\"en-US\",\"@id\":\"https:\/\/horizonshemato.com\/product\/horizons-hemato-vol-3-n3-sept-2013\/#primaryimage\",\"url\":\"https:\/\/horizonshemato.com\/wp-content\/uploads\/2018\/10\/HH-VOL3-N3-1.jpg\",\"contentUrl\":\"https:\/\/horizonshemato.com\/wp-content\/uploads\/2018\/10\/HH-VOL3-N3-1.jpg\",\"width\":938,\"height\":938},{\"@type\":\"BreadcrumbList\",\"@id\":\"https:\/\/horizonshemato.com\/product\/horizons-hemato-vol-3-n3-sept-2013\/#breadcrumb\",\"itemListElement\":[{\"@type\":\"ListItem\",\"position\":1,\"name\":\"Accueil\",\"item\":\"https:\/\/horizonshemato.com\/\"},{\"@type\":\"ListItem\",\"position\":2,\"name\":\"Boutique\",\"item\":\"https:\/\/horizonshemato.com\/boutique\/\"},{\"@type\":\"ListItem\",\"position\":3,\"name\":\"Horizons H\u00e9mato \u2013 Vol.3 n\u00b03 \u2013 Sept. 2013\"}]},{\"@type\":\"WebSite\",\"@id\":\"https:\/\/horizonshemato.com\/#website\",\"url\":\"https:\/\/horizonshemato.com\/\",\"name\":\"Horizons H\u00e9mato\",\"description\":\"La revue des pratiques en h\u00e9matologie\",\"potentialAction\":[{\"@type\":\"SearchAction\",\"target\":{\"@type\":\"EntryPoint\",\"urlTemplate\":\"https:\/\/horizonshemato.com\/?s={search_term_string}\"},\"query-input\":{\"@type\":\"PropertyValueSpecification\",\"valueRequired\":true,\"valueName\":\"search_term_string\"}}],\"inLanguage\":\"en-US\"}]}<\/script>\n<!-- \/ Yoast SEO plugin. -->","yoast_head_json":{"title":"Horizons H\u00e9mato \u2013 Vol.3 n\u00b03 \u2013 Sept. 2013 - Horizons H\u00e9mato","robots":{"index":"index","follow":"follow","max-snippet":"max-snippet:-1","max-image-preview":"max-image-preview:large","max-video-preview":"max-video-preview:-1"},"canonical":"https:\/\/horizonshemato.com\/en\/product\/horizons-hemato-vol-3-n3-sept-2013\/","og_locale":"en_US","og_type":"article","og_title":"Horizons H\u00e9mato \u2013 Vol.3 n\u00b03 \u2013 Sept. 2013 - Horizons H\u00e9mato","og_description":"Les SMD restent, comme le rappelle C\u00e9line Berthon,\u00a0une pathologie du sujet \u00e2g\u00e9 dont l\u2019origine est le plus\u00a0souvent inconnue, \u00e0 part le cas des SMD secondaires \u00e0 une\u00a0chimio- ou radioth\u00e9rapie, qui sont particuli\u00e8rement graves.\u00a0Thomas Cluzeau et Rapha\u00ebl Itzykson d\u00e9taillent\u00a0les progr\u00e8s tr\u00e8s r\u00e9cents en mati\u00e8re de physiopathologie\u00a0des SMD, avec notamment des mutations de g\u00e8nes\u00a0impliqu\u00e9s dans l\u2019\u00e9pig\u00e9n\u00e9tique ou dans l\u2019\u00e9pissage g\u00e9nique,\u00a0l\u2019haplo-insuffisance pour certains g\u00e8nes,\u00a0un possible r\u00f4le du micro-environnement pour expliquer\u00a0l\u2019apoptose excessive des pr\u00e9curseurs aux stades\u00a0pr\u00e9coces de la maladie, puis l\u2019\u00e9volution\u00a0en forme de haut risque voire en LAM.\u00a0Emmanuel Gyan nous rappelle ensuite que le\u00a0diagnostic de SMD repose toujours sur l\u2019h\u00e9mogramme\u00a0(montrant des cytop\u00e9nies) et un examen attentif du\u00a0my\u00e9logramme (montrant une dysmy\u00e9lopo\u00ef\u00e8se +\/- un\u00a0exc\u00e8s de blastes). La classification actuellement\u00a0en cours est celle de l'OMS version 2008.\u00a0Le caryotype m\u00e9dullaire a surtout un int\u00e9r\u00eat pronostique\u00a0et, joint aux cytop\u00e9nies et au pourcentage de blastes\u00a0m\u00e9dullaires, constitue le score IPSS servant, comme\u00a0le souligne Sophie Dimicoli, de guide actuel au traitement.\u00a0Ce score IPSS a \u00e9t\u00e9 r\u00e9cemment mis \u00e0 jour (R-IPSS),\u00a0et les facteurs pronostiques s\u2019enrichissent avec la recherche\u00a0de mutations g\u00e9niques somatiques, d\u2019une my\u00e9lofibrose\u00a0et peut-\u00eatre de l\u2019immunoph\u00e9notype des cellules my\u00e9lo\u00efdes.\u00a0Le seul traitement curatif des SMD, comme le rappelle\u00a0Marie Robin, est l\u2019allogreffe de cellules souches, que\u00a0toutefois seule une minorit\u00e9 des patients peut recevoir.\u00a0Pour les autres, Thomas Pr\u00e9bet d\u00e9taille les b\u00e9n\u00e9fices\u00a0importants en termes de survie apport\u00e9s par les\u00a0hypom\u00e9thylants, particuli\u00e8rement l\u2019azacycitidine.\u00a0Pour les SMD de faible risque, Lionel Ad\u00e8s souligne le fait\u00a0que le traitement de l\u2019an\u00e9mie ne fait plus seulement appel\u00a0aux transfusions, mais aussi \u00e0 l'EPO,\u00a0au l\u00e9nalidomide, et en seconde ligne aux hypom\u00e9thylants\u00a0et parfois au traitement immunosuppresseur.\u00a0Enfin, Thorsten Braun d\u00e9crit la LMMC,\u00a0aux confins du SMD et du SMP, qui peut b\u00e9n\u00e9ficier de\u00a0l\u2019allogreffe et sans doute aussi des hypom\u00e9thylants.\u00a0Les progr\u00e8s th\u00e9rapeutiques ne peuvent venir\u00a0que d\u2019essais th\u00e9rapeutiques bien men\u00e9s.\u00a0Le Groupe Francophone des My\u00e9lodysplasies\u00a0(GFM) essaie, comme le souligne Fatiha Chermat,\u00a0de mener de tels essais dans les SMD.\u00a0Par ailleurs, le r\u00f4le des associations de patients comme\u00a0Conna\u00eetre et Combattre les My\u00e9lodysplasies (CCM) est,\u00a0comme le d\u00e9crit Patrick Festy, tr\u00e8s important dans\u00a0la prise en charge de ces maladies chroniques.  Pierre FENAUX Coordinateur du Grand Angle \u00ab My\u00e9lodysplasies \u00bb. Service h\u00e9matologie seniors, H\u00f4pital St-Louis (AP-HP) et universit\u00e9 Paris 7. Professeur d'h\u00e9matologie (Paris 7). pr\u00e9sident du Groupe Francophone des My\u00e9lodysplasies (GFM). pierre.fenaux@sls.aphp.fr","og_url":"https:\/\/horizonshemato.com\/en\/product\/horizons-hemato-vol-3-n3-sept-2013\/","og_site_name":"Horizons H\u00e9mato","article_modified_time":"2024-01-08T17:17:10+00:00","og_image":[{"width":938,"height":938,"url":"https:\/\/horizonshemato.com\/wp-content\/uploads\/2018\/10\/HH-VOL3-N3-1.jpg","type":"image\/jpeg"}],"twitter_card":"summary_large_image","schema":{"@context":"https:\/\/schema.org","@graph":[{"@type":"WebPage","@id":"https:\/\/horizonshemato.com\/product\/horizons-hemato-vol-3-n3-sept-2013\/","url":"https:\/\/horizonshemato.com\/product\/horizons-hemato-vol-3-n3-sept-2013\/","name":"Horizons H\u00e9mato \u2013 Vol.3 n\u00b03 \u2013 Sept. 2013 - Horizons H\u00e9mato","isPartOf":{"@id":"https:\/\/horizonshemato.com\/#website"},"primaryImageOfPage":{"@id":"https:\/\/horizonshemato.com\/product\/horizons-hemato-vol-3-n3-sept-2013\/#primaryimage"},"image":{"@id":"https:\/\/horizonshemato.com\/product\/horizons-hemato-vol-3-n3-sept-2013\/#primaryimage"},"thumbnailUrl":"https:\/\/horizonshemato.com\/wp-content\/uploads\/2018\/10\/HH-VOL3-N3-1.jpg","datePublished":"2018-10-16T14:52:59+00:00","dateModified":"2024-01-08T17:17:10+00:00","breadcrumb":{"@id":"https:\/\/horizonshemato.com\/product\/horizons-hemato-vol-3-n3-sept-2013\/#breadcrumb"},"inLanguage":"en-US","potentialAction":[{"@type":"ReadAction","target":["https:\/\/horizonshemato.com\/product\/horizons-hemato-vol-3-n3-sept-2013\/"]}]},{"@type":"ImageObject","inLanguage":"en-US","@id":"https:\/\/horizonshemato.com\/product\/horizons-hemato-vol-3-n3-sept-2013\/#primaryimage","url":"https:\/\/horizonshemato.com\/wp-content\/uploads\/2018\/10\/HH-VOL3-N3-1.jpg","contentUrl":"https:\/\/horizonshemato.com\/wp-content\/uploads\/2018\/10\/HH-VOL3-N3-1.jpg","width":938,"height":938},{"@type":"BreadcrumbList","@id":"https:\/\/horizonshemato.com\/product\/horizons-hemato-vol-3-n3-sept-2013\/#breadcrumb","itemListElement":[{"@type":"ListItem","position":1,"name":"Accueil","item":"https:\/\/horizonshemato.com\/"},{"@type":"ListItem","position":2,"name":"Boutique","item":"https:\/\/horizonshemato.com\/boutique\/"},{"@type":"ListItem","position":3,"name":"Horizons H\u00e9mato \u2013 Vol.3 n\u00b03 \u2013 Sept. 2013"}]},{"@type":"WebSite","@id":"https:\/\/horizonshemato.com\/#website","url":"https:\/\/horizonshemato.com\/","name":"Horizons H\u00e9mato","description":"La revue des pratiques en h\u00e9matologie","potentialAction":[{"@type":"SearchAction","target":{"@type":"EntryPoint","urlTemplate":"https:\/\/horizonshemato.com\/?s={search_term_string}"},"query-input":{"@type":"PropertyValueSpecification","valueRequired":true,"valueName":"search_term_string"}}],"inLanguage":"en-US"}]}},"_links":{"self":[{"href":"https:\/\/horizonshemato.com\/en\/wp-json\/wp\/v2\/product\/13881","targetHints":{"allow":["GET"]}}],"collection":[{"href":"https:\/\/horizonshemato.com\/en\/wp-json\/wp\/v2\/product"}],"about":[{"href":"https:\/\/horizonshemato.com\/en\/wp-json\/wp\/v2\/types\/product"}],"wp:featuredmedia":[{"embeddable":true,"href":"https:\/\/horizonshemato.com\/en\/wp-json\/wp\/v2\/media\/13883"}],"wp:attachment":[{"href":"https:\/\/horizonshemato.com\/en\/wp-json\/wp\/v2\/media?parent=13881"}],"wp:term":[{"taxonomy":"product_brand","embeddable":true,"href":"https:\/\/horizonshemato.com\/en\/wp-json\/wp\/v2\/product_brand?post=13881"},{"taxonomy":"product_cat","embeddable":true,"href":"https:\/\/horizonshemato.com\/en\/wp-json\/wp\/v2\/product_cat?post=13881"},{"taxonomy":"product_tag","embeddable":true,"href":"https:\/\/horizonshemato.com\/en\/wp-json\/wp\/v2\/product_tag?post=13881"}],"curies":[{"name":"wp","href":"https:\/\/api.w.org\/{rel}","templated":true}]}}