{"id":13878,"date":"2018-10-16T14:41:17","date_gmt":"2018-10-16T14:41:17","guid":{"rendered":"http:\/\/horizonshemato.com\/?post_type=product&#038;p=13878"},"modified":"2024-01-08T17:17:10","modified_gmt":"2024-01-08T17:17:10","slug":"horizons-hemato-vol-3-n1-decembre-2013","status":"publish","type":"product","link":"https:\/\/horizonshemato.com\/en\/product\/horizons-hemato-vol-3-n1-decembre-2013\/","title":{"rendered":"Horizons H\u00e9mato \u2013 Vol.3 n\u00b01 \u2013 D\u00e9cembre 2013"},"content":{"rendered":"<p>Magazine au format num\u00e9rique.<br \/>\nEnvois en version papier sur demande.<\/p>","protected":false},"excerpt":{"rendered":"<p>Ce num\u00e9ro d&rsquo;Horizons H\u00e9mato nous propose de faire un tour\u00a0d\u2019horizon complet sur la leuc\u00e9mie aigu\u00eb my\u00e9loblastique\u00a0(LAM) de l\u2019adulte et de l\u2019enfant. Le pronostic de cette pathologie\u00a0a vu des am\u00e9liorations, ces derni\u00e8res d\u00e9cennies, surtout chez\u00a0les sujets \u00ab jeunes \u00bb \u00e2g\u00e9s de moins de 60 ans, mais ne s\u2019est\u00a0que peu am\u00e9lior\u00e9 chez les sujets plus \u00e2g\u00e9s. Ces progr\u00e8s ont \u00e9t\u00e9\u00a0accomplis autant gr\u00e2ce aux traitements de supports que par\u00a0les th\u00e9rapeutiques antitumorales. Le traitement de r\u00e9f\u00e9rence\u00a0des leuc\u00e9mies aigu\u00ebs my\u00e9loblastiques est rest\u00e9 le m\u00eame\u00a0depuis de nombreuses ann\u00e9es combinant une anthracycline\u00a0et de la cytarabine \u00e0 diff\u00e9rentes posologies, suivie d\u2019une\u00a0phase de consolidation incluant souvent une allogreffe.\u00a0Depuis quelques ann\u00e9es cette maladie h\u00e9t\u00e9rog\u00e8ne a b\u00e9n\u00e9fici\u00e9\u00a0de nouvelles connaissances, en particulier au niveau g\u00e9n\u00e9tique,\u00a0ce qui a permis d\u2019affiner le pronostic de cette h\u00e9mopathie,\u00a0permettant d\u2019adapter l\u2019intensit\u00e9 des traitements en particulier\u00a0les indications d\u2019allogreffe, d\u2019appr\u00e9cier le taux de maladie\u00a0r\u00e9siduelle, par exemple par la quantification de NPM1, et dans\u00a0certains cas de d\u00e9boucher sur des th\u00e9rapeutiques cibl\u00e9es,\u00a0par l\u2019administration d\u2019inhibiteurs de Flt3. Le Mylotarg\u00ae,\u00a0un anticorps anti-CD33 coupl\u00e9 \u00e0 de la calich\u00e9amycine,\u00a0qui apr\u00e8s avoir failli \u00eatre retir\u00e9 du march\u00e9, semble \u00eatre en\u00a0sursis et peut-\u00eatre mieux suite \u00e0 plusieurs \u00e9tudes randomis\u00e9es\u00a0de phase III montrant sa sup\u00e9riorit\u00e9 par rapport au traitement\u00a0standard, au moins dans les LAM sans facteurs pronostiques\u00a0p\u00e9joratifs. Des progr\u00e8s ont \u00e9t\u00e9 faits aussi au niveau de la\u00a0r\u00e9alisation des allogreffes, permettant ainsi de proposer\u00a0cette strat\u00e9gie th\u00e9rapeutique \u00e0 des patients jusque-l\u00e0 non\u00a0\u00e9ligibles gr\u00e2ce au recours aux donneurs alternatifs et aux\u00a0conditionnements \u00e0 intensit\u00e9 r\u00e9duite chez des patients \u00e2g\u00e9s.\u00a0Tous ces diff\u00e9rents th\u00e8mes sont d\u00e9velopp\u00e9s dans ce num\u00e9ro\u00a0d\u2019Horizons H\u00e9mato qui a pour objectif de faire le point sur\u00a0cette pathologie au niveau biologique et th\u00e9rapeutique.\u00a0Un grand merci \u00e0 toutes celles et ceux qui ont particip\u00e9\u00a0\u00e0 la r\u00e9daction de ce num\u00e9ro consacr\u00e9 aux LAM.<\/p>\n<p><strong>OLLIVIER LEGRAND<\/strong><br \/>\nH\u00f4pital Saint-Antoine, service d&rsquo;h\u00e9matologie clinique<br \/>\n<strong>ollivier.legrand@sat.aphp.fr<\/strong><\/p>","protected":false},"featured_media":13880,"template":"","meta":{"_monsterinsights_skip_tracking":false,"_monsterinsights_sitenote_active":false,"_monsterinsights_sitenote_note":"","_monsterinsights_sitenote_category":0},"product_brand":[],"product_cat":[101],"product_tag":[],"class_list":{"0":"post-13878","1":"product","2":"type-product","3":"status-publish","4":"has-post-thumbnail","6":"product_cat-leucemies-aigues-myeloides","8":"first","9":"instock","10":"downloadable","11":"shipping-taxable","12":"purchasable","13":"product-type-simple"},"yoast_head":"<!-- This site is optimized with the Yoast SEO plugin v27.1.1 - https:\/\/yoast.com\/product\/yoast-seo-wordpress\/ -->\n<title>Horizons H\u00e9mato \u2013 Vol.3 n\u00b01 \u2013 D\u00e9cembre 2013 - Horizons H\u00e9mato<\/title>\n<meta name=\"robots\" content=\"index, follow, max-snippet:-1, max-image-preview:large, max-video-preview:-1\" \/>\n<link rel=\"canonical\" href=\"https:\/\/horizonshemato.com\/en\/product\/horizons-hemato-vol-3-n1-decembre-2013\/\" \/>\n<meta property=\"og:locale\" content=\"en_US\" \/>\n<meta property=\"og:type\" content=\"article\" \/>\n<meta property=\"og:title\" content=\"Horizons H\u00e9mato \u2013 Vol.3 n\u00b01 \u2013 D\u00e9cembre 2013 - Horizons H\u00e9mato\" \/>\n<meta property=\"og:description\" content=\"Ce num\u00e9ro d&#039;Horizons H\u00e9mato nous propose de faire un tour\u00a0d\u2019horizon complet sur la leuc\u00e9mie aigu\u00eb my\u00e9loblastique\u00a0(LAM) de l\u2019adulte et de l\u2019enfant. Le pronostic de cette pathologie\u00a0a vu des am\u00e9liorations, ces derni\u00e8res d\u00e9cennies, surtout chez\u00a0les sujets \u00ab jeunes \u00bb \u00e2g\u00e9s de moins de 60 ans, mais ne s\u2019est\u00a0que peu am\u00e9lior\u00e9 chez les sujets plus \u00e2g\u00e9s. Ces progr\u00e8s ont \u00e9t\u00e9\u00a0accomplis autant gr\u00e2ce aux traitements de supports que par\u00a0les th\u00e9rapeutiques antitumorales. Le traitement de r\u00e9f\u00e9rence\u00a0des leuc\u00e9mies aigu\u00ebs my\u00e9loblastiques est rest\u00e9 le m\u00eame\u00a0depuis de nombreuses ann\u00e9es combinant une anthracycline\u00a0et de la cytarabine \u00e0 diff\u00e9rentes posologies, suivie d\u2019une\u00a0phase de consolidation incluant souvent une allogreffe.\u00a0Depuis quelques ann\u00e9es cette maladie h\u00e9t\u00e9rog\u00e8ne a b\u00e9n\u00e9fici\u00e9\u00a0de nouvelles connaissances, en particulier au niveau g\u00e9n\u00e9tique,\u00a0ce qui a permis d\u2019affiner le pronostic de cette h\u00e9mopathie,\u00a0permettant d\u2019adapter l\u2019intensit\u00e9 des traitements en particulier\u00a0les indications d\u2019allogreffe, d\u2019appr\u00e9cier le taux de maladie\u00a0r\u00e9siduelle, par exemple par la quantification de NPM1, et dans\u00a0certains cas de d\u00e9boucher sur des th\u00e9rapeutiques cibl\u00e9es,\u00a0par l\u2019administration d\u2019inhibiteurs de Flt3. Le Mylotarg\u00ae,\u00a0un anticorps anti-CD33 coupl\u00e9 \u00e0 de la calich\u00e9amycine,\u00a0qui apr\u00e8s avoir failli \u00eatre retir\u00e9 du march\u00e9, semble \u00eatre en\u00a0sursis et peut-\u00eatre mieux suite \u00e0 plusieurs \u00e9tudes randomis\u00e9es\u00a0de phase III montrant sa sup\u00e9riorit\u00e9 par rapport au traitement\u00a0standard, au moins dans les LAM sans facteurs pronostiques\u00a0p\u00e9joratifs. Des progr\u00e8s ont \u00e9t\u00e9 faits aussi au niveau de la\u00a0r\u00e9alisation des allogreffes, permettant ainsi de proposer\u00a0cette strat\u00e9gie th\u00e9rapeutique \u00e0 des patients jusque-l\u00e0 non\u00a0\u00e9ligibles gr\u00e2ce au recours aux donneurs alternatifs et aux\u00a0conditionnements \u00e0 intensit\u00e9 r\u00e9duite chez des patients \u00e2g\u00e9s.\u00a0Tous ces diff\u00e9rents th\u00e8mes sont d\u00e9velopp\u00e9s dans ce num\u00e9ro\u00a0d\u2019Horizons H\u00e9mato qui a pour objectif de faire le point sur\u00a0cette pathologie au niveau biologique et th\u00e9rapeutique.\u00a0Un grand merci \u00e0 toutes celles et ceux qui ont particip\u00e9\u00a0\u00e0 la r\u00e9daction de ce num\u00e9ro consacr\u00e9 aux LAM.  OLLIVIER LEGRAND H\u00f4pital Saint-Antoine, service d&#039;h\u00e9matologie clinique ollivier.legrand@sat.aphp.fr\" \/>\n<meta property=\"og:url\" content=\"https:\/\/horizonshemato.com\/en\/product\/horizons-hemato-vol-3-n1-decembre-2013\/\" \/>\n<meta property=\"og:site_name\" content=\"Horizons H\u00e9mato\" \/>\n<meta property=\"article:modified_time\" content=\"2024-01-08T17:17:10+00:00\" \/>\n<meta property=\"og:image\" content=\"https:\/\/horizonshemato.com\/wp-content\/uploads\/2018\/10\/HH-VOL3-N1.jpg\" \/>\n\t<meta property=\"og:image:width\" content=\"938\" \/>\n\t<meta property=\"og:image:height\" content=\"938\" \/>\n\t<meta property=\"og:image:type\" content=\"image\/jpeg\" \/>\n<meta name=\"twitter:card\" content=\"summary_large_image\" \/>\n<script type=\"application\/ld+json\" class=\"yoast-schema-graph\">{\"@context\":\"https:\/\/schema.org\",\"@graph\":[{\"@type\":\"WebPage\",\"@id\":\"https:\/\/horizonshemato.com\/product\/horizons-hemato-vol-3-n1-decembre-2013\/\",\"url\":\"https:\/\/horizonshemato.com\/product\/horizons-hemato-vol-3-n1-decembre-2013\/\",\"name\":\"Horizons H\u00e9mato \u2013 Vol.3 n\u00b01 \u2013 D\u00e9cembre 2013 - Horizons H\u00e9mato\",\"isPartOf\":{\"@id\":\"https:\/\/horizonshemato.com\/#website\"},\"primaryImageOfPage\":{\"@id\":\"https:\/\/horizonshemato.com\/product\/horizons-hemato-vol-3-n1-decembre-2013\/#primaryimage\"},\"image\":{\"@id\":\"https:\/\/horizonshemato.com\/product\/horizons-hemato-vol-3-n1-decembre-2013\/#primaryimage\"},\"thumbnailUrl\":\"https:\/\/horizonshemato.com\/wp-content\/uploads\/2018\/10\/HH-VOL3-N1.jpg\",\"datePublished\":\"2018-10-16T14:41:17+00:00\",\"dateModified\":\"2024-01-08T17:17:10+00:00\",\"breadcrumb\":{\"@id\":\"https:\/\/horizonshemato.com\/product\/horizons-hemato-vol-3-n1-decembre-2013\/#breadcrumb\"},\"inLanguage\":\"en-US\",\"potentialAction\":[{\"@type\":\"ReadAction\",\"target\":[\"https:\/\/horizonshemato.com\/product\/horizons-hemato-vol-3-n1-decembre-2013\/\"]}]},{\"@type\":\"ImageObject\",\"inLanguage\":\"en-US\",\"@id\":\"https:\/\/horizonshemato.com\/product\/horizons-hemato-vol-3-n1-decembre-2013\/#primaryimage\",\"url\":\"https:\/\/horizonshemato.com\/wp-content\/uploads\/2018\/10\/HH-VOL3-N1.jpg\",\"contentUrl\":\"https:\/\/horizonshemato.com\/wp-content\/uploads\/2018\/10\/HH-VOL3-N1.jpg\",\"width\":938,\"height\":938},{\"@type\":\"BreadcrumbList\",\"@id\":\"https:\/\/horizonshemato.com\/product\/horizons-hemato-vol-3-n1-decembre-2013\/#breadcrumb\",\"itemListElement\":[{\"@type\":\"ListItem\",\"position\":1,\"name\":\"Accueil\",\"item\":\"https:\/\/horizonshemato.com\/\"},{\"@type\":\"ListItem\",\"position\":2,\"name\":\"Boutique\",\"item\":\"https:\/\/horizonshemato.com\/boutique\/\"},{\"@type\":\"ListItem\",\"position\":3,\"name\":\"Horizons H\u00e9mato \u2013 Vol.3 n\u00b01 \u2013 D\u00e9cembre 2013\"}]},{\"@type\":\"WebSite\",\"@id\":\"https:\/\/horizonshemato.com\/#website\",\"url\":\"https:\/\/horizonshemato.com\/\",\"name\":\"Horizons H\u00e9mato\",\"description\":\"La revue des pratiques en h\u00e9matologie\",\"potentialAction\":[{\"@type\":\"SearchAction\",\"target\":{\"@type\":\"EntryPoint\",\"urlTemplate\":\"https:\/\/horizonshemato.com\/?s={search_term_string}\"},\"query-input\":{\"@type\":\"PropertyValueSpecification\",\"valueRequired\":true,\"valueName\":\"search_term_string\"}}],\"inLanguage\":\"en-US\"}]}<\/script>\n<!-- \/ Yoast SEO plugin. -->","yoast_head_json":{"title":"Horizons H\u00e9mato \u2013 Vol.3 n\u00b01 \u2013 D\u00e9cembre 2013 - Horizons H\u00e9mato","robots":{"index":"index","follow":"follow","max-snippet":"max-snippet:-1","max-image-preview":"max-image-preview:large","max-video-preview":"max-video-preview:-1"},"canonical":"https:\/\/horizonshemato.com\/en\/product\/horizons-hemato-vol-3-n1-decembre-2013\/","og_locale":"en_US","og_type":"article","og_title":"Horizons H\u00e9mato \u2013 Vol.3 n\u00b01 \u2013 D\u00e9cembre 2013 - Horizons H\u00e9mato","og_description":"Ce num\u00e9ro d'Horizons H\u00e9mato nous propose de faire un tour\u00a0d\u2019horizon complet sur la leuc\u00e9mie aigu\u00eb my\u00e9loblastique\u00a0(LAM) de l\u2019adulte et de l\u2019enfant. Le pronostic de cette pathologie\u00a0a vu des am\u00e9liorations, ces derni\u00e8res d\u00e9cennies, surtout chez\u00a0les sujets \u00ab jeunes \u00bb \u00e2g\u00e9s de moins de 60 ans, mais ne s\u2019est\u00a0que peu am\u00e9lior\u00e9 chez les sujets plus \u00e2g\u00e9s. Ces progr\u00e8s ont \u00e9t\u00e9\u00a0accomplis autant gr\u00e2ce aux traitements de supports que par\u00a0les th\u00e9rapeutiques antitumorales. Le traitement de r\u00e9f\u00e9rence\u00a0des leuc\u00e9mies aigu\u00ebs my\u00e9loblastiques est rest\u00e9 le m\u00eame\u00a0depuis de nombreuses ann\u00e9es combinant une anthracycline\u00a0et de la cytarabine \u00e0 diff\u00e9rentes posologies, suivie d\u2019une\u00a0phase de consolidation incluant souvent une allogreffe.\u00a0Depuis quelques ann\u00e9es cette maladie h\u00e9t\u00e9rog\u00e8ne a b\u00e9n\u00e9fici\u00e9\u00a0de nouvelles connaissances, en particulier au niveau g\u00e9n\u00e9tique,\u00a0ce qui a permis d\u2019affiner le pronostic de cette h\u00e9mopathie,\u00a0permettant d\u2019adapter l\u2019intensit\u00e9 des traitements en particulier\u00a0les indications d\u2019allogreffe, d\u2019appr\u00e9cier le taux de maladie\u00a0r\u00e9siduelle, par exemple par la quantification de NPM1, et dans\u00a0certains cas de d\u00e9boucher sur des th\u00e9rapeutiques cibl\u00e9es,\u00a0par l\u2019administration d\u2019inhibiteurs de Flt3. Le Mylotarg\u00ae,\u00a0un anticorps anti-CD33 coupl\u00e9 \u00e0 de la calich\u00e9amycine,\u00a0qui apr\u00e8s avoir failli \u00eatre retir\u00e9 du march\u00e9, semble \u00eatre en\u00a0sursis et peut-\u00eatre mieux suite \u00e0 plusieurs \u00e9tudes randomis\u00e9es\u00a0de phase III montrant sa sup\u00e9riorit\u00e9 par rapport au traitement\u00a0standard, au moins dans les LAM sans facteurs pronostiques\u00a0p\u00e9joratifs. Des progr\u00e8s ont \u00e9t\u00e9 faits aussi au niveau de la\u00a0r\u00e9alisation des allogreffes, permettant ainsi de proposer\u00a0cette strat\u00e9gie th\u00e9rapeutique \u00e0 des patients jusque-l\u00e0 non\u00a0\u00e9ligibles gr\u00e2ce au recours aux donneurs alternatifs et aux\u00a0conditionnements \u00e0 intensit\u00e9 r\u00e9duite chez des patients \u00e2g\u00e9s.\u00a0Tous ces diff\u00e9rents th\u00e8mes sont d\u00e9velopp\u00e9s dans ce num\u00e9ro\u00a0d\u2019Horizons H\u00e9mato qui a pour objectif de faire le point sur\u00a0cette pathologie au niveau biologique et th\u00e9rapeutique.\u00a0Un grand merci \u00e0 toutes celles et ceux qui ont particip\u00e9\u00a0\u00e0 la r\u00e9daction de ce num\u00e9ro consacr\u00e9 aux LAM.  OLLIVIER LEGRAND H\u00f4pital Saint-Antoine, service d'h\u00e9matologie clinique ollivier.legrand@sat.aphp.fr","og_url":"https:\/\/horizonshemato.com\/en\/product\/horizons-hemato-vol-3-n1-decembre-2013\/","og_site_name":"Horizons H\u00e9mato","article_modified_time":"2024-01-08T17:17:10+00:00","og_image":[{"width":938,"height":938,"url":"https:\/\/horizonshemato.com\/wp-content\/uploads\/2018\/10\/HH-VOL3-N1.jpg","type":"image\/jpeg"}],"twitter_card":"summary_large_image","schema":{"@context":"https:\/\/schema.org","@graph":[{"@type":"WebPage","@id":"https:\/\/horizonshemato.com\/product\/horizons-hemato-vol-3-n1-decembre-2013\/","url":"https:\/\/horizonshemato.com\/product\/horizons-hemato-vol-3-n1-decembre-2013\/","name":"Horizons H\u00e9mato \u2013 Vol.3 n\u00b01 \u2013 D\u00e9cembre 2013 - Horizons H\u00e9mato","isPartOf":{"@id":"https:\/\/horizonshemato.com\/#website"},"primaryImageOfPage":{"@id":"https:\/\/horizonshemato.com\/product\/horizons-hemato-vol-3-n1-decembre-2013\/#primaryimage"},"image":{"@id":"https:\/\/horizonshemato.com\/product\/horizons-hemato-vol-3-n1-decembre-2013\/#primaryimage"},"thumbnailUrl":"https:\/\/horizonshemato.com\/wp-content\/uploads\/2018\/10\/HH-VOL3-N1.jpg","datePublished":"2018-10-16T14:41:17+00:00","dateModified":"2024-01-08T17:17:10+00:00","breadcrumb":{"@id":"https:\/\/horizonshemato.com\/product\/horizons-hemato-vol-3-n1-decembre-2013\/#breadcrumb"},"inLanguage":"en-US","potentialAction":[{"@type":"ReadAction","target":["https:\/\/horizonshemato.com\/product\/horizons-hemato-vol-3-n1-decembre-2013\/"]}]},{"@type":"ImageObject","inLanguage":"en-US","@id":"https:\/\/horizonshemato.com\/product\/horizons-hemato-vol-3-n1-decembre-2013\/#primaryimage","url":"https:\/\/horizonshemato.com\/wp-content\/uploads\/2018\/10\/HH-VOL3-N1.jpg","contentUrl":"https:\/\/horizonshemato.com\/wp-content\/uploads\/2018\/10\/HH-VOL3-N1.jpg","width":938,"height":938},{"@type":"BreadcrumbList","@id":"https:\/\/horizonshemato.com\/product\/horizons-hemato-vol-3-n1-decembre-2013\/#breadcrumb","itemListElement":[{"@type":"ListItem","position":1,"name":"Accueil","item":"https:\/\/horizonshemato.com\/"},{"@type":"ListItem","position":2,"name":"Boutique","item":"https:\/\/horizonshemato.com\/boutique\/"},{"@type":"ListItem","position":3,"name":"Horizons H\u00e9mato \u2013 Vol.3 n\u00b01 \u2013 D\u00e9cembre 2013"}]},{"@type":"WebSite","@id":"https:\/\/horizonshemato.com\/#website","url":"https:\/\/horizonshemato.com\/","name":"Horizons H\u00e9mato","description":"La revue des pratiques en h\u00e9matologie","potentialAction":[{"@type":"SearchAction","target":{"@type":"EntryPoint","urlTemplate":"https:\/\/horizonshemato.com\/?s={search_term_string}"},"query-input":{"@type":"PropertyValueSpecification","valueRequired":true,"valueName":"search_term_string"}}],"inLanguage":"en-US"}]}},"_links":{"self":[{"href":"https:\/\/horizonshemato.com\/en\/wp-json\/wp\/v2\/product\/13878","targetHints":{"allow":["GET"]}}],"collection":[{"href":"https:\/\/horizonshemato.com\/en\/wp-json\/wp\/v2\/product"}],"about":[{"href":"https:\/\/horizonshemato.com\/en\/wp-json\/wp\/v2\/types\/product"}],"wp:featuredmedia":[{"embeddable":true,"href":"https:\/\/horizonshemato.com\/en\/wp-json\/wp\/v2\/media\/13880"}],"wp:attachment":[{"href":"https:\/\/horizonshemato.com\/en\/wp-json\/wp\/v2\/media?parent=13878"}],"wp:term":[{"taxonomy":"product_brand","embeddable":true,"href":"https:\/\/horizonshemato.com\/en\/wp-json\/wp\/v2\/product_brand?post=13878"},{"taxonomy":"product_cat","embeddable":true,"href":"https:\/\/horizonshemato.com\/en\/wp-json\/wp\/v2\/product_cat?post=13878"},{"taxonomy":"product_tag","embeddable":true,"href":"https:\/\/horizonshemato.com\/en\/wp-json\/wp\/v2\/product_tag?post=13878"}],"curies":[{"name":"wp","href":"https:\/\/api.w.org\/{rel}","templated":true}]}}