{"id":13872,"date":"2018-10-16T13:08:41","date_gmt":"2018-10-16T13:08:41","guid":{"rendered":"http:\/\/horizonshemato.com\/?post_type=product&#038;p=13872"},"modified":"2024-01-08T17:17:09","modified_gmt":"2024-01-08T17:17:09","slug":"horizons-hemato-vol-5-n3-septembre-2015","status":"publish","type":"product","link":"https:\/\/horizonshemato.com\/en\/product\/horizons-hemato-vol-5-n3-septembre-2015\/","title":{"rendered":"Horizons H\u00e9mato \u2013 Vol. 5 n\u00b03 \u2013 Septembre 2015"},"content":{"rendered":"<p>Magazine au format num\u00e9rique.<br \/>\nEnvois en version papier sur demande.<\/p>","protected":false},"excerpt":{"rendered":"<p>Nous avons beaucoup appris des lymphomes B diffus \u00e0 grandes\u00a0cellules ces derni\u00e8res ann\u00e9es. Nous sommes capables\u00a0de reconna\u00eetre diff\u00e9rentes entit\u00e9s d\u00e9finies par leur aspect\u00a0anatomopathologique ou par les voies qui les caract\u00e9risent.\u00a0Des nombreuses alt\u00e9rations g\u00e9nomiques ont \u00e9t\u00e9 mises en\u00a0\u00e9vidence par le s\u00e9quen\u00e7age \u00e0 haut d\u00e9bit dans ces entit\u00e9s qui\u00a0ouvrent l\u2019espoir de nouveaux traitements. L\u2019association du\u00a0rituximab \u00e0 la chimioth\u00e9rapie a permis de gu\u00e9rir la grande\u00a0majorit\u00e9 des jeunes patients et pr\u00e8s de la moiti\u00e9 des plus vieux.\u00a0La TEP a am\u00e9lior\u00e9 l\u2019\u00e9valuation initiale et celle de la r\u00e9ponse au\u00a0traitement, elle permet l\u2019adaptation de certains traitements.\u00a0Nos efforts futurs devront se porter sur la caract\u00e9risation\u00a0complexe de la maladie au niveau g\u00e9nomique, transcriptionnel,\u00a0\u00e9pig\u00e9n\u00e9tique, prot\u00e9omique et environnemental. L\u2019acc\u00e8s de\u00a0pr\u00e9l\u00e8vements aux plateformes d\u2019analyse sera donc crucial pour\u00a0permettre ces progr\u00e8s et pour d\u00e9terminer les voies sur lesquelles\u00a0des combinaisons de traitements personnalis\u00e9s pourront agir.\u00a0L\u2019identification d\u2019anomalies pr\u00e9sentes dans l\u2019ADN circulant\u00a0de nos malades sera probablement un outil de diagnostic et\u00a0de suivi tr\u00e8s utile. L\u2019am\u00e9lioration des th\u00e9rapeutiques devra\u00a0porter plus particuli\u00e8rement sur les patients \u00e0 haut risque\u00a0de maladie r\u00e9fractaire ou de rechute pr\u00e9coce comme, par\u00a0exemple, celles dans lesquelles MYC est impliqu\u00e9 mais\u00a0aussi sur les populations plus fragiles et plus \u00e2g\u00e9es chez\u00a0lesquelles des traitements mieux cibl\u00e9s et moins toxiques\u00a0seront plus rapidement d\u00e9velopp\u00e9s. Les groupes coop\u00e9rateurs\u00a0comme le LYSA devront jouer un r\u00f4le majeur dans une\u00a0r\u00e9flexion globale de l\u2019appr\u00e9hension de la maladie, dans la\u00a0diffusion des connaissances et des prises en charge, dans\u00a0la mise \u00e0 disposition des \u00e9chantillons et de leur analyse.\u00a0Ce sont ces interrogations et ces espoirs qui sont\u00a0d\u00e9velopp\u00e9s dans ce num\u00e9ro d\u2019Horizons H\u00e9mato consacr\u00e9\u00a0aux lymphomes B diffus \u00e0 grandes cellules.<br \/>\nBonne lecture !<\/p>","protected":false},"featured_media":13874,"template":"","meta":{"_monsterinsights_skip_tracking":false,"_monsterinsights_sitenote_active":false,"_monsterinsights_sitenote_note":"","_monsterinsights_sitenote_category":0},"product_brand":[],"product_cat":[92],"product_tag":[],"class_list":{"0":"post-13872","1":"product","2":"type-product","3":"status-publish","4":"has-post-thumbnail","6":"product_cat-lymphomes-diffus-a-grandes-cellules-b","8":"first","9":"instock","10":"downloadable","11":"shipping-taxable","12":"purchasable","13":"product-type-simple"},"yoast_head":"<!-- This site is optimized with the Yoast SEO plugin v27.1.1 - https:\/\/yoast.com\/product\/yoast-seo-wordpress\/ -->\n<title>Horizons H\u00e9mato \u2013 Vol. 5 n\u00b03 \u2013 Septembre 2015 - Horizons H\u00e9mato<\/title>\n<meta name=\"robots\" content=\"index, follow, max-snippet:-1, max-image-preview:large, max-video-preview:-1\" \/>\n<link rel=\"canonical\" href=\"https:\/\/horizonshemato.com\/en\/product\/horizons-hemato-vol-5-n3-septembre-2015\/\" \/>\n<meta property=\"og:locale\" content=\"en_US\" \/>\n<meta property=\"og:type\" content=\"article\" \/>\n<meta property=\"og:title\" content=\"Horizons H\u00e9mato \u2013 Vol. 5 n\u00b03 \u2013 Septembre 2015 - Horizons H\u00e9mato\" \/>\n<meta property=\"og:description\" content=\"Nous avons beaucoup appris des lymphomes B diffus \u00e0 grandes\u00a0cellules ces derni\u00e8res ann\u00e9es. Nous sommes capables\u00a0de reconna\u00eetre diff\u00e9rentes entit\u00e9s d\u00e9finies par leur aspect\u00a0anatomopathologique ou par les voies qui les caract\u00e9risent.\u00a0Des nombreuses alt\u00e9rations g\u00e9nomiques ont \u00e9t\u00e9 mises en\u00a0\u00e9vidence par le s\u00e9quen\u00e7age \u00e0 haut d\u00e9bit dans ces entit\u00e9s qui\u00a0ouvrent l\u2019espoir de nouveaux traitements. L\u2019association du\u00a0rituximab \u00e0 la chimioth\u00e9rapie a permis de gu\u00e9rir la grande\u00a0majorit\u00e9 des jeunes patients et pr\u00e8s de la moiti\u00e9 des plus vieux.\u00a0La TEP a am\u00e9lior\u00e9 l\u2019\u00e9valuation initiale et celle de la r\u00e9ponse au\u00a0traitement, elle permet l\u2019adaptation de certains traitements.\u00a0Nos efforts futurs devront se porter sur la caract\u00e9risation\u00a0complexe de la maladie au niveau g\u00e9nomique, transcriptionnel,\u00a0\u00e9pig\u00e9n\u00e9tique, prot\u00e9omique et environnemental. L\u2019acc\u00e8s de\u00a0pr\u00e9l\u00e8vements aux plateformes d\u2019analyse sera donc crucial pour\u00a0permettre ces progr\u00e8s et pour d\u00e9terminer les voies sur lesquelles\u00a0des combinaisons de traitements personnalis\u00e9s pourront agir.\u00a0L\u2019identification d\u2019anomalies pr\u00e9sentes dans l\u2019ADN circulant\u00a0de nos malades sera probablement un outil de diagnostic et\u00a0de suivi tr\u00e8s utile. L\u2019am\u00e9lioration des th\u00e9rapeutiques devra\u00a0porter plus particuli\u00e8rement sur les patients \u00e0 haut risque\u00a0de maladie r\u00e9fractaire ou de rechute pr\u00e9coce comme, par\u00a0exemple, celles dans lesquelles MYC est impliqu\u00e9 mais\u00a0aussi sur les populations plus fragiles et plus \u00e2g\u00e9es chez\u00a0lesquelles des traitements mieux cibl\u00e9s et moins toxiques\u00a0seront plus rapidement d\u00e9velopp\u00e9s. Les groupes coop\u00e9rateurs\u00a0comme le LYSA devront jouer un r\u00f4le majeur dans une\u00a0r\u00e9flexion globale de l\u2019appr\u00e9hension de la maladie, dans la\u00a0diffusion des connaissances et des prises en charge, dans\u00a0la mise \u00e0 disposition des \u00e9chantillons et de leur analyse.\u00a0Ce sont ces interrogations et ces espoirs qui sont\u00a0d\u00e9velopp\u00e9s dans ce num\u00e9ro d\u2019Horizons H\u00e9mato consacr\u00e9\u00a0aux lymphomes B diffus \u00e0 grandes cellules. Bonne lecture !\" \/>\n<meta property=\"og:url\" content=\"https:\/\/horizonshemato.com\/en\/product\/horizons-hemato-vol-5-n3-septembre-2015\/\" \/>\n<meta property=\"og:site_name\" content=\"Horizons H\u00e9mato\" \/>\n<meta property=\"article:modified_time\" content=\"2024-01-08T17:17:09+00:00\" \/>\n<meta property=\"og:image\" content=\"https:\/\/horizonshemato.com\/wp-content\/uploads\/2018\/10\/HH-VOL5-N3.jpg\" \/>\n\t<meta property=\"og:image:width\" content=\"938\" \/>\n\t<meta property=\"og:image:height\" content=\"938\" \/>\n\t<meta property=\"og:image:type\" content=\"image\/jpeg\" \/>\n<meta name=\"twitter:card\" content=\"summary_large_image\" \/>\n<script type=\"application\/ld+json\" class=\"yoast-schema-graph\">{\"@context\":\"https:\/\/schema.org\",\"@graph\":[{\"@type\":\"WebPage\",\"@id\":\"https:\/\/horizonshemato.com\/product\/horizons-hemato-vol-5-n3-septembre-2015\/\",\"url\":\"https:\/\/horizonshemato.com\/product\/horizons-hemato-vol-5-n3-septembre-2015\/\",\"name\":\"Horizons H\u00e9mato \u2013 Vol. 5 n\u00b03 \u2013 Septembre 2015 - Horizons H\u00e9mato\",\"isPartOf\":{\"@id\":\"https:\/\/horizonshemato.com\/#website\"},\"primaryImageOfPage\":{\"@id\":\"https:\/\/horizonshemato.com\/product\/horizons-hemato-vol-5-n3-septembre-2015\/#primaryimage\"},\"image\":{\"@id\":\"https:\/\/horizonshemato.com\/product\/horizons-hemato-vol-5-n3-septembre-2015\/#primaryimage\"},\"thumbnailUrl\":\"https:\/\/horizonshemato.com\/wp-content\/uploads\/2018\/10\/HH-VOL5-N3.jpg\",\"datePublished\":\"2018-10-16T13:08:41+00:00\",\"dateModified\":\"2024-01-08T17:17:09+00:00\",\"breadcrumb\":{\"@id\":\"https:\/\/horizonshemato.com\/product\/horizons-hemato-vol-5-n3-septembre-2015\/#breadcrumb\"},\"inLanguage\":\"en-US\",\"potentialAction\":[{\"@type\":\"ReadAction\",\"target\":[\"https:\/\/horizonshemato.com\/product\/horizons-hemato-vol-5-n3-septembre-2015\/\"]}]},{\"@type\":\"ImageObject\",\"inLanguage\":\"en-US\",\"@id\":\"https:\/\/horizonshemato.com\/product\/horizons-hemato-vol-5-n3-septembre-2015\/#primaryimage\",\"url\":\"https:\/\/horizonshemato.com\/wp-content\/uploads\/2018\/10\/HH-VOL5-N3.jpg\",\"contentUrl\":\"https:\/\/horizonshemato.com\/wp-content\/uploads\/2018\/10\/HH-VOL5-N3.jpg\",\"width\":938,\"height\":938},{\"@type\":\"BreadcrumbList\",\"@id\":\"https:\/\/horizonshemato.com\/product\/horizons-hemato-vol-5-n3-septembre-2015\/#breadcrumb\",\"itemListElement\":[{\"@type\":\"ListItem\",\"position\":1,\"name\":\"Accueil\",\"item\":\"https:\/\/horizonshemato.com\/\"},{\"@type\":\"ListItem\",\"position\":2,\"name\":\"Boutique\",\"item\":\"https:\/\/horizonshemato.com\/boutique\/\"},{\"@type\":\"ListItem\",\"position\":3,\"name\":\"Horizons H\u00e9mato \u2013 Vol. 5 n\u00b03 \u2013 Septembre 2015\"}]},{\"@type\":\"WebSite\",\"@id\":\"https:\/\/horizonshemato.com\/#website\",\"url\":\"https:\/\/horizonshemato.com\/\",\"name\":\"Horizons H\u00e9mato\",\"description\":\"La revue des pratiques en h\u00e9matologie\",\"potentialAction\":[{\"@type\":\"SearchAction\",\"target\":{\"@type\":\"EntryPoint\",\"urlTemplate\":\"https:\/\/horizonshemato.com\/?s={search_term_string}\"},\"query-input\":{\"@type\":\"PropertyValueSpecification\",\"valueRequired\":true,\"valueName\":\"search_term_string\"}}],\"inLanguage\":\"en-US\"}]}<\/script>\n<!-- \/ Yoast SEO plugin. -->","yoast_head_json":{"title":"Horizons H\u00e9mato \u2013 Vol. 5 n\u00b03 \u2013 Septembre 2015 - Horizons H\u00e9mato","robots":{"index":"index","follow":"follow","max-snippet":"max-snippet:-1","max-image-preview":"max-image-preview:large","max-video-preview":"max-video-preview:-1"},"canonical":"https:\/\/horizonshemato.com\/en\/product\/horizons-hemato-vol-5-n3-septembre-2015\/","og_locale":"en_US","og_type":"article","og_title":"Horizons H\u00e9mato \u2013 Vol. 5 n\u00b03 \u2013 Septembre 2015 - Horizons H\u00e9mato","og_description":"Nous avons beaucoup appris des lymphomes B diffus \u00e0 grandes\u00a0cellules ces derni\u00e8res ann\u00e9es. Nous sommes capables\u00a0de reconna\u00eetre diff\u00e9rentes entit\u00e9s d\u00e9finies par leur aspect\u00a0anatomopathologique ou par les voies qui les caract\u00e9risent.\u00a0Des nombreuses alt\u00e9rations g\u00e9nomiques ont \u00e9t\u00e9 mises en\u00a0\u00e9vidence par le s\u00e9quen\u00e7age \u00e0 haut d\u00e9bit dans ces entit\u00e9s qui\u00a0ouvrent l\u2019espoir de nouveaux traitements. L\u2019association du\u00a0rituximab \u00e0 la chimioth\u00e9rapie a permis de gu\u00e9rir la grande\u00a0majorit\u00e9 des jeunes patients et pr\u00e8s de la moiti\u00e9 des plus vieux.\u00a0La TEP a am\u00e9lior\u00e9 l\u2019\u00e9valuation initiale et celle de la r\u00e9ponse au\u00a0traitement, elle permet l\u2019adaptation de certains traitements.\u00a0Nos efforts futurs devront se porter sur la caract\u00e9risation\u00a0complexe de la maladie au niveau g\u00e9nomique, transcriptionnel,\u00a0\u00e9pig\u00e9n\u00e9tique, prot\u00e9omique et environnemental. L\u2019acc\u00e8s de\u00a0pr\u00e9l\u00e8vements aux plateformes d\u2019analyse sera donc crucial pour\u00a0permettre ces progr\u00e8s et pour d\u00e9terminer les voies sur lesquelles\u00a0des combinaisons de traitements personnalis\u00e9s pourront agir.\u00a0L\u2019identification d\u2019anomalies pr\u00e9sentes dans l\u2019ADN circulant\u00a0de nos malades sera probablement un outil de diagnostic et\u00a0de suivi tr\u00e8s utile. L\u2019am\u00e9lioration des th\u00e9rapeutiques devra\u00a0porter plus particuli\u00e8rement sur les patients \u00e0 haut risque\u00a0de maladie r\u00e9fractaire ou de rechute pr\u00e9coce comme, par\u00a0exemple, celles dans lesquelles MYC est impliqu\u00e9 mais\u00a0aussi sur les populations plus fragiles et plus \u00e2g\u00e9es chez\u00a0lesquelles des traitements mieux cibl\u00e9s et moins toxiques\u00a0seront plus rapidement d\u00e9velopp\u00e9s. Les groupes coop\u00e9rateurs\u00a0comme le LYSA devront jouer un r\u00f4le majeur dans une\u00a0r\u00e9flexion globale de l\u2019appr\u00e9hension de la maladie, dans la\u00a0diffusion des connaissances et des prises en charge, dans\u00a0la mise \u00e0 disposition des \u00e9chantillons et de leur analyse.\u00a0Ce sont ces interrogations et ces espoirs qui sont\u00a0d\u00e9velopp\u00e9s dans ce num\u00e9ro d\u2019Horizons H\u00e9mato consacr\u00e9\u00a0aux lymphomes B diffus \u00e0 grandes cellules. Bonne lecture !","og_url":"https:\/\/horizonshemato.com\/en\/product\/horizons-hemato-vol-5-n3-septembre-2015\/","og_site_name":"Horizons H\u00e9mato","article_modified_time":"2024-01-08T17:17:09+00:00","og_image":[{"width":938,"height":938,"url":"https:\/\/horizonshemato.com\/wp-content\/uploads\/2018\/10\/HH-VOL5-N3.jpg","type":"image\/jpeg"}],"twitter_card":"summary_large_image","schema":{"@context":"https:\/\/schema.org","@graph":[{"@type":"WebPage","@id":"https:\/\/horizonshemato.com\/product\/horizons-hemato-vol-5-n3-septembre-2015\/","url":"https:\/\/horizonshemato.com\/product\/horizons-hemato-vol-5-n3-septembre-2015\/","name":"Horizons H\u00e9mato \u2013 Vol. 5 n\u00b03 \u2013 Septembre 2015 - Horizons H\u00e9mato","isPartOf":{"@id":"https:\/\/horizonshemato.com\/#website"},"primaryImageOfPage":{"@id":"https:\/\/horizonshemato.com\/product\/horizons-hemato-vol-5-n3-septembre-2015\/#primaryimage"},"image":{"@id":"https:\/\/horizonshemato.com\/product\/horizons-hemato-vol-5-n3-septembre-2015\/#primaryimage"},"thumbnailUrl":"https:\/\/horizonshemato.com\/wp-content\/uploads\/2018\/10\/HH-VOL5-N3.jpg","datePublished":"2018-10-16T13:08:41+00:00","dateModified":"2024-01-08T17:17:09+00:00","breadcrumb":{"@id":"https:\/\/horizonshemato.com\/product\/horizons-hemato-vol-5-n3-septembre-2015\/#breadcrumb"},"inLanguage":"en-US","potentialAction":[{"@type":"ReadAction","target":["https:\/\/horizonshemato.com\/product\/horizons-hemato-vol-5-n3-septembre-2015\/"]}]},{"@type":"ImageObject","inLanguage":"en-US","@id":"https:\/\/horizonshemato.com\/product\/horizons-hemato-vol-5-n3-septembre-2015\/#primaryimage","url":"https:\/\/horizonshemato.com\/wp-content\/uploads\/2018\/10\/HH-VOL5-N3.jpg","contentUrl":"https:\/\/horizonshemato.com\/wp-content\/uploads\/2018\/10\/HH-VOL5-N3.jpg","width":938,"height":938},{"@type":"BreadcrumbList","@id":"https:\/\/horizonshemato.com\/product\/horizons-hemato-vol-5-n3-septembre-2015\/#breadcrumb","itemListElement":[{"@type":"ListItem","position":1,"name":"Accueil","item":"https:\/\/horizonshemato.com\/"},{"@type":"ListItem","position":2,"name":"Boutique","item":"https:\/\/horizonshemato.com\/boutique\/"},{"@type":"ListItem","position":3,"name":"Horizons H\u00e9mato \u2013 Vol. 5 n\u00b03 \u2013 Septembre 2015"}]},{"@type":"WebSite","@id":"https:\/\/horizonshemato.com\/#website","url":"https:\/\/horizonshemato.com\/","name":"Horizons H\u00e9mato","description":"La revue des pratiques en h\u00e9matologie","potentialAction":[{"@type":"SearchAction","target":{"@type":"EntryPoint","urlTemplate":"https:\/\/horizonshemato.com\/?s={search_term_string}"},"query-input":{"@type":"PropertyValueSpecification","valueRequired":true,"valueName":"search_term_string"}}],"inLanguage":"en-US"}]}},"_links":{"self":[{"href":"https:\/\/horizonshemato.com\/en\/wp-json\/wp\/v2\/product\/13872","targetHints":{"allow":["GET"]}}],"collection":[{"href":"https:\/\/horizonshemato.com\/en\/wp-json\/wp\/v2\/product"}],"about":[{"href":"https:\/\/horizonshemato.com\/en\/wp-json\/wp\/v2\/types\/product"}],"wp:featuredmedia":[{"embeddable":true,"href":"https:\/\/horizonshemato.com\/en\/wp-json\/wp\/v2\/media\/13874"}],"wp:attachment":[{"href":"https:\/\/horizonshemato.com\/en\/wp-json\/wp\/v2\/media?parent=13872"}],"wp:term":[{"taxonomy":"product_brand","embeddable":true,"href":"https:\/\/horizonshemato.com\/en\/wp-json\/wp\/v2\/product_brand?post=13872"},{"taxonomy":"product_cat","embeddable":true,"href":"https:\/\/horizonshemato.com\/en\/wp-json\/wp\/v2\/product_cat?post=13872"},{"taxonomy":"product_tag","embeddable":true,"href":"https:\/\/horizonshemato.com\/en\/wp-json\/wp\/v2\/product_tag?post=13872"}],"curies":[{"name":"wp","href":"https:\/\/api.w.org\/{rel}","templated":true}]}}