{"id":13866,"date":"2018-10-16T10:27:47","date_gmt":"2018-10-16T10:27:47","guid":{"rendered":"http:\/\/horizonshemato.com\/?post_type=product&#038;p=13866"},"modified":"2024-01-08T17:17:09","modified_gmt":"2024-01-08T17:17:09","slug":"horizons-hemato-vol-5-n1-mars-2015","status":"publish","type":"product","link":"https:\/\/horizonshemato.com\/en\/product\/horizons-hemato-vol-5-n1-mars-2015\/","title":{"rendered":"Horizons H\u00e9mato \u2013 Vol. 5 n\u00b01 \u2013 Mars 2015"},"content":{"rendered":"<p>Magazine au format num\u00e9rique.<br \/>\nEnvois en version papier sur demande.<\/p>","protected":false},"excerpt":{"rendered":"<p>Une esp\u00e9rance de vie transform\u00e9e,\u00a0cinq ITK disponibles, et bient\u00f4t encore\u00a0de nouvelles mol\u00e9cules, un ciblage diagnostique\u00a0et bient\u00f4t th\u00e9rapeutique de la cellule souche leuc\u00e9mique,\u00a0un suivi biologique structur\u00e9 et de plus en plus\u00a0performant, une puissance th\u00e9rapeutique telle que\u00a0le concept d\u2019arr\u00eats de traitements s\u2019impose jusqu\u2019\u00e0\u00a0devenir un nouvel objectif th\u00e9rapeutique dans la LMC,\u00a0des recommandations th\u00e9rapeutiques \u00e9voluant vite\u00a0au gr\u00e9 d\u2019une exigence grandissante de r\u00e9sultats\u2026<br \/>\nComment concilier ces exigences avec la persistance\u00a0de LMC r\u00e9fractaires et de transformations, l\u2019instabilit\u00e9\u00a0g\u00e9n\u00e9tique de certaines, les effets secondaires graves\u00a0\u00e9mergents, une qualit\u00e9 de vie parfois d\u00e9sastreuse,\u00a0le manque d\u2019observance aux traitements, l\u2019augmentation\u00a0de la file active de patients non proportionnelle au\u00a0nombre d\u2019h\u00e9matologues les prenant en charge ?<\/p>\n<p>Et si une des clefs r\u00e9sidait dans la personnalisation de la\u00a0prise en charge ? Au sein des recommandations globales,\u00a0le chemin particulier de chaque patient n\u00e9cessite une\u00a0adaptation de prise en charge rendue possible par\u00a0l\u2019expertise des \u00e9quipes m\u00e9dicales et param\u00e9dicales.\u00a0Une perte de r\u00e9ponse par manque d\u2019observance est\u00a0incomparable \u00e0 une perte de r\u00e9ponse par acquisition\u00a0de r\u00e9sistances ou par impasse th\u00e9rapeutique d\u2019origine\u00a0iatrog\u00e8ne. La premi\u00e8re requiert une am\u00e9lioration du soutien\u00a0dans le parcours de soins du patient, alors que la seconde\u00a0n\u00e9cessite une adaptation sp\u00e9cifique th\u00e9rapeutique.<\/p>\n<p>Les objectifs th\u00e9rapeutiques se structurent au sein de\u00a0ce contexte de probl\u00e9matiques multiples et de patients\u00a0uniques : maintenir l\u2019esp\u00e9rance de vie pour les plus\u00a0r\u00e9fractaires, viser et maintenir l\u2019arr\u00eat de traitement pour\u00a0les meilleurs r\u00e9pondeurs, en \u00e9vitant pour tous les effets\u00a0secondaires graves\u2026 et quels que soient les types de LMC,\u00a0maintenir une qualit\u00e9 de vie justifiant tous nos efforts.<br \/>\nTout cela \u00e0 quel prix ? L&rsquo;enjeu est peut-\u00eatre avant\u00a0tout pharmaco-\u00e9conomique. Ce qui d\u00e9passe\u00a0largement notre champ d&rsquo;action m\u00e9dical.<\/p>\n<p><strong>Aude CHARBONNIER<\/strong><br \/>\nCoordinatrice du Grand Angle \u00ab Leuc\u00e9mie my\u00e9lo\u00efde chronique \u00bb.<br \/>\nH\u00e9matologue, Institut Paoli-Calmettes.<br \/>\n<strong>charbonniera@ipc.unicancer.fr<\/strong><\/p>","protected":false},"featured_media":0,"template":"","meta":{"_monsterinsights_skip_tracking":false,"_monsterinsights_sitenote_active":false,"_monsterinsights_sitenote_note":"","_monsterinsights_sitenote_category":0},"product_brand":[],"product_cat":[94],"product_tag":[],"class_list":{"0":"post-13866","1":"product","2":"type-product","3":"status-publish","5":"product_cat-leucemie-myeloide-chronique-lmc","7":"first","8":"instock","9":"downloadable","10":"shipping-taxable","11":"purchasable","12":"product-type-simple"},"yoast_head":"<!-- This site is optimized with the Yoast SEO plugin v27.1.1 - https:\/\/yoast.com\/product\/yoast-seo-wordpress\/ -->\n<title>Horizons H\u00e9mato \u2013 Vol. 5 n\u00b01 \u2013 Mars 2015 - Horizons H\u00e9mato<\/title>\n<meta name=\"robots\" content=\"index, follow, max-snippet:-1, max-image-preview:large, max-video-preview:-1\" \/>\n<link rel=\"canonical\" href=\"https:\/\/horizonshemato.com\/en\/product\/horizons-hemato-vol-5-n1-mars-2015\/\" \/>\n<meta property=\"og:locale\" content=\"en_US\" \/>\n<meta property=\"og:type\" content=\"article\" \/>\n<meta property=\"og:title\" content=\"Horizons H\u00e9mato \u2013 Vol. 5 n\u00b01 \u2013 Mars 2015 - Horizons H\u00e9mato\" \/>\n<meta property=\"og:description\" content=\"Une esp\u00e9rance de vie transform\u00e9e,\u00a0cinq ITK disponibles, et bient\u00f4t encore\u00a0de nouvelles mol\u00e9cules, un ciblage diagnostique\u00a0et bient\u00f4t th\u00e9rapeutique de la cellule souche leuc\u00e9mique,\u00a0un suivi biologique structur\u00e9 et de plus en plus\u00a0performant, une puissance th\u00e9rapeutique telle que\u00a0le concept d\u2019arr\u00eats de traitements s\u2019impose jusqu\u2019\u00e0\u00a0devenir un nouvel objectif th\u00e9rapeutique dans la LMC,\u00a0des recommandations th\u00e9rapeutiques \u00e9voluant vite\u00a0au gr\u00e9 d\u2019une exigence grandissante de r\u00e9sultats\u2026 Comment concilier ces exigences avec la persistance\u00a0de LMC r\u00e9fractaires et de transformations, l\u2019instabilit\u00e9\u00a0g\u00e9n\u00e9tique de certaines, les effets secondaires graves\u00a0\u00e9mergents, une qualit\u00e9 de vie parfois d\u00e9sastreuse,\u00a0le manque d\u2019observance aux traitements, l\u2019augmentation\u00a0de la file active de patients non proportionnelle au\u00a0nombre d\u2019h\u00e9matologues les prenant en charge ?  Et si une des clefs r\u00e9sidait dans la personnalisation de la\u00a0prise en charge ? Au sein des recommandations globales,\u00a0le chemin particulier de chaque patient n\u00e9cessite une\u00a0adaptation de prise en charge rendue possible par\u00a0l\u2019expertise des \u00e9quipes m\u00e9dicales et param\u00e9dicales.\u00a0Une perte de r\u00e9ponse par manque d\u2019observance est\u00a0incomparable \u00e0 une perte de r\u00e9ponse par acquisition\u00a0de r\u00e9sistances ou par impasse th\u00e9rapeutique d\u2019origine\u00a0iatrog\u00e8ne. La premi\u00e8re requiert une am\u00e9lioration du soutien\u00a0dans le parcours de soins du patient, alors que la seconde\u00a0n\u00e9cessite une adaptation sp\u00e9cifique th\u00e9rapeutique.  Les objectifs th\u00e9rapeutiques se structurent au sein de\u00a0ce contexte de probl\u00e9matiques multiples et de patients\u00a0uniques : maintenir l\u2019esp\u00e9rance de vie pour les plus\u00a0r\u00e9fractaires, viser et maintenir l\u2019arr\u00eat de traitement pour\u00a0les meilleurs r\u00e9pondeurs, en \u00e9vitant pour tous les effets\u00a0secondaires graves\u2026 et quels que soient les types de LMC,\u00a0maintenir une qualit\u00e9 de vie justifiant tous nos efforts. Tout cela \u00e0 quel prix ? L&#039;enjeu est peut-\u00eatre avant\u00a0tout pharmaco-\u00e9conomique. Ce qui d\u00e9passe\u00a0largement notre champ d&#039;action m\u00e9dical.  Aude CHARBONNIER Coordinatrice du Grand Angle \u00ab Leuc\u00e9mie my\u00e9lo\u00efde chronique \u00bb. H\u00e9matologue, Institut Paoli-Calmettes. charbonniera@ipc.unicancer.fr\" \/>\n<meta property=\"og:url\" content=\"https:\/\/horizonshemato.com\/en\/product\/horizons-hemato-vol-5-n1-mars-2015\/\" \/>\n<meta property=\"og:site_name\" content=\"Horizons H\u00e9mato\" \/>\n<meta property=\"article:modified_time\" content=\"2024-01-08T17:17:09+00:00\" \/>\n<meta name=\"twitter:card\" content=\"summary_large_image\" \/>\n<script type=\"application\/ld+json\" class=\"yoast-schema-graph\">{\"@context\":\"https:\/\/schema.org\",\"@graph\":[{\"@type\":\"WebPage\",\"@id\":\"https:\/\/horizonshemato.com\/product\/horizons-hemato-vol-5-n1-mars-2015\/\",\"url\":\"https:\/\/horizonshemato.com\/product\/horizons-hemato-vol-5-n1-mars-2015\/\",\"name\":\"Horizons H\u00e9mato \u2013 Vol. 5 n\u00b01 \u2013 Mars 2015 - Horizons H\u00e9mato\",\"isPartOf\":{\"@id\":\"https:\/\/horizonshemato.com\/#website\"},\"datePublished\":\"2018-10-16T10:27:47+00:00\",\"dateModified\":\"2024-01-08T17:17:09+00:00\",\"breadcrumb\":{\"@id\":\"https:\/\/horizonshemato.com\/product\/horizons-hemato-vol-5-n1-mars-2015\/#breadcrumb\"},\"inLanguage\":\"en-US\",\"potentialAction\":[{\"@type\":\"ReadAction\",\"target\":[\"https:\/\/horizonshemato.com\/product\/horizons-hemato-vol-5-n1-mars-2015\/\"]}]},{\"@type\":\"BreadcrumbList\",\"@id\":\"https:\/\/horizonshemato.com\/product\/horizons-hemato-vol-5-n1-mars-2015\/#breadcrumb\",\"itemListElement\":[{\"@type\":\"ListItem\",\"position\":1,\"name\":\"Accueil\",\"item\":\"https:\/\/horizonshemato.com\/\"},{\"@type\":\"ListItem\",\"position\":2,\"name\":\"Boutique\",\"item\":\"https:\/\/horizonshemato.com\/boutique\/\"},{\"@type\":\"ListItem\",\"position\":3,\"name\":\"Horizons H\u00e9mato \u2013 Vol. 5 n\u00b01 \u2013 Mars 2015\"}]},{\"@type\":\"WebSite\",\"@id\":\"https:\/\/horizonshemato.com\/#website\",\"url\":\"https:\/\/horizonshemato.com\/\",\"name\":\"Horizons H\u00e9mato\",\"description\":\"La revue des pratiques en h\u00e9matologie\",\"potentialAction\":[{\"@type\":\"SearchAction\",\"target\":{\"@type\":\"EntryPoint\",\"urlTemplate\":\"https:\/\/horizonshemato.com\/?s={search_term_string}\"},\"query-input\":{\"@type\":\"PropertyValueSpecification\",\"valueRequired\":true,\"valueName\":\"search_term_string\"}}],\"inLanguage\":\"en-US\"}]}<\/script>\n<!-- \/ Yoast SEO plugin. -->","yoast_head_json":{"title":"Horizons H\u00e9mato \u2013 Vol. 5 n\u00b01 \u2013 Mars 2015 - Horizons H\u00e9mato","robots":{"index":"index","follow":"follow","max-snippet":"max-snippet:-1","max-image-preview":"max-image-preview:large","max-video-preview":"max-video-preview:-1"},"canonical":"https:\/\/horizonshemato.com\/en\/product\/horizons-hemato-vol-5-n1-mars-2015\/","og_locale":"en_US","og_type":"article","og_title":"Horizons H\u00e9mato \u2013 Vol. 5 n\u00b01 \u2013 Mars 2015 - Horizons H\u00e9mato","og_description":"Une esp\u00e9rance de vie transform\u00e9e,\u00a0cinq ITK disponibles, et bient\u00f4t encore\u00a0de nouvelles mol\u00e9cules, un ciblage diagnostique\u00a0et bient\u00f4t th\u00e9rapeutique de la cellule souche leuc\u00e9mique,\u00a0un suivi biologique structur\u00e9 et de plus en plus\u00a0performant, une puissance th\u00e9rapeutique telle que\u00a0le concept d\u2019arr\u00eats de traitements s\u2019impose jusqu\u2019\u00e0\u00a0devenir un nouvel objectif th\u00e9rapeutique dans la LMC,\u00a0des recommandations th\u00e9rapeutiques \u00e9voluant vite\u00a0au gr\u00e9 d\u2019une exigence grandissante de r\u00e9sultats\u2026 Comment concilier ces exigences avec la persistance\u00a0de LMC r\u00e9fractaires et de transformations, l\u2019instabilit\u00e9\u00a0g\u00e9n\u00e9tique de certaines, les effets secondaires graves\u00a0\u00e9mergents, une qualit\u00e9 de vie parfois d\u00e9sastreuse,\u00a0le manque d\u2019observance aux traitements, l\u2019augmentation\u00a0de la file active de patients non proportionnelle au\u00a0nombre d\u2019h\u00e9matologues les prenant en charge ?  Et si une des clefs r\u00e9sidait dans la personnalisation de la\u00a0prise en charge ? Au sein des recommandations globales,\u00a0le chemin particulier de chaque patient n\u00e9cessite une\u00a0adaptation de prise en charge rendue possible par\u00a0l\u2019expertise des \u00e9quipes m\u00e9dicales et param\u00e9dicales.\u00a0Une perte de r\u00e9ponse par manque d\u2019observance est\u00a0incomparable \u00e0 une perte de r\u00e9ponse par acquisition\u00a0de r\u00e9sistances ou par impasse th\u00e9rapeutique d\u2019origine\u00a0iatrog\u00e8ne. La premi\u00e8re requiert une am\u00e9lioration du soutien\u00a0dans le parcours de soins du patient, alors que la seconde\u00a0n\u00e9cessite une adaptation sp\u00e9cifique th\u00e9rapeutique.  Les objectifs th\u00e9rapeutiques se structurent au sein de\u00a0ce contexte de probl\u00e9matiques multiples et de patients\u00a0uniques : maintenir l\u2019esp\u00e9rance de vie pour les plus\u00a0r\u00e9fractaires, viser et maintenir l\u2019arr\u00eat de traitement pour\u00a0les meilleurs r\u00e9pondeurs, en \u00e9vitant pour tous les effets\u00a0secondaires graves\u2026 et quels que soient les types de LMC,\u00a0maintenir une qualit\u00e9 de vie justifiant tous nos efforts. Tout cela \u00e0 quel prix ? L'enjeu est peut-\u00eatre avant\u00a0tout pharmaco-\u00e9conomique. Ce qui d\u00e9passe\u00a0largement notre champ d'action m\u00e9dical.  Aude CHARBONNIER Coordinatrice du Grand Angle \u00ab Leuc\u00e9mie my\u00e9lo\u00efde chronique \u00bb. H\u00e9matologue, Institut Paoli-Calmettes. charbonniera@ipc.unicancer.fr","og_url":"https:\/\/horizonshemato.com\/en\/product\/horizons-hemato-vol-5-n1-mars-2015\/","og_site_name":"Horizons H\u00e9mato","article_modified_time":"2024-01-08T17:17:09+00:00","twitter_card":"summary_large_image","schema":{"@context":"https:\/\/schema.org","@graph":[{"@type":"WebPage","@id":"https:\/\/horizonshemato.com\/product\/horizons-hemato-vol-5-n1-mars-2015\/","url":"https:\/\/horizonshemato.com\/product\/horizons-hemato-vol-5-n1-mars-2015\/","name":"Horizons H\u00e9mato \u2013 Vol. 5 n\u00b01 \u2013 Mars 2015 - Horizons H\u00e9mato","isPartOf":{"@id":"https:\/\/horizonshemato.com\/#website"},"datePublished":"2018-10-16T10:27:47+00:00","dateModified":"2024-01-08T17:17:09+00:00","breadcrumb":{"@id":"https:\/\/horizonshemato.com\/product\/horizons-hemato-vol-5-n1-mars-2015\/#breadcrumb"},"inLanguage":"en-US","potentialAction":[{"@type":"ReadAction","target":["https:\/\/horizonshemato.com\/product\/horizons-hemato-vol-5-n1-mars-2015\/"]}]},{"@type":"BreadcrumbList","@id":"https:\/\/horizonshemato.com\/product\/horizons-hemato-vol-5-n1-mars-2015\/#breadcrumb","itemListElement":[{"@type":"ListItem","position":1,"name":"Accueil","item":"https:\/\/horizonshemato.com\/"},{"@type":"ListItem","position":2,"name":"Boutique","item":"https:\/\/horizonshemato.com\/boutique\/"},{"@type":"ListItem","position":3,"name":"Horizons H\u00e9mato \u2013 Vol. 5 n\u00b01 \u2013 Mars 2015"}]},{"@type":"WebSite","@id":"https:\/\/horizonshemato.com\/#website","url":"https:\/\/horizonshemato.com\/","name":"Horizons H\u00e9mato","description":"La revue des pratiques en h\u00e9matologie","potentialAction":[{"@type":"SearchAction","target":{"@type":"EntryPoint","urlTemplate":"https:\/\/horizonshemato.com\/?s={search_term_string}"},"query-input":{"@type":"PropertyValueSpecification","valueRequired":true,"valueName":"search_term_string"}}],"inLanguage":"en-US"}]}},"_links":{"self":[{"href":"https:\/\/horizonshemato.com\/en\/wp-json\/wp\/v2\/product\/13866","targetHints":{"allow":["GET"]}}],"collection":[{"href":"https:\/\/horizonshemato.com\/en\/wp-json\/wp\/v2\/product"}],"about":[{"href":"https:\/\/horizonshemato.com\/en\/wp-json\/wp\/v2\/types\/product"}],"wp:attachment":[{"href":"https:\/\/horizonshemato.com\/en\/wp-json\/wp\/v2\/media?parent=13866"}],"wp:term":[{"taxonomy":"product_brand","embeddable":true,"href":"https:\/\/horizonshemato.com\/en\/wp-json\/wp\/v2\/product_brand?post=13866"},{"taxonomy":"product_cat","embeddable":true,"href":"https:\/\/horizonshemato.com\/en\/wp-json\/wp\/v2\/product_cat?post=13866"},{"taxonomy":"product_tag","embeddable":true,"href":"https:\/\/horizonshemato.com\/en\/wp-json\/wp\/v2\/product_tag?post=13866"}],"curies":[{"name":"wp","href":"https:\/\/api.w.org\/{rel}","templated":true}]}}