{"id":13859,"date":"2018-10-16T08:10:32","date_gmt":"2018-10-16T08:10:32","guid":{"rendered":"http:\/\/horizonshemato.com\/?post_type=product&#038;p=13859"},"modified":"2024-01-08T17:17:09","modified_gmt":"2024-01-08T17:17:09","slug":"horizons-hemato-vol-6-n2-juin-2016","status":"publish","type":"product","link":"https:\/\/horizonshemato.com\/en\/product\/horizons-hemato-vol-6-n2-juin-2016\/","title":{"rendered":"Horizons H\u00e9mato \u2013 Vol. 6 n\u00b02 \u2013 Juin 2016"},"content":{"rendered":"<p>Magazine au format num\u00e9rique. Envois en version papier sur demande.<\/p>","protected":false},"excerpt":{"rendered":"<p>En un peu plus d\u2019une d\u00e9cennie, la prise en charge des lymphomes\u00a0\u00e0 cellules du manteau s\u2019est modifi\u00e9e de fa\u00e7on drastique. D\u2019une\u00a0maladie au pronostic sombre avec une m\u00e9diane de survie \u00e0 moins de\u00a03 ans il y a 15 ans, on est pass\u00e9 \u00e0 une maladie dont la survie d\u00e9passe\u00a07-8 ans pour 70 \u00e0 80 % des patients, et cela quel que soit leur \u00e2ge !\u00a0Que s\u2019est- il pass\u00e9 ? Un encha\u00eenement de plusieurs innovations\u00a0dans diff\u00e9rents domaines tels que la biologie et la th\u00e9rapeutique\u2026\u00a0Nous pouvons ainsi \u00e9num\u00e9rer : le d\u00e9cryptage de sa physiopathologique\u00a0avec la caract\u00e9risation de plusieurs voies de signalisation majeures\u00a0impliqu\u00e9es dans sa lymphomagen\u00e8se ; plusieurs sous-types de\u00a0lymphomes du manteau identifi\u00e9s ; sur le plan th\u00e9rapeutique,\u00a0l\u2019introduction en premi\u00e8re ligne de l\u2019aracytine en polychimioth\u00e9rapie\u00a0qui a d\u00e9tr\u00f4n\u00e9 le sacro-saint \u00ab CHOP \u00bb en premi\u00e8re ligne pour les\u00a0sujets jeunes (moins de 65 ans), l\u2019introduction du rituximab en\u00a0association \u00e0 la chimioth\u00e9rapie en induction, mais\u00a0aussi chez les patients \u00e2g\u00e9s (plus de 65 ans) en entretien,\u00a0et chez les patients jeunes le traitement intensif avec greffe de cellules\u00a0souches autologues. Mais surtout, c\u2019est le premier lymphome o\u00f9\u00a0l\u2019utilisation d\u2019un inhibiteur de tyrosine kinase a montr\u00e9 un b\u00e9n\u00e9fice\u00a0majeur dans le traitement des patients en rechute ou r\u00e9fractaires,\u00a0et que d\u2019autres nouveaux agents tels que les immunomodulateurs ou\u00a0inhibiteurs du prot\u00e9asome ont montr\u00e9 une efficacit\u00e9. Actuellement\u00a0nous en sommes donc au point de pouvoir demander plus en\u00a0termes de r\u00e9ponse, et d\u2019analyser les r\u00e9sultats th\u00e9rapeutiques\u00a0avec des techniques mol\u00e9culaires ou d\u2019imagerie fonctionnelle.\u00a0Un grand merci \u00e0 l\u2019ensemble des r\u00e9dacteurs qui ont\u00a0accept\u00e9 de nous rapporter ces derni\u00e8res avanc\u00e9es\u00a0dans le lymphome \u00e0 cellules du manteau !<\/p>\n<p><strong>Pr Catherine THIEBLEMONT<\/strong><\/p>\n<p>Coordinatrice du dossier. H\u00f4pital-Saint Louis, Paris.<\/p>\n<p><strong>catherine.thieblemont@aphp.fr<\/strong><\/p>","protected":false},"featured_media":13860,"template":"","meta":{"_monsterinsights_skip_tracking":false,"_monsterinsights_sitenote_active":false,"_monsterinsights_sitenote_note":"","_monsterinsights_sitenote_category":0},"product_brand":[],"product_cat":[114],"product_tag":[],"class_list":{"0":"post-13859","1":"product","2":"type-product","3":"status-publish","4":"has-post-thumbnail","6":"product_cat-lymphome-a-cellules-du-manteau","8":"first","9":"instock","10":"downloadable","11":"shipping-taxable","12":"purchasable","13":"product-type-simple"},"yoast_head":"<!-- This site is optimized with the Yoast SEO plugin v27.1.1 - https:\/\/yoast.com\/product\/yoast-seo-wordpress\/ -->\n<title>Horizons H\u00e9mato \u2013 Vol. 6 n\u00b02 \u2013 Juin 2016 - Horizons H\u00e9mato<\/title>\n<meta name=\"robots\" content=\"index, follow, max-snippet:-1, max-image-preview:large, max-video-preview:-1\" \/>\n<link rel=\"canonical\" href=\"https:\/\/horizonshemato.com\/en\/product\/horizons-hemato-vol-6-n2-juin-2016\/\" \/>\n<meta property=\"og:locale\" content=\"en_US\" \/>\n<meta property=\"og:type\" content=\"article\" \/>\n<meta property=\"og:title\" content=\"Horizons H\u00e9mato \u2013 Vol. 6 n\u00b02 \u2013 Juin 2016 - Horizons H\u00e9mato\" \/>\n<meta property=\"og:description\" content=\"En un peu plus d\u2019une d\u00e9cennie, la prise en charge des lymphomes\u00a0\u00e0 cellules du manteau s\u2019est modifi\u00e9e de fa\u00e7on drastique. D\u2019une\u00a0maladie au pronostic sombre avec une m\u00e9diane de survie \u00e0 moins de\u00a03 ans il y a 15 ans, on est pass\u00e9 \u00e0 une maladie dont la survie d\u00e9passe\u00a07-8 ans pour 70 \u00e0 80 % des patients, et cela quel que soit leur \u00e2ge !\u00a0Que s\u2019est- il pass\u00e9 ? Un encha\u00eenement de plusieurs innovations\u00a0dans diff\u00e9rents domaines tels que la biologie et la th\u00e9rapeutique\u2026\u00a0Nous pouvons ainsi \u00e9num\u00e9rer : le d\u00e9cryptage de sa physiopathologique\u00a0avec la caract\u00e9risation de plusieurs voies de signalisation majeures\u00a0impliqu\u00e9es dans sa lymphomagen\u00e8se ; plusieurs sous-types de\u00a0lymphomes du manteau identifi\u00e9s ; sur le plan th\u00e9rapeutique,\u00a0l\u2019introduction en premi\u00e8re ligne de l\u2019aracytine en polychimioth\u00e9rapie\u00a0qui a d\u00e9tr\u00f4n\u00e9 le sacro-saint \u00ab CHOP \u00bb en premi\u00e8re ligne pour les\u00a0sujets jeunes (moins de 65 ans), l\u2019introduction du rituximab en\u00a0association \u00e0 la chimioth\u00e9rapie en induction, mais\u00a0aussi chez les patients \u00e2g\u00e9s (plus de 65 ans) en entretien,\u00a0et chez les patients jeunes le traitement intensif avec greffe de cellules\u00a0souches autologues. Mais surtout, c\u2019est le premier lymphome o\u00f9\u00a0l\u2019utilisation d\u2019un inhibiteur de tyrosine kinase a montr\u00e9 un b\u00e9n\u00e9fice\u00a0majeur dans le traitement des patients en rechute ou r\u00e9fractaires,\u00a0et que d\u2019autres nouveaux agents tels que les immunomodulateurs ou\u00a0inhibiteurs du prot\u00e9asome ont montr\u00e9 une efficacit\u00e9. Actuellement\u00a0nous en sommes donc au point de pouvoir demander plus en\u00a0termes de r\u00e9ponse, et d\u2019analyser les r\u00e9sultats th\u00e9rapeutiques\u00a0avec des techniques mol\u00e9culaires ou d\u2019imagerie fonctionnelle.\u00a0Un grand merci \u00e0 l\u2019ensemble des r\u00e9dacteurs qui ont\u00a0accept\u00e9 de nous rapporter ces derni\u00e8res avanc\u00e9es\u00a0dans le lymphome \u00e0 cellules du manteau !  Pr Catherine THIEBLEMONT  Coordinatrice du dossier. H\u00f4pital-Saint Louis, Paris.  catherine.thieblemont@aphp.fr\" \/>\n<meta property=\"og:url\" content=\"https:\/\/horizonshemato.com\/en\/product\/horizons-hemato-vol-6-n2-juin-2016\/\" \/>\n<meta property=\"og:site_name\" content=\"Horizons H\u00e9mato\" \/>\n<meta property=\"article:modified_time\" content=\"2024-01-08T17:17:09+00:00\" \/>\n<meta property=\"og:image\" content=\"https:\/\/horizonshemato.com\/wp-content\/uploads\/2018\/10\/HH-VOL6-N2.jpg\" \/>\n\t<meta property=\"og:image:width\" content=\"938\" \/>\n\t<meta property=\"og:image:height\" content=\"938\" \/>\n\t<meta property=\"og:image:type\" content=\"image\/jpeg\" \/>\n<meta name=\"twitter:card\" content=\"summary_large_image\" \/>\n<script type=\"application\/ld+json\" class=\"yoast-schema-graph\">{\"@context\":\"https:\/\/schema.org\",\"@graph\":[{\"@type\":\"WebPage\",\"@id\":\"https:\/\/horizonshemato.com\/product\/horizons-hemato-vol-6-n2-juin-2016\/\",\"url\":\"https:\/\/horizonshemato.com\/product\/horizons-hemato-vol-6-n2-juin-2016\/\",\"name\":\"Horizons H\u00e9mato \u2013 Vol. 6 n\u00b02 \u2013 Juin 2016 - Horizons H\u00e9mato\",\"isPartOf\":{\"@id\":\"https:\/\/horizonshemato.com\/#website\"},\"primaryImageOfPage\":{\"@id\":\"https:\/\/horizonshemato.com\/product\/horizons-hemato-vol-6-n2-juin-2016\/#primaryimage\"},\"image\":{\"@id\":\"https:\/\/horizonshemato.com\/product\/horizons-hemato-vol-6-n2-juin-2016\/#primaryimage\"},\"thumbnailUrl\":\"https:\/\/horizonshemato.com\/wp-content\/uploads\/2018\/10\/HH-VOL6-N2.jpg\",\"datePublished\":\"2018-10-16T08:10:32+00:00\",\"dateModified\":\"2024-01-08T17:17:09+00:00\",\"breadcrumb\":{\"@id\":\"https:\/\/horizonshemato.com\/product\/horizons-hemato-vol-6-n2-juin-2016\/#breadcrumb\"},\"inLanguage\":\"en-US\",\"potentialAction\":[{\"@type\":\"ReadAction\",\"target\":[\"https:\/\/horizonshemato.com\/product\/horizons-hemato-vol-6-n2-juin-2016\/\"]}]},{\"@type\":\"ImageObject\",\"inLanguage\":\"en-US\",\"@id\":\"https:\/\/horizonshemato.com\/product\/horizons-hemato-vol-6-n2-juin-2016\/#primaryimage\",\"url\":\"https:\/\/horizonshemato.com\/wp-content\/uploads\/2018\/10\/HH-VOL6-N2.jpg\",\"contentUrl\":\"https:\/\/horizonshemato.com\/wp-content\/uploads\/2018\/10\/HH-VOL6-N2.jpg\",\"width\":938,\"height\":938},{\"@type\":\"BreadcrumbList\",\"@id\":\"https:\/\/horizonshemato.com\/product\/horizons-hemato-vol-6-n2-juin-2016\/#breadcrumb\",\"itemListElement\":[{\"@type\":\"ListItem\",\"position\":1,\"name\":\"Accueil\",\"item\":\"https:\/\/horizonshemato.com\/\"},{\"@type\":\"ListItem\",\"position\":2,\"name\":\"Boutique\",\"item\":\"https:\/\/horizonshemato.com\/boutique\/\"},{\"@type\":\"ListItem\",\"position\":3,\"name\":\"Horizons H\u00e9mato \u2013 Vol. 6 n\u00b02 \u2013 Juin 2016\"}]},{\"@type\":\"WebSite\",\"@id\":\"https:\/\/horizonshemato.com\/#website\",\"url\":\"https:\/\/horizonshemato.com\/\",\"name\":\"Horizons H\u00e9mato\",\"description\":\"La revue des pratiques en h\u00e9matologie\",\"potentialAction\":[{\"@type\":\"SearchAction\",\"target\":{\"@type\":\"EntryPoint\",\"urlTemplate\":\"https:\/\/horizonshemato.com\/?s={search_term_string}\"},\"query-input\":{\"@type\":\"PropertyValueSpecification\",\"valueRequired\":true,\"valueName\":\"search_term_string\"}}],\"inLanguage\":\"en-US\"}]}<\/script>\n<!-- \/ Yoast SEO plugin. -->","yoast_head_json":{"title":"Horizons H\u00e9mato \u2013 Vol. 6 n\u00b02 \u2013 Juin 2016 - Horizons H\u00e9mato","robots":{"index":"index","follow":"follow","max-snippet":"max-snippet:-1","max-image-preview":"max-image-preview:large","max-video-preview":"max-video-preview:-1"},"canonical":"https:\/\/horizonshemato.com\/en\/product\/horizons-hemato-vol-6-n2-juin-2016\/","og_locale":"en_US","og_type":"article","og_title":"Horizons H\u00e9mato \u2013 Vol. 6 n\u00b02 \u2013 Juin 2016 - Horizons H\u00e9mato","og_description":"En un peu plus d\u2019une d\u00e9cennie, la prise en charge des lymphomes\u00a0\u00e0 cellules du manteau s\u2019est modifi\u00e9e de fa\u00e7on drastique. D\u2019une\u00a0maladie au pronostic sombre avec une m\u00e9diane de survie \u00e0 moins de\u00a03 ans il y a 15 ans, on est pass\u00e9 \u00e0 une maladie dont la survie d\u00e9passe\u00a07-8 ans pour 70 \u00e0 80 % des patients, et cela quel que soit leur \u00e2ge !\u00a0Que s\u2019est- il pass\u00e9 ? Un encha\u00eenement de plusieurs innovations\u00a0dans diff\u00e9rents domaines tels que la biologie et la th\u00e9rapeutique\u2026\u00a0Nous pouvons ainsi \u00e9num\u00e9rer : le d\u00e9cryptage de sa physiopathologique\u00a0avec la caract\u00e9risation de plusieurs voies de signalisation majeures\u00a0impliqu\u00e9es dans sa lymphomagen\u00e8se ; plusieurs sous-types de\u00a0lymphomes du manteau identifi\u00e9s ; sur le plan th\u00e9rapeutique,\u00a0l\u2019introduction en premi\u00e8re ligne de l\u2019aracytine en polychimioth\u00e9rapie\u00a0qui a d\u00e9tr\u00f4n\u00e9 le sacro-saint \u00ab CHOP \u00bb en premi\u00e8re ligne pour les\u00a0sujets jeunes (moins de 65 ans), l\u2019introduction du rituximab en\u00a0association \u00e0 la chimioth\u00e9rapie en induction, mais\u00a0aussi chez les patients \u00e2g\u00e9s (plus de 65 ans) en entretien,\u00a0et chez les patients jeunes le traitement intensif avec greffe de cellules\u00a0souches autologues. Mais surtout, c\u2019est le premier lymphome o\u00f9\u00a0l\u2019utilisation d\u2019un inhibiteur de tyrosine kinase a montr\u00e9 un b\u00e9n\u00e9fice\u00a0majeur dans le traitement des patients en rechute ou r\u00e9fractaires,\u00a0et que d\u2019autres nouveaux agents tels que les immunomodulateurs ou\u00a0inhibiteurs du prot\u00e9asome ont montr\u00e9 une efficacit\u00e9. Actuellement\u00a0nous en sommes donc au point de pouvoir demander plus en\u00a0termes de r\u00e9ponse, et d\u2019analyser les r\u00e9sultats th\u00e9rapeutiques\u00a0avec des techniques mol\u00e9culaires ou d\u2019imagerie fonctionnelle.\u00a0Un grand merci \u00e0 l\u2019ensemble des r\u00e9dacteurs qui ont\u00a0accept\u00e9 de nous rapporter ces derni\u00e8res avanc\u00e9es\u00a0dans le lymphome \u00e0 cellules du manteau !  Pr Catherine THIEBLEMONT  Coordinatrice du dossier. H\u00f4pital-Saint Louis, Paris.  catherine.thieblemont@aphp.fr","og_url":"https:\/\/horizonshemato.com\/en\/product\/horizons-hemato-vol-6-n2-juin-2016\/","og_site_name":"Horizons H\u00e9mato","article_modified_time":"2024-01-08T17:17:09+00:00","og_image":[{"width":938,"height":938,"url":"https:\/\/horizonshemato.com\/wp-content\/uploads\/2018\/10\/HH-VOL6-N2.jpg","type":"image\/jpeg"}],"twitter_card":"summary_large_image","schema":{"@context":"https:\/\/schema.org","@graph":[{"@type":"WebPage","@id":"https:\/\/horizonshemato.com\/product\/horizons-hemato-vol-6-n2-juin-2016\/","url":"https:\/\/horizonshemato.com\/product\/horizons-hemato-vol-6-n2-juin-2016\/","name":"Horizons H\u00e9mato \u2013 Vol. 6 n\u00b02 \u2013 Juin 2016 - Horizons H\u00e9mato","isPartOf":{"@id":"https:\/\/horizonshemato.com\/#website"},"primaryImageOfPage":{"@id":"https:\/\/horizonshemato.com\/product\/horizons-hemato-vol-6-n2-juin-2016\/#primaryimage"},"image":{"@id":"https:\/\/horizonshemato.com\/product\/horizons-hemato-vol-6-n2-juin-2016\/#primaryimage"},"thumbnailUrl":"https:\/\/horizonshemato.com\/wp-content\/uploads\/2018\/10\/HH-VOL6-N2.jpg","datePublished":"2018-10-16T08:10:32+00:00","dateModified":"2024-01-08T17:17:09+00:00","breadcrumb":{"@id":"https:\/\/horizonshemato.com\/product\/horizons-hemato-vol-6-n2-juin-2016\/#breadcrumb"},"inLanguage":"en-US","potentialAction":[{"@type":"ReadAction","target":["https:\/\/horizonshemato.com\/product\/horizons-hemato-vol-6-n2-juin-2016\/"]}]},{"@type":"ImageObject","inLanguage":"en-US","@id":"https:\/\/horizonshemato.com\/product\/horizons-hemato-vol-6-n2-juin-2016\/#primaryimage","url":"https:\/\/horizonshemato.com\/wp-content\/uploads\/2018\/10\/HH-VOL6-N2.jpg","contentUrl":"https:\/\/horizonshemato.com\/wp-content\/uploads\/2018\/10\/HH-VOL6-N2.jpg","width":938,"height":938},{"@type":"BreadcrumbList","@id":"https:\/\/horizonshemato.com\/product\/horizons-hemato-vol-6-n2-juin-2016\/#breadcrumb","itemListElement":[{"@type":"ListItem","position":1,"name":"Accueil","item":"https:\/\/horizonshemato.com\/"},{"@type":"ListItem","position":2,"name":"Boutique","item":"https:\/\/horizonshemato.com\/boutique\/"},{"@type":"ListItem","position":3,"name":"Horizons H\u00e9mato \u2013 Vol. 6 n\u00b02 \u2013 Juin 2016"}]},{"@type":"WebSite","@id":"https:\/\/horizonshemato.com\/#website","url":"https:\/\/horizonshemato.com\/","name":"Horizons H\u00e9mato","description":"La revue des pratiques en h\u00e9matologie","potentialAction":[{"@type":"SearchAction","target":{"@type":"EntryPoint","urlTemplate":"https:\/\/horizonshemato.com\/?s={search_term_string}"},"query-input":{"@type":"PropertyValueSpecification","valueRequired":true,"valueName":"search_term_string"}}],"inLanguage":"en-US"}]}},"_links":{"self":[{"href":"https:\/\/horizonshemato.com\/en\/wp-json\/wp\/v2\/product\/13859","targetHints":{"allow":["GET"]}}],"collection":[{"href":"https:\/\/horizonshemato.com\/en\/wp-json\/wp\/v2\/product"}],"about":[{"href":"https:\/\/horizonshemato.com\/en\/wp-json\/wp\/v2\/types\/product"}],"wp:featuredmedia":[{"embeddable":true,"href":"https:\/\/horizonshemato.com\/en\/wp-json\/wp\/v2\/media\/13860"}],"wp:attachment":[{"href":"https:\/\/horizonshemato.com\/en\/wp-json\/wp\/v2\/media?parent=13859"}],"wp:term":[{"taxonomy":"product_brand","embeddable":true,"href":"https:\/\/horizonshemato.com\/en\/wp-json\/wp\/v2\/product_brand?post=13859"},{"taxonomy":"product_cat","embeddable":true,"href":"https:\/\/horizonshemato.com\/en\/wp-json\/wp\/v2\/product_cat?post=13859"},{"taxonomy":"product_tag","embeddable":true,"href":"https:\/\/horizonshemato.com\/en\/wp-json\/wp\/v2\/product_tag?post=13859"}],"curies":[{"name":"wp","href":"https:\/\/api.w.org\/{rel}","templated":true}]}}