{"id":13852,"date":"2018-10-15T14:48:38","date_gmt":"2018-10-15T14:48:38","guid":{"rendered":"http:\/\/horizonshemato.com\/?post_type=product&#038;p=13852"},"modified":"2024-01-08T17:17:09","modified_gmt":"2024-01-08T17:17:09","slug":"horizons-hemato-vol-7-n2-mars-2017","status":"publish","type":"product","link":"https:\/\/horizonshemato.com\/en\/product\/horizons-hemato-vol-7-n2-mars-2017\/","title":{"rendered":"Horizons H\u00e9mato \u2013 Vol. 7 n\u00b02 \u2013 Mars 2017"},"content":{"rendered":"<p>Magazine au format num\u00e9rique.<br \/>\nEnvois en version papier sur demande<\/p>","protected":false},"excerpt":{"rendered":"<p>Le grand angle de ce num\u00e9ro d&rsquo;Horizons H\u00e9mato est d\u00e9di\u00e9\u00a0aux lymphomes non Hodgkiniens folliculaires.\u00a0Nous avons choisi de compl\u00e9ter notre connaissance de ces\u00a0pathologies avec un grand angle qui leur est consacr\u00e9 pour la\u00a04\u00e8me fois (lymphomes T p\u00e9riph\u00e9riques, coordination Pr G. Damaj &#8211;\u00a0Vol 03, n\u00b04 ; lymphomes non Hodgkiniens diffus B \u00e0 grandes\u00a0cellules, coordination Pr H. Tilly &#8211; Vol 5, n\u00b03 ; lymphomes \u00e0 cellules\u00a0du manteau, coordination Pr C. Thieblemont &#8211; Vol 06, n\u00b02).\u00a0Nous avons confi\u00e9 au Pr Franck Morschhauser la coordination de\u00a0ce dossier ; il a r\u00e9ussi ce challenge avec brio et je tiens ici \u00e0 l&rsquo;en\u00a0remercier chaleureusement. Il a pu \u00e9tablir un tour d&rsquo;horizon complet\u00a0de ces lymphomes, sous un angle moderne, avec \u00e0 chaque fois la\u00a0volont\u00e9 de faire un \u00e9tat des lieux pr\u00e9cis aujourd&rsquo;hui mais aussi de\u00a0nous donner les perspectives pour les ann\u00e9es qui viennent ; vous le\u00a0d\u00e9couvrirez \u00e0 la lecture des articles de ce grand angle, aussi bien pour\u00a0les m\u00e9thodes diagnostiques, l&rsquo;oncogen\u00e8se et les facteurs pronostiques,\u00a0mais \u00e9galement dans les chapitres consacr\u00e9s \u00e0 leurs traitements.\u00a0Je voudrais aussi profiter de ce premier num\u00e9ro 2017 pour souligner le\u00a0travail du Docteur Pierre Hirsch, responsable de la rubrique \u00ab Flash\u00a0Presse \u00bb depuis les premiers num\u00e9ros en 2011. Nous savons\u00a0cette rubrique tr\u00e8s appr\u00e9ci\u00e9e et attendue par nos lecteurs.\u00a0Il faut aussi mettre en avant l&rsquo;excellent travail r\u00e9alis\u00e9 par les\u00a0Drs Christophe Marzac et Nicolas Gendron, chefs de la rubrique\u00a0Focus en H\u00e9mato &#8211; biologie, qui nous apportent r\u00e9guli\u00e8rement\u00a0des \u00e9clairages tr\u00e8s didactiques sur leur sp\u00e9cialit\u00e9.\u00a0Je vous invite \u00e9galement \u00e0 d\u00e9couvrir le cas clinique propos\u00e9\u00a0par le Docteur Meite N&rsquo;Dogomo de Yopougon en C\u00f4te\u00a0d&rsquo;Ivoire et \u00e0 parfaire vos connaissances en soins de support\u00a0gr\u00e2ce \u00e0 la fiche pratique consacr\u00e9e \u00e0 la prophylaxie de la\u00a0neutrop\u00e9nie f\u00e9brile, \u00e9tablie par le Pr Philippe Colombat.<\/p>\n<p>Bonne lecture \u00e0 tous !<\/p>\n<p><strong>Dr St\u00e9phane Ch\u00e8ze<br \/>\n<\/strong>R\u00e9dacteur en chef, CHU C\u00f4te de Nacre, Caen.<br \/>\n<strong>cheze-s@chu-caen.fr<\/strong><\/p>","protected":false},"featured_media":13855,"template":"","meta":{"_monsterinsights_skip_tracking":false,"_monsterinsights_sitenote_active":false,"_monsterinsights_sitenote_note":"","_monsterinsights_sitenote_category":0},"product_brand":[],"product_cat":[113],"product_tag":[],"class_list":{"0":"post-13852","1":"product","2":"type-product","3":"status-publish","4":"has-post-thumbnail","6":"product_cat-lymphomes-folliculaires","8":"first","9":"instock","10":"downloadable","11":"shipping-taxable","12":"purchasable","13":"product-type-simple"},"yoast_head":"<!-- This site is optimized with the Yoast SEO plugin v27.1.1 - https:\/\/yoast.com\/product\/yoast-seo-wordpress\/ -->\n<title>Horizons H\u00e9mato \u2013 Vol. 7 n\u00b02 \u2013 Mars 2017 - Horizons H\u00e9mato<\/title>\n<meta name=\"robots\" content=\"index, follow, max-snippet:-1, max-image-preview:large, max-video-preview:-1\" \/>\n<link rel=\"canonical\" href=\"https:\/\/horizonshemato.com\/en\/product\/horizons-hemato-vol-7-n2-mars-2017\/\" \/>\n<meta property=\"og:locale\" content=\"en_US\" \/>\n<meta property=\"og:type\" content=\"article\" \/>\n<meta property=\"og:title\" content=\"Horizons H\u00e9mato \u2013 Vol. 7 n\u00b02 \u2013 Mars 2017 - Horizons H\u00e9mato\" \/>\n<meta property=\"og:description\" content=\"Le grand angle de ce num\u00e9ro d&#039;Horizons H\u00e9mato est d\u00e9di\u00e9\u00a0aux lymphomes non Hodgkiniens folliculaires.\u00a0Nous avons choisi de compl\u00e9ter notre connaissance de ces\u00a0pathologies avec un grand angle qui leur est consacr\u00e9 pour la\u00a04\u00e8me fois (lymphomes T p\u00e9riph\u00e9riques, coordination Pr G. Damaj -\u00a0Vol 03, n\u00b04 ; lymphomes non Hodgkiniens diffus B \u00e0 grandes\u00a0cellules, coordination Pr H. Tilly - Vol 5, n\u00b03 ; lymphomes \u00e0 cellules\u00a0du manteau, coordination Pr C. Thieblemont - Vol 06, n\u00b02).\u00a0Nous avons confi\u00e9 au Pr Franck Morschhauser la coordination de\u00a0ce dossier ; il a r\u00e9ussi ce challenge avec brio et je tiens ici \u00e0 l&#039;en\u00a0remercier chaleureusement. Il a pu \u00e9tablir un tour d&#039;horizon complet\u00a0de ces lymphomes, sous un angle moderne, avec \u00e0 chaque fois la\u00a0volont\u00e9 de faire un \u00e9tat des lieux pr\u00e9cis aujourd&#039;hui mais aussi de\u00a0nous donner les perspectives pour les ann\u00e9es qui viennent ; vous le\u00a0d\u00e9couvrirez \u00e0 la lecture des articles de ce grand angle, aussi bien pour\u00a0les m\u00e9thodes diagnostiques, l&#039;oncogen\u00e8se et les facteurs pronostiques,\u00a0mais \u00e9galement dans les chapitres consacr\u00e9s \u00e0 leurs traitements.\u00a0Je voudrais aussi profiter de ce premier num\u00e9ro 2017 pour souligner le\u00a0travail du Docteur Pierre Hirsch, responsable de la rubrique \u00ab Flash\u00a0Presse \u00bb depuis les premiers num\u00e9ros en 2011. Nous savons\u00a0cette rubrique tr\u00e8s appr\u00e9ci\u00e9e et attendue par nos lecteurs.\u00a0Il faut aussi mettre en avant l&#039;excellent travail r\u00e9alis\u00e9 par les\u00a0Drs Christophe Marzac et Nicolas Gendron, chefs de la rubrique\u00a0Focus en H\u00e9mato - biologie, qui nous apportent r\u00e9guli\u00e8rement\u00a0des \u00e9clairages tr\u00e8s didactiques sur leur sp\u00e9cialit\u00e9.\u00a0Je vous invite \u00e9galement \u00e0 d\u00e9couvrir le cas clinique propos\u00e9\u00a0par le Docteur Meite N&#039;Dogomo de Yopougon en C\u00f4te\u00a0d&#039;Ivoire et \u00e0 parfaire vos connaissances en soins de support\u00a0gr\u00e2ce \u00e0 la fiche pratique consacr\u00e9e \u00e0 la prophylaxie de la\u00a0neutrop\u00e9nie f\u00e9brile, \u00e9tablie par le Pr Philippe Colombat.  Bonne lecture \u00e0 tous !  Dr St\u00e9phane Ch\u00e8ze R\u00e9dacteur en chef, CHU C\u00f4te de Nacre, Caen. cheze-s@chu-caen.fr\" \/>\n<meta property=\"og:url\" content=\"https:\/\/horizonshemato.com\/en\/product\/horizons-hemato-vol-7-n2-mars-2017\/\" \/>\n<meta property=\"og:site_name\" content=\"Horizons H\u00e9mato\" \/>\n<meta property=\"article:modified_time\" content=\"2024-01-08T17:17:09+00:00\" \/>\n<meta property=\"og:image\" content=\"https:\/\/horizonshemato.com\/wp-content\/uploads\/2018\/10\/HH-VOL7-1.jpg\" \/>\n\t<meta property=\"og:image:width\" content=\"938\" \/>\n\t<meta property=\"og:image:height\" content=\"938\" \/>\n\t<meta property=\"og:image:type\" content=\"image\/jpeg\" \/>\n<meta name=\"twitter:card\" content=\"summary_large_image\" \/>\n<script type=\"application\/ld+json\" class=\"yoast-schema-graph\">{\"@context\":\"https:\/\/schema.org\",\"@graph\":[{\"@type\":\"WebPage\",\"@id\":\"https:\/\/horizonshemato.com\/product\/horizons-hemato-vol-7-n2-mars-2017\/\",\"url\":\"https:\/\/horizonshemato.com\/product\/horizons-hemato-vol-7-n2-mars-2017\/\",\"name\":\"Horizons H\u00e9mato \u2013 Vol. 7 n\u00b02 \u2013 Mars 2017 - Horizons H\u00e9mato\",\"isPartOf\":{\"@id\":\"https:\/\/horizonshemato.com\/#website\"},\"primaryImageOfPage\":{\"@id\":\"https:\/\/horizonshemato.com\/product\/horizons-hemato-vol-7-n2-mars-2017\/#primaryimage\"},\"image\":{\"@id\":\"https:\/\/horizonshemato.com\/product\/horizons-hemato-vol-7-n2-mars-2017\/#primaryimage\"},\"thumbnailUrl\":\"https:\/\/horizonshemato.com\/wp-content\/uploads\/2018\/10\/HH-VOL7-1.jpg\",\"datePublished\":\"2018-10-15T14:48:38+00:00\",\"dateModified\":\"2024-01-08T17:17:09+00:00\",\"breadcrumb\":{\"@id\":\"https:\/\/horizonshemato.com\/product\/horizons-hemato-vol-7-n2-mars-2017\/#breadcrumb\"},\"inLanguage\":\"en-US\",\"potentialAction\":[{\"@type\":\"ReadAction\",\"target\":[\"https:\/\/horizonshemato.com\/product\/horizons-hemato-vol-7-n2-mars-2017\/\"]}]},{\"@type\":\"ImageObject\",\"inLanguage\":\"en-US\",\"@id\":\"https:\/\/horizonshemato.com\/product\/horizons-hemato-vol-7-n2-mars-2017\/#primaryimage\",\"url\":\"https:\/\/horizonshemato.com\/wp-content\/uploads\/2018\/10\/HH-VOL7-1.jpg\",\"contentUrl\":\"https:\/\/horizonshemato.com\/wp-content\/uploads\/2018\/10\/HH-VOL7-1.jpg\",\"width\":938,\"height\":938},{\"@type\":\"BreadcrumbList\",\"@id\":\"https:\/\/horizonshemato.com\/product\/horizons-hemato-vol-7-n2-mars-2017\/#breadcrumb\",\"itemListElement\":[{\"@type\":\"ListItem\",\"position\":1,\"name\":\"Accueil\",\"item\":\"https:\/\/horizonshemato.com\/\"},{\"@type\":\"ListItem\",\"position\":2,\"name\":\"Boutique\",\"item\":\"https:\/\/horizonshemato.com\/boutique\/\"},{\"@type\":\"ListItem\",\"position\":3,\"name\":\"Horizons H\u00e9mato \u2013 Vol. 7 n\u00b02 \u2013 Mars 2017\"}]},{\"@type\":\"WebSite\",\"@id\":\"https:\/\/horizonshemato.com\/#website\",\"url\":\"https:\/\/horizonshemato.com\/\",\"name\":\"Horizons H\u00e9mato\",\"description\":\"La revue des pratiques en h\u00e9matologie\",\"potentialAction\":[{\"@type\":\"SearchAction\",\"target\":{\"@type\":\"EntryPoint\",\"urlTemplate\":\"https:\/\/horizonshemato.com\/?s={search_term_string}\"},\"query-input\":{\"@type\":\"PropertyValueSpecification\",\"valueRequired\":true,\"valueName\":\"search_term_string\"}}],\"inLanguage\":\"en-US\"}]}<\/script>\n<!-- \/ Yoast SEO plugin. -->","yoast_head_json":{"title":"Horizons H\u00e9mato \u2013 Vol. 7 n\u00b02 \u2013 Mars 2017 - Horizons H\u00e9mato","robots":{"index":"index","follow":"follow","max-snippet":"max-snippet:-1","max-image-preview":"max-image-preview:large","max-video-preview":"max-video-preview:-1"},"canonical":"https:\/\/horizonshemato.com\/en\/product\/horizons-hemato-vol-7-n2-mars-2017\/","og_locale":"en_US","og_type":"article","og_title":"Horizons H\u00e9mato \u2013 Vol. 7 n\u00b02 \u2013 Mars 2017 - Horizons H\u00e9mato","og_description":"Le grand angle de ce num\u00e9ro d'Horizons H\u00e9mato est d\u00e9di\u00e9\u00a0aux lymphomes non Hodgkiniens folliculaires.\u00a0Nous avons choisi de compl\u00e9ter notre connaissance de ces\u00a0pathologies avec un grand angle qui leur est consacr\u00e9 pour la\u00a04\u00e8me fois (lymphomes T p\u00e9riph\u00e9riques, coordination Pr G. Damaj -\u00a0Vol 03, n\u00b04 ; lymphomes non Hodgkiniens diffus B \u00e0 grandes\u00a0cellules, coordination Pr H. Tilly - Vol 5, n\u00b03 ; lymphomes \u00e0 cellules\u00a0du manteau, coordination Pr C. Thieblemont - Vol 06, n\u00b02).\u00a0Nous avons confi\u00e9 au Pr Franck Morschhauser la coordination de\u00a0ce dossier ; il a r\u00e9ussi ce challenge avec brio et je tiens ici \u00e0 l'en\u00a0remercier chaleureusement. Il a pu \u00e9tablir un tour d'horizon complet\u00a0de ces lymphomes, sous un angle moderne, avec \u00e0 chaque fois la\u00a0volont\u00e9 de faire un \u00e9tat des lieux pr\u00e9cis aujourd'hui mais aussi de\u00a0nous donner les perspectives pour les ann\u00e9es qui viennent ; vous le\u00a0d\u00e9couvrirez \u00e0 la lecture des articles de ce grand angle, aussi bien pour\u00a0les m\u00e9thodes diagnostiques, l'oncogen\u00e8se et les facteurs pronostiques,\u00a0mais \u00e9galement dans les chapitres consacr\u00e9s \u00e0 leurs traitements.\u00a0Je voudrais aussi profiter de ce premier num\u00e9ro 2017 pour souligner le\u00a0travail du Docteur Pierre Hirsch, responsable de la rubrique \u00ab Flash\u00a0Presse \u00bb depuis les premiers num\u00e9ros en 2011. Nous savons\u00a0cette rubrique tr\u00e8s appr\u00e9ci\u00e9e et attendue par nos lecteurs.\u00a0Il faut aussi mettre en avant l'excellent travail r\u00e9alis\u00e9 par les\u00a0Drs Christophe Marzac et Nicolas Gendron, chefs de la rubrique\u00a0Focus en H\u00e9mato - biologie, qui nous apportent r\u00e9guli\u00e8rement\u00a0des \u00e9clairages tr\u00e8s didactiques sur leur sp\u00e9cialit\u00e9.\u00a0Je vous invite \u00e9galement \u00e0 d\u00e9couvrir le cas clinique propos\u00e9\u00a0par le Docteur Meite N'Dogomo de Yopougon en C\u00f4te\u00a0d'Ivoire et \u00e0 parfaire vos connaissances en soins de support\u00a0gr\u00e2ce \u00e0 la fiche pratique consacr\u00e9e \u00e0 la prophylaxie de la\u00a0neutrop\u00e9nie f\u00e9brile, \u00e9tablie par le Pr Philippe Colombat.  Bonne lecture \u00e0 tous !  Dr St\u00e9phane Ch\u00e8ze R\u00e9dacteur en chef, CHU C\u00f4te de Nacre, Caen. cheze-s@chu-caen.fr","og_url":"https:\/\/horizonshemato.com\/en\/product\/horizons-hemato-vol-7-n2-mars-2017\/","og_site_name":"Horizons H\u00e9mato","article_modified_time":"2024-01-08T17:17:09+00:00","og_image":[{"width":938,"height":938,"url":"https:\/\/horizonshemato.com\/wp-content\/uploads\/2018\/10\/HH-VOL7-1.jpg","type":"image\/jpeg"}],"twitter_card":"summary_large_image","schema":{"@context":"https:\/\/schema.org","@graph":[{"@type":"WebPage","@id":"https:\/\/horizonshemato.com\/product\/horizons-hemato-vol-7-n2-mars-2017\/","url":"https:\/\/horizonshemato.com\/product\/horizons-hemato-vol-7-n2-mars-2017\/","name":"Horizons H\u00e9mato \u2013 Vol. 7 n\u00b02 \u2013 Mars 2017 - Horizons H\u00e9mato","isPartOf":{"@id":"https:\/\/horizonshemato.com\/#website"},"primaryImageOfPage":{"@id":"https:\/\/horizonshemato.com\/product\/horizons-hemato-vol-7-n2-mars-2017\/#primaryimage"},"image":{"@id":"https:\/\/horizonshemato.com\/product\/horizons-hemato-vol-7-n2-mars-2017\/#primaryimage"},"thumbnailUrl":"https:\/\/horizonshemato.com\/wp-content\/uploads\/2018\/10\/HH-VOL7-1.jpg","datePublished":"2018-10-15T14:48:38+00:00","dateModified":"2024-01-08T17:17:09+00:00","breadcrumb":{"@id":"https:\/\/horizonshemato.com\/product\/horizons-hemato-vol-7-n2-mars-2017\/#breadcrumb"},"inLanguage":"en-US","potentialAction":[{"@type":"ReadAction","target":["https:\/\/horizonshemato.com\/product\/horizons-hemato-vol-7-n2-mars-2017\/"]}]},{"@type":"ImageObject","inLanguage":"en-US","@id":"https:\/\/horizonshemato.com\/product\/horizons-hemato-vol-7-n2-mars-2017\/#primaryimage","url":"https:\/\/horizonshemato.com\/wp-content\/uploads\/2018\/10\/HH-VOL7-1.jpg","contentUrl":"https:\/\/horizonshemato.com\/wp-content\/uploads\/2018\/10\/HH-VOL7-1.jpg","width":938,"height":938},{"@type":"BreadcrumbList","@id":"https:\/\/horizonshemato.com\/product\/horizons-hemato-vol-7-n2-mars-2017\/#breadcrumb","itemListElement":[{"@type":"ListItem","position":1,"name":"Accueil","item":"https:\/\/horizonshemato.com\/"},{"@type":"ListItem","position":2,"name":"Boutique","item":"https:\/\/horizonshemato.com\/boutique\/"},{"@type":"ListItem","position":3,"name":"Horizons H\u00e9mato \u2013 Vol. 7 n\u00b02 \u2013 Mars 2017"}]},{"@type":"WebSite","@id":"https:\/\/horizonshemato.com\/#website","url":"https:\/\/horizonshemato.com\/","name":"Horizons H\u00e9mato","description":"La revue des pratiques en h\u00e9matologie","potentialAction":[{"@type":"SearchAction","target":{"@type":"EntryPoint","urlTemplate":"https:\/\/horizonshemato.com\/?s={search_term_string}"},"query-input":{"@type":"PropertyValueSpecification","valueRequired":true,"valueName":"search_term_string"}}],"inLanguage":"en-US"}]}},"_links":{"self":[{"href":"https:\/\/horizonshemato.com\/en\/wp-json\/wp\/v2\/product\/13852","targetHints":{"allow":["GET"]}}],"collection":[{"href":"https:\/\/horizonshemato.com\/en\/wp-json\/wp\/v2\/product"}],"about":[{"href":"https:\/\/horizonshemato.com\/en\/wp-json\/wp\/v2\/types\/product"}],"wp:featuredmedia":[{"embeddable":true,"href":"https:\/\/horizonshemato.com\/en\/wp-json\/wp\/v2\/media\/13855"}],"wp:attachment":[{"href":"https:\/\/horizonshemato.com\/en\/wp-json\/wp\/v2\/media?parent=13852"}],"wp:term":[{"taxonomy":"product_brand","embeddable":true,"href":"https:\/\/horizonshemato.com\/en\/wp-json\/wp\/v2\/product_brand?post=13852"},{"taxonomy":"product_cat","embeddable":true,"href":"https:\/\/horizonshemato.com\/en\/wp-json\/wp\/v2\/product_cat?post=13852"},{"taxonomy":"product_tag","embeddable":true,"href":"https:\/\/horizonshemato.com\/en\/wp-json\/wp\/v2\/product_tag?post=13852"}],"curies":[{"name":"wp","href":"https:\/\/api.w.org\/{rel}","templated":true}]}}