{"id":13848,"date":"2018-10-15T14:05:47","date_gmt":"2018-10-15T14:05:47","guid":{"rendered":"http:\/\/horizonshemato.com\/?post_type=product&#038;p=13848"},"modified":"2024-01-08T17:17:08","modified_gmt":"2024-01-08T17:17:08","slug":"horizons-hemato-vol-7-n3-septembre-2017","status":"publish","type":"product","link":"https:\/\/horizonshemato.com\/en\/product\/horizons-hemato-vol-7-n3-septembre-2017\/","title":{"rendered":"Horizons H\u00e9mato \u2013 Vol. 7 n\u00b03 \u2013 Septembre 2017"},"content":{"rendered":"<p>Magazine au format num\u00e9rique.<br \/>\nEnvois en version papier sur demande.<\/p>","protected":false},"excerpt":{"rendered":"<p>Les N\u00e9oplasmes My\u00e9loprolif\u00e9ratifs : un paradigme\u00a0de la m\u00e9decine de pr\u00e9cision.\u00a0Il y a cinq ans nous vous proposions un num\u00e9ro tr\u00e8s d\u00e9taill\u00e9 consacr\u00e9 aux\u00a0syndromes my\u00e9loprolif\u00e9ratifs (SMP) d\u00e9sormais d\u00e9nomm\u00e9s N\u00e9oplasmes\u00a0My\u00e9loProlif\u00e9ratifs (NMP). \u00c0 l\u2019\u00e9poque nos esprits r\u00e9sonnaient encore de la\u00a0d\u00e9couverte des mutations de JAK2, MPL puis de TET2 dans les SMP dits\u00a0\u00ab classiques \u00bb ou encore de l\u2019apparition des inhibiteurs de tyrosine kinase de\u00a0seconde g\u00e9n\u00e9ration et des premiers essais d\u2019arr\u00eat de traitement dans la leuc\u00e9mie\u00a0my\u00e9lo\u00efde chronique. Depuis lors les connaissances se sont encore enrichies\u00a0donnant naissance \u00e0 une nouvelle version de la classification OMS qui int\u00e8gre\u00a0toujours plus de crit\u00e8res histologiques et de donn\u00e9es g\u00e9n\u00e9tiques (mutations des\u00a0g\u00e8nes de la calr\u00e9ticuline, des prot\u00e9ines des complexes d\u2019\u00e9pissages, des r\u00e9gulateurs\u00a0\u00e9pig\u00e9n\u00e9tiques, d\u00e9couverte de nouveaux g\u00e8nes de pr\u00e9disposition). Cette nouvelle\u00a0classification qui revisite jusqu\u2019\u00e0 la d\u00e9finition m\u00eame de la polyglobulie de Vaquez\u00a0permet aussi de mieux pr\u00e9ciser les contours parfois flous dans nos esprits des\u00a0n\u00e9oplasies mixtes my\u00e9lodysplasiques\/my\u00e9loprolif\u00e9ratives. Les laboratoires de\u00a0biologie mol\u00e9culaire ont un r\u00f4le d\u00e9terminant dans la caract\u00e9risation de ces\u00a0h\u00e9mopathies my\u00e9lo\u00efdes chroniques dont nous commen\u00e7ons \u00e0 entrevoir la r\u00e9elle\u00a0complexit\u00e9 gr\u00e2ce notamment \u00e0 l\u2019\u00e9tude cibl\u00e9e de panels de g\u00e8nes. Certains de ces\u00a0g\u00e8nes mut\u00e9s constituent d\u2019ores-et-d\u00e9j\u00e0 des cibles th\u00e9rapeutiques\u00a0\u00ab actionnables \u00bb (JAK2, CALR, CSF3R, KIT,..), d\u2019autres le deviendront rapidement\u00a0(IDH1\/2, splic\u00e9osome), rappelant l\u2019int\u00e9r\u00eat majeur des essais th\u00e9rapeutiques\u00a0dans l\u2019am\u00e9lioration continue du pronostic de ces h\u00e9mopathies pour lesquelles\u00a0les donn\u00e9es \u00e9pid\u00e9miologiques font parfois cruellement d\u00e9faut. [&#8230;]<\/p>\n<p>Bonne lecture !<\/p>\n<p><strong>Dr Christophe Marzac<\/strong><br \/>\nCoordinateur du \u00ab\u00a0Grand Angle\u00a0\u00bb<br \/>\nR\u00e9dacteur en chef adjoint<br \/>\n<strong>christophe.marzac@gustaveroussy.fr<\/strong><\/p>\n","protected":false},"featured_media":13851,"template":"","meta":{"_monsterinsights_skip_tracking":false,"_monsterinsights_sitenote_active":false,"_monsterinsights_sitenote_note":"","_monsterinsights_sitenote_category":0},"product_brand":[],"product_cat":[82],"product_tag":[],"class_list":{"0":"post-13848","1":"product","2":"type-product","3":"status-publish","4":"has-post-thumbnail","6":"product_cat-neoplasies-myeloproliferatives","8":"first","9":"instock","10":"downloadable","11":"shipping-taxable","12":"purchasable","13":"product-type-simple"},"yoast_head":"<!-- This site is optimized with the Yoast SEO plugin v27.1.1 - https:\/\/yoast.com\/product\/yoast-seo-wordpress\/ -->\n<title>Horizons H\u00e9mato \u2013 Vol. 7 n\u00b03 \u2013 Septembre 2017 - Horizons H\u00e9mato<\/title>\n<meta name=\"robots\" content=\"index, follow, max-snippet:-1, max-image-preview:large, max-video-preview:-1\" \/>\n<link rel=\"canonical\" href=\"https:\/\/horizonshemato.com\/en\/product\/horizons-hemato-vol-7-n3-septembre-2017\/\" \/>\n<meta property=\"og:locale\" content=\"en_US\" \/>\n<meta property=\"og:type\" content=\"article\" \/>\n<meta property=\"og:title\" content=\"Horizons H\u00e9mato \u2013 Vol. 7 n\u00b03 \u2013 Septembre 2017 - Horizons H\u00e9mato\" \/>\n<meta property=\"og:description\" content=\"Les N\u00e9oplasmes My\u00e9loprolif\u00e9ratifs : un paradigme\u00a0de la m\u00e9decine de pr\u00e9cision.\u00a0Il y a cinq ans nous vous proposions un num\u00e9ro tr\u00e8s d\u00e9taill\u00e9 consacr\u00e9 aux\u00a0syndromes my\u00e9loprolif\u00e9ratifs (SMP) d\u00e9sormais d\u00e9nomm\u00e9s N\u00e9oplasmes\u00a0My\u00e9loProlif\u00e9ratifs (NMP). \u00c0 l\u2019\u00e9poque nos esprits r\u00e9sonnaient encore de la\u00a0d\u00e9couverte des mutations de JAK2, MPL puis de TET2 dans les SMP dits\u00a0\u00ab classiques \u00bb ou encore de l\u2019apparition des inhibiteurs de tyrosine kinase de\u00a0seconde g\u00e9n\u00e9ration et des premiers essais d\u2019arr\u00eat de traitement dans la leuc\u00e9mie\u00a0my\u00e9lo\u00efde chronique. Depuis lors les connaissances se sont encore enrichies\u00a0donnant naissance \u00e0 une nouvelle version de la classification OMS qui int\u00e8gre\u00a0toujours plus de crit\u00e8res histologiques et de donn\u00e9es g\u00e9n\u00e9tiques (mutations des\u00a0g\u00e8nes de la calr\u00e9ticuline, des prot\u00e9ines des complexes d\u2019\u00e9pissages, des r\u00e9gulateurs\u00a0\u00e9pig\u00e9n\u00e9tiques, d\u00e9couverte de nouveaux g\u00e8nes de pr\u00e9disposition). Cette nouvelle\u00a0classification qui revisite jusqu\u2019\u00e0 la d\u00e9finition m\u00eame de la polyglobulie de Vaquez\u00a0permet aussi de mieux pr\u00e9ciser les contours parfois flous dans nos esprits des\u00a0n\u00e9oplasies mixtes my\u00e9lodysplasiques\/my\u00e9loprolif\u00e9ratives. Les laboratoires de\u00a0biologie mol\u00e9culaire ont un r\u00f4le d\u00e9terminant dans la caract\u00e9risation de ces\u00a0h\u00e9mopathies my\u00e9lo\u00efdes chroniques dont nous commen\u00e7ons \u00e0 entrevoir la r\u00e9elle\u00a0complexit\u00e9 gr\u00e2ce notamment \u00e0 l\u2019\u00e9tude cibl\u00e9e de panels de g\u00e8nes. Certains de ces\u00a0g\u00e8nes mut\u00e9s constituent d\u2019ores-et-d\u00e9j\u00e0 des cibles th\u00e9rapeutiques\u00a0\u00ab actionnables \u00bb (JAK2, CALR, CSF3R, KIT,..), d\u2019autres le deviendront rapidement\u00a0(IDH1\/2, splic\u00e9osome), rappelant l\u2019int\u00e9r\u00eat majeur des essais th\u00e9rapeutiques\u00a0dans l\u2019am\u00e9lioration continue du pronostic de ces h\u00e9mopathies pour lesquelles\u00a0les donn\u00e9es \u00e9pid\u00e9miologiques font parfois cruellement d\u00e9faut. [...]  Bonne lecture !  Dr Christophe Marzac Coordinateur du &quot;Grand Angle&quot; R\u00e9dacteur en chef adjoint christophe.marzac@gustaveroussy.fr\" \/>\n<meta property=\"og:url\" content=\"https:\/\/horizonshemato.com\/en\/product\/horizons-hemato-vol-7-n3-septembre-2017\/\" \/>\n<meta property=\"og:site_name\" content=\"Horizons H\u00e9mato\" \/>\n<meta property=\"article:modified_time\" content=\"2024-01-08T17:17:08+00:00\" \/>\n<meta property=\"og:image\" content=\"https:\/\/horizonshemato.com\/wp-content\/uploads\/2018\/10\/HH-VOL7-N3.jpg\" \/>\n\t<meta property=\"og:image:width\" content=\"938\" \/>\n\t<meta property=\"og:image:height\" content=\"938\" \/>\n\t<meta property=\"og:image:type\" content=\"image\/jpeg\" \/>\n<meta name=\"twitter:card\" content=\"summary_large_image\" \/>\n<script type=\"application\/ld+json\" class=\"yoast-schema-graph\">{\"@context\":\"https:\/\/schema.org\",\"@graph\":[{\"@type\":\"WebPage\",\"@id\":\"https:\/\/horizonshemato.com\/product\/horizons-hemato-vol-7-n3-septembre-2017\/\",\"url\":\"https:\/\/horizonshemato.com\/product\/horizons-hemato-vol-7-n3-septembre-2017\/\",\"name\":\"Horizons H\u00e9mato \u2013 Vol. 7 n\u00b03 \u2013 Septembre 2017 - Horizons H\u00e9mato\",\"isPartOf\":{\"@id\":\"https:\/\/horizonshemato.com\/#website\"},\"primaryImageOfPage\":{\"@id\":\"https:\/\/horizonshemato.com\/product\/horizons-hemato-vol-7-n3-septembre-2017\/#primaryimage\"},\"image\":{\"@id\":\"https:\/\/horizonshemato.com\/product\/horizons-hemato-vol-7-n3-septembre-2017\/#primaryimage\"},\"thumbnailUrl\":\"https:\/\/horizonshemato.com\/wp-content\/uploads\/2018\/10\/HH-VOL7-N3.jpg\",\"datePublished\":\"2018-10-15T14:05:47+00:00\",\"dateModified\":\"2024-01-08T17:17:08+00:00\",\"breadcrumb\":{\"@id\":\"https:\/\/horizonshemato.com\/product\/horizons-hemato-vol-7-n3-septembre-2017\/#breadcrumb\"},\"inLanguage\":\"en-US\",\"potentialAction\":[{\"@type\":\"ReadAction\",\"target\":[\"https:\/\/horizonshemato.com\/product\/horizons-hemato-vol-7-n3-septembre-2017\/\"]}]},{\"@type\":\"ImageObject\",\"inLanguage\":\"en-US\",\"@id\":\"https:\/\/horizonshemato.com\/product\/horizons-hemato-vol-7-n3-septembre-2017\/#primaryimage\",\"url\":\"https:\/\/horizonshemato.com\/wp-content\/uploads\/2018\/10\/HH-VOL7-N3.jpg\",\"contentUrl\":\"https:\/\/horizonshemato.com\/wp-content\/uploads\/2018\/10\/HH-VOL7-N3.jpg\",\"width\":938,\"height\":938},{\"@type\":\"BreadcrumbList\",\"@id\":\"https:\/\/horizonshemato.com\/product\/horizons-hemato-vol-7-n3-septembre-2017\/#breadcrumb\",\"itemListElement\":[{\"@type\":\"ListItem\",\"position\":1,\"name\":\"Accueil\",\"item\":\"https:\/\/horizonshemato.com\/\"},{\"@type\":\"ListItem\",\"position\":2,\"name\":\"Boutique\",\"item\":\"https:\/\/horizonshemato.com\/boutique\/\"},{\"@type\":\"ListItem\",\"position\":3,\"name\":\"Horizons H\u00e9mato \u2013 Vol. 7 n\u00b03 \u2013 Septembre 2017\"}]},{\"@type\":\"WebSite\",\"@id\":\"https:\/\/horizonshemato.com\/#website\",\"url\":\"https:\/\/horizonshemato.com\/\",\"name\":\"Horizons H\u00e9mato\",\"description\":\"La revue des pratiques en h\u00e9matologie\",\"potentialAction\":[{\"@type\":\"SearchAction\",\"target\":{\"@type\":\"EntryPoint\",\"urlTemplate\":\"https:\/\/horizonshemato.com\/?s={search_term_string}\"},\"query-input\":{\"@type\":\"PropertyValueSpecification\",\"valueRequired\":true,\"valueName\":\"search_term_string\"}}],\"inLanguage\":\"en-US\"}]}<\/script>\n<!-- \/ Yoast SEO plugin. -->","yoast_head_json":{"title":"Horizons H\u00e9mato \u2013 Vol. 7 n\u00b03 \u2013 Septembre 2017 - Horizons H\u00e9mato","robots":{"index":"index","follow":"follow","max-snippet":"max-snippet:-1","max-image-preview":"max-image-preview:large","max-video-preview":"max-video-preview:-1"},"canonical":"https:\/\/horizonshemato.com\/en\/product\/horizons-hemato-vol-7-n3-septembre-2017\/","og_locale":"en_US","og_type":"article","og_title":"Horizons H\u00e9mato \u2013 Vol. 7 n\u00b03 \u2013 Septembre 2017 - Horizons H\u00e9mato","og_description":"Les N\u00e9oplasmes My\u00e9loprolif\u00e9ratifs : un paradigme\u00a0de la m\u00e9decine de pr\u00e9cision.\u00a0Il y a cinq ans nous vous proposions un num\u00e9ro tr\u00e8s d\u00e9taill\u00e9 consacr\u00e9 aux\u00a0syndromes my\u00e9loprolif\u00e9ratifs (SMP) d\u00e9sormais d\u00e9nomm\u00e9s N\u00e9oplasmes\u00a0My\u00e9loProlif\u00e9ratifs (NMP). \u00c0 l\u2019\u00e9poque nos esprits r\u00e9sonnaient encore de la\u00a0d\u00e9couverte des mutations de JAK2, MPL puis de TET2 dans les SMP dits\u00a0\u00ab classiques \u00bb ou encore de l\u2019apparition des inhibiteurs de tyrosine kinase de\u00a0seconde g\u00e9n\u00e9ration et des premiers essais d\u2019arr\u00eat de traitement dans la leuc\u00e9mie\u00a0my\u00e9lo\u00efde chronique. Depuis lors les connaissances se sont encore enrichies\u00a0donnant naissance \u00e0 une nouvelle version de la classification OMS qui int\u00e8gre\u00a0toujours plus de crit\u00e8res histologiques et de donn\u00e9es g\u00e9n\u00e9tiques (mutations des\u00a0g\u00e8nes de la calr\u00e9ticuline, des prot\u00e9ines des complexes d\u2019\u00e9pissages, des r\u00e9gulateurs\u00a0\u00e9pig\u00e9n\u00e9tiques, d\u00e9couverte de nouveaux g\u00e8nes de pr\u00e9disposition). Cette nouvelle\u00a0classification qui revisite jusqu\u2019\u00e0 la d\u00e9finition m\u00eame de la polyglobulie de Vaquez\u00a0permet aussi de mieux pr\u00e9ciser les contours parfois flous dans nos esprits des\u00a0n\u00e9oplasies mixtes my\u00e9lodysplasiques\/my\u00e9loprolif\u00e9ratives. Les laboratoires de\u00a0biologie mol\u00e9culaire ont un r\u00f4le d\u00e9terminant dans la caract\u00e9risation de ces\u00a0h\u00e9mopathies my\u00e9lo\u00efdes chroniques dont nous commen\u00e7ons \u00e0 entrevoir la r\u00e9elle\u00a0complexit\u00e9 gr\u00e2ce notamment \u00e0 l\u2019\u00e9tude cibl\u00e9e de panels de g\u00e8nes. Certains de ces\u00a0g\u00e8nes mut\u00e9s constituent d\u2019ores-et-d\u00e9j\u00e0 des cibles th\u00e9rapeutiques\u00a0\u00ab actionnables \u00bb (JAK2, CALR, CSF3R, KIT,..), d\u2019autres le deviendront rapidement\u00a0(IDH1\/2, splic\u00e9osome), rappelant l\u2019int\u00e9r\u00eat majeur des essais th\u00e9rapeutiques\u00a0dans l\u2019am\u00e9lioration continue du pronostic de ces h\u00e9mopathies pour lesquelles\u00a0les donn\u00e9es \u00e9pid\u00e9miologiques font parfois cruellement d\u00e9faut. [...]  Bonne lecture !  Dr Christophe Marzac Coordinateur du \"Grand Angle\" R\u00e9dacteur en chef adjoint christophe.marzac@gustaveroussy.fr","og_url":"https:\/\/horizonshemato.com\/en\/product\/horizons-hemato-vol-7-n3-septembre-2017\/","og_site_name":"Horizons H\u00e9mato","article_modified_time":"2024-01-08T17:17:08+00:00","og_image":[{"width":938,"height":938,"url":"https:\/\/horizonshemato.com\/wp-content\/uploads\/2018\/10\/HH-VOL7-N3.jpg","type":"image\/jpeg"}],"twitter_card":"summary_large_image","schema":{"@context":"https:\/\/schema.org","@graph":[{"@type":"WebPage","@id":"https:\/\/horizonshemato.com\/product\/horizons-hemato-vol-7-n3-septembre-2017\/","url":"https:\/\/horizonshemato.com\/product\/horizons-hemato-vol-7-n3-septembre-2017\/","name":"Horizons H\u00e9mato \u2013 Vol. 7 n\u00b03 \u2013 Septembre 2017 - Horizons H\u00e9mato","isPartOf":{"@id":"https:\/\/horizonshemato.com\/#website"},"primaryImageOfPage":{"@id":"https:\/\/horizonshemato.com\/product\/horizons-hemato-vol-7-n3-septembre-2017\/#primaryimage"},"image":{"@id":"https:\/\/horizonshemato.com\/product\/horizons-hemato-vol-7-n3-septembre-2017\/#primaryimage"},"thumbnailUrl":"https:\/\/horizonshemato.com\/wp-content\/uploads\/2018\/10\/HH-VOL7-N3.jpg","datePublished":"2018-10-15T14:05:47+00:00","dateModified":"2024-01-08T17:17:08+00:00","breadcrumb":{"@id":"https:\/\/horizonshemato.com\/product\/horizons-hemato-vol-7-n3-septembre-2017\/#breadcrumb"},"inLanguage":"en-US","potentialAction":[{"@type":"ReadAction","target":["https:\/\/horizonshemato.com\/product\/horizons-hemato-vol-7-n3-septembre-2017\/"]}]},{"@type":"ImageObject","inLanguage":"en-US","@id":"https:\/\/horizonshemato.com\/product\/horizons-hemato-vol-7-n3-septembre-2017\/#primaryimage","url":"https:\/\/horizonshemato.com\/wp-content\/uploads\/2018\/10\/HH-VOL7-N3.jpg","contentUrl":"https:\/\/horizonshemato.com\/wp-content\/uploads\/2018\/10\/HH-VOL7-N3.jpg","width":938,"height":938},{"@type":"BreadcrumbList","@id":"https:\/\/horizonshemato.com\/product\/horizons-hemato-vol-7-n3-septembre-2017\/#breadcrumb","itemListElement":[{"@type":"ListItem","position":1,"name":"Accueil","item":"https:\/\/horizonshemato.com\/"},{"@type":"ListItem","position":2,"name":"Boutique","item":"https:\/\/horizonshemato.com\/boutique\/"},{"@type":"ListItem","position":3,"name":"Horizons H\u00e9mato \u2013 Vol. 7 n\u00b03 \u2013 Septembre 2017"}]},{"@type":"WebSite","@id":"https:\/\/horizonshemato.com\/#website","url":"https:\/\/horizonshemato.com\/","name":"Horizons H\u00e9mato","description":"La revue des pratiques en h\u00e9matologie","potentialAction":[{"@type":"SearchAction","target":{"@type":"EntryPoint","urlTemplate":"https:\/\/horizonshemato.com\/?s={search_term_string}"},"query-input":{"@type":"PropertyValueSpecification","valueRequired":true,"valueName":"search_term_string"}}],"inLanguage":"en-US"}]}},"_links":{"self":[{"href":"https:\/\/horizonshemato.com\/en\/wp-json\/wp\/v2\/product\/13848","targetHints":{"allow":["GET"]}}],"collection":[{"href":"https:\/\/horizonshemato.com\/en\/wp-json\/wp\/v2\/product"}],"about":[{"href":"https:\/\/horizonshemato.com\/en\/wp-json\/wp\/v2\/types\/product"}],"wp:featuredmedia":[{"embeddable":true,"href":"https:\/\/horizonshemato.com\/en\/wp-json\/wp\/v2\/media\/13851"}],"wp:attachment":[{"href":"https:\/\/horizonshemato.com\/en\/wp-json\/wp\/v2\/media?parent=13848"}],"wp:term":[{"taxonomy":"product_brand","embeddable":true,"href":"https:\/\/horizonshemato.com\/en\/wp-json\/wp\/v2\/product_brand?post=13848"},{"taxonomy":"product_cat","embeddable":true,"href":"https:\/\/horizonshemato.com\/en\/wp-json\/wp\/v2\/product_cat?post=13848"},{"taxonomy":"product_tag","embeddable":true,"href":"https:\/\/horizonshemato.com\/en\/wp-json\/wp\/v2\/product_tag?post=13848"}],"curies":[{"name":"wp","href":"https:\/\/api.w.org\/{rel}","templated":true}]}}