{"id":13842,"date":"2018-10-15T13:49:02","date_gmt":"2018-10-15T13:49:02","guid":{"rendered":"http:\/\/horizonshemato.com\/?post_type=product&#038;p=13842"},"modified":"2024-01-08T17:17:08","modified_gmt":"2024-01-08T17:17:08","slug":"horizons-hemato-vol-7-n4-decembre-2017","status":"publish","type":"product","link":"https:\/\/horizonshemato.com\/en\/product\/horizons-hemato-vol-7-n4-decembre-2017\/","title":{"rendered":"Horizons H\u00e9mato \u2013 Vol. 7 n\u00b04 &#8211; D\u00e9cembre 2017"},"content":{"rendered":"<p>Magazine au format num\u00e9rique.<br \/>\nEnvois en version papier sur demande.<\/p>","protected":false},"excerpt":{"rendered":"<p>L\u2019allogreffe de cellule souche hematopoi\u00e9tique reste un traitement de r\u00e9f\u00e9rence, parfois le seul traitement curateur, pour de nombreuses h\u00e9mopathies en 2018.Le nombre d\u2019allogreffe est en augmentation car les h\u00e9matologues ont r\u00e9ussi \u00e0 relever plusieurs challenges : pouvoir proposer une greffe aux sujets \u00ab \u00e2g\u00e9s \u00bb ou avec comorbidit\u00e9s avec le d\u00e9veloppement des conditionnement d\u2019intensit\u00e9 r\u00e9duite ; trouver des greffons pour la quasi totalit\u00e9 des patients en attente d\u2019allogreffe avec l\u2019usage des greffons alternatifs (donneur <i>mismatch <\/i>9\/10, unit\u00e9s de sang placentaire et plus r\u00e9cemment de donneurs haplo-identiques) ;<\/p>\n<p>Ce \u00ab Grand Angle \u00bb de la revue <i>Horizons H\u00e9mato <\/i>consacr\u00e9 \u00e0 l\u2019allogreffe en 2018 fera le point sur les conditionnements avant allogreffe, la prophylaxie de la r\u00e9action du greffon contre l\u2019h\u00f4te (GVH), les greffons alternatifs, les techniques et int\u00e9r\u00eat du chim\u00e9risme, l\u2019immunomodulation post-allogreffe dans la leuc\u00e9mie aigu\u00eb my\u00e9lo\u00efde, le traitement de la GVH et la transplantation de microbiote f\u00e9cal. Les complications apr\u00e8s allogreffe seront \u00e9galement abord\u00e9es au travers des complications neurologiques et infectieuses avec un focus sur les nouveaux traitements anti-viraux.<\/p>\n<p>Ces articles ont \u00e9t\u00e9 \u00e9labor\u00e9s par des experts dans leur domaine et je tiens \u00e0 les remercier pour la qualit\u00e9 de leur synth\u00e8se qui permettra \u00e0 chaque lecteur d\u2019avoir une mise au point dans l\u2019allogreffe en 2018.<\/p>\n<p>Bonne lecture \u00e0 tous !<\/p>\n<p><strong>Dr Sylvain CHANTEPIE,\u00a0<\/strong><br \/>\nCoordinateur du \u00ab Grand Angle \u00bb Institut d\u2019H\u00e9matologie de Basse-Normandie, CHU de Caen.<br \/>\n<strong>Chantepie-S@chu-caen.fr<\/strong><\/p>","protected":false},"featured_media":13844,"template":"","meta":{"_monsterinsights_skip_tracking":false,"_monsterinsights_sitenote_active":false,"_monsterinsights_sitenote_note":"","_monsterinsights_sitenote_category":0},"product_brand":[],"product_cat":[81],"product_tag":[],"class_list":{"0":"post-13842","1":"product","2":"type-product","3":"status-publish","4":"has-post-thumbnail","6":"product_cat-lallogreffe","8":"first","9":"instock","10":"downloadable","11":"shipping-taxable","12":"purchasable","13":"product-type-simple"},"yoast_head":"<!-- This site is optimized with the Yoast SEO plugin v27.1.1 - https:\/\/yoast.com\/product\/yoast-seo-wordpress\/ -->\n<title>Horizons H\u00e9mato \u2013 Vol. 7 n\u00b04 - D\u00e9cembre 2017 - Horizons H\u00e9mato<\/title>\n<meta name=\"robots\" content=\"index, follow, max-snippet:-1, max-image-preview:large, max-video-preview:-1\" \/>\n<link rel=\"canonical\" href=\"https:\/\/horizonshemato.com\/en\/product\/horizons-hemato-vol-7-n4-decembre-2017\/\" \/>\n<meta property=\"og:locale\" content=\"en_US\" \/>\n<meta property=\"og:type\" content=\"article\" \/>\n<meta property=\"og:title\" content=\"Horizons H\u00e9mato \u2013 Vol. 7 n\u00b04 - D\u00e9cembre 2017 - Horizons H\u00e9mato\" \/>\n<meta property=\"og:description\" content=\"L\u2019allogreffe de cellule souche hematopoi\u00e9tique reste un traitement de r\u00e9f\u00e9rence, parfois le seul traitement curateur, pour de nombreuses h\u00e9mopathies en 2018.Le nombre d\u2019allogreffe est en augmentation car les h\u00e9matologues ont r\u00e9ussi \u00e0 relever plusieurs challenges : pouvoir proposer une greffe aux sujets \u00ab \u00e2g\u00e9s \u00bb ou avec comorbidit\u00e9s avec le d\u00e9veloppement des conditionnement d\u2019intensit\u00e9 r\u00e9duite ; trouver des greffons pour la quasi totalit\u00e9 des patients en attente d\u2019allogreffe avec l\u2019usage des greffons alternatifs (donneur mismatch 9\/10, unit\u00e9s de sang placentaire et plus r\u00e9cemment de donneurs haplo-identiques) ;  Ce \u00ab Grand Angle \u00bb de la revue Horizons H\u00e9mato consacr\u00e9 \u00e0 l\u2019allogreffe en 2018 fera le point sur les conditionnements avant allogreffe, la prophylaxie de la r\u00e9action du greffon contre l\u2019h\u00f4te (GVH), les greffons alternatifs, les techniques et int\u00e9r\u00eat du chim\u00e9risme, l\u2019immunomodulation post-allogreffe dans la leuc\u00e9mie aigu\u00eb my\u00e9lo\u00efde, le traitement de la GVH et la transplantation de microbiote f\u00e9cal. Les complications apr\u00e8s allogreffe seront \u00e9galement abord\u00e9es au travers des complications neurologiques et infectieuses avec un focus sur les nouveaux traitements anti-viraux.  Ces articles ont \u00e9t\u00e9 \u00e9labor\u00e9s par des experts dans leur domaine et je tiens \u00e0 les remercier pour la qualit\u00e9 de leur synth\u00e8se qui permettra \u00e0 chaque lecteur d\u2019avoir une mise au point dans l\u2019allogreffe en 2018.  Bonne lecture \u00e0 tous !  Dr Sylvain CHANTEPIE,\u00a0 Coordinateur du \u00ab Grand Angle \u00bb Institut d\u2019H\u00e9matologie de Basse-Normandie, CHU de Caen. Chantepie-S@chu-caen.fr\" \/>\n<meta property=\"og:url\" content=\"https:\/\/horizonshemato.com\/en\/product\/horizons-hemato-vol-7-n4-decembre-2017\/\" \/>\n<meta property=\"og:site_name\" content=\"Horizons H\u00e9mato\" \/>\n<meta property=\"article:modified_time\" content=\"2024-01-08T17:17:08+00:00\" \/>\n<meta property=\"og:image\" content=\"https:\/\/horizonshemato.com\/wp-content\/uploads\/2018\/10\/HH-VOL7-N4.jpg\" \/>\n\t<meta property=\"og:image:width\" content=\"938\" \/>\n\t<meta property=\"og:image:height\" content=\"938\" \/>\n\t<meta property=\"og:image:type\" content=\"image\/jpeg\" \/>\n<meta name=\"twitter:card\" content=\"summary_large_image\" \/>\n<script type=\"application\/ld+json\" class=\"yoast-schema-graph\">{\"@context\":\"https:\/\/schema.org\",\"@graph\":[{\"@type\":\"WebPage\",\"@id\":\"https:\/\/horizonshemato.com\/product\/horizons-hemato-vol-7-n4-decembre-2017\/\",\"url\":\"https:\/\/horizonshemato.com\/product\/horizons-hemato-vol-7-n4-decembre-2017\/\",\"name\":\"Horizons H\u00e9mato \u2013 Vol. 7 n\u00b04 - D\u00e9cembre 2017 - Horizons H\u00e9mato\",\"isPartOf\":{\"@id\":\"https:\/\/horizonshemato.com\/#website\"},\"primaryImageOfPage\":{\"@id\":\"https:\/\/horizonshemato.com\/product\/horizons-hemato-vol-7-n4-decembre-2017\/#primaryimage\"},\"image\":{\"@id\":\"https:\/\/horizonshemato.com\/product\/horizons-hemato-vol-7-n4-decembre-2017\/#primaryimage\"},\"thumbnailUrl\":\"https:\/\/horizonshemato.com\/wp-content\/uploads\/2018\/10\/HH-VOL7-N4.jpg\",\"datePublished\":\"2018-10-15T13:49:02+00:00\",\"dateModified\":\"2024-01-08T17:17:08+00:00\",\"breadcrumb\":{\"@id\":\"https:\/\/horizonshemato.com\/product\/horizons-hemato-vol-7-n4-decembre-2017\/#breadcrumb\"},\"inLanguage\":\"en-US\",\"potentialAction\":[{\"@type\":\"ReadAction\",\"target\":[\"https:\/\/horizonshemato.com\/product\/horizons-hemato-vol-7-n4-decembre-2017\/\"]}]},{\"@type\":\"ImageObject\",\"inLanguage\":\"en-US\",\"@id\":\"https:\/\/horizonshemato.com\/product\/horizons-hemato-vol-7-n4-decembre-2017\/#primaryimage\",\"url\":\"https:\/\/horizonshemato.com\/wp-content\/uploads\/2018\/10\/HH-VOL7-N4.jpg\",\"contentUrl\":\"https:\/\/horizonshemato.com\/wp-content\/uploads\/2018\/10\/HH-VOL7-N4.jpg\",\"width\":938,\"height\":938},{\"@type\":\"BreadcrumbList\",\"@id\":\"https:\/\/horizonshemato.com\/product\/horizons-hemato-vol-7-n4-decembre-2017\/#breadcrumb\",\"itemListElement\":[{\"@type\":\"ListItem\",\"position\":1,\"name\":\"Accueil\",\"item\":\"https:\/\/horizonshemato.com\/\"},{\"@type\":\"ListItem\",\"position\":2,\"name\":\"Boutique\",\"item\":\"https:\/\/horizonshemato.com\/boutique\/\"},{\"@type\":\"ListItem\",\"position\":3,\"name\":\"Horizons H\u00e9mato \u2013 Vol. 7 n\u00b04 &#8211; D\u00e9cembre 2017\"}]},{\"@type\":\"WebSite\",\"@id\":\"https:\/\/horizonshemato.com\/#website\",\"url\":\"https:\/\/horizonshemato.com\/\",\"name\":\"Horizons H\u00e9mato\",\"description\":\"La revue des pratiques en h\u00e9matologie\",\"potentialAction\":[{\"@type\":\"SearchAction\",\"target\":{\"@type\":\"EntryPoint\",\"urlTemplate\":\"https:\/\/horizonshemato.com\/?s={search_term_string}\"},\"query-input\":{\"@type\":\"PropertyValueSpecification\",\"valueRequired\":true,\"valueName\":\"search_term_string\"}}],\"inLanguage\":\"en-US\"}]}<\/script>\n<!-- \/ Yoast SEO plugin. -->","yoast_head_json":{"title":"Horizons H\u00e9mato \u2013 Vol. 7 n\u00b04 - D\u00e9cembre 2017 - Horizons H\u00e9mato","robots":{"index":"index","follow":"follow","max-snippet":"max-snippet:-1","max-image-preview":"max-image-preview:large","max-video-preview":"max-video-preview:-1"},"canonical":"https:\/\/horizonshemato.com\/en\/product\/horizons-hemato-vol-7-n4-decembre-2017\/","og_locale":"en_US","og_type":"article","og_title":"Horizons H\u00e9mato \u2013 Vol. 7 n\u00b04 - D\u00e9cembre 2017 - Horizons H\u00e9mato","og_description":"L\u2019allogreffe de cellule souche hematopoi\u00e9tique reste un traitement de r\u00e9f\u00e9rence, parfois le seul traitement curateur, pour de nombreuses h\u00e9mopathies en 2018.Le nombre d\u2019allogreffe est en augmentation car les h\u00e9matologues ont r\u00e9ussi \u00e0 relever plusieurs challenges : pouvoir proposer une greffe aux sujets \u00ab \u00e2g\u00e9s \u00bb ou avec comorbidit\u00e9s avec le d\u00e9veloppement des conditionnement d\u2019intensit\u00e9 r\u00e9duite ; trouver des greffons pour la quasi totalit\u00e9 des patients en attente d\u2019allogreffe avec l\u2019usage des greffons alternatifs (donneur mismatch 9\/10, unit\u00e9s de sang placentaire et plus r\u00e9cemment de donneurs haplo-identiques) ;  Ce \u00ab Grand Angle \u00bb de la revue Horizons H\u00e9mato consacr\u00e9 \u00e0 l\u2019allogreffe en 2018 fera le point sur les conditionnements avant allogreffe, la prophylaxie de la r\u00e9action du greffon contre l\u2019h\u00f4te (GVH), les greffons alternatifs, les techniques et int\u00e9r\u00eat du chim\u00e9risme, l\u2019immunomodulation post-allogreffe dans la leuc\u00e9mie aigu\u00eb my\u00e9lo\u00efde, le traitement de la GVH et la transplantation de microbiote f\u00e9cal. Les complications apr\u00e8s allogreffe seront \u00e9galement abord\u00e9es au travers des complications neurologiques et infectieuses avec un focus sur les nouveaux traitements anti-viraux.  Ces articles ont \u00e9t\u00e9 \u00e9labor\u00e9s par des experts dans leur domaine et je tiens \u00e0 les remercier pour la qualit\u00e9 de leur synth\u00e8se qui permettra \u00e0 chaque lecteur d\u2019avoir une mise au point dans l\u2019allogreffe en 2018.  Bonne lecture \u00e0 tous !  Dr Sylvain CHANTEPIE,\u00a0 Coordinateur du \u00ab Grand Angle \u00bb Institut d\u2019H\u00e9matologie de Basse-Normandie, CHU de Caen. Chantepie-S@chu-caen.fr","og_url":"https:\/\/horizonshemato.com\/en\/product\/horizons-hemato-vol-7-n4-decembre-2017\/","og_site_name":"Horizons H\u00e9mato","article_modified_time":"2024-01-08T17:17:08+00:00","og_image":[{"width":938,"height":938,"url":"https:\/\/horizonshemato.com\/wp-content\/uploads\/2018\/10\/HH-VOL7-N4.jpg","type":"image\/jpeg"}],"twitter_card":"summary_large_image","schema":{"@context":"https:\/\/schema.org","@graph":[{"@type":"WebPage","@id":"https:\/\/horizonshemato.com\/product\/horizons-hemato-vol-7-n4-decembre-2017\/","url":"https:\/\/horizonshemato.com\/product\/horizons-hemato-vol-7-n4-decembre-2017\/","name":"Horizons H\u00e9mato \u2013 Vol. 7 n\u00b04 - D\u00e9cembre 2017 - Horizons H\u00e9mato","isPartOf":{"@id":"https:\/\/horizonshemato.com\/#website"},"primaryImageOfPage":{"@id":"https:\/\/horizonshemato.com\/product\/horizons-hemato-vol-7-n4-decembre-2017\/#primaryimage"},"image":{"@id":"https:\/\/horizonshemato.com\/product\/horizons-hemato-vol-7-n4-decembre-2017\/#primaryimage"},"thumbnailUrl":"https:\/\/horizonshemato.com\/wp-content\/uploads\/2018\/10\/HH-VOL7-N4.jpg","datePublished":"2018-10-15T13:49:02+00:00","dateModified":"2024-01-08T17:17:08+00:00","breadcrumb":{"@id":"https:\/\/horizonshemato.com\/product\/horizons-hemato-vol-7-n4-decembre-2017\/#breadcrumb"},"inLanguage":"en-US","potentialAction":[{"@type":"ReadAction","target":["https:\/\/horizonshemato.com\/product\/horizons-hemato-vol-7-n4-decembre-2017\/"]}]},{"@type":"ImageObject","inLanguage":"en-US","@id":"https:\/\/horizonshemato.com\/product\/horizons-hemato-vol-7-n4-decembre-2017\/#primaryimage","url":"https:\/\/horizonshemato.com\/wp-content\/uploads\/2018\/10\/HH-VOL7-N4.jpg","contentUrl":"https:\/\/horizonshemato.com\/wp-content\/uploads\/2018\/10\/HH-VOL7-N4.jpg","width":938,"height":938},{"@type":"BreadcrumbList","@id":"https:\/\/horizonshemato.com\/product\/horizons-hemato-vol-7-n4-decembre-2017\/#breadcrumb","itemListElement":[{"@type":"ListItem","position":1,"name":"Accueil","item":"https:\/\/horizonshemato.com\/"},{"@type":"ListItem","position":2,"name":"Boutique","item":"https:\/\/horizonshemato.com\/boutique\/"},{"@type":"ListItem","position":3,"name":"Horizons H\u00e9mato \u2013 Vol. 7 n\u00b04 &#8211; D\u00e9cembre 2017"}]},{"@type":"WebSite","@id":"https:\/\/horizonshemato.com\/#website","url":"https:\/\/horizonshemato.com\/","name":"Horizons H\u00e9mato","description":"La revue des pratiques en h\u00e9matologie","potentialAction":[{"@type":"SearchAction","target":{"@type":"EntryPoint","urlTemplate":"https:\/\/horizonshemato.com\/?s={search_term_string}"},"query-input":{"@type":"PropertyValueSpecification","valueRequired":true,"valueName":"search_term_string"}}],"inLanguage":"en-US"}]}},"_links":{"self":[{"href":"https:\/\/horizonshemato.com\/en\/wp-json\/wp\/v2\/product\/13842","targetHints":{"allow":["GET"]}}],"collection":[{"href":"https:\/\/horizonshemato.com\/en\/wp-json\/wp\/v2\/product"}],"about":[{"href":"https:\/\/horizonshemato.com\/en\/wp-json\/wp\/v2\/types\/product"}],"wp:featuredmedia":[{"embeddable":true,"href":"https:\/\/horizonshemato.com\/en\/wp-json\/wp\/v2\/media\/13844"}],"wp:attachment":[{"href":"https:\/\/horizonshemato.com\/en\/wp-json\/wp\/v2\/media?parent=13842"}],"wp:term":[{"taxonomy":"product_brand","embeddable":true,"href":"https:\/\/horizonshemato.com\/en\/wp-json\/wp\/v2\/product_brand?post=13842"},{"taxonomy":"product_cat","embeddable":true,"href":"https:\/\/horizonshemato.com\/en\/wp-json\/wp\/v2\/product_cat?post=13842"},{"taxonomy":"product_tag","embeddable":true,"href":"https:\/\/horizonshemato.com\/en\/wp-json\/wp\/v2\/product_tag?post=13842"}],"curies":[{"name":"wp","href":"https:\/\/api.w.org\/{rel}","templated":true}]}}