{"id":13816,"date":"2018-10-10T11:19:44","date_gmt":"2018-10-10T11:19:44","guid":{"rendered":"http:\/\/horizonshemato.com\/?post_type=product&#038;p=13816"},"modified":"2024-01-08T17:17:08","modified_gmt":"2024-01-08T17:17:08","slug":"horizons-hemato-vol-8-n2-juin-2018","status":"publish","type":"product","link":"https:\/\/horizonshemato.com\/en\/product\/horizons-hemato-vol-8-n2-juin-2018\/","title":{"rendered":"Horizons H\u00e9mato \u2013 Vol. 8 n\u00b02 \u2013 Juin 2018"},"content":{"rendered":"<p>Magazine au format num\u00e9rique.<\/p>","protected":false},"excerpt":{"rendered":"<p>Bien qu\u2019elle ait \u00e9t\u00e9 d\u00e9crite depuis la fin du 18\u00e8me si\u00e8cle, la\u00a0mastocytose reste une maladie peu connue par la communaut\u00e9\u00a0m\u00e9dicale. De nombreuses recherches ont \u00e9t\u00e9 effectu\u00e9es au cours des\u00a0derni\u00e8res d\u00e9cennies pour mieux caract\u00e9riser cette pathologie sur le\u00a0plan clinique, biologique, mol\u00e9culaire et \u00e9volutif. En Europe et plus\u00a0particuli\u00e8rement en France, sous l\u2019impulsion du Pr Olivier Hermine, les\u00a0experts de la pathologie se sont organis\u00e9s en r\u00e9seau autour de centres\u00a0de r\u00e9f\u00e9rence et d\u2019excellence pour apporter leur expertise dans la prise\u00a0en charge de patients atteints de cette pathologie. La formation et\u00a0l\u2019information autour de cette pathologie font partie des missions du\u00a0centre de r\u00e9f\u00e9rence et des experts de la mastocytose (CEREMAST).\u00a0Dans ce num\u00e9ro du Grand Angle d\u2019<em>Horizons H\u00e9mato<\/em>, les diff\u00e9rents\u00a0experts de la mastocytose ont collabor\u00e9 pour nous donner un aper\u00e7u\u00a0clair et pr\u00e9cis sur cette pathologie dans ses formes p\u00e9diatriques et adultes.\u00a0Nous esp\u00e9rons que les chapitres trait\u00e9s dans ce num\u00e9ro d\u2019<em>Horizons\u00a0H\u00e9mato<\/em> d\u00e9crivant les m\u00e9canismes physiopathologiques, les diff\u00e9rentes\u00a0formes cliniques et la prise en charge th\u00e9rapeutique vont permettre\u00a0au lecteur une meilleur compr\u00e9hension de cette pathologie parfois\u00a0complexe pour une meilleur prise en charge des patients souffrant de\u00a0mastocytose.<br \/>\nJe souhaite tout d\u2019abord les remercier pour leur collaboration\u00a0et leur expertise et vous souhaite une bonne lecture.<\/p>\n<p><strong>Pr Gandhi DAMAJ<\/strong><br \/>\nCoordinateur du \u00ab\u00a0Grand Angle\u00a0\u00bb<br \/>\n<strong>gandhi.damaj@unicaen.fr<\/strong><\/p>","protected":false},"featured_media":13819,"template":"","meta":{"_monsterinsights_skip_tracking":false,"_monsterinsights_sitenote_active":false,"_monsterinsights_sitenote_note":"","_monsterinsights_sitenote_category":0},"product_brand":[],"product_cat":[109],"product_tag":[],"class_list":{"0":"post-13816","1":"product","2":"type-product","3":"status-publish","4":"has-post-thumbnail","6":"product_cat-mastocytoses","8":"first","9":"instock","10":"downloadable","11":"shipping-taxable","12":"purchasable","13":"product-type-simple"},"yoast_head":"<!-- This site is optimized with the Yoast SEO plugin v27.1.1 - https:\/\/yoast.com\/product\/yoast-seo-wordpress\/ -->\n<title>Horizons H\u00e9mato \u2013 Vol. 8 n\u00b02 \u2013 Juin 2018 - Horizons H\u00e9mato<\/title>\n<meta name=\"robots\" content=\"index, follow, max-snippet:-1, max-image-preview:large, max-video-preview:-1\" \/>\n<link rel=\"canonical\" href=\"https:\/\/horizonshemato.com\/en\/product\/horizons-hemato-vol-8-n2-juin-2018\/\" \/>\n<meta property=\"og:locale\" content=\"en_US\" \/>\n<meta property=\"og:type\" content=\"article\" \/>\n<meta property=\"og:title\" content=\"Horizons H\u00e9mato \u2013 Vol. 8 n\u00b02 \u2013 Juin 2018 - Horizons H\u00e9mato\" \/>\n<meta property=\"og:description\" content=\"Bien qu\u2019elle ait \u00e9t\u00e9 d\u00e9crite depuis la fin du 18\u00e8me si\u00e8cle, la\u00a0mastocytose reste une maladie peu connue par la communaut\u00e9\u00a0m\u00e9dicale. De nombreuses recherches ont \u00e9t\u00e9 effectu\u00e9es au cours des\u00a0derni\u00e8res d\u00e9cennies pour mieux caract\u00e9riser cette pathologie sur le\u00a0plan clinique, biologique, mol\u00e9culaire et \u00e9volutif. En Europe et plus\u00a0particuli\u00e8rement en France, sous l\u2019impulsion du Pr Olivier Hermine, les\u00a0experts de la pathologie se sont organis\u00e9s en r\u00e9seau autour de centres\u00a0de r\u00e9f\u00e9rence et d\u2019excellence pour apporter leur expertise dans la prise\u00a0en charge de patients atteints de cette pathologie. La formation et\u00a0l\u2019information autour de cette pathologie font partie des missions du\u00a0centre de r\u00e9f\u00e9rence et des experts de la mastocytose (CEREMAST).\u00a0Dans ce num\u00e9ro du Grand Angle d\u2019Horizons H\u00e9mato, les diff\u00e9rents\u00a0experts de la mastocytose ont collabor\u00e9 pour nous donner un aper\u00e7u\u00a0clair et pr\u00e9cis sur cette pathologie dans ses formes p\u00e9diatriques et adultes.\u00a0Nous esp\u00e9rons que les chapitres trait\u00e9s dans ce num\u00e9ro d\u2019Horizons\u00a0H\u00e9mato d\u00e9crivant les m\u00e9canismes physiopathologiques, les diff\u00e9rentes\u00a0formes cliniques et la prise en charge th\u00e9rapeutique vont permettre\u00a0au lecteur une meilleur compr\u00e9hension de cette pathologie parfois\u00a0complexe pour une meilleur prise en charge des patients souffrant de\u00a0mastocytose. Je souhaite tout d\u2019abord les remercier pour leur collaboration\u00a0et leur expertise et vous souhaite une bonne lecture.  Pr Gandhi DAMAJ Coordinateur du \u00ab\u00a0Grand Angle\u00a0\u00bb gandhi.damaj@unicaen.fr\" \/>\n<meta property=\"og:url\" content=\"https:\/\/horizonshemato.com\/en\/product\/horizons-hemato-vol-8-n2-juin-2018\/\" \/>\n<meta property=\"og:site_name\" content=\"Horizons H\u00e9mato\" \/>\n<meta property=\"article:modified_time\" content=\"2024-01-08T17:17:08+00:00\" \/>\n<meta property=\"og:image\" content=\"https:\/\/horizonshemato.com\/wp-content\/uploads\/2018\/10\/HH-VOL8-N2-1.jpg\" \/>\n\t<meta property=\"og:image:width\" content=\"938\" \/>\n\t<meta property=\"og:image:height\" content=\"938\" \/>\n\t<meta property=\"og:image:type\" content=\"image\/jpeg\" \/>\n<meta name=\"twitter:card\" content=\"summary_large_image\" \/>\n<script type=\"application\/ld+json\" class=\"yoast-schema-graph\">{\"@context\":\"https:\/\/schema.org\",\"@graph\":[{\"@type\":\"WebPage\",\"@id\":\"https:\/\/horizonshemato.com\/product\/horizons-hemato-vol-8-n2-juin-2018\/\",\"url\":\"https:\/\/horizonshemato.com\/product\/horizons-hemato-vol-8-n2-juin-2018\/\",\"name\":\"Horizons H\u00e9mato \u2013 Vol. 8 n\u00b02 \u2013 Juin 2018 - Horizons H\u00e9mato\",\"isPartOf\":{\"@id\":\"https:\/\/horizonshemato.com\/#website\"},\"primaryImageOfPage\":{\"@id\":\"https:\/\/horizonshemato.com\/product\/horizons-hemato-vol-8-n2-juin-2018\/#primaryimage\"},\"image\":{\"@id\":\"https:\/\/horizonshemato.com\/product\/horizons-hemato-vol-8-n2-juin-2018\/#primaryimage\"},\"thumbnailUrl\":\"https:\/\/horizonshemato.com\/wp-content\/uploads\/2018\/10\/HH-VOL8-N2-1.jpg\",\"datePublished\":\"2018-10-10T11:19:44+00:00\",\"dateModified\":\"2024-01-08T17:17:08+00:00\",\"breadcrumb\":{\"@id\":\"https:\/\/horizonshemato.com\/product\/horizons-hemato-vol-8-n2-juin-2018\/#breadcrumb\"},\"inLanguage\":\"en-US\",\"potentialAction\":[{\"@type\":\"ReadAction\",\"target\":[\"https:\/\/horizonshemato.com\/product\/horizons-hemato-vol-8-n2-juin-2018\/\"]}]},{\"@type\":\"ImageObject\",\"inLanguage\":\"en-US\",\"@id\":\"https:\/\/horizonshemato.com\/product\/horizons-hemato-vol-8-n2-juin-2018\/#primaryimage\",\"url\":\"https:\/\/horizonshemato.com\/wp-content\/uploads\/2018\/10\/HH-VOL8-N2-1.jpg\",\"contentUrl\":\"https:\/\/horizonshemato.com\/wp-content\/uploads\/2018\/10\/HH-VOL8-N2-1.jpg\",\"width\":938,\"height\":938},{\"@type\":\"BreadcrumbList\",\"@id\":\"https:\/\/horizonshemato.com\/product\/horizons-hemato-vol-8-n2-juin-2018\/#breadcrumb\",\"itemListElement\":[{\"@type\":\"ListItem\",\"position\":1,\"name\":\"Accueil\",\"item\":\"https:\/\/horizonshemato.com\/\"},{\"@type\":\"ListItem\",\"position\":2,\"name\":\"Boutique\",\"item\":\"https:\/\/horizonshemato.com\/boutique\/\"},{\"@type\":\"ListItem\",\"position\":3,\"name\":\"Horizons H\u00e9mato \u2013 Vol. 8 n\u00b02 \u2013 Juin 2018\"}]},{\"@type\":\"WebSite\",\"@id\":\"https:\/\/horizonshemato.com\/#website\",\"url\":\"https:\/\/horizonshemato.com\/\",\"name\":\"Horizons H\u00e9mato\",\"description\":\"La revue des pratiques en h\u00e9matologie\",\"potentialAction\":[{\"@type\":\"SearchAction\",\"target\":{\"@type\":\"EntryPoint\",\"urlTemplate\":\"https:\/\/horizonshemato.com\/?s={search_term_string}\"},\"query-input\":{\"@type\":\"PropertyValueSpecification\",\"valueRequired\":true,\"valueName\":\"search_term_string\"}}],\"inLanguage\":\"en-US\"}]}<\/script>\n<!-- \/ Yoast SEO plugin. -->","yoast_head_json":{"title":"Horizons H\u00e9mato \u2013 Vol. 8 n\u00b02 \u2013 Juin 2018 - Horizons H\u00e9mato","robots":{"index":"index","follow":"follow","max-snippet":"max-snippet:-1","max-image-preview":"max-image-preview:large","max-video-preview":"max-video-preview:-1"},"canonical":"https:\/\/horizonshemato.com\/en\/product\/horizons-hemato-vol-8-n2-juin-2018\/","og_locale":"en_US","og_type":"article","og_title":"Horizons H\u00e9mato \u2013 Vol. 8 n\u00b02 \u2013 Juin 2018 - Horizons H\u00e9mato","og_description":"Bien qu\u2019elle ait \u00e9t\u00e9 d\u00e9crite depuis la fin du 18\u00e8me si\u00e8cle, la\u00a0mastocytose reste une maladie peu connue par la communaut\u00e9\u00a0m\u00e9dicale. De nombreuses recherches ont \u00e9t\u00e9 effectu\u00e9es au cours des\u00a0derni\u00e8res d\u00e9cennies pour mieux caract\u00e9riser cette pathologie sur le\u00a0plan clinique, biologique, mol\u00e9culaire et \u00e9volutif. En Europe et plus\u00a0particuli\u00e8rement en France, sous l\u2019impulsion du Pr Olivier Hermine, les\u00a0experts de la pathologie se sont organis\u00e9s en r\u00e9seau autour de centres\u00a0de r\u00e9f\u00e9rence et d\u2019excellence pour apporter leur expertise dans la prise\u00a0en charge de patients atteints de cette pathologie. La formation et\u00a0l\u2019information autour de cette pathologie font partie des missions du\u00a0centre de r\u00e9f\u00e9rence et des experts de la mastocytose (CEREMAST).\u00a0Dans ce num\u00e9ro du Grand Angle d\u2019Horizons H\u00e9mato, les diff\u00e9rents\u00a0experts de la mastocytose ont collabor\u00e9 pour nous donner un aper\u00e7u\u00a0clair et pr\u00e9cis sur cette pathologie dans ses formes p\u00e9diatriques et adultes.\u00a0Nous esp\u00e9rons que les chapitres trait\u00e9s dans ce num\u00e9ro d\u2019Horizons\u00a0H\u00e9mato d\u00e9crivant les m\u00e9canismes physiopathologiques, les diff\u00e9rentes\u00a0formes cliniques et la prise en charge th\u00e9rapeutique vont permettre\u00a0au lecteur une meilleur compr\u00e9hension de cette pathologie parfois\u00a0complexe pour une meilleur prise en charge des patients souffrant de\u00a0mastocytose. Je souhaite tout d\u2019abord les remercier pour leur collaboration\u00a0et leur expertise et vous souhaite une bonne lecture.  Pr Gandhi DAMAJ Coordinateur du \u00ab\u00a0Grand Angle\u00a0\u00bb gandhi.damaj@unicaen.fr","og_url":"https:\/\/horizonshemato.com\/en\/product\/horizons-hemato-vol-8-n2-juin-2018\/","og_site_name":"Horizons H\u00e9mato","article_modified_time":"2024-01-08T17:17:08+00:00","og_image":[{"width":938,"height":938,"url":"https:\/\/horizonshemato.com\/wp-content\/uploads\/2018\/10\/HH-VOL8-N2-1.jpg","type":"image\/jpeg"}],"twitter_card":"summary_large_image","schema":{"@context":"https:\/\/schema.org","@graph":[{"@type":"WebPage","@id":"https:\/\/horizonshemato.com\/product\/horizons-hemato-vol-8-n2-juin-2018\/","url":"https:\/\/horizonshemato.com\/product\/horizons-hemato-vol-8-n2-juin-2018\/","name":"Horizons H\u00e9mato \u2013 Vol. 8 n\u00b02 \u2013 Juin 2018 - Horizons H\u00e9mato","isPartOf":{"@id":"https:\/\/horizonshemato.com\/#website"},"primaryImageOfPage":{"@id":"https:\/\/horizonshemato.com\/product\/horizons-hemato-vol-8-n2-juin-2018\/#primaryimage"},"image":{"@id":"https:\/\/horizonshemato.com\/product\/horizons-hemato-vol-8-n2-juin-2018\/#primaryimage"},"thumbnailUrl":"https:\/\/horizonshemato.com\/wp-content\/uploads\/2018\/10\/HH-VOL8-N2-1.jpg","datePublished":"2018-10-10T11:19:44+00:00","dateModified":"2024-01-08T17:17:08+00:00","breadcrumb":{"@id":"https:\/\/horizonshemato.com\/product\/horizons-hemato-vol-8-n2-juin-2018\/#breadcrumb"},"inLanguage":"en-US","potentialAction":[{"@type":"ReadAction","target":["https:\/\/horizonshemato.com\/product\/horizons-hemato-vol-8-n2-juin-2018\/"]}]},{"@type":"ImageObject","inLanguage":"en-US","@id":"https:\/\/horizonshemato.com\/product\/horizons-hemato-vol-8-n2-juin-2018\/#primaryimage","url":"https:\/\/horizonshemato.com\/wp-content\/uploads\/2018\/10\/HH-VOL8-N2-1.jpg","contentUrl":"https:\/\/horizonshemato.com\/wp-content\/uploads\/2018\/10\/HH-VOL8-N2-1.jpg","width":938,"height":938},{"@type":"BreadcrumbList","@id":"https:\/\/horizonshemato.com\/product\/horizons-hemato-vol-8-n2-juin-2018\/#breadcrumb","itemListElement":[{"@type":"ListItem","position":1,"name":"Accueil","item":"https:\/\/horizonshemato.com\/"},{"@type":"ListItem","position":2,"name":"Boutique","item":"https:\/\/horizonshemato.com\/boutique\/"},{"@type":"ListItem","position":3,"name":"Horizons H\u00e9mato \u2013 Vol. 8 n\u00b02 \u2013 Juin 2018"}]},{"@type":"WebSite","@id":"https:\/\/horizonshemato.com\/#website","url":"https:\/\/horizonshemato.com\/","name":"Horizons H\u00e9mato","description":"La revue des pratiques en h\u00e9matologie","potentialAction":[{"@type":"SearchAction","target":{"@type":"EntryPoint","urlTemplate":"https:\/\/horizonshemato.com\/?s={search_term_string}"},"query-input":{"@type":"PropertyValueSpecification","valueRequired":true,"valueName":"search_term_string"}}],"inLanguage":"en-US"}]}},"_links":{"self":[{"href":"https:\/\/horizonshemato.com\/en\/wp-json\/wp\/v2\/product\/13816","targetHints":{"allow":["GET"]}}],"collection":[{"href":"https:\/\/horizonshemato.com\/en\/wp-json\/wp\/v2\/product"}],"about":[{"href":"https:\/\/horizonshemato.com\/en\/wp-json\/wp\/v2\/types\/product"}],"wp:featuredmedia":[{"embeddable":true,"href":"https:\/\/horizonshemato.com\/en\/wp-json\/wp\/v2\/media\/13819"}],"wp:attachment":[{"href":"https:\/\/horizonshemato.com\/en\/wp-json\/wp\/v2\/media?parent=13816"}],"wp:term":[{"taxonomy":"product_brand","embeddable":true,"href":"https:\/\/horizonshemato.com\/en\/wp-json\/wp\/v2\/product_brand?post=13816"},{"taxonomy":"product_cat","embeddable":true,"href":"https:\/\/horizonshemato.com\/en\/wp-json\/wp\/v2\/product_cat?post=13816"},{"taxonomy":"product_tag","embeddable":true,"href":"https:\/\/horizonshemato.com\/en\/wp-json\/wp\/v2\/product_tag?post=13816"}],"curies":[{"name":"wp","href":"https:\/\/api.w.org\/{rel}","templated":true}]}}