{"id":12701,"date":"2018-02-21T14:56:34","date_gmt":"2018-02-21T14:56:34","guid":{"rendered":"http:\/\/horizonshemato.com\/?post_type=product&#038;p=12701"},"modified":"2024-01-08T17:16:59","modified_gmt":"2024-01-08T17:16:59","slug":"horizons-hemato-vol-7-n2-juin-2017","status":"publish","type":"product","link":"https:\/\/horizonshemato.com\/en\/product\/horizons-hemato-vol-7-n2-juin-2017\/","title":{"rendered":"Horizons H\u00e9mato \u2013 Vol. 7 n\u00b02 \u2013 Juin 2017"},"content":{"rendered":"<p>Magazine au format num\u00e9rique.<br \/>\nEnvois en version papier sur demande.<\/p>","protected":false},"excerpt":{"rendered":"<p>La thrombose est un ph\u00e9nom\u00e8ne multifactoriel se situant\u00a0au carrefour de l\u2019ensemble des sp\u00e9cialit\u00e9s m\u00e9dicales et\u00a0chirurgicales. Th\u00e9oris\u00e9e par Rudolph Virchow, pathologiste\u00a0allemand d\u00e8s le milieu du XIX\u00e8me si\u00e8cle, elle reste en 2017\u00a0l\u2019une des principales causes de morbidit\u00e9 et de mortalit\u00e9\u00a0\u00e0 laquelle tout m\u00e9decin sera confront\u00e9 au cours de sa\u00a0carri\u00e8re. Il n\u2019existe pas de prise en charge universelle de la\u00a0thrombose, c\u2019est le contexte clinique qui dicte la strat\u00e9gie.\u00a0\u00c0 l\u2019heure o\u00f9 le Pr. Agn\u00e8s Buzyn, professeure d\u2019 h\u00e9matologie, acc\u00e8de \u00e0 la\u00a0fonction minist\u00e9rielle, la r\u00e9daction d\u2019Horizon H\u00e9mato se r\u00e9jouit de publier\u00a0ce num\u00e9ro qui, tout en pla\u00e7ant l\u2019h\u00e9matologie au centre de l\u2019\u00e9chiquier\u00a0m\u00e9dical, souligne les nombreux d\u00e9fis \u00e0 relever. Tout un symbole.<\/p>\n<p>Bonne lecture !<\/p>\n<p><strong>Dr Christophe Marzac<\/strong><br \/>\nR\u00e9dacteur en chef adjoint<br \/>\n<strong>christophe.marzac@gustaveroussy.fr<\/strong><\/p>","protected":false},"featured_media":13828,"template":"","meta":{"_monsterinsights_skip_tracking":false,"_monsterinsights_sitenote_active":false,"_monsterinsights_sitenote_note":"","_monsterinsights_sitenote_category":0},"product_brand":[],"product_cat":[83],"product_tag":[],"class_list":{"0":"post-12701","1":"product","2":"type-product","3":"status-publish","4":"has-post-thumbnail","6":"product_cat-thromboses-et-hemopathies","8":"first","9":"instock","10":"downloadable","11":"shipping-taxable","12":"purchasable","13":"product-type-simple"},"yoast_head":"<!-- This site is optimized with the Yoast SEO plugin v27.1.1 - https:\/\/yoast.com\/product\/yoast-seo-wordpress\/ -->\n<title>Horizons H\u00e9mato \u2013 Vol. 7 n\u00b02 \u2013 Juin 2017 - Horizons H\u00e9mato<\/title>\n<meta name=\"robots\" content=\"index, follow, max-snippet:-1, max-image-preview:large, max-video-preview:-1\" \/>\n<link rel=\"canonical\" href=\"https:\/\/horizonshemato.com\/en\/product\/horizons-hemato-vol-7-n2-juin-2017\/\" \/>\n<meta property=\"og:locale\" content=\"en_US\" \/>\n<meta property=\"og:type\" content=\"article\" \/>\n<meta property=\"og:title\" content=\"Horizons H\u00e9mato \u2013 Vol. 7 n\u00b02 \u2013 Juin 2017 - Horizons H\u00e9mato\" \/>\n<meta property=\"og:description\" content=\"La thrombose est un ph\u00e9nom\u00e8ne multifactoriel se situant\u00a0au carrefour de l\u2019ensemble des sp\u00e9cialit\u00e9s m\u00e9dicales et\u00a0chirurgicales. Th\u00e9oris\u00e9e par Rudolph Virchow, pathologiste\u00a0allemand d\u00e8s le milieu du XIX\u00e8me si\u00e8cle, elle reste en 2017\u00a0l\u2019une des principales causes de morbidit\u00e9 et de mortalit\u00e9\u00a0\u00e0 laquelle tout m\u00e9decin sera confront\u00e9 au cours de sa\u00a0carri\u00e8re. Il n\u2019existe pas de prise en charge universelle de la\u00a0thrombose, c\u2019est le contexte clinique qui dicte la strat\u00e9gie.\u00a0\u00c0 l\u2019heure o\u00f9 le Pr. Agn\u00e8s Buzyn, professeure d\u2019 h\u00e9matologie, acc\u00e8de \u00e0 la\u00a0fonction minist\u00e9rielle, la r\u00e9daction d\u2019Horizon H\u00e9mato se r\u00e9jouit de publier\u00a0ce num\u00e9ro qui, tout en pla\u00e7ant l\u2019h\u00e9matologie au centre de l\u2019\u00e9chiquier\u00a0m\u00e9dical, souligne les nombreux d\u00e9fis \u00e0 relever. Tout un symbole.  Bonne lecture !  Dr Christophe Marzac R\u00e9dacteur en chef adjoint christophe.marzac@gustaveroussy.fr\" \/>\n<meta property=\"og:url\" content=\"https:\/\/horizonshemato.com\/en\/product\/horizons-hemato-vol-7-n2-juin-2017\/\" \/>\n<meta property=\"og:site_name\" content=\"Horizons H\u00e9mato\" \/>\n<meta property=\"article:modified_time\" content=\"2024-01-08T17:16:59+00:00\" \/>\n<meta property=\"og:image\" content=\"https:\/\/horizonshemato.com\/wp-content\/uploads\/2018\/02\/HH-Juin-2017.jpg\" \/>\n\t<meta property=\"og:image:width\" content=\"938\" \/>\n\t<meta property=\"og:image:height\" content=\"938\" \/>\n\t<meta property=\"og:image:type\" content=\"image\/jpeg\" \/>\n<meta name=\"twitter:card\" content=\"summary_large_image\" \/>\n<script type=\"application\/ld+json\" class=\"yoast-schema-graph\">{\"@context\":\"https:\/\/schema.org\",\"@graph\":[{\"@type\":\"WebPage\",\"@id\":\"https:\/\/horizonshemato.com\/product\/horizons-hemato-vol-7-n2-juin-2017\/\",\"url\":\"https:\/\/horizonshemato.com\/product\/horizons-hemato-vol-7-n2-juin-2017\/\",\"name\":\"Horizons H\u00e9mato \u2013 Vol. 7 n\u00b02 \u2013 Juin 2017 - Horizons H\u00e9mato\",\"isPartOf\":{\"@id\":\"https:\/\/horizonshemato.com\/#website\"},\"primaryImageOfPage\":{\"@id\":\"https:\/\/horizonshemato.com\/product\/horizons-hemato-vol-7-n2-juin-2017\/#primaryimage\"},\"image\":{\"@id\":\"https:\/\/horizonshemato.com\/product\/horizons-hemato-vol-7-n2-juin-2017\/#primaryimage\"},\"thumbnailUrl\":\"https:\/\/horizonshemato.com\/wp-content\/uploads\/2018\/02\/HH-Juin-2017.jpg\",\"datePublished\":\"2018-02-21T14:56:34+00:00\",\"dateModified\":\"2024-01-08T17:16:59+00:00\",\"breadcrumb\":{\"@id\":\"https:\/\/horizonshemato.com\/product\/horizons-hemato-vol-7-n2-juin-2017\/#breadcrumb\"},\"inLanguage\":\"en-US\",\"potentialAction\":[{\"@type\":\"ReadAction\",\"target\":[\"https:\/\/horizonshemato.com\/product\/horizons-hemato-vol-7-n2-juin-2017\/\"]}]},{\"@type\":\"ImageObject\",\"inLanguage\":\"en-US\",\"@id\":\"https:\/\/horizonshemato.com\/product\/horizons-hemato-vol-7-n2-juin-2017\/#primaryimage\",\"url\":\"https:\/\/horizonshemato.com\/wp-content\/uploads\/2018\/02\/HH-Juin-2017.jpg\",\"contentUrl\":\"https:\/\/horizonshemato.com\/wp-content\/uploads\/2018\/02\/HH-Juin-2017.jpg\",\"width\":938,\"height\":938},{\"@type\":\"BreadcrumbList\",\"@id\":\"https:\/\/horizonshemato.com\/product\/horizons-hemato-vol-7-n2-juin-2017\/#breadcrumb\",\"itemListElement\":[{\"@type\":\"ListItem\",\"position\":1,\"name\":\"Accueil\",\"item\":\"https:\/\/horizonshemato.com\/\"},{\"@type\":\"ListItem\",\"position\":2,\"name\":\"Boutique\",\"item\":\"https:\/\/horizonshemato.com\/boutique\/\"},{\"@type\":\"ListItem\",\"position\":3,\"name\":\"Horizons H\u00e9mato \u2013 Vol. 7 n\u00b02 \u2013 Juin 2017\"}]},{\"@type\":\"WebSite\",\"@id\":\"https:\/\/horizonshemato.com\/#website\",\"url\":\"https:\/\/horizonshemato.com\/\",\"name\":\"Horizons H\u00e9mato\",\"description\":\"La revue des pratiques en h\u00e9matologie\",\"potentialAction\":[{\"@type\":\"SearchAction\",\"target\":{\"@type\":\"EntryPoint\",\"urlTemplate\":\"https:\/\/horizonshemato.com\/?s={search_term_string}\"},\"query-input\":{\"@type\":\"PropertyValueSpecification\",\"valueRequired\":true,\"valueName\":\"search_term_string\"}}],\"inLanguage\":\"en-US\"}]}<\/script>\n<!-- \/ Yoast SEO plugin. -->","yoast_head_json":{"title":"Horizons H\u00e9mato \u2013 Vol. 7 n\u00b02 \u2013 Juin 2017 - Horizons H\u00e9mato","robots":{"index":"index","follow":"follow","max-snippet":"max-snippet:-1","max-image-preview":"max-image-preview:large","max-video-preview":"max-video-preview:-1"},"canonical":"https:\/\/horizonshemato.com\/en\/product\/horizons-hemato-vol-7-n2-juin-2017\/","og_locale":"en_US","og_type":"article","og_title":"Horizons H\u00e9mato \u2013 Vol. 7 n\u00b02 \u2013 Juin 2017 - Horizons H\u00e9mato","og_description":"La thrombose est un ph\u00e9nom\u00e8ne multifactoriel se situant\u00a0au carrefour de l\u2019ensemble des sp\u00e9cialit\u00e9s m\u00e9dicales et\u00a0chirurgicales. Th\u00e9oris\u00e9e par Rudolph Virchow, pathologiste\u00a0allemand d\u00e8s le milieu du XIX\u00e8me si\u00e8cle, elle reste en 2017\u00a0l\u2019une des principales causes de morbidit\u00e9 et de mortalit\u00e9\u00a0\u00e0 laquelle tout m\u00e9decin sera confront\u00e9 au cours de sa\u00a0carri\u00e8re. Il n\u2019existe pas de prise en charge universelle de la\u00a0thrombose, c\u2019est le contexte clinique qui dicte la strat\u00e9gie.\u00a0\u00c0 l\u2019heure o\u00f9 le Pr. Agn\u00e8s Buzyn, professeure d\u2019 h\u00e9matologie, acc\u00e8de \u00e0 la\u00a0fonction minist\u00e9rielle, la r\u00e9daction d\u2019Horizon H\u00e9mato se r\u00e9jouit de publier\u00a0ce num\u00e9ro qui, tout en pla\u00e7ant l\u2019h\u00e9matologie au centre de l\u2019\u00e9chiquier\u00a0m\u00e9dical, souligne les nombreux d\u00e9fis \u00e0 relever. Tout un symbole.  Bonne lecture !  Dr Christophe Marzac R\u00e9dacteur en chef adjoint christophe.marzac@gustaveroussy.fr","og_url":"https:\/\/horizonshemato.com\/en\/product\/horizons-hemato-vol-7-n2-juin-2017\/","og_site_name":"Horizons H\u00e9mato","article_modified_time":"2024-01-08T17:16:59+00:00","og_image":[{"width":938,"height":938,"url":"https:\/\/horizonshemato.com\/wp-content\/uploads\/2018\/02\/HH-Juin-2017.jpg","type":"image\/jpeg"}],"twitter_card":"summary_large_image","schema":{"@context":"https:\/\/schema.org","@graph":[{"@type":"WebPage","@id":"https:\/\/horizonshemato.com\/product\/horizons-hemato-vol-7-n2-juin-2017\/","url":"https:\/\/horizonshemato.com\/product\/horizons-hemato-vol-7-n2-juin-2017\/","name":"Horizons H\u00e9mato \u2013 Vol. 7 n\u00b02 \u2013 Juin 2017 - Horizons H\u00e9mato","isPartOf":{"@id":"https:\/\/horizonshemato.com\/#website"},"primaryImageOfPage":{"@id":"https:\/\/horizonshemato.com\/product\/horizons-hemato-vol-7-n2-juin-2017\/#primaryimage"},"image":{"@id":"https:\/\/horizonshemato.com\/product\/horizons-hemato-vol-7-n2-juin-2017\/#primaryimage"},"thumbnailUrl":"https:\/\/horizonshemato.com\/wp-content\/uploads\/2018\/02\/HH-Juin-2017.jpg","datePublished":"2018-02-21T14:56:34+00:00","dateModified":"2024-01-08T17:16:59+00:00","breadcrumb":{"@id":"https:\/\/horizonshemato.com\/product\/horizons-hemato-vol-7-n2-juin-2017\/#breadcrumb"},"inLanguage":"en-US","potentialAction":[{"@type":"ReadAction","target":["https:\/\/horizonshemato.com\/product\/horizons-hemato-vol-7-n2-juin-2017\/"]}]},{"@type":"ImageObject","inLanguage":"en-US","@id":"https:\/\/horizonshemato.com\/product\/horizons-hemato-vol-7-n2-juin-2017\/#primaryimage","url":"https:\/\/horizonshemato.com\/wp-content\/uploads\/2018\/02\/HH-Juin-2017.jpg","contentUrl":"https:\/\/horizonshemato.com\/wp-content\/uploads\/2018\/02\/HH-Juin-2017.jpg","width":938,"height":938},{"@type":"BreadcrumbList","@id":"https:\/\/horizonshemato.com\/product\/horizons-hemato-vol-7-n2-juin-2017\/#breadcrumb","itemListElement":[{"@type":"ListItem","position":1,"name":"Accueil","item":"https:\/\/horizonshemato.com\/"},{"@type":"ListItem","position":2,"name":"Boutique","item":"https:\/\/horizonshemato.com\/boutique\/"},{"@type":"ListItem","position":3,"name":"Horizons H\u00e9mato \u2013 Vol. 7 n\u00b02 \u2013 Juin 2017"}]},{"@type":"WebSite","@id":"https:\/\/horizonshemato.com\/#website","url":"https:\/\/horizonshemato.com\/","name":"Horizons H\u00e9mato","description":"La revue des pratiques en h\u00e9matologie","potentialAction":[{"@type":"SearchAction","target":{"@type":"EntryPoint","urlTemplate":"https:\/\/horizonshemato.com\/?s={search_term_string}"},"query-input":{"@type":"PropertyValueSpecification","valueRequired":true,"valueName":"search_term_string"}}],"inLanguage":"en-US"}]}},"_links":{"self":[{"href":"https:\/\/horizonshemato.com\/en\/wp-json\/wp\/v2\/product\/12701","targetHints":{"allow":["GET"]}}],"collection":[{"href":"https:\/\/horizonshemato.com\/en\/wp-json\/wp\/v2\/product"}],"about":[{"href":"https:\/\/horizonshemato.com\/en\/wp-json\/wp\/v2\/types\/product"}],"wp:featuredmedia":[{"embeddable":true,"href":"https:\/\/horizonshemato.com\/en\/wp-json\/wp\/v2\/media\/13828"}],"wp:attachment":[{"href":"https:\/\/horizonshemato.com\/en\/wp-json\/wp\/v2\/media?parent=12701"}],"wp:term":[{"taxonomy":"product_brand","embeddable":true,"href":"https:\/\/horizonshemato.com\/en\/wp-json\/wp\/v2\/product_brand?post=12701"},{"taxonomy":"product_cat","embeddable":true,"href":"https:\/\/horizonshemato.com\/en\/wp-json\/wp\/v2\/product_cat?post=12701"},{"taxonomy":"product_tag","embeddable":true,"href":"https:\/\/horizonshemato.com\/en\/wp-json\/wp\/v2\/product_tag?post=12701"}],"curies":[{"name":"wp","href":"https:\/\/api.w.org\/{rel}","templated":true}]}}