{"id":15754,"date":"2021-12-20T12:54:49","date_gmt":"2021-12-20T12:54:49","guid":{"rendered":"https:\/\/horizonshemato.com\/?page_id=15754"},"modified":"2024-01-08T17:17:32","modified_gmt":"2024-01-08T17:17:32","slug":"cas-cliniques","status":"publish","type":"page","link":"https:\/\/horizonshemato.com\/en\/cas-cliniques\/","title":{"rendered":"Cas cliniques"},"content":{"rendered":"<div class=\"fusion-fullwidth fullwidth-box fusion-builder-row-1 hundred-percent-fullwidth non-hundred-percent-height-scrolling\" style=\"--awb-border-radius-top-left:0px;--awb-border-radius-top-right:0px;--awb-border-radius-bottom-right:0px;--awb-border-radius-bottom-left:0px;--awb-overflow:visible;--awb-flex-wrap:wrap;\" ><div class=\"fusion-builder-row fusion-row\"><div class=\"fusion-layout-column fusion_builder_column fusion-builder-column-0 fusion_builder_column_1_1 1_1 fusion-one-full fusion-column-first fusion-column-last fusion-column-no-min-height\" style=\"--awb-bg-size:cover;--awb-margin-bottom:0px;\"><div class=\"fusion-column-wrapper fusion-flex-column-wrapper-legacy\"><div class=\"fusion-blog-shortcode fusion-blog-shortcode-1 fusion-blog-archive fusion-blog-layout-medium fusion-blog-pagination\"><div class=\"fusion-posts-container fusion-posts-container-pagination fusion-blog-rollover\" data-pages=\"1\"><article id=\"blog-1-post-18842\" class=\"fusion-post-medium post-18842 post type-post status-publish format-standard has-post-thumbnail hentry category-cas-cliniques tag-cas-cliniques\">\n\t<style type=\"text\/css\">\n\t\t\n\t\t\n\t\t\n\t\t\n\t\t\t<\/style>\n\n\n\t\t\t<div class=\"fusion-flexslider flexslider fusion-flexslider-loading fusion-post-slideshow\" style=\"\">\n\t\t<ul class=\"slides\">\n\t\t\t\n\t\t\t\t\t\t\t\t\t\t\t\t\t\t<li><div  class=\"fusion-image-wrapper fusion-image-size-fixed\" aria-haspopup=\"true\">\n\t\t\t\t<img decoding=\"async\" width=\"320\" height=\"202\" src=\"https:\/\/horizonshemato.com\/wp-content\/uploads\/2024\/12\/HH-dec-2024-cas-clinique-320x202.png\" class=\"attachment-blog-medium size-blog-medium wp-post-image\" alt=\"\" srcset=\"https:\/\/horizonshemato.com\/wp-content\/uploads\/2024\/12\/HH-dec-2024-cas-clinique-18x12.png 18w, https:\/\/horizonshemato.com\/wp-content\/uploads\/2024\/12\/HH-dec-2024-cas-clinique-95x60.png 95w, https:\/\/horizonshemato.com\/wp-content\/uploads\/2024\/12\/HH-dec-2024-cas-clinique-143x90.png 143w, https:\/\/horizonshemato.com\/wp-content\/uploads\/2024\/12\/HH-dec-2024-cas-clinique-200x126.png 200w, https:\/\/horizonshemato.com\/wp-content\/uploads\/2024\/12\/HH-dec-2024-cas-clinique-300x189.png 300w, https:\/\/horizonshemato.com\/wp-content\/uploads\/2024\/12\/HH-dec-2024-cas-clinique-320x202.png 320w, https:\/\/horizonshemato.com\/wp-content\/uploads\/2024\/12\/HH-dec-2024-cas-clinique-400x252.png 400w, https:\/\/horizonshemato.com\/wp-content\/uploads\/2024\/12\/HH-dec-2024-cas-clinique-500x315.png 500w, https:\/\/horizonshemato.com\/wp-content\/uploads\/2024\/12\/HH-dec-2024-cas-clinique.png 600w\" sizes=\"(max-width: 320px) 100vw, 320px\" \/><div class=\"fusion-rollover\">\n\t<div class=\"fusion-rollover-content\">\n\n\t\t\t\t\t\t\t\t\t\t\t\t\t\t<a class=\"fusion-rollover-link\" href=\"https:\/\/horizonshemato.com\/en\/la-reaction-aigue-du-greffon-contre-lhote-gvh-aigue\/\">La r\u00e9action aigu\u00eb du greffon contre l\u2019h\u00f4te (GVH aigu\u00eb)<\/a>\n\t\t\t\n\t\t\t\t\t\t\t\t\t\t\t\t\t\t\n\t\t\t\t\t\t\t\t\n\t\t\t\t\t\t\t\t\t\t\t\t\t<div class=\"fusion-rollover-sep\"><\/div>\n\t\t\t\t\n\t\t\t\t\t\t\t\t\t\t\t\t\t\t\t\t\t\t<a class=\"fusion-rollover-gallery\" href=\"https:\/\/horizonshemato.com\/wp-content\/uploads\/2024\/12\/HH-dec-2024-cas-clinique.png\" data-options=\"\" data-id=\"18842\" data-rel=\"iLightbox[gallery]\" data-title=\"HH-dec-2024-cas-clinique\" data-caption=\"\">\n\t\t\t\t\t\tGallery\t\t\t\t\t<\/a>\n\t\t\t\t\t\t\t\t\t\t\t\t\t\t\n\t\t\n\t\t\t\t\t\t\t\t\t\t\t\t<h4 class=\"fusion-rollover-title\">\n\t\t\t\t\t<a class=\"fusion-rollover-title-link\" href=\"https:\/\/horizonshemato.com\/en\/la-reaction-aigue-du-greffon-contre-lhote-gvh-aigue\/\">\n\t\t\t\t\t\tLa r\u00e9action aigu\u00eb du greffon contre l\u2019h\u00f4te (GVH aigu\u00eb)\t\t\t\t\t<\/a>\n\t\t\t\t<\/h4>\n\t\t\t\n\t\t\t\t\t\t\t\t\t\t<div class=\"fusion-rollover-categories\"><a href=\"https:\/\/horizonshemato.com\/en\/category\/cas-cliniques\/\" rel=\"tag\">Cas Cliniques<\/a><\/div>\t\t\t\t\t\n\t\t\n\t\t\t\t\t\t<a class=\"fusion-link-wrapper\" href=\"https:\/\/horizonshemato.com\/en\/la-reaction-aigue-du-greffon-contre-lhote-gvh-aigue\/\" aria-label=\"La r\u00e9action aigu\u00eb du greffon contre l\u2019h\u00f4te (GVH aigu\u00eb)\"><\/a>\n\t<\/div>\n<\/div>\n<\/div>\n<\/li>\n\t\t\t\n\t\t\t\n\t\t\t\t\t\t\t\t\t\t\t\t\t\t\t\t\t\t\t\t\t\t\t\t\t\t\t\t\t\t\t\t\t\t\t\t\t\t\t\t\t\t\t\t\t\t\t\t\t\t\t\t\t\t\t\t\t\t\t\t\t\t\t\t\t\t\t\t<\/ul>\n\t<\/div>\n\t<div class=\"fusion-post-content post-content\"><h2 class=\"blog-shortcode-post-title entry-title\"><a href=\"https:\/\/horizonshemato.com\/en\/la-reaction-aigue-du-greffon-contre-lhote-gvh-aigue\/\">La r\u00e9action aigu\u00eb du greffon contre l\u2019h\u00f4te (GVH aigu\u00eb)<\/a><\/h2><div class=\"fusion-post-content-container\"><p>La maladie aigu\u00eb du greffon contre l\u2019h\u00f4te (GVH aigu\u00eb) est une complication immunologique fr\u00e9quente apr\u00e8s greffe allog\u00e9nique. Il s\u2019agit d\u2019une complication grave responsable directement ou indirectement d\u2019une morbidit\u00e9 et d\u2019une mortalit\u00e9 dans l\u2019ann\u00e9e qui suit une allogreffe de cellule souche h\u00e9matopo\u00ef\u00e9tique. Elle a \u00e9t\u00e9 d\u00e9crite pour la premi\u00e8re fois apr\u00e8s allogreffe dans un mod\u00e8le murin lorsque le syst\u00e8me HLA \u00e9tait [...]<\/p><\/div><\/div><div class=\"fusion-clearfix\"><\/div><div class=\"fusion-meta-info\"><div class=\"fusion-alignleft\">By <span class=\"vcard\"><span class=\"fn\"><a href=\"https:\/\/horizonshemato.com\/en\/author\/chantepie-s\/\" title=\"Posts by Sylvain CHANTEPIE\" rel=\"author\" itemprop=\"author\" itemscope=\"itemscope\" itemtype=\"https:\/\/schema.org\/Person\">Sylvain CHANTEPIE<\/a><\/span><\/span><span class=\"fusion-inline-sep\">|<\/span><span class=\"updated\" style=\"display:none;\">2026-03-16T09:08:44+00:00<\/span><span>December 13th, 2024<\/span><span class=\"fusion-inline-sep\">|<\/span>Categories: <a href=\"https:\/\/horizonshemato.com\/en\/category\/cas-cliniques\/\" rel=\"category tag\">Cas Cliniques<\/a><span class=\"fusion-inline-sep\">|<\/span><span class=\"meta-tags\">Tags: <a href=\"https:\/\/horizonshemato.com\/en\/tag\/cas-cliniques\/\" rel=\"tag\">Cas Cliniques<\/a><\/span><span class=\"fusion-inline-sep\">|<\/span><span class=\"fusion-comments\"><a href=\"https:\/\/horizonshemato.com\/en\/la-reaction-aigue-du-greffon-contre-lhote-gvh-aigue\/#respond\">0 Comments<\/a><\/span><\/div><div class=\"fusion-alignright\"><a class=\"fusion-read-more\" href=\"https:\/\/horizonshemato.com\/en\/la-reaction-aigue-du-greffon-contre-lhote-gvh-aigue\/\" aria-label=\"More on La r\u00e9action aigu\u00eb du greffon contre l\u2019h\u00f4te (GVH aigu\u00eb)\">Read More<\/a><\/div><\/div><\/article>\n<article id=\"blog-1-post-18681\" class=\"fusion-post-medium post-18681 post type-post status-publish format-standard has-post-thumbnail hentry category-cas-cliniques tag-cas-cliniques\">\n\t<style type=\"text\/css\">\n\t\t\n\t\t\n\t\t\n\t\t\n\t\t\t<\/style>\n\n\n\t\t\t<div class=\"fusion-flexslider flexslider fusion-flexslider-loading fusion-post-slideshow\" style=\"\">\n\t\t<ul class=\"slides\">\n\t\t\t\n\t\t\t\t\t\t\t\t\t\t\t\t\t\t<li><div  class=\"fusion-image-wrapper fusion-image-size-fixed\" aria-haspopup=\"true\">\n\t\t\t\t<img decoding=\"async\" width=\"320\" height=\"202\" src=\"https:\/\/horizonshemato.com\/wp-content\/uploads\/2024\/06\/HH-juin-2024-cas-clinique-320x202.png\" class=\"attachment-blog-medium size-blog-medium wp-post-image\" alt=\"\" srcset=\"https:\/\/horizonshemato.com\/wp-content\/uploads\/2024\/06\/HH-juin-2024-cas-clinique-18x12.png 18w, https:\/\/horizonshemato.com\/wp-content\/uploads\/2024\/06\/HH-juin-2024-cas-clinique-95x60.png 95w, https:\/\/horizonshemato.com\/wp-content\/uploads\/2024\/06\/HH-juin-2024-cas-clinique-143x90.png 143w, https:\/\/horizonshemato.com\/wp-content\/uploads\/2024\/06\/HH-juin-2024-cas-clinique-200x126.png 200w, https:\/\/horizonshemato.com\/wp-content\/uploads\/2024\/06\/HH-juin-2024-cas-clinique-300x189.png 300w, https:\/\/horizonshemato.com\/wp-content\/uploads\/2024\/06\/HH-juin-2024-cas-clinique-320x202.png 320w, https:\/\/horizonshemato.com\/wp-content\/uploads\/2024\/06\/HH-juin-2024-cas-clinique-400x252.png 400w, https:\/\/horizonshemato.com\/wp-content\/uploads\/2024\/06\/HH-juin-2024-cas-clinique-500x315.png 500w, https:\/\/horizonshemato.com\/wp-content\/uploads\/2024\/06\/HH-juin-2024-cas-clinique.png 600w\" sizes=\"(max-width: 320px) 100vw, 320px\" \/><div class=\"fusion-rollover\">\n\t<div class=\"fusion-rollover-content\">\n\n\t\t\t\t\t\t\t\t\t\t\t\t\t\t<a class=\"fusion-rollover-link\" href=\"https:\/\/horizonshemato.com\/en\/un-lymphome-de-la-zone-marginale-pas-si-indolent-que-ca\/\">Un lymphome de la zone marginale pas si indolent que \u00e7a !<\/a>\n\t\t\t\n\t\t\t\t\t\t\t\t\t\t\t\t\t\t\n\t\t\t\t\t\t\t\t\n\t\t\t\t\t\t\t\t\t\t\t\t\t<div class=\"fusion-rollover-sep\"><\/div>\n\t\t\t\t\n\t\t\t\t\t\t\t\t\t\t\t\t\t\t\t\t\t\t<a class=\"fusion-rollover-gallery\" href=\"https:\/\/horizonshemato.com\/wp-content\/uploads\/2024\/06\/HH-juin-2024-cas-clinique.png\" data-options=\"\" data-id=\"18681\" data-rel=\"iLightbox[gallery]\" data-title=\"HH-juin-2024-cas-clinique\" data-caption=\"\">\n\t\t\t\t\t\tGallery\t\t\t\t\t<\/a>\n\t\t\t\t\t\t\t\t\t\t\t\t\t\t\n\t\t\n\t\t\t\t\t\t\t\t\t\t\t\t<h4 class=\"fusion-rollover-title\">\n\t\t\t\t\t<a class=\"fusion-rollover-title-link\" href=\"https:\/\/horizonshemato.com\/en\/un-lymphome-de-la-zone-marginale-pas-si-indolent-que-ca\/\">\n\t\t\t\t\t\tUn lymphome de la zone marginale pas si indolent que \u00e7a !\t\t\t\t\t<\/a>\n\t\t\t\t<\/h4>\n\t\t\t\n\t\t\t\t\t\t\t\t\t\t<div class=\"fusion-rollover-categories\"><a href=\"https:\/\/horizonshemato.com\/en\/category\/cas-cliniques\/\" rel=\"tag\">Cas Cliniques<\/a><\/div>\t\t\t\t\t\n\t\t\n\t\t\t\t\t\t<a class=\"fusion-link-wrapper\" href=\"https:\/\/horizonshemato.com\/en\/un-lymphome-de-la-zone-marginale-pas-si-indolent-que-ca\/\" aria-label=\"Un lymphome de la zone marginale pas si indolent que \u00e7a !\"><\/a>\n\t<\/div>\n<\/div>\n<\/div>\n<\/li>\n\t\t\t\n\t\t\t\n\t\t\t\t\t\t\t\t\t\t\t\t\t\t\t\t\t\t\t\t\t\t\t\t\t\t\t\t\t\t\t\t\t\t\t\t\t\t\t\t\t\t\t\t\t\t\t\t\t\t\t\t\t\t\t\t\t\t\t\t\t\t\t\t\t\t\t\t<\/ul>\n\t<\/div>\n\t<div class=\"fusion-post-content post-content\"><h2 class=\"blog-shortcode-post-title entry-title\"><a href=\"https:\/\/horizonshemato.com\/en\/un-lymphome-de-la-zone-marginale-pas-si-indolent-que-ca\/\">Un lymphome de la zone marginale pas si indolent que \u00e7a !<\/a><\/h2><div class=\"fusion-post-content-container\"><p>Nous pr\u00e9sentons le cas d'une patiente de 77 ans, diagnostiqu\u00e9e avec un lymphome de la zone marginale, et dont l'\u00e9volution clinique a \u00e9t\u00e9 suivie sur une p\u00e9riode de deux ans. La patiente, d\u2019abord surveill\u00e9e, a re\u00e7u plusieurs lignes de traitement incluant une \u00e9radication d\u2019H.pylori, du rituximab et la bith\u00e9rapie mosunetuzumab-l\u00e9nalidomide, avant de d\u00e9buter un traitement par zanubrutinib. La prise en [...]<\/p><\/div><\/div><div class=\"fusion-clearfix\"><\/div><div class=\"fusion-meta-info\"><div class=\"fusion-alignleft\">By <span class=\"vcard\"><span class=\"fn\"><a href=\"https:\/\/horizonshemato.com\/en\/author\/come-bommier\/\" title=\"Posts by C\u00f4me BOMMIER\" rel=\"author\" itemprop=\"author\" itemscope=\"itemscope\" itemtype=\"https:\/\/schema.org\/Person\">C\u00f4me BOMMIER<\/a><\/span><\/span><span class=\"fusion-inline-sep\">|<\/span><span class=\"updated\" style=\"display:none;\">2024-06-27T07:12:51+00:00<\/span><span>June 14th, 2024<\/span><span class=\"fusion-inline-sep\">|<\/span>Categories: <a href=\"https:\/\/horizonshemato.com\/en\/category\/cas-cliniques\/\" rel=\"category tag\">Cas Cliniques<\/a><span class=\"fusion-inline-sep\">|<\/span><span class=\"meta-tags\">Tags: <a href=\"https:\/\/horizonshemato.com\/en\/tag\/cas-cliniques\/\" rel=\"tag\">Cas Cliniques<\/a><\/span><span class=\"fusion-inline-sep\">|<\/span><span class=\"fusion-comments\"><a href=\"https:\/\/horizonshemato.com\/en\/un-lymphome-de-la-zone-marginale-pas-si-indolent-que-ca\/#respond\">0 Comments<\/a><\/span><\/div><div class=\"fusion-alignright\"><a class=\"fusion-read-more\" href=\"https:\/\/horizonshemato.com\/en\/un-lymphome-de-la-zone-marginale-pas-si-indolent-que-ca\/\" aria-label=\"More on Un lymphome de la zone marginale pas si indolent que \u00e7a !\">Read More<\/a><\/div><\/div><\/article>\n<article id=\"blog-1-post-15704\" class=\"fusion-post-medium post-15704 post type-post status-publish format-standard has-post-thumbnail hentry category-cas-cliniques tag-cas-cliniques\">\n\t<style type=\"text\/css\">\n\t\t\n\t\t\n\t\t\n\t\t\n\t\t\t<\/style>\n\n\n\t\t\t<div class=\"fusion-flexslider flexslider fusion-flexslider-loading fusion-post-slideshow\" style=\"\">\n\t\t<ul class=\"slides\">\n\t\t\t\n\t\t\t\t\t\t\t\t\t\t\t\t\t\t<li><div  class=\"fusion-image-wrapper fusion-image-size-fixed\" aria-haspopup=\"true\">\n\t\t\t\t<img decoding=\"async\" width=\"320\" height=\"202\" src=\"https:\/\/horizonshemato.com\/wp-content\/uploads\/2021\/12\/Maintenance-et-lam2-320x202.png\" class=\"attachment-blog-medium size-blog-medium wp-post-image\" alt=\"\" srcset=\"https:\/\/horizonshemato.com\/wp-content\/uploads\/2021\/12\/Maintenance-et-lam2-18x12.png 18w, https:\/\/horizonshemato.com\/wp-content\/uploads\/2021\/12\/Maintenance-et-lam2-200x126.png 200w, https:\/\/horizonshemato.com\/wp-content\/uploads\/2021\/12\/Maintenance-et-lam2-300x189.png 300w, https:\/\/horizonshemato.com\/wp-content\/uploads\/2021\/12\/Maintenance-et-lam2-320x202.png 320w, https:\/\/horizonshemato.com\/wp-content\/uploads\/2021\/12\/Maintenance-et-lam2-400x252.png 400w, https:\/\/horizonshemato.com\/wp-content\/uploads\/2021\/12\/Maintenance-et-lam2-500x315.png 500w, https:\/\/horizonshemato.com\/wp-content\/uploads\/2021\/12\/Maintenance-et-lam2.png 600w\" sizes=\"(max-width: 320px) 100vw, 320px\" \/><div class=\"fusion-rollover\">\n\t<div class=\"fusion-rollover-content\">\n\n\t\t\t\t\t\t\t\t\t\t\t\t\t\t<a class=\"fusion-rollover-link\" href=\"https:\/\/horizonshemato.com\/en\/traitement-de-maintenance-dans-la-leucemie-aigue-myeloide-un-nouveau-paradigme\/\">Traitement de maintenance dans la LAM : un nouveau paradigme ? : Dr Martin CARR\u00c9<\/a>\n\t\t\t\n\t\t\t\t\t\t\t\t\t\t\t\t\t\t\n\t\t\t\t\t\t\t\t\n\t\t\t\t\t\t\t\t\t\t\t\t\t<div class=\"fusion-rollover-sep\"><\/div>\n\t\t\t\t\n\t\t\t\t\t\t\t\t\t\t\t\t\t\t\t\t\t\t<a class=\"fusion-rollover-gallery\" href=\"https:\/\/horizonshemato.com\/wp-content\/uploads\/2021\/12\/Maintenance-et-lam2.png\" data-options=\"\" data-id=\"15704\" data-rel=\"iLightbox[gallery]\" data-title=\"Maintenance et lam2\" data-caption=\"\">\n\t\t\t\t\t\tGallery\t\t\t\t\t<\/a>\n\t\t\t\t\t\t\t\t\t\t\t\t\t\t\n\t\t\n\t\t\t\t\t\t\t\t\t\t\t\t<h4 class=\"fusion-rollover-title\">\n\t\t\t\t\t<a class=\"fusion-rollover-title-link\" href=\"https:\/\/horizonshemato.com\/en\/traitement-de-maintenance-dans-la-leucemie-aigue-myeloide-un-nouveau-paradigme\/\">\n\t\t\t\t\t\tTraitement de maintenance dans la LAM : un nouveau paradigme ? : Dr Martin CARR\u00c9\t\t\t\t\t<\/a>\n\t\t\t\t<\/h4>\n\t\t\t\n\t\t\t\t\t\t\t\t\t\t<div class=\"fusion-rollover-categories\"><a href=\"https:\/\/horizonshemato.com\/en\/category\/cas-cliniques\/\" rel=\"tag\">Cas Cliniques<\/a><\/div>\t\t\t\t\t\n\t\t\n\t\t\t\t\t\t<a class=\"fusion-link-wrapper\" href=\"https:\/\/horizonshemato.com\/en\/traitement-de-maintenance-dans-la-leucemie-aigue-myeloide-un-nouveau-paradigme\/\" aria-label=\"Traitement de maintenance dans la LAM : un nouveau paradigme ? : Dr Martin CARR\u00c9\"><\/a>\n\t<\/div>\n<\/div>\n<\/div>\n<\/li>\n\t\t\t\n\t\t\t\n\t\t\t\t\t\t\t\t\t\t\t\t\t\t\t\t\t\t\t\t\t\t\t\t\t\t\t\t\t\t\t\t\t\t\t\t\t\t\t\t\t\t\t\t\t\t\t\t\t\t\t\t\t\t\t\t\t\t\t\t\t\t\t\t\t\t\t\t<\/ul>\n\t<\/div>\n\t<div class=\"fusion-post-content post-content\"><h2 class=\"blog-shortcode-post-title entry-title\"><a href=\"https:\/\/horizonshemato.com\/en\/traitement-de-maintenance-dans-la-leucemie-aigue-myeloide-un-nouveau-paradigme\/\">Traitement de maintenance dans la LAM : un nouveau paradigme ? : Dr Martin CARR\u00c9<\/a><\/h2><div class=\"fusion-post-content-container\"><p>Pr\u00e9sentation du cas clinique En mars 2020, une patiente de 69 ans est r\u00e9f\u00e9r\u00e9e par un centre hospitalier p\u00e9riph\u00e9rique dans un CHU pour la prise en charge d\u2019un syndrome my\u00e9lodysplasique de type AREB 1. Elle n\u2019a pas d\u2019ant\u00e9c\u00e9dent notable et ne prend pas de traitement au long cours. Le diagnostic a \u00e9t\u00e9 d\u00e9couvert devant une l\u00e9g\u00e8re fatigue ayant amen\u00e9 son [...]<\/p><\/div><\/div><div class=\"fusion-clearfix\"><\/div><div class=\"fusion-meta-info\"><div class=\"fusion-alignleft\">By <span class=\"vcard\"><span class=\"fn\"><a href=\"https:\/\/horizonshemato.com\/en\/author\/marion\/\" title=\"Posts by Horizons H\u00e9mato\" rel=\"author\" itemprop=\"author\" itemscope=\"itemscope\" itemtype=\"https:\/\/schema.org\/Person\">Horizons H\u00e9mato<\/a><\/span><\/span><span class=\"fusion-inline-sep\">|<\/span><span class=\"updated\" style=\"display:none;\">2024-01-08T17:17:32+00:00<\/span><span>December 7th, 2021<\/span><span class=\"fusion-inline-sep\">|<\/span>Categories: <a href=\"https:\/\/horizonshemato.com\/en\/category\/cas-cliniques\/\" rel=\"category tag\">Cas Cliniques<\/a><span class=\"fusion-inline-sep\">|<\/span><span class=\"meta-tags\">Tags: <a href=\"https:\/\/horizonshemato.com\/en\/tag\/cas-cliniques\/\" rel=\"tag\">Cas Cliniques<\/a><\/span><span class=\"fusion-inline-sep\">|<\/span><span class=\"fusion-comments\"><a href=\"https:\/\/horizonshemato.com\/en\/traitement-de-maintenance-dans-la-leucemie-aigue-myeloide-un-nouveau-paradigme\/#respond\">0 Comments<\/a><\/span><\/div><div class=\"fusion-alignright\"><a class=\"fusion-read-more\" href=\"https:\/\/horizonshemato.com\/en\/traitement-de-maintenance-dans-la-leucemie-aigue-myeloide-un-nouveau-paradigme\/\" aria-label=\"More on Traitement de maintenance dans la LAM : un nouveau paradigme ? : Dr Martin CARR\u00c9\">Read More<\/a><\/div><\/div><\/article>\n<\/div><\/div><div class=\"fusion-clearfix\"><\/div><\/div><\/div><\/div><\/div>\n","protected":false},"excerpt":{"rendered":"","protected":false},"author":1,"featured_media":0,"parent":0,"menu_order":0,"comment_status":"closed","ping_status":"closed","template":"","meta":{"_monsterinsights_skip_tracking":false,"_monsterinsights_sitenote_active":false,"_monsterinsights_sitenote_note":"","_monsterinsights_sitenote_category":0,"footnotes":""},"class_list":["post-15754","page","type-page","status-publish","hentry"],"yoast_head":"<!-- This site is optimized with the Yoast SEO plugin v27.1.1 - https:\/\/yoast.com\/product\/yoast-seo-wordpress\/ -->\n<title>Cas cliniques - Horizons H\u00e9mato<\/title>\n<meta name=\"robots\" content=\"index, follow, max-snippet:-1, max-image-preview:large, max-video-preview:-1\" \/>\n<link rel=\"canonical\" href=\"https:\/\/horizonshemato.com\/en\/cas-cliniques\/\" \/>\n<meta property=\"og:locale\" content=\"en_US\" \/>\n<meta property=\"og:type\" content=\"article\" \/>\n<meta property=\"og:title\" content=\"Cas cliniques - Horizons H\u00e9mato\" \/>\n<meta property=\"og:url\" content=\"https:\/\/horizonshemato.com\/en\/cas-cliniques\/\" \/>\n<meta property=\"og:site_name\" content=\"Horizons H\u00e9mato\" \/>\n<meta property=\"article:modified_time\" content=\"2024-01-08T17:17:32+00:00\" \/>\n<meta name=\"twitter:card\" content=\"summary_large_image\" \/>\n<meta name=\"twitter:label1\" content=\"Est. reading time\" \/>\n\t<meta name=\"twitter:data1\" content=\"1 minute\" \/>\n<script type=\"application\/ld+json\" class=\"yoast-schema-graph\">{\"@context\":\"https:\/\/schema.org\",\"@graph\":[{\"@type\":\"WebPage\",\"@id\":\"https:\/\/horizonshemato.com\/cas-cliniques\/\",\"url\":\"https:\/\/horizonshemato.com\/cas-cliniques\/\",\"name\":\"Cas cliniques - Horizons H\u00e9mato\",\"isPartOf\":{\"@id\":\"https:\/\/horizonshemato.com\/#website\"},\"datePublished\":\"2021-12-20T12:54:49+00:00\",\"dateModified\":\"2024-01-08T17:17:32+00:00\",\"breadcrumb\":{\"@id\":\"https:\/\/horizonshemato.com\/cas-cliniques\/#breadcrumb\"},\"inLanguage\":\"en-US\",\"potentialAction\":[{\"@type\":\"ReadAction\",\"target\":[\"https:\/\/horizonshemato.com\/cas-cliniques\/\"]}]},{\"@type\":\"BreadcrumbList\",\"@id\":\"https:\/\/horizonshemato.com\/cas-cliniques\/#breadcrumb\",\"itemListElement\":[{\"@type\":\"ListItem\",\"position\":1,\"name\":\"Accueil\",\"item\":\"https:\/\/horizonshemato.com\/\"},{\"@type\":\"ListItem\",\"position\":2,\"name\":\"Cas cliniques\"}]},{\"@type\":\"WebSite\",\"@id\":\"https:\/\/horizonshemato.com\/#website\",\"url\":\"https:\/\/horizonshemato.com\/\",\"name\":\"Horizons H\u00e9mato\",\"description\":\"La revue des pratiques en h\u00e9matologie\",\"potentialAction\":[{\"@type\":\"SearchAction\",\"target\":{\"@type\":\"EntryPoint\",\"urlTemplate\":\"https:\/\/horizonshemato.com\/?s={search_term_string}\"},\"query-input\":{\"@type\":\"PropertyValueSpecification\",\"valueRequired\":true,\"valueName\":\"search_term_string\"}}],\"inLanguage\":\"en-US\"}]}<\/script>\n<!-- \/ Yoast SEO plugin. -->","yoast_head_json":{"title":"Cas cliniques - Horizons H\u00e9mato","robots":{"index":"index","follow":"follow","max-snippet":"max-snippet:-1","max-image-preview":"max-image-preview:large","max-video-preview":"max-video-preview:-1"},"canonical":"https:\/\/horizonshemato.com\/en\/cas-cliniques\/","og_locale":"en_US","og_type":"article","og_title":"Cas cliniques - Horizons H\u00e9mato","og_url":"https:\/\/horizonshemato.com\/en\/cas-cliniques\/","og_site_name":"Horizons H\u00e9mato","article_modified_time":"2024-01-08T17:17:32+00:00","twitter_card":"summary_large_image","twitter_misc":{"Est. reading time":"1 minute"},"schema":{"@context":"https:\/\/schema.org","@graph":[{"@type":"WebPage","@id":"https:\/\/horizonshemato.com\/cas-cliniques\/","url":"https:\/\/horizonshemato.com\/cas-cliniques\/","name":"Cas cliniques - Horizons H\u00e9mato","isPartOf":{"@id":"https:\/\/horizonshemato.com\/#website"},"datePublished":"2021-12-20T12:54:49+00:00","dateModified":"2024-01-08T17:17:32+00:00","breadcrumb":{"@id":"https:\/\/horizonshemato.com\/cas-cliniques\/#breadcrumb"},"inLanguage":"en-US","potentialAction":[{"@type":"ReadAction","target":["https:\/\/horizonshemato.com\/cas-cliniques\/"]}]},{"@type":"BreadcrumbList","@id":"https:\/\/horizonshemato.com\/cas-cliniques\/#breadcrumb","itemListElement":[{"@type":"ListItem","position":1,"name":"Accueil","item":"https:\/\/horizonshemato.com\/"},{"@type":"ListItem","position":2,"name":"Cas cliniques"}]},{"@type":"WebSite","@id":"https:\/\/horizonshemato.com\/#website","url":"https:\/\/horizonshemato.com\/","name":"Horizons H\u00e9mato","description":"La revue des pratiques en h\u00e9matologie","potentialAction":[{"@type":"SearchAction","target":{"@type":"EntryPoint","urlTemplate":"https:\/\/horizonshemato.com\/?s={search_term_string}"},"query-input":{"@type":"PropertyValueSpecification","valueRequired":true,"valueName":"search_term_string"}}],"inLanguage":"en-US"}]}},"_links":{"self":[{"href":"https:\/\/horizonshemato.com\/en\/wp-json\/wp\/v2\/pages\/15754","targetHints":{"allow":["GET"]}}],"collection":[{"href":"https:\/\/horizonshemato.com\/en\/wp-json\/wp\/v2\/pages"}],"about":[{"href":"https:\/\/horizonshemato.com\/en\/wp-json\/wp\/v2\/types\/page"}],"author":[{"embeddable":true,"href":"https:\/\/horizonshemato.com\/en\/wp-json\/wp\/v2\/users\/1"}],"replies":[{"embeddable":true,"href":"https:\/\/horizonshemato.com\/en\/wp-json\/wp\/v2\/comments?post=15754"}],"version-history":[{"count":3,"href":"https:\/\/horizonshemato.com\/en\/wp-json\/wp\/v2\/pages\/15754\/revisions"}],"predecessor-version":[{"id":18034,"href":"https:\/\/horizonshemato.com\/en\/wp-json\/wp\/v2\/pages\/15754\/revisions\/18034"}],"wp:attachment":[{"href":"https:\/\/horizonshemato.com\/en\/wp-json\/wp\/v2\/media?parent=15754"}],"curies":[{"name":"wp","href":"https:\/\/api.w.org\/{rel}","templated":true}]}}