{"id":14946,"date":"2019-11-29T13:37:17","date_gmt":"2019-11-29T13:37:17","guid":{"rendered":"http:\/\/horizonshemato.com\/?page_id=14946"},"modified":"2024-01-08T17:17:20","modified_gmt":"2024-01-08T17:17:20","slug":"aplasie-medullaire","status":"publish","type":"page","link":"https:\/\/horizonshemato.com\/en\/aplasie-medullaire\/","title":{"rendered":"Aplasie m\u00e9dullaire"},"content":{"rendered":"<div class=\"fusion-fullwidth fullwidth-box fusion-builder-row-1 nonhundred-percent-fullwidth non-hundred-percent-height-scrolling\" style=\"--awb-border-radius-top-left:0px;--awb-border-radius-top-right:0px;--awb-border-radius-bottom-right:0px;--awb-border-radius-bottom-left:0px;--awb-flex-wrap:wrap;\" ><div class=\"fusion-builder-row fusion-row\"><div class=\"fusion-layout-column fusion_builder_column fusion-builder-column-0 fusion_builder_column_1_1 1_1 fusion-one-full fusion-column-first fusion-column-last\" style=\"--awb-bg-size:cover;\"><div class=\"fusion-column-wrapper fusion-flex-column-wrapper-legacy\"><div class=\"fusion-title title fusion-title-1 fusion-sep-none fusion-title-center fusion-title-text fusion-title-size-one\" style=\"--awb-margin-top-small:10px;--awb-margin-right-small:0px;--awb-margin-bottom-small:10px;--awb-margin-left-small:0px;\"><h1 class=\"fusion-title-heading title-heading-center fusion-responsive-typography-calculated\" style=\"margin:0;--fontSize:33;line-height:1.45;\"><p style=\"text-align: center;\"><strong>Aplasie m\u00e9dullaire<\/strong><\/p><\/h1><\/div><div class=\"fusion-text fusion-text-1\"><p style=\"text-align: center;\">Les illustrations ont \u00e9t\u00e9 fournies par le laboratoire d&rsquo;histologie et l&rsquo;Unit\u00e9 de cytog\u00e9n\u00e9tique\/cytog\u00e9n\u00e9tique mol\u00e9culaire de l&rsquo;h\u00f4pital Saint-Louis.<\/p>\n<\/div><div class=\"awb-gallery-wrapper awb-gallery-wrapper-1 button-span-no\"><div style=\"margin:-5px;--awb-bordersize:0px;--awb-columns-medium:100%;--awb-columns-small:100%;\" class=\"fusion-gallery fusion-gallery-container fusion-grid-3 fusion-columns-total-6 fusion-gallery-layout-masonry fusion-gallery-1\"><div class=\"fusion-grid-column fusion-gallery-column fusion-gallery-column-3 hover-type-zoomin fusion-grid-sizer\"><\/div><div style=\"padding:5px;\" class=\"fusion-grid-column fusion-gallery-column fusion-gallery-column-3 hover-type-zoomin fusion-element-grid\"><div class=\"fusion-gallery-image\"><a href=\"https:\/\/horizonshemato.com\/wp-content\/uploads\/2019\/11\/Capture-d\u2019\u00e9cran-2019-11-29-\u00e0-14.22.40.png\" data-title=\"Moelle normale\" title=\"Moelle normale\" rel=\"noreferrer\" data-rel=\"iLightbox[gallery_image_1]\" class=\"fusion-lightbox\" target=\"_self\"><div style=\"background-image:url(https:\/\/horizonshemato.com\/wp-content\/uploads\/2019\/11\/Capture-d\u2019\u00e9cran-2019-11-29-\u00e0-14.22.40.png);padding-top:calc((100% + 10px) * 0.8 - 5px);background-position:;\" class=\"fusion-masonry-element-container\"><img decoding=\"async\" src=\"https:\/\/horizonshemato.com\/wp-content\/uploads\/2019\/11\/Capture-d\u2019\u00e9cran-2019-11-29-\u00e0-14.22.40.png\" width=\"1120\" height=\"880\" alt=\"Moelle normale\" title=\"Moelle normale\" aria-label=\"Moelle normale\" class=\"img-responsive wp-image-14943\" srcset=\"https:\/\/horizonshemato.com\/wp-content\/uploads\/2019\/11\/Capture-d\u2019\u00e9cran-2019-11-29-\u00e0-14.22.40-200x157.png 200w, https:\/\/horizonshemato.com\/wp-content\/uploads\/2019\/11\/Capture-d\u2019\u00e9cran-2019-11-29-\u00e0-14.22.40-400x314.png 400w, https:\/\/horizonshemato.com\/wp-content\/uploads\/2019\/11\/Capture-d\u2019\u00e9cran-2019-11-29-\u00e0-14.22.40-600x471.png 600w, https:\/\/horizonshemato.com\/wp-content\/uploads\/2019\/11\/Capture-d\u2019\u00e9cran-2019-11-29-\u00e0-14.22.40-800x629.png 800w, https:\/\/horizonshemato.com\/wp-content\/uploads\/2019\/11\/Capture-d\u2019\u00e9cran-2019-11-29-\u00e0-14.22.40.png 1120w\" sizes=\"(min-width: 2200px) 100vw, (min-width: 824px) 363px, (min-width: 732px) 545px, (min-width: 640px) 732px, \" \/><\/div><\/a><\/div><\/div><div style=\"padding:5px;\" class=\"fusion-grid-column fusion-gallery-column fusion-gallery-column-3 hover-type-zoomin fusion-element-grid\"><div class=\"fusion-gallery-image\"><a href=\"https:\/\/horizonshemato.com\/wp-content\/uploads\/2019\/11\/Capture-d\u2019\u00e9cran-2019-11-29-\u00e0-14.21.55.png\" data-title=\"Illustrations t\u00e9lom\u00e8res\" title=\"Illustrations t\u00e9lom\u00e8res\" rel=\"noreferrer\" data-rel=\"iLightbox[gallery_image_1]\" class=\"fusion-lightbox\" target=\"_self\"><div style=\"background-image:url(https:\/\/horizonshemato.com\/wp-content\/uploads\/2019\/11\/Capture-d\u2019\u00e9cran-2019-11-29-\u00e0-14.21.55.png);padding-top:calc((100% + 10px) * 0.8 - 5px);background-position:;\" class=\"fusion-masonry-element-container\"><img decoding=\"async\" src=\"https:\/\/horizonshemato.com\/wp-content\/uploads\/2019\/11\/Capture-d\u2019\u00e9cran-2019-11-29-\u00e0-14.21.55.png\" width=\"982\" height=\"646\" alt=\"Illustrations t\u00e9lom\u00e8res\" title=\"Illustrations t\u00e9lom\u00e8res\" aria-label=\"Illustrations t\u00e9lom\u00e8res\" class=\"img-responsive wp-image-14942\" srcset=\"https:\/\/horizonshemato.com\/wp-content\/uploads\/2019\/11\/Capture-d\u2019\u00e9cran-2019-11-29-\u00e0-14.21.55-200x132.png 200w, https:\/\/horizonshemato.com\/wp-content\/uploads\/2019\/11\/Capture-d\u2019\u00e9cran-2019-11-29-\u00e0-14.21.55-400x263.png 400w, https:\/\/horizonshemato.com\/wp-content\/uploads\/2019\/11\/Capture-d\u2019\u00e9cran-2019-11-29-\u00e0-14.21.55-600x395.png 600w, https:\/\/horizonshemato.com\/wp-content\/uploads\/2019\/11\/Capture-d\u2019\u00e9cran-2019-11-29-\u00e0-14.21.55-800x526.png 800w, https:\/\/horizonshemato.com\/wp-content\/uploads\/2019\/11\/Capture-d\u2019\u00e9cran-2019-11-29-\u00e0-14.21.55.png 982w\" sizes=\"(min-width: 2200px) 100vw, (min-width: 824px) 363px, (min-width: 732px) 545px, (min-width: 640px) 732px, \" \/><\/div><\/a><\/div><\/div><div style=\"padding:5px;\" class=\"fusion-grid-column fusion-gallery-column fusion-gallery-column-3 hover-type-zoomin fusion-element-landscape fusion-element-portrait\"><div class=\"fusion-gallery-image\"><a href=\"https:\/\/horizonshemato.com\/wp-content\/uploads\/2019\/11\/Mo\u00eblle-d\u00e9sertique-Aplasie-x10-cruz.jpg\" data-title=\"Mo\u00eblle d\u00e9sertique Aplasie x10 cruz\" title=\"Mo\u00eblle d\u00e9sertique Aplasie x10 cruz\" rel=\"noreferrer\" data-rel=\"iLightbox[gallery_image_1]\" class=\"fusion-lightbox\" target=\"_self\"><div style=\"background-image:url(https:\/\/horizonshemato.com\/wp-content\/uploads\/2019\/11\/Mo\u00eblle-d\u00e9sertique-Aplasie-x10-cruz.jpg);padding-top:calc((100% + 10px) * 0.8);background-position:;\" class=\"fusion-masonry-element-container\"><img decoding=\"async\" src=\"https:\/\/horizonshemato.com\/wp-content\/uploads\/2019\/11\/Mo\u00eblle-d\u00e9sertique-Aplasie-x10-cruz.jpg\" width=\"2448\" height=\"1920\" alt=\"Mo\u00eblle d\u00e9sertique Aplasie x10 cruz\" title=\"Mo\u00eblle d\u00e9sertique Aplasie x10 cruz\" aria-label=\"Mo\u00eblle d\u00e9sertique Aplasie x10 cruz\" class=\"img-responsive wp-image-14941\" srcset=\"https:\/\/horizonshemato.com\/wp-content\/uploads\/2019\/11\/Mo\u00eblle-d\u00e9sertique-Aplasie-x10-cruz-200x157.jpg 200w, https:\/\/horizonshemato.com\/wp-content\/uploads\/2019\/11\/Mo\u00eblle-d\u00e9sertique-Aplasie-x10-cruz-400x314.jpg 400w, https:\/\/horizonshemato.com\/wp-content\/uploads\/2019\/11\/Mo\u00eblle-d\u00e9sertique-Aplasie-x10-cruz-600x471.jpg 600w, https:\/\/horizonshemato.com\/wp-content\/uploads\/2019\/11\/Mo\u00eblle-d\u00e9sertique-Aplasie-x10-cruz-800x627.jpg 800w, https:\/\/horizonshemato.com\/wp-content\/uploads\/2019\/11\/Mo\u00eblle-d\u00e9sertique-Aplasie-x10-cruz-1200x941.jpg 1200w, https:\/\/horizonshemato.com\/wp-content\/uploads\/2019\/11\/Mo\u00eblle-d\u00e9sertique-Aplasie-x10-cruz.jpg 2448w\" sizes=\"(min-width: 2200px) 100vw, (min-width: 640px) 1100px, \" \/><\/div><\/a><\/div><\/div><div style=\"padding:5px;\" class=\"fusion-grid-column fusion-gallery-column fusion-gallery-column-3 hover-type-zoomin fusion-element-landscape fusion-element-portrait\"><div class=\"fusion-gallery-image\"><a href=\"https:\/\/horizonshemato.com\/wp-content\/uploads\/2019\/11\/Mo\u00eblle-d\u00e9sertique-Aplasie-x2-cruz.jpg\" data-title=\"Mo\u00eblle d\u00e9sertique Aplasie x2 cruz\" title=\"Mo\u00eblle d\u00e9sertique Aplasie x2 cruz\" rel=\"noreferrer\" data-rel=\"iLightbox[gallery_image_1]\" class=\"fusion-lightbox\" target=\"_self\"><div style=\"background-image:url(https:\/\/horizonshemato.com\/wp-content\/uploads\/2019\/11\/Mo\u00eblle-d\u00e9sertique-Aplasie-x2-cruz.jpg);padding-top:calc((100% + 10px) * 0.8);background-position:;\" class=\"fusion-masonry-element-container\"><img decoding=\"async\" src=\"https:\/\/horizonshemato.com\/wp-content\/uploads\/2019\/11\/Mo\u00eblle-d\u00e9sertique-Aplasie-x2-cruz.jpg\" width=\"2448\" height=\"1920\" alt=\"Mo\u00eblle d\u00e9sertique Aplasie x2 cruz\" title=\"Mo\u00eblle d\u00e9sertique Aplasie x2 cruz\" aria-label=\"Mo\u00eblle d\u00e9sertique Aplasie x2 cruz\" class=\"img-responsive wp-image-14940\" srcset=\"https:\/\/horizonshemato.com\/wp-content\/uploads\/2019\/11\/Mo\u00eblle-d\u00e9sertique-Aplasie-x2-cruz-200x157.jpg 200w, https:\/\/horizonshemato.com\/wp-content\/uploads\/2019\/11\/Mo\u00eblle-d\u00e9sertique-Aplasie-x2-cruz-400x314.jpg 400w, https:\/\/horizonshemato.com\/wp-content\/uploads\/2019\/11\/Mo\u00eblle-d\u00e9sertique-Aplasie-x2-cruz-600x471.jpg 600w, https:\/\/horizonshemato.com\/wp-content\/uploads\/2019\/11\/Mo\u00eblle-d\u00e9sertique-Aplasie-x2-cruz-800x627.jpg 800w, https:\/\/horizonshemato.com\/wp-content\/uploads\/2019\/11\/Mo\u00eblle-d\u00e9sertique-Aplasie-x2-cruz-1200x941.jpg 1200w, https:\/\/horizonshemato.com\/wp-content\/uploads\/2019\/11\/Mo\u00eblle-d\u00e9sertique-Aplasie-x2-cruz.jpg 2448w\" sizes=\"(min-width: 2200px) 100vw, (min-width: 640px) 1100px, \" \/><\/div><\/a><\/div><\/div><div style=\"padding:5px;\" class=\"fusion-grid-column fusion-gallery-column fusion-gallery-column-3 hover-type-zoomin fusion-element-grid\"><div class=\"fusion-gallery-image\"><a href=\"https:\/\/horizonshemato.com\/wp-content\/uploads\/2019\/11\/image-FANCONI-TEST-CASSURES-CHROMOSOMESIQUES-1.jpg\" data-title=\"FANCONI TEST CASSURES CHROMOSOMESIQUES 1\" title=\"FANCONI TEST CASSURES CHROMOSOMESIQUES 1\" rel=\"noreferrer\" data-rel=\"iLightbox[gallery_image_1]\" class=\"fusion-lightbox\" target=\"_self\"><div style=\"background-image:url(https:\/\/horizonshemato.com\/wp-content\/uploads\/2019\/11\/image-FANCONI-TEST-CASSURES-CHROMOSOMESIQUES-1.jpg);padding-top:calc((100% + 10px) * 0.8 - 5px);background-position:;\" class=\"fusion-masonry-element-container\"><img decoding=\"async\" src=\"https:\/\/horizonshemato.com\/wp-content\/uploads\/2019\/11\/image-FANCONI-TEST-CASSURES-CHROMOSOMESIQUES-1.jpg\" width=\"1103\" height=\"956\" alt=\"FANCONI TEST CASSURES CHROMOSOMESIQUES 1\" title=\"FANCONI TEST CASSURES CHROMOSOMESIQUES 1\" aria-label=\"FANCONI TEST CASSURES CHROMOSOMESIQUES 1\" class=\"img-responsive wp-image-14939\" srcset=\"https:\/\/horizonshemato.com\/wp-content\/uploads\/2019\/11\/image-FANCONI-TEST-CASSURES-CHROMOSOMESIQUES-1-200x173.jpg 200w, https:\/\/horizonshemato.com\/wp-content\/uploads\/2019\/11\/image-FANCONI-TEST-CASSURES-CHROMOSOMESIQUES-1-400x347.jpg 400w, https:\/\/horizonshemato.com\/wp-content\/uploads\/2019\/11\/image-FANCONI-TEST-CASSURES-CHROMOSOMESIQUES-1-600x520.jpg 600w, https:\/\/horizonshemato.com\/wp-content\/uploads\/2019\/11\/image-FANCONI-TEST-CASSURES-CHROMOSOMESIQUES-1-800x693.jpg 800w, https:\/\/horizonshemato.com\/wp-content\/uploads\/2019\/11\/image-FANCONI-TEST-CASSURES-CHROMOSOMESIQUES-1.jpg 1103w\" sizes=\"(min-width: 2200px) 100vw, (min-width: 824px) 363px, (min-width: 732px) 545px, (min-width: 640px) 732px, \" \/><\/div><\/a><\/div><\/div><div style=\"padding:5px;\" class=\"fusion-grid-column fusion-gallery-column fusion-gallery-column-3 hover-type-zoomin fusion-element-grid\"><div class=\"fusion-gallery-image\"><a href=\"https:\/\/horizonshemato.com\/wp-content\/uploads\/2019\/11\/image-FANCONI-TEST-CASSURES-CHROMOSOMESIQUE-2.jpg\" data-title=\"FANCONI TEST CASSURES CHROMOSOMESIQUE 2\" title=\"FANCONI TEST CASSURES CHROMOSOMESIQUE 2\" rel=\"noreferrer\" data-rel=\"iLightbox[gallery_image_1]\" class=\"fusion-lightbox\" target=\"_self\"><div style=\"background-image:url(https:\/\/horizonshemato.com\/wp-content\/uploads\/2019\/11\/image-FANCONI-TEST-CASSURES-CHROMOSOMESIQUE-2.jpg);padding-top:calc((100% + 10px) * 0.8 - 5px);background-position:;\" class=\"fusion-masonry-element-container\"><img decoding=\"async\" src=\"https:\/\/horizonshemato.com\/wp-content\/uploads\/2019\/11\/image-FANCONI-TEST-CASSURES-CHROMOSOMESIQUE-2.jpg\" width=\"1103\" height=\"956\" alt=\"FANCONI TEST CASSURES CHROMOSOMESIQUE 2\" title=\"FANCONI TEST CASSURES CHROMOSOMESIQUE 2\" aria-label=\"FANCONI TEST CASSURES CHROMOSOMESIQUE 2\" class=\"img-responsive wp-image-14938\" srcset=\"https:\/\/horizonshemato.com\/wp-content\/uploads\/2019\/11\/image-FANCONI-TEST-CASSURES-CHROMOSOMESIQUE-2-200x173.jpg 200w, https:\/\/horizonshemato.com\/wp-content\/uploads\/2019\/11\/image-FANCONI-TEST-CASSURES-CHROMOSOMESIQUE-2-400x347.jpg 400w, https:\/\/horizonshemato.com\/wp-content\/uploads\/2019\/11\/image-FANCONI-TEST-CASSURES-CHROMOSOMESIQUE-2-600x520.jpg 600w, https:\/\/horizonshemato.com\/wp-content\/uploads\/2019\/11\/image-FANCONI-TEST-CASSURES-CHROMOSOMESIQUE-2-800x693.jpg 800w, https:\/\/horizonshemato.com\/wp-content\/uploads\/2019\/11\/image-FANCONI-TEST-CASSURES-CHROMOSOMESIQUE-2.jpg 1103w\" sizes=\"(min-width: 2200px) 100vw, (min-width: 824px) 363px, (min-width: 732px) 545px, (min-width: 640px) 732px, \" \/><\/div><\/a><\/div><\/div><\/div><\/div><div class=\"fusion-clearfix\"><\/div><\/div><\/div><\/div><\/div>\n","protected":false},"excerpt":{"rendered":"","protected":false},"author":1,"featured_media":0,"parent":0,"menu_order":0,"comment_status":"closed","ping_status":"closed","template":"","meta":{"_monsterinsights_skip_tracking":false,"_monsterinsights_sitenote_active":false,"_monsterinsights_sitenote_note":"","_monsterinsights_sitenote_category":0,"footnotes":""},"class_list":["post-14946","page","type-page","status-publish","hentry"],"yoast_head":"<!-- This site is optimized with the Yoast SEO plugin v27.1.1 - https:\/\/yoast.com\/product\/yoast-seo-wordpress\/ -->\n<title>Aplasie m\u00e9dullaire - Horizons H\u00e9mato<\/title>\n<meta name=\"robots\" content=\"index, follow, max-snippet:-1, max-image-preview:large, max-video-preview:-1\" \/>\n<link rel=\"canonical\" href=\"https:\/\/horizonshemato.com\/en\/aplasie-medullaire\/\" \/>\n<meta property=\"og:locale\" content=\"en_US\" \/>\n<meta property=\"og:type\" content=\"article\" \/>\n<meta property=\"og:title\" content=\"Aplasie m\u00e9dullaire - Horizons H\u00e9mato\" \/>\n<meta property=\"og:url\" content=\"https:\/\/horizonshemato.com\/en\/aplasie-medullaire\/\" \/>\n<meta property=\"og:site_name\" content=\"Horizons H\u00e9mato\" \/>\n<meta property=\"article:modified_time\" content=\"2024-01-08T17:17:20+00:00\" \/>\n<meta name=\"twitter:card\" content=\"summary_large_image\" \/>\n<meta name=\"twitter:label1\" content=\"Est. reading time\" \/>\n\t<meta name=\"twitter:data1\" content=\"1 minute\" \/>\n<script type=\"application\/ld+json\" class=\"yoast-schema-graph\">{\"@context\":\"https:\/\/schema.org\",\"@graph\":[{\"@type\":\"WebPage\",\"@id\":\"https:\/\/horizonshemato.com\/aplasie-medullaire\/\",\"url\":\"https:\/\/horizonshemato.com\/aplasie-medullaire\/\",\"name\":\"Aplasie m\u00e9dullaire - Horizons H\u00e9mato\",\"isPartOf\":{\"@id\":\"https:\/\/horizonshemato.com\/#website\"},\"datePublished\":\"2019-11-29T13:37:17+00:00\",\"dateModified\":\"2024-01-08T17:17:20+00:00\",\"breadcrumb\":{\"@id\":\"https:\/\/horizonshemato.com\/aplasie-medullaire\/#breadcrumb\"},\"inLanguage\":\"en-US\",\"potentialAction\":[{\"@type\":\"ReadAction\",\"target\":[\"https:\/\/horizonshemato.com\/aplasie-medullaire\/\"]}]},{\"@type\":\"BreadcrumbList\",\"@id\":\"https:\/\/horizonshemato.com\/aplasie-medullaire\/#breadcrumb\",\"itemListElement\":[{\"@type\":\"ListItem\",\"position\":1,\"name\":\"Accueil\",\"item\":\"https:\/\/horizonshemato.com\/\"},{\"@type\":\"ListItem\",\"position\":2,\"name\":\"Aplasie m\u00e9dullaire\"}]},{\"@type\":\"WebSite\",\"@id\":\"https:\/\/horizonshemato.com\/#website\",\"url\":\"https:\/\/horizonshemato.com\/\",\"name\":\"Horizons H\u00e9mato\",\"description\":\"La revue des pratiques en h\u00e9matologie\",\"potentialAction\":[{\"@type\":\"SearchAction\",\"target\":{\"@type\":\"EntryPoint\",\"urlTemplate\":\"https:\/\/horizonshemato.com\/?s={search_term_string}\"},\"query-input\":{\"@type\":\"PropertyValueSpecification\",\"valueRequired\":true,\"valueName\":\"search_term_string\"}}],\"inLanguage\":\"en-US\"}]}<\/script>\n<!-- \/ Yoast SEO plugin. -->","yoast_head_json":{"title":"Aplasie m\u00e9dullaire - Horizons H\u00e9mato","robots":{"index":"index","follow":"follow","max-snippet":"max-snippet:-1","max-image-preview":"max-image-preview:large","max-video-preview":"max-video-preview:-1"},"canonical":"https:\/\/horizonshemato.com\/en\/aplasie-medullaire\/","og_locale":"en_US","og_type":"article","og_title":"Aplasie m\u00e9dullaire - Horizons H\u00e9mato","og_url":"https:\/\/horizonshemato.com\/en\/aplasie-medullaire\/","og_site_name":"Horizons H\u00e9mato","article_modified_time":"2024-01-08T17:17:20+00:00","twitter_card":"summary_large_image","twitter_misc":{"Est. reading time":"1 minute"},"schema":{"@context":"https:\/\/schema.org","@graph":[{"@type":"WebPage","@id":"https:\/\/horizonshemato.com\/aplasie-medullaire\/","url":"https:\/\/horizonshemato.com\/aplasie-medullaire\/","name":"Aplasie m\u00e9dullaire - Horizons H\u00e9mato","isPartOf":{"@id":"https:\/\/horizonshemato.com\/#website"},"datePublished":"2019-11-29T13:37:17+00:00","dateModified":"2024-01-08T17:17:20+00:00","breadcrumb":{"@id":"https:\/\/horizonshemato.com\/aplasie-medullaire\/#breadcrumb"},"inLanguage":"en-US","potentialAction":[{"@type":"ReadAction","target":["https:\/\/horizonshemato.com\/aplasie-medullaire\/"]}]},{"@type":"BreadcrumbList","@id":"https:\/\/horizonshemato.com\/aplasie-medullaire\/#breadcrumb","itemListElement":[{"@type":"ListItem","position":1,"name":"Accueil","item":"https:\/\/horizonshemato.com\/"},{"@type":"ListItem","position":2,"name":"Aplasie m\u00e9dullaire"}]},{"@type":"WebSite","@id":"https:\/\/horizonshemato.com\/#website","url":"https:\/\/horizonshemato.com\/","name":"Horizons H\u00e9mato","description":"La revue des pratiques en h\u00e9matologie","potentialAction":[{"@type":"SearchAction","target":{"@type":"EntryPoint","urlTemplate":"https:\/\/horizonshemato.com\/?s={search_term_string}"},"query-input":{"@type":"PropertyValueSpecification","valueRequired":true,"valueName":"search_term_string"}}],"inLanguage":"en-US"}]}},"_links":{"self":[{"href":"https:\/\/horizonshemato.com\/en\/wp-json\/wp\/v2\/pages\/14946","targetHints":{"allow":["GET"]}}],"collection":[{"href":"https:\/\/horizonshemato.com\/en\/wp-json\/wp\/v2\/pages"}],"about":[{"href":"https:\/\/horizonshemato.com\/en\/wp-json\/wp\/v2\/types\/page"}],"author":[{"embeddable":true,"href":"https:\/\/horizonshemato.com\/en\/wp-json\/wp\/v2\/users\/1"}],"replies":[{"embeddable":true,"href":"https:\/\/horizonshemato.com\/en\/wp-json\/wp\/v2\/comments?post=14946"}],"version-history":[{"count":2,"href":"https:\/\/horizonshemato.com\/en\/wp-json\/wp\/v2\/pages\/14946\/revisions"}],"predecessor-version":[{"id":17900,"href":"https:\/\/horizonshemato.com\/en\/wp-json\/wp\/v2\/pages\/14946\/revisions\/17900"}],"wp:attachment":[{"href":"https:\/\/horizonshemato.com\/en\/wp-json\/wp\/v2\/media?parent=14946"}],"curies":[{"name":"wp","href":"https:\/\/api.w.org\/{rel}","templated":true}]}}