{"id":14590,"date":"2019-04-17T14:02:49","date_gmt":"2019-04-17T14:02:49","guid":{"rendered":"http:\/\/horizonshemato.com\/?page_id=14590"},"modified":"2024-01-08T17:17:17","modified_gmt":"2024-01-08T17:17:17","slug":"leucemies-aigues-lymphoblastiques","status":"publish","type":"page","link":"https:\/\/horizonshemato.com\/en\/leucemies-aigues-lymphoblastiques\/","title":{"rendered":"Leuc\u00e9mies aigu\u00ebs lymphoblastiques (LAL)"},"content":{"rendered":"<div class=\"fusion-fullwidth fullwidth-box fusion-builder-row-1 nonhundred-percent-fullwidth non-hundred-percent-height-scrolling\" style=\"--awb-border-radius-top-left:0px;--awb-border-radius-top-right:0px;--awb-border-radius-bottom-right:0px;--awb-border-radius-bottom-left:0px;--awb-flex-wrap:wrap;\" ><div class=\"fusion-builder-row fusion-row\"><div class=\"fusion-layout-column fusion_builder_column fusion-builder-column-0 fusion_builder_column_1_1 1_1 fusion-one-full fusion-column-first fusion-column-last\" style=\"--awb-bg-size:cover;\"><div class=\"fusion-column-wrapper fusion-flex-column-wrapper-legacy\"><div class=\"fusion-title title fusion-title-1 fusion-sep-none fusion-title-center fusion-title-text fusion-title-size-one\" style=\"--awb-margin-top-small:10px;--awb-margin-right-small:0px;--awb-margin-bottom-small:10px;--awb-margin-left-small:0px;\"><h1 class=\"fusion-title-heading title-heading-center fusion-responsive-typography-calculated\" style=\"margin:0;--fontSize:33;line-height:1.45;\"><p style=\"text-align: center;\"><strong>Leuc\u00e9mie Aigu\u00eb Lymphoblastiques (LAL)<\/strong><\/p><\/h1><\/div><div class=\"fusion-text fusion-text-1\"><p style=\"text-align: center;\">Les images qui vous sont propos\u00e9es ici sont issues du Grand Angle consacr\u00e9 aux Leuc\u00e9mies Aigu\u00ebs Lymphoblastiques (LAL).<br \/>\nElles ont \u00e9t\u00e9 fournies par les auteurs du Vol. 05 Num\u00e9ro 04 &#8211; D\u00e9cembre 2015 et sont libres de droits.<\/p>\n<\/div><div class=\"awb-gallery-wrapper awb-gallery-wrapper-1 button-span-no\"><div style=\"margin:-5px;--awb-bordersize:0px;--awb-columns-medium:100%;--awb-columns-small:100%;\" class=\"fusion-gallery fusion-gallery-container fusion-grid-3 fusion-columns-total-1 fusion-gallery-layout-masonry fusion-gallery-1\"><div class=\"fusion-grid-column fusion-gallery-column fusion-gallery-column-3 hover-type-zoomin fusion-grid-sizer\"><\/div><div style=\"padding:5px;\" class=\"fusion-grid-column fusion-gallery-column fusion-gallery-column-3 hover-type-zoomin fusion-element-grid\"><div class=\"fusion-gallery-image\"><a href=\"https:\/\/horizonshemato.com\/wp-content\/uploads\/2020\/03\/Capture-d\u2019\u00e9cran-2020-03-11-\u00e0-16.57.35.png\" data-title=\"Pr\u00e9paration cytospin du LCR d\u2019un malade avec atteinte neuro-m\u00e9ning\u00e9e d\u2019une LAL montrant au diagnostic la pr\u00e9sence de lymphoblastes (x 100).\" title=\"Pr\u00e9paration cytospin du LCR d\u2019un malade avec atteinte neuro-m\u00e9ning\u00e9e d\u2019une LAL montrant au diagnostic la pr\u00e9sence de lymphoblastes (x 100).\" rel=\"noreferrer\" data-rel=\"iLightbox[gallery_image_1]\" class=\"fusion-lightbox\" target=\"_self\"><div style=\"background-image:url(https:\/\/horizonshemato.com\/wp-content\/uploads\/2020\/03\/Capture-d\u2019\u00e9cran-2020-03-11-\u00e0-16.57.35.png);padding-top:calc((100% + 10px) * 0.8 - 5px);background-position:;\" class=\"fusion-masonry-element-container\"><img decoding=\"async\" src=\"https:\/\/horizonshemato.com\/wp-content\/uploads\/2020\/03\/Capture-d\u2019\u00e9cran-2020-03-11-\u00e0-16.57.35.png\" width=\"910\" height=\"950\" alt=\"\" title=\"Pr\u00e9paration cytospin du LCR d\u2019un malade avec atteinte neuro-m\u00e9ning\u00e9e d\u2019une LAL montrant au diagnostic la pr\u00e9sence de lymphoblastes (x 100).\" aria-label=\"Pr\u00e9paration cytospin du LCR d\u2019un malade avec atteinte neuro-m\u00e9ning\u00e9e d\u2019une LAL montrant au diagnostic la pr\u00e9sence de lymphoblastes (x 100).\" class=\"img-responsive wp-image-15166\" srcset=\"https:\/\/horizonshemato.com\/wp-content\/uploads\/2020\/03\/Capture-d\u2019\u00e9cran-2020-03-11-\u00e0-16.57.35-200x209.png 200w, https:\/\/horizonshemato.com\/wp-content\/uploads\/2020\/03\/Capture-d\u2019\u00e9cran-2020-03-11-\u00e0-16.57.35-400x418.png 400w, https:\/\/horizonshemato.com\/wp-content\/uploads\/2020\/03\/Capture-d\u2019\u00e9cran-2020-03-11-\u00e0-16.57.35-600x626.png 600w, https:\/\/horizonshemato.com\/wp-content\/uploads\/2020\/03\/Capture-d\u2019\u00e9cran-2020-03-11-\u00e0-16.57.35-800x835.png 800w, https:\/\/horizonshemato.com\/wp-content\/uploads\/2020\/03\/Capture-d\u2019\u00e9cran-2020-03-11-\u00e0-16.57.35.png 910w\" sizes=\"(min-width: 2200px) 100vw, (min-width: 824px) 363px, (min-width: 732px) 545px, (min-width: 640px) 732px, \" \/><\/div><\/a><\/div><\/div><\/div><\/div><div class=\"fusion-clearfix\"><\/div><\/div><\/div><\/div><\/div>\n","protected":false},"excerpt":{"rendered":"","protected":false},"author":1,"featured_media":0,"parent":0,"menu_order":0,"comment_status":"closed","ping_status":"closed","template":"","meta":{"_monsterinsights_skip_tracking":false,"_monsterinsights_sitenote_active":false,"_monsterinsights_sitenote_note":"","_monsterinsights_sitenote_category":0,"footnotes":""},"class_list":["post-14590","page","type-page","status-publish","hentry"],"yoast_head":"<!-- This site is optimized with the Yoast SEO plugin v27.1.1 - https:\/\/yoast.com\/product\/yoast-seo-wordpress\/ -->\n<title>Leuc\u00e9mies aigu\u00ebs lymphoblastiques (LAL) - Horizons H\u00e9mato<\/title>\n<meta name=\"robots\" content=\"index, follow, max-snippet:-1, max-image-preview:large, max-video-preview:-1\" \/>\n<link rel=\"canonical\" href=\"https:\/\/horizonshemato.com\/en\/leucemies-aigues-lymphoblastiques\/\" \/>\n<meta property=\"og:locale\" content=\"en_US\" \/>\n<meta property=\"og:type\" content=\"article\" \/>\n<meta property=\"og:title\" content=\"Leuc\u00e9mies aigu\u00ebs lymphoblastiques (LAL) - Horizons H\u00e9mato\" \/>\n<meta property=\"og:url\" content=\"https:\/\/horizonshemato.com\/en\/leucemies-aigues-lymphoblastiques\/\" \/>\n<meta property=\"og:site_name\" content=\"Horizons H\u00e9mato\" \/>\n<meta property=\"article:modified_time\" content=\"2024-01-08T17:17:17+00:00\" \/>\n<meta name=\"twitter:card\" content=\"summary_large_image\" \/>\n<meta name=\"twitter:label1\" content=\"Est. reading time\" \/>\n\t<meta name=\"twitter:data1\" content=\"2 minutes\" \/>\n<script type=\"application\/ld+json\" class=\"yoast-schema-graph\">{\"@context\":\"https:\/\/schema.org\",\"@graph\":[{\"@type\":\"WebPage\",\"@id\":\"https:\/\/horizonshemato.com\/leucemies-aigues-lymphoblastiques\/\",\"url\":\"https:\/\/horizonshemato.com\/leucemies-aigues-lymphoblastiques\/\",\"name\":\"Leuc\u00e9mies aigu\u00ebs lymphoblastiques (LAL) - Horizons H\u00e9mato\",\"isPartOf\":{\"@id\":\"https:\/\/horizonshemato.com\/#website\"},\"datePublished\":\"2019-04-17T14:02:49+00:00\",\"dateModified\":\"2024-01-08T17:17:17+00:00\",\"breadcrumb\":{\"@id\":\"https:\/\/horizonshemato.com\/leucemies-aigues-lymphoblastiques\/#breadcrumb\"},\"inLanguage\":\"en-US\",\"potentialAction\":[{\"@type\":\"ReadAction\",\"target\":[\"https:\/\/horizonshemato.com\/leucemies-aigues-lymphoblastiques\/\"]}]},{\"@type\":\"BreadcrumbList\",\"@id\":\"https:\/\/horizonshemato.com\/leucemies-aigues-lymphoblastiques\/#breadcrumb\",\"itemListElement\":[{\"@type\":\"ListItem\",\"position\":1,\"name\":\"Accueil\",\"item\":\"https:\/\/horizonshemato.com\/\"},{\"@type\":\"ListItem\",\"position\":2,\"name\":\"Leuc\u00e9mies aigu\u00ebs lymphoblastiques (LAL)\"}]},{\"@type\":\"WebSite\",\"@id\":\"https:\/\/horizonshemato.com\/#website\",\"url\":\"https:\/\/horizonshemato.com\/\",\"name\":\"Horizons H\u00e9mato\",\"description\":\"La revue des pratiques en h\u00e9matologie\",\"potentialAction\":[{\"@type\":\"SearchAction\",\"target\":{\"@type\":\"EntryPoint\",\"urlTemplate\":\"https:\/\/horizonshemato.com\/?s={search_term_string}\"},\"query-input\":{\"@type\":\"PropertyValueSpecification\",\"valueRequired\":true,\"valueName\":\"search_term_string\"}}],\"inLanguage\":\"en-US\"}]}<\/script>\n<!-- \/ Yoast SEO plugin. -->","yoast_head_json":{"title":"Leuc\u00e9mies aigu\u00ebs lymphoblastiques (LAL) - Horizons H\u00e9mato","robots":{"index":"index","follow":"follow","max-snippet":"max-snippet:-1","max-image-preview":"max-image-preview:large","max-video-preview":"max-video-preview:-1"},"canonical":"https:\/\/horizonshemato.com\/en\/leucemies-aigues-lymphoblastiques\/","og_locale":"en_US","og_type":"article","og_title":"Leuc\u00e9mies aigu\u00ebs lymphoblastiques (LAL) - Horizons H\u00e9mato","og_url":"https:\/\/horizonshemato.com\/en\/leucemies-aigues-lymphoblastiques\/","og_site_name":"Horizons H\u00e9mato","article_modified_time":"2024-01-08T17:17:17+00:00","twitter_card":"summary_large_image","twitter_misc":{"Est. reading time":"2 minutes"},"schema":{"@context":"https:\/\/schema.org","@graph":[{"@type":"WebPage","@id":"https:\/\/horizonshemato.com\/leucemies-aigues-lymphoblastiques\/","url":"https:\/\/horizonshemato.com\/leucemies-aigues-lymphoblastiques\/","name":"Leuc\u00e9mies aigu\u00ebs lymphoblastiques (LAL) - Horizons H\u00e9mato","isPartOf":{"@id":"https:\/\/horizonshemato.com\/#website"},"datePublished":"2019-04-17T14:02:49+00:00","dateModified":"2024-01-08T17:17:17+00:00","breadcrumb":{"@id":"https:\/\/horizonshemato.com\/leucemies-aigues-lymphoblastiques\/#breadcrumb"},"inLanguage":"en-US","potentialAction":[{"@type":"ReadAction","target":["https:\/\/horizonshemato.com\/leucemies-aigues-lymphoblastiques\/"]}]},{"@type":"BreadcrumbList","@id":"https:\/\/horizonshemato.com\/leucemies-aigues-lymphoblastiques\/#breadcrumb","itemListElement":[{"@type":"ListItem","position":1,"name":"Accueil","item":"https:\/\/horizonshemato.com\/"},{"@type":"ListItem","position":2,"name":"Leuc\u00e9mies aigu\u00ebs lymphoblastiques (LAL)"}]},{"@type":"WebSite","@id":"https:\/\/horizonshemato.com\/#website","url":"https:\/\/horizonshemato.com\/","name":"Horizons H\u00e9mato","description":"La revue des pratiques en h\u00e9matologie","potentialAction":[{"@type":"SearchAction","target":{"@type":"EntryPoint","urlTemplate":"https:\/\/horizonshemato.com\/?s={search_term_string}"},"query-input":{"@type":"PropertyValueSpecification","valueRequired":true,"valueName":"search_term_string"}}],"inLanguage":"en-US"}]}},"_links":{"self":[{"href":"https:\/\/horizonshemato.com\/en\/wp-json\/wp\/v2\/pages\/14590","targetHints":{"allow":["GET"]}}],"collection":[{"href":"https:\/\/horizonshemato.com\/en\/wp-json\/wp\/v2\/pages"}],"about":[{"href":"https:\/\/horizonshemato.com\/en\/wp-json\/wp\/v2\/types\/page"}],"author":[{"embeddable":true,"href":"https:\/\/horizonshemato.com\/en\/wp-json\/wp\/v2\/users\/1"}],"replies":[{"embeddable":true,"href":"https:\/\/horizonshemato.com\/en\/wp-json\/wp\/v2\/comments?post=14590"}],"version-history":[{"count":3,"href":"https:\/\/horizonshemato.com\/en\/wp-json\/wp\/v2\/pages\/14590\/revisions"}],"predecessor-version":[{"id":17870,"href":"https:\/\/horizonshemato.com\/en\/wp-json\/wp\/v2\/pages\/14590\/revisions\/17870"}],"wp:attachment":[{"href":"https:\/\/horizonshemato.com\/en\/wp-json\/wp\/v2\/media?parent=14590"}],"curies":[{"name":"wp","href":"https:\/\/api.w.org\/{rel}","templated":true}]}}