{"id":14568,"date":"2019-04-17T10:51:30","date_gmt":"2019-04-17T10:51:30","guid":{"rendered":"http:\/\/horizonshemato.com\/?page_id=14568"},"modified":"2024-01-08T17:17:16","modified_gmt":"2024-01-08T17:17:16","slug":"lymphomes-folliculaires-2","status":"publish","type":"page","link":"https:\/\/horizonshemato.com\/en\/lymphomes-folliculaires-2\/","title":{"rendered":"Lymphomes folliculaires"},"content":{"rendered":"<div class=\"fusion-fullwidth fullwidth-box fusion-builder-row-1 nonhundred-percent-fullwidth non-hundred-percent-height-scrolling\" style=\"--awb-border-radius-top-left:0px;--awb-border-radius-top-right:0px;--awb-border-radius-bottom-right:0px;--awb-border-radius-bottom-left:0px;--awb-flex-wrap:wrap;\" ><div class=\"fusion-builder-row fusion-row\"><div class=\"fusion-layout-column fusion_builder_column fusion-builder-column-0 fusion_builder_column_1_1 1_1 fusion-one-full fusion-column-first fusion-column-last\" style=\"--awb-bg-size:cover;\"><div class=\"fusion-column-wrapper fusion-flex-column-wrapper-legacy\"><div class=\"fusion-title title fusion-title-1 fusion-sep-none fusion-title-center fusion-title-text fusion-title-size-one\" style=\"--awb-margin-top-small:10px;--awb-margin-right-small:0px;--awb-margin-bottom-small:10px;--awb-margin-left-small:0px;\"><h1 class=\"fusion-title-heading title-heading-center fusion-responsive-typography-calculated\" style=\"margin:0;--fontSize:33;line-height:1.45;\"><p style=\"text-align: center;\"><strong>Lymphomes folliculaires<\/strong><\/p><\/h1><\/div><div class=\"fusion-text fusion-text-1\"><p style=\"text-align: center;\">Les images qui vous sont propos\u00e9es ici sont issues du Grand Angle consacr\u00e9 aux Lymphomes folliculaires.<br \/>\nElles ont \u00e9t\u00e9 fournies par les auteurs du Vol.7 n\u00b01 Mars 2017, et sont libres de droits.<\/p>\n<\/div><div class=\"awb-gallery-wrapper awb-gallery-wrapper-1 button-span-no\"><div style=\"margin:-5px;--awb-bordersize:0px;--awb-columns-medium:100%;--awb-columns-small:100%;\" class=\"fusion-gallery fusion-gallery-container fusion-grid-3 fusion-columns-total-6 fusion-gallery-layout-masonry fusion-gallery-1\"><div class=\"fusion-grid-column fusion-gallery-column fusion-gallery-column-3 hover-type-zoomin fusion-grid-sizer\"><\/div><div style=\"padding:5px;\" class=\"fusion-grid-column fusion-gallery-column fusion-gallery-column-3 hover-type-zoomin fusion-element-grid\"><div class=\"fusion-gallery-image\"><a href=\"https:\/\/horizonshemato.com\/wp-content\/uploads\/2019\/04\/Capture-d\u2019\u00e9cran-2019-04-17-\u00e0-12.32.29.png\" data-title=\"LF duod\u00e9nal de grade 1-2 H&#038;E (x40) (C. LAURENT).\" title=\"LF duod\u00e9nal de grade 1-2 H&#038;E (x40) (C. LAURENT).\" rel=\"noreferrer\" data-rel=\"iLightbox[gallery_image_1]\" class=\"fusion-lightbox\" target=\"_self\"><div style=\"background-image:url(https:\/\/horizonshemato.com\/wp-content\/uploads\/2019\/04\/Capture-d\u2019\u00e9cran-2019-04-17-\u00e0-12.32.29.png);padding-top:calc((100% + 10px) * 0.8 - 5px);background-position:;\" class=\"fusion-masonry-element-container\"><img decoding=\"async\" src=\"https:\/\/horizonshemato.com\/wp-content\/uploads\/2019\/04\/Capture-d\u2019\u00e9cran-2019-04-17-\u00e0-12.32.29.png\" width=\"1486\" height=\"1500\" alt=\"\" title=\"LF duod\u00e9nal de grade 1-2 H&#038;E (x40) (C. LAURENT).\" aria-label=\"LF duod\u00e9nal de grade 1-2 H&#038;E (x40) (C. LAURENT).\" class=\"img-responsive wp-image-14567\" srcset=\"https:\/\/horizonshemato.com\/wp-content\/uploads\/2019\/04\/Capture-d\u2019\u00e9cran-2019-04-17-\u00e0-12.32.29-200x202.png 200w, https:\/\/horizonshemato.com\/wp-content\/uploads\/2019\/04\/Capture-d\u2019\u00e9cran-2019-04-17-\u00e0-12.32.29-400x404.png 400w, https:\/\/horizonshemato.com\/wp-content\/uploads\/2019\/04\/Capture-d\u2019\u00e9cran-2019-04-17-\u00e0-12.32.29-600x606.png 600w, https:\/\/horizonshemato.com\/wp-content\/uploads\/2019\/04\/Capture-d\u2019\u00e9cran-2019-04-17-\u00e0-12.32.29-800x808.png 800w, https:\/\/horizonshemato.com\/wp-content\/uploads\/2019\/04\/Capture-d\u2019\u00e9cran-2019-04-17-\u00e0-12.32.29-1200x1211.png 1200w, https:\/\/horizonshemato.com\/wp-content\/uploads\/2019\/04\/Capture-d\u2019\u00e9cran-2019-04-17-\u00e0-12.32.29.png 1486w\" sizes=\"(min-width: 2200px) 100vw, (min-width: 824px) 363px, (min-width: 732px) 545px, (min-width: 640px) 732px, \" \/><\/div><\/a><\/div><\/div><div style=\"padding:5px;\" class=\"fusion-grid-column fusion-gallery-column fusion-gallery-column-3 hover-type-zoomin fusion-element-landscape fusion-element-portrait\"><div class=\"fusion-gallery-image\"><a href=\"https:\/\/horizonshemato.com\/wp-content\/uploads\/2019\/04\/Capture-d\u2019\u00e9cran-2019-04-17-\u00e0-12.32.18.png\" data-title=\"LF de grade 1-2 H&#038;E (x100) (C. LAURENT).\" title=\"LF de grade 1-2 H&#038;E (x100) (C. LAURENT).\" rel=\"noreferrer\" data-rel=\"iLightbox[gallery_image_1]\" class=\"fusion-lightbox\" target=\"_self\"><div style=\"background-image:url(https:\/\/horizonshemato.com\/wp-content\/uploads\/2019\/04\/Capture-d\u2019\u00e9cran-2019-04-17-\u00e0-12.32.18.png);padding-top:calc((100% + 10px) * 0.8);background-position:;\" class=\"fusion-masonry-element-container\"><img decoding=\"async\" src=\"https:\/\/horizonshemato.com\/wp-content\/uploads\/2019\/04\/Capture-d\u2019\u00e9cran-2019-04-17-\u00e0-12.32.18.png\" width=\"2388\" height=\"1562\" alt=\"\" title=\"LF de grade 1-2 H&#038;E (x100) (C. LAURENT).\" aria-label=\"LF de grade 1-2 H&#038;E (x100) (C. LAURENT).\" class=\"img-responsive wp-image-14566\" srcset=\"https:\/\/horizonshemato.com\/wp-content\/uploads\/2019\/04\/Capture-d\u2019\u00e9cran-2019-04-17-\u00e0-12.32.18-200x131.png 200w, https:\/\/horizonshemato.com\/wp-content\/uploads\/2019\/04\/Capture-d\u2019\u00e9cran-2019-04-17-\u00e0-12.32.18-400x262.png 400w, https:\/\/horizonshemato.com\/wp-content\/uploads\/2019\/04\/Capture-d\u2019\u00e9cran-2019-04-17-\u00e0-12.32.18-600x392.png 600w, https:\/\/horizonshemato.com\/wp-content\/uploads\/2019\/04\/Capture-d\u2019\u00e9cran-2019-04-17-\u00e0-12.32.18-800x523.png 800w, https:\/\/horizonshemato.com\/wp-content\/uploads\/2019\/04\/Capture-d\u2019\u00e9cran-2019-04-17-\u00e0-12.32.18-1200x785.png 1200w, https:\/\/horizonshemato.com\/wp-content\/uploads\/2019\/04\/Capture-d\u2019\u00e9cran-2019-04-17-\u00e0-12.32.18.png 2388w\" sizes=\"(min-width: 2200px) 100vw, (min-width: 640px) 1100px, \" \/><\/div><\/a><\/div><\/div><div style=\"padding:5px;\" class=\"fusion-grid-column fusion-gallery-column fusion-gallery-column-3 hover-type-zoomin fusion-element-grid\"><div class=\"fusion-gallery-image\"><a href=\"https:\/\/horizonshemato.com\/wp-content\/uploads\/2019\/04\/Capture-d\u2019\u00e9cran-2019-04-17-\u00e0-12.32.51.png\" data-title=\"expression BCL2 des follicules lymphomateux d&rsquo;un LF duod\u00e9nal de grade 1-2. Anticorps anti-BCL2 (x40) (C. LAURENT).\" title=\"expression BCL2 des follicules lymphomateux d&rsquo;un LF duod\u00e9nal de grade 1-2. Anticorps anti-BCL2 (x40) (C. LAURENT).\" rel=\"noreferrer\" data-rel=\"iLightbox[gallery_image_1]\" class=\"fusion-lightbox\" target=\"_self\"><div style=\"background-image:url(https:\/\/horizonshemato.com\/wp-content\/uploads\/2019\/04\/Capture-d\u2019\u00e9cran-2019-04-17-\u00e0-12.32.51.png);padding-top:calc((100% + 10px) * 0.8 - 5px);background-position:;\" class=\"fusion-masonry-element-container\"><img decoding=\"async\" src=\"https:\/\/horizonshemato.com\/wp-content\/uploads\/2019\/04\/Capture-d\u2019\u00e9cran-2019-04-17-\u00e0-12.32.51.png\" width=\"1726\" height=\"1522\" alt=\"\" title=\"expression BCL2 des follicules lymphomateux d&rsquo;un LF duod\u00e9nal de grade 1-2. Anticorps anti-BCL2 (x40) (C. LAURENT).\" aria-label=\"expression BCL2 des follicules lymphomateux d&rsquo;un LF duod\u00e9nal de grade 1-2. Anticorps anti-BCL2 (x40) (C. LAURENT).\" class=\"img-responsive wp-image-14565\" srcset=\"https:\/\/horizonshemato.com\/wp-content\/uploads\/2019\/04\/Capture-d\u2019\u00e9cran-2019-04-17-\u00e0-12.32.51-200x176.png 200w, https:\/\/horizonshemato.com\/wp-content\/uploads\/2019\/04\/Capture-d\u2019\u00e9cran-2019-04-17-\u00e0-12.32.51-400x353.png 400w, https:\/\/horizonshemato.com\/wp-content\/uploads\/2019\/04\/Capture-d\u2019\u00e9cran-2019-04-17-\u00e0-12.32.51-600x529.png 600w, https:\/\/horizonshemato.com\/wp-content\/uploads\/2019\/04\/Capture-d\u2019\u00e9cran-2019-04-17-\u00e0-12.32.51-800x705.png 800w, https:\/\/horizonshemato.com\/wp-content\/uploads\/2019\/04\/Capture-d\u2019\u00e9cran-2019-04-17-\u00e0-12.32.51-1200x1058.png 1200w, https:\/\/horizonshemato.com\/wp-content\/uploads\/2019\/04\/Capture-d\u2019\u00e9cran-2019-04-17-\u00e0-12.32.51.png 1726w\" sizes=\"(min-width: 2200px) 100vw, (min-width: 824px) 363px, (min-width: 732px) 545px, (min-width: 640px) 732px, \" \/><\/div><\/a><\/div><\/div><div style=\"padding:5px;\" class=\"fusion-grid-column fusion-gallery-column fusion-gallery-column-3 hover-type-zoomin fusion-element-landscape fusion-element-portrait\"><div class=\"fusion-gallery-image\"><a href=\"https:\/\/horizonshemato.com\/wp-content\/uploads\/2019\/04\/Capture-d\u2019\u00e9cran-2019-04-17-\u00e0-12.32.37.png\" data-title=\"LF in situ H&#038;E (x100) (C. LAURENT).\" title=\"LF in situ H&#038;E (x100) (C. LAURENT).\" rel=\"noreferrer\" data-rel=\"iLightbox[gallery_image_1]\" class=\"fusion-lightbox\" target=\"_self\"><div style=\"background-image:url(https:\/\/horizonshemato.com\/wp-content\/uploads\/2019\/04\/Capture-d\u2019\u00e9cran-2019-04-17-\u00e0-12.32.37.png);padding-top:calc((100% + 10px) * 0.8);background-position:;\" class=\"fusion-masonry-element-container\"><img decoding=\"async\" src=\"https:\/\/horizonshemato.com\/wp-content\/uploads\/2019\/04\/Capture-d\u2019\u00e9cran-2019-04-17-\u00e0-12.32.37.png\" width=\"2144\" height=\"1458\" alt=\"\" title=\"LF in situ H&#038;E (x100) (C. LAURENT).\" aria-label=\"LF in situ H&#038;E (x100) (C. LAURENT).\" class=\"img-responsive wp-image-14564\" srcset=\"https:\/\/horizonshemato.com\/wp-content\/uploads\/2019\/04\/Capture-d\u2019\u00e9cran-2019-04-17-\u00e0-12.32.37-200x136.png 200w, https:\/\/horizonshemato.com\/wp-content\/uploads\/2019\/04\/Capture-d\u2019\u00e9cran-2019-04-17-\u00e0-12.32.37-400x272.png 400w, https:\/\/horizonshemato.com\/wp-content\/uploads\/2019\/04\/Capture-d\u2019\u00e9cran-2019-04-17-\u00e0-12.32.37-600x408.png 600w, https:\/\/horizonshemato.com\/wp-content\/uploads\/2019\/04\/Capture-d\u2019\u00e9cran-2019-04-17-\u00e0-12.32.37-800x544.png 800w, https:\/\/horizonshemato.com\/wp-content\/uploads\/2019\/04\/Capture-d\u2019\u00e9cran-2019-04-17-\u00e0-12.32.37-1200x816.png 1200w, https:\/\/horizonshemato.com\/wp-content\/uploads\/2019\/04\/Capture-d\u2019\u00e9cran-2019-04-17-\u00e0-12.32.37.png 2144w\" sizes=\"(min-width: 2200px) 100vw, (min-width: 640px) 1100px, \" \/><\/div><\/a><\/div><\/div><div style=\"padding:5px;\" class=\"fusion-grid-column fusion-gallery-column fusion-gallery-column-3 hover-type-zoomin fusion-element-landscape fusion-element-portrait\"><div class=\"fusion-gallery-image\"><a href=\"https:\/\/horizonshemato.com\/wp-content\/uploads\/2019\/04\/Capture-d\u2019\u00e9cran-2019-04-17-\u00e0-12.31.31.png\" data-title=\"LF p\u00e9diatrique H&#038;E (x400) (C. LAURENT).\" title=\"LF p\u00e9diatrique H&#038;E (x400) (C. LAURENT).\" rel=\"noreferrer\" data-rel=\"iLightbox[gallery_image_1]\" class=\"fusion-lightbox\" target=\"_self\"><div style=\"background-image:url(https:\/\/horizonshemato.com\/wp-content\/uploads\/2019\/04\/Capture-d\u2019\u00e9cran-2019-04-17-\u00e0-12.31.31.png);padding-top:calc((100% + 10px) * 0.8);background-position:;\" class=\"fusion-masonry-element-container\"><img decoding=\"async\" src=\"https:\/\/horizonshemato.com\/wp-content\/uploads\/2019\/04\/Capture-d\u2019\u00e9cran-2019-04-17-\u00e0-12.31.31.png\" width=\"2134\" height=\"1460\" alt=\"\" title=\"LF p\u00e9diatrique H&#038;E (x400) (C. LAURENT).\" aria-label=\"LF p\u00e9diatrique H&#038;E (x400) (C. LAURENT).\" class=\"img-responsive wp-image-14563\" srcset=\"https:\/\/horizonshemato.com\/wp-content\/uploads\/2019\/04\/Capture-d\u2019\u00e9cran-2019-04-17-\u00e0-12.31.31-200x137.png 200w, https:\/\/horizonshemato.com\/wp-content\/uploads\/2019\/04\/Capture-d\u2019\u00e9cran-2019-04-17-\u00e0-12.31.31-400x274.png 400w, https:\/\/horizonshemato.com\/wp-content\/uploads\/2019\/04\/Capture-d\u2019\u00e9cran-2019-04-17-\u00e0-12.31.31-600x410.png 600w, https:\/\/horizonshemato.com\/wp-content\/uploads\/2019\/04\/Capture-d\u2019\u00e9cran-2019-04-17-\u00e0-12.31.31-800x547.png 800w, https:\/\/horizonshemato.com\/wp-content\/uploads\/2019\/04\/Capture-d\u2019\u00e9cran-2019-04-17-\u00e0-12.31.31-1200x821.png 1200w, https:\/\/horizonshemato.com\/wp-content\/uploads\/2019\/04\/Capture-d\u2019\u00e9cran-2019-04-17-\u00e0-12.31.31.png 2134w\" sizes=\"(min-width: 2200px) 100vw, (min-width: 640px) 1100px, \" \/><\/div><\/a><\/div><\/div><div style=\"padding:5px;\" class=\"fusion-grid-column fusion-gallery-column fusion-gallery-column-3 hover-type-zoomin fusion-element-grid\"><div class=\"fusion-gallery-image\"><a href=\"https:\/\/horizonshemato.com\/wp-content\/uploads\/2019\/04\/16788344_10154104850125764_1411989769_n.jpg\" data-title=\"h\u00e9t\u00e9rog\u00e9n\u00e9it\u00e9 de la fixation du FDG traduite par les valeurs du SUV (en rouge) de plusieurs sites abdominaux (A-S. COTTEREAU).\" title=\"h\u00e9t\u00e9rog\u00e9n\u00e9it\u00e9 de la fixation du FDG traduite par les valeurs du SUV (en rouge) de plusieurs sites abdominaux (A-S. COTTEREAU).\" rel=\"noreferrer\" data-rel=\"iLightbox[gallery_image_1]\" class=\"fusion-lightbox\" target=\"_self\"><div style=\"background-image:url(https:\/\/horizonshemato.com\/wp-content\/uploads\/2019\/04\/16788344_10154104850125764_1411989769_n.jpg);padding-top:calc((100% + 10px) * 0.8 - 5px);background-position:;\" class=\"fusion-masonry-element-container\"><img decoding=\"async\" src=\"https:\/\/horizonshemato.com\/wp-content\/uploads\/2019\/04\/16788344_10154104850125764_1411989769_n.jpg\" width=\"946\" height=\"702\" alt=\"\" title=\"h\u00e9t\u00e9rog\u00e9n\u00e9it\u00e9 de la fixation du FDG traduite par les valeurs du SUV (en rouge) de plusieurs sites abdominaux (A-S. COTTEREAU).\" aria-label=\"h\u00e9t\u00e9rog\u00e9n\u00e9it\u00e9 de la fixation du FDG traduite par les valeurs du SUV (en rouge) de plusieurs sites abdominaux (A-S. COTTEREAU).\" class=\"img-responsive wp-image-14551\" srcset=\"https:\/\/horizonshemato.com\/wp-content\/uploads\/2019\/04\/16788344_10154104850125764_1411989769_n-200x148.jpg 200w, https:\/\/horizonshemato.com\/wp-content\/uploads\/2019\/04\/16788344_10154104850125764_1411989769_n-400x297.jpg 400w, https:\/\/horizonshemato.com\/wp-content\/uploads\/2019\/04\/16788344_10154104850125764_1411989769_n-600x445.jpg 600w, https:\/\/horizonshemato.com\/wp-content\/uploads\/2019\/04\/16788344_10154104850125764_1411989769_n-800x594.jpg 800w, https:\/\/horizonshemato.com\/wp-content\/uploads\/2019\/04\/16788344_10154104850125764_1411989769_n.jpg 946w\" sizes=\"(min-width: 2200px) 100vw, (min-width: 824px) 363px, (min-width: 732px) 545px, (min-width: 640px) 732px, \" \/><\/div><\/a><\/div><\/div><\/div><\/div><div class=\"fusion-clearfix\"><\/div><\/div><\/div><\/div><\/div>\n","protected":false},"excerpt":{"rendered":"","protected":false},"author":1,"featured_media":0,"parent":0,"menu_order":0,"comment_status":"closed","ping_status":"closed","template":"","meta":{"_monsterinsights_skip_tracking":false,"_monsterinsights_sitenote_active":false,"_monsterinsights_sitenote_note":"","_monsterinsights_sitenote_category":0,"footnotes":""},"class_list":["post-14568","page","type-page","status-publish","hentry"],"yoast_head":"<!-- This site is optimized with the Yoast SEO plugin v27.1.1 - https:\/\/yoast.com\/product\/yoast-seo-wordpress\/ -->\n<title>Lymphomes folliculaires - Horizons H\u00e9mato<\/title>\n<meta name=\"robots\" content=\"index, follow, max-snippet:-1, max-image-preview:large, max-video-preview:-1\" \/>\n<link rel=\"canonical\" href=\"https:\/\/horizonshemato.com\/en\/lymphomes-folliculaires-2\/\" \/>\n<meta property=\"og:locale\" content=\"en_US\" \/>\n<meta property=\"og:type\" content=\"article\" \/>\n<meta property=\"og:title\" content=\"Lymphomes folliculaires - Horizons H\u00e9mato\" \/>\n<meta property=\"og:url\" content=\"https:\/\/horizonshemato.com\/en\/lymphomes-folliculaires-2\/\" \/>\n<meta property=\"og:site_name\" content=\"Horizons H\u00e9mato\" \/>\n<meta property=\"article:modified_time\" content=\"2024-01-08T17:17:16+00:00\" \/>\n<meta name=\"twitter:card\" content=\"summary_large_image\" \/>\n<meta name=\"twitter:label1\" content=\"Est. reading time\" \/>\n\t<meta name=\"twitter:data1\" content=\"1 minute\" \/>\n<script type=\"application\/ld+json\" class=\"yoast-schema-graph\">{\"@context\":\"https:\/\/schema.org\",\"@graph\":[{\"@type\":\"WebPage\",\"@id\":\"https:\/\/horizonshemato.com\/lymphomes-folliculaires-2\/\",\"url\":\"https:\/\/horizonshemato.com\/lymphomes-folliculaires-2\/\",\"name\":\"Lymphomes folliculaires - Horizons H\u00e9mato\",\"isPartOf\":{\"@id\":\"https:\/\/horizonshemato.com\/#website\"},\"datePublished\":\"2019-04-17T10:51:30+00:00\",\"dateModified\":\"2024-01-08T17:17:16+00:00\",\"breadcrumb\":{\"@id\":\"https:\/\/horizonshemato.com\/lymphomes-folliculaires-2\/#breadcrumb\"},\"inLanguage\":\"en-US\",\"potentialAction\":[{\"@type\":\"ReadAction\",\"target\":[\"https:\/\/horizonshemato.com\/lymphomes-folliculaires-2\/\"]}]},{\"@type\":\"BreadcrumbList\",\"@id\":\"https:\/\/horizonshemato.com\/lymphomes-folliculaires-2\/#breadcrumb\",\"itemListElement\":[{\"@type\":\"ListItem\",\"position\":1,\"name\":\"Accueil\",\"item\":\"https:\/\/horizonshemato.com\/\"},{\"@type\":\"ListItem\",\"position\":2,\"name\":\"Lymphomes folliculaires\"}]},{\"@type\":\"WebSite\",\"@id\":\"https:\/\/horizonshemato.com\/#website\",\"url\":\"https:\/\/horizonshemato.com\/\",\"name\":\"Horizons H\u00e9mato\",\"description\":\"La revue des pratiques en h\u00e9matologie\",\"potentialAction\":[{\"@type\":\"SearchAction\",\"target\":{\"@type\":\"EntryPoint\",\"urlTemplate\":\"https:\/\/horizonshemato.com\/?s={search_term_string}\"},\"query-input\":{\"@type\":\"PropertyValueSpecification\",\"valueRequired\":true,\"valueName\":\"search_term_string\"}}],\"inLanguage\":\"en-US\"}]}<\/script>\n<!-- \/ Yoast SEO plugin. -->","yoast_head_json":{"title":"Lymphomes folliculaires - Horizons H\u00e9mato","robots":{"index":"index","follow":"follow","max-snippet":"max-snippet:-1","max-image-preview":"max-image-preview:large","max-video-preview":"max-video-preview:-1"},"canonical":"https:\/\/horizonshemato.com\/en\/lymphomes-folliculaires-2\/","og_locale":"en_US","og_type":"article","og_title":"Lymphomes folliculaires - Horizons H\u00e9mato","og_url":"https:\/\/horizonshemato.com\/en\/lymphomes-folliculaires-2\/","og_site_name":"Horizons H\u00e9mato","article_modified_time":"2024-01-08T17:17:16+00:00","twitter_card":"summary_large_image","twitter_misc":{"Est. reading time":"1 minute"},"schema":{"@context":"https:\/\/schema.org","@graph":[{"@type":"WebPage","@id":"https:\/\/horizonshemato.com\/lymphomes-folliculaires-2\/","url":"https:\/\/horizonshemato.com\/lymphomes-folliculaires-2\/","name":"Lymphomes folliculaires - Horizons H\u00e9mato","isPartOf":{"@id":"https:\/\/horizonshemato.com\/#website"},"datePublished":"2019-04-17T10:51:30+00:00","dateModified":"2024-01-08T17:17:16+00:00","breadcrumb":{"@id":"https:\/\/horizonshemato.com\/lymphomes-folliculaires-2\/#breadcrumb"},"inLanguage":"en-US","potentialAction":[{"@type":"ReadAction","target":["https:\/\/horizonshemato.com\/lymphomes-folliculaires-2\/"]}]},{"@type":"BreadcrumbList","@id":"https:\/\/horizonshemato.com\/lymphomes-folliculaires-2\/#breadcrumb","itemListElement":[{"@type":"ListItem","position":1,"name":"Accueil","item":"https:\/\/horizonshemato.com\/"},{"@type":"ListItem","position":2,"name":"Lymphomes folliculaires"}]},{"@type":"WebSite","@id":"https:\/\/horizonshemato.com\/#website","url":"https:\/\/horizonshemato.com\/","name":"Horizons H\u00e9mato","description":"La revue des pratiques en h\u00e9matologie","potentialAction":[{"@type":"SearchAction","target":{"@type":"EntryPoint","urlTemplate":"https:\/\/horizonshemato.com\/?s={search_term_string}"},"query-input":{"@type":"PropertyValueSpecification","valueRequired":true,"valueName":"search_term_string"}}],"inLanguage":"en-US"}]}},"_links":{"self":[{"href":"https:\/\/horizonshemato.com\/en\/wp-json\/wp\/v2\/pages\/14568","targetHints":{"allow":["GET"]}}],"collection":[{"href":"https:\/\/horizonshemato.com\/en\/wp-json\/wp\/v2\/pages"}],"about":[{"href":"https:\/\/horizonshemato.com\/en\/wp-json\/wp\/v2\/types\/page"}],"author":[{"embeddable":true,"href":"https:\/\/horizonshemato.com\/en\/wp-json\/wp\/v2\/users\/1"}],"replies":[{"embeddable":true,"href":"https:\/\/horizonshemato.com\/en\/wp-json\/wp\/v2\/comments?post=14568"}],"version-history":[{"count":5,"href":"https:\/\/horizonshemato.com\/en\/wp-json\/wp\/v2\/pages\/14568\/revisions"}],"predecessor-version":[{"id":17866,"href":"https:\/\/horizonshemato.com\/en\/wp-json\/wp\/v2\/pages\/14568\/revisions\/17866"}],"wp:attachment":[{"href":"https:\/\/horizonshemato.com\/en\/wp-json\/wp\/v2\/media?parent=14568"}],"curies":[{"name":"wp","href":"https:\/\/api.w.org\/{rel}","templated":true}]}}