{"id":14440,"date":"2019-04-04T09:20:10","date_gmt":"2019-04-04T09:20:10","guid":{"rendered":"http:\/\/horizonshemato.com\/?page_id=14440"},"modified":"2024-01-08T17:17:14","modified_gmt":"2024-01-08T17:17:14","slug":"anemies-carentielles-non-malignes","status":"publish","type":"page","link":"https:\/\/horizonshemato.com\/en\/anemies-carentielles-non-malignes\/","title":{"rendered":"An\u00e9mies carentielles non malignes"},"content":{"rendered":"<div class=\"fusion-fullwidth fullwidth-box fusion-builder-row-1 nonhundred-percent-fullwidth non-hundred-percent-height-scrolling\" style=\"--awb-border-radius-top-left:0px;--awb-border-radius-top-right:0px;--awb-border-radius-bottom-right:0px;--awb-border-radius-bottom-left:0px;--awb-flex-wrap:wrap;\" ><div class=\"fusion-builder-row fusion-row\"><div class=\"fusion-layout-column fusion_builder_column fusion-builder-column-0 fusion_builder_column_1_1 1_1 fusion-one-full fusion-column-first fusion-column-last\" style=\"--awb-bg-size:cover;\"><div class=\"fusion-column-wrapper fusion-flex-column-wrapper-legacy\"><div class=\"fusion-title title fusion-title-1 fusion-sep-none fusion-title-center fusion-title-text fusion-title-size-one\" style=\"--awb-margin-top-small:10px;--awb-margin-right-small:0px;--awb-margin-bottom-small:10px;--awb-margin-left-small:0px;\"><h1 class=\"fusion-title-heading title-heading-center fusion-responsive-typography-calculated\" style=\"margin:0;--fontSize:33;line-height:1.45;\"><p style=\"text-align: center;\"><strong>An\u00e9mies carentielles non malignes<\/strong><\/p><\/h1><\/div><div class=\"fusion-text fusion-text-1\"><p style=\"text-align: center;\">Les images qui vous sont propos\u00e9es ici sont issues du Grand Angle consacr\u00e9 aux An\u00e9mies carentielles non malignes.<br \/>\nElles ont \u00e9t\u00e9 fournies par les auteurs du Vol.9 n\u00b01 Mars 2019, et sont libres de droits.<\/p>\n<\/div><div class=\"awb-gallery-wrapper awb-gallery-wrapper-1 button-span-no\"><div style=\"margin:-5px;--awb-bordersize:0px;--awb-columns-medium:100%;--awb-columns-small:100%;\" class=\"fusion-gallery fusion-gallery-container fusion-grid-3 fusion-columns-total-5 fusion-gallery-layout-masonry fusion-gallery-1\"><div class=\"fusion-grid-column fusion-gallery-column fusion-gallery-column-3 hover-type-zoomin fusion-grid-sizer\"><\/div><div style=\"padding:5px;\" class=\"fusion-grid-column fusion-gallery-column fusion-gallery-column-3 hover-type-zoomin fusion-element-grid\"><div class=\"fusion-gallery-image\"><a href=\"https:\/\/horizonshemato.com\/wp-content\/uploads\/2019\/04\/Capture-d\u2019\u00e9cran-2019-04-04-\u00e0-16.46.42.png\" data-title=\"O. Hermine, r\u00e9gulation de l&rsquo;\u00e9rythropo\u00ef\u00e8se.\" title=\"O. Hermine, r\u00e9gulation de l&rsquo;\u00e9rythropo\u00ef\u00e8se.\" rel=\"noreferrer\" data-rel=\"iLightbox[gallery_image_1]\" class=\"fusion-lightbox\" target=\"_self\"><div style=\"background-image:url(https:\/\/horizonshemato.com\/wp-content\/uploads\/2019\/04\/Capture-d\u2019\u00e9cran-2019-04-04-\u00e0-16.46.42.png);padding-top:calc((100% + 10px) * 0.8 - 5px);background-position:;\" class=\"fusion-masonry-element-container\"><img decoding=\"async\" src=\"https:\/\/horizonshemato.com\/wp-content\/uploads\/2019\/04\/Capture-d\u2019\u00e9cran-2019-04-04-\u00e0-16.46.42.png\" width=\"1548\" height=\"1174\" alt=\"\" title=\"O. Hermine, r\u00e9gulation de l&rsquo;\u00e9rythropo\u00ef\u00e8se.\" aria-label=\"O. Hermine, r\u00e9gulation de l&rsquo;\u00e9rythropo\u00ef\u00e8se.\" class=\"img-responsive wp-image-14454\" srcset=\"https:\/\/horizonshemato.com\/wp-content\/uploads\/2019\/04\/Capture-d\u2019\u00e9cran-2019-04-04-\u00e0-16.46.42-200x152.png 200w, https:\/\/horizonshemato.com\/wp-content\/uploads\/2019\/04\/Capture-d\u2019\u00e9cran-2019-04-04-\u00e0-16.46.42-400x303.png 400w, https:\/\/horizonshemato.com\/wp-content\/uploads\/2019\/04\/Capture-d\u2019\u00e9cran-2019-04-04-\u00e0-16.46.42-600x455.png 600w, https:\/\/horizonshemato.com\/wp-content\/uploads\/2019\/04\/Capture-d\u2019\u00e9cran-2019-04-04-\u00e0-16.46.42-800x607.png 800w, https:\/\/horizonshemato.com\/wp-content\/uploads\/2019\/04\/Capture-d\u2019\u00e9cran-2019-04-04-\u00e0-16.46.42-1200x910.png 1200w, https:\/\/horizonshemato.com\/wp-content\/uploads\/2019\/04\/Capture-d\u2019\u00e9cran-2019-04-04-\u00e0-16.46.42.png 1548w\" sizes=\"(min-width: 2200px) 100vw, (min-width: 824px) 363px, (min-width: 732px) 545px, (min-width: 640px) 732px, \" \/><\/div><\/a><\/div><\/div><div style=\"padding:5px;\" class=\"fusion-grid-column fusion-gallery-column fusion-gallery-column-3 hover-type-zoomin fusion-element-landscape\"><div class=\"fusion-gallery-image\"><a href=\"https:\/\/horizonshemato.com\/wp-content\/uploads\/2019\/04\/Capture-d\u2019\u00e9cran-2019-04-04-\u00e0-16.47.12.png\" data-title=\"Le fer dans l\u2019organisme : une utilisation en circuit ferm\u00e9 (S. Vaulont).\" title=\"Le fer dans l\u2019organisme : une utilisation en circuit ferm\u00e9 (S. Vaulont).\" rel=\"noreferrer\" data-rel=\"iLightbox[gallery_image_1]\" class=\"fusion-lightbox\" target=\"_self\"><div style=\"background-image:url(https:\/\/horizonshemato.com\/wp-content\/uploads\/2019\/04\/Capture-d\u2019\u00e9cran-2019-04-04-\u00e0-16.47.12.png);padding-top:calc((100% + 10px) * 0.4 - 5px);background-position:;\" class=\"fusion-masonry-element-container\"><img decoding=\"async\" src=\"https:\/\/horizonshemato.com\/wp-content\/uploads\/2019\/04\/Capture-d\u2019\u00e9cran-2019-04-04-\u00e0-16.47.12.png\" width=\"1502\" height=\"872\" alt=\"\" title=\"Le fer dans l\u2019organisme : une utilisation en circuit ferm\u00e9 (S. Vaulont).\" aria-label=\"Le fer dans l\u2019organisme : une utilisation en circuit ferm\u00e9 (S. Vaulont).\" class=\"img-responsive wp-image-14455\" srcset=\"https:\/\/horizonshemato.com\/wp-content\/uploads\/2019\/04\/Capture-d\u2019\u00e9cran-2019-04-04-\u00e0-16.47.12-200x116.png 200w, https:\/\/horizonshemato.com\/wp-content\/uploads\/2019\/04\/Capture-d\u2019\u00e9cran-2019-04-04-\u00e0-16.47.12-400x232.png 400w, https:\/\/horizonshemato.com\/wp-content\/uploads\/2019\/04\/Capture-d\u2019\u00e9cran-2019-04-04-\u00e0-16.47.12-600x348.png 600w, https:\/\/horizonshemato.com\/wp-content\/uploads\/2019\/04\/Capture-d\u2019\u00e9cran-2019-04-04-\u00e0-16.47.12-800x464.png 800w, https:\/\/horizonshemato.com\/wp-content\/uploads\/2019\/04\/Capture-d\u2019\u00e9cran-2019-04-04-\u00e0-16.47.12-1200x697.png 1200w, https:\/\/horizonshemato.com\/wp-content\/uploads\/2019\/04\/Capture-d\u2019\u00e9cran-2019-04-04-\u00e0-16.47.12.png 1502w\" sizes=\"(min-width: 2200px) 100vw, (min-width: 640px) 1100px, \" \/><\/div><\/a><\/div><\/div><div style=\"padding:5px;\" class=\"fusion-grid-column fusion-gallery-column fusion-gallery-column-3 hover-type-zoomin fusion-element-landscape\"><div class=\"fusion-gallery-image\"><a href=\"https:\/\/horizonshemato.com\/wp-content\/uploads\/2019\/04\/Capture-d\u2019\u00e9cran-2019-04-04-\u00e0-16.52.01.png\" data-title=\"R\u00f4le de l\u2019hepcidine dans le maintien de l\u2019hom\u00e9ostasie du fer (S. Vaulont).\" title=\"R\u00f4le de l\u2019hepcidine dans le maintien de l\u2019hom\u00e9ostasie du fer (S. Vaulont).\" rel=\"noreferrer\" data-rel=\"iLightbox[gallery_image_1]\" class=\"fusion-lightbox\" target=\"_self\"><div style=\"background-image:url(https:\/\/horizonshemato.com\/wp-content\/uploads\/2019\/04\/Capture-d\u2019\u00e9cran-2019-04-04-\u00e0-16.52.01.png);padding-top:calc((100% + 10px) * 0.4 - 5px);background-position:;\" class=\"fusion-masonry-element-container\"><img decoding=\"async\" src=\"https:\/\/horizonshemato.com\/wp-content\/uploads\/2019\/04\/Capture-d\u2019\u00e9cran-2019-04-04-\u00e0-16.52.01.png\" width=\"1504\" height=\"736\" alt=\"\" title=\"R\u00f4le de l\u2019hepcidine dans le maintien de l\u2019hom\u00e9ostasie du fer (S. Vaulont).\" aria-label=\"R\u00f4le de l\u2019hepcidine dans le maintien de l\u2019hom\u00e9ostasie du fer (S. Vaulont).\" class=\"img-responsive wp-image-14458\" srcset=\"https:\/\/horizonshemato.com\/wp-content\/uploads\/2019\/04\/Capture-d\u2019\u00e9cran-2019-04-04-\u00e0-16.52.01-200x98.png 200w, https:\/\/horizonshemato.com\/wp-content\/uploads\/2019\/04\/Capture-d\u2019\u00e9cran-2019-04-04-\u00e0-16.52.01-400x196.png 400w, https:\/\/horizonshemato.com\/wp-content\/uploads\/2019\/04\/Capture-d\u2019\u00e9cran-2019-04-04-\u00e0-16.52.01-600x294.png 600w, https:\/\/horizonshemato.com\/wp-content\/uploads\/2019\/04\/Capture-d\u2019\u00e9cran-2019-04-04-\u00e0-16.52.01-800x391.png 800w, https:\/\/horizonshemato.com\/wp-content\/uploads\/2019\/04\/Capture-d\u2019\u00e9cran-2019-04-04-\u00e0-16.52.01-1200x587.png 1200w, https:\/\/horizonshemato.com\/wp-content\/uploads\/2019\/04\/Capture-d\u2019\u00e9cran-2019-04-04-\u00e0-16.52.01.png 1504w\" sizes=\"(min-width: 2200px) 100vw, (min-width: 640px) 1100px, \" \/><\/div><\/a><\/div><\/div><div style=\"padding:5px;\" class=\"fusion-grid-column fusion-gallery-column fusion-gallery-column-3 hover-type-zoomin fusion-element-landscape\"><div class=\"fusion-gallery-image\"><a href=\"https:\/\/horizonshemato.com\/wp-content\/uploads\/2019\/04\/Capture-d\u2019\u00e9cran-2019-04-04-\u00e0-16.53.36.png\" data-title=\"Aspect de maturation in vitro au cours de la culture (L. Douay).\" title=\"Aspect de maturation in vitro au cours de la culture (L. Douay).\" rel=\"noreferrer\" data-rel=\"iLightbox[gallery_image_1]\" class=\"fusion-lightbox\" target=\"_self\"><div style=\"background-image:url(https:\/\/horizonshemato.com\/wp-content\/uploads\/2019\/04\/Capture-d\u2019\u00e9cran-2019-04-04-\u00e0-16.53.36.png);padding-top:calc((100% + 10px) * 0.4 - 5px);background-position:;\" class=\"fusion-masonry-element-container\"><img decoding=\"async\" src=\"https:\/\/horizonshemato.com\/wp-content\/uploads\/2019\/04\/Capture-d\u2019\u00e9cran-2019-04-04-\u00e0-16.53.36.png\" width=\"1892\" height=\"608\" alt=\"\" title=\"Aspect de maturation in vitro au cours de la culture (L. Douay).\" aria-label=\"Aspect de maturation in vitro au cours de la culture (L. Douay).\" class=\"img-responsive wp-image-14459\" srcset=\"https:\/\/horizonshemato.com\/wp-content\/uploads\/2019\/04\/Capture-d\u2019\u00e9cran-2019-04-04-\u00e0-16.53.36-200x64.png 200w, https:\/\/horizonshemato.com\/wp-content\/uploads\/2019\/04\/Capture-d\u2019\u00e9cran-2019-04-04-\u00e0-16.53.36-400x129.png 400w, https:\/\/horizonshemato.com\/wp-content\/uploads\/2019\/04\/Capture-d\u2019\u00e9cran-2019-04-04-\u00e0-16.53.36-600x193.png 600w, https:\/\/horizonshemato.com\/wp-content\/uploads\/2019\/04\/Capture-d\u2019\u00e9cran-2019-04-04-\u00e0-16.53.36-800x257.png 800w, https:\/\/horizonshemato.com\/wp-content\/uploads\/2019\/04\/Capture-d\u2019\u00e9cran-2019-04-04-\u00e0-16.53.36-1200x386.png 1200w, https:\/\/horizonshemato.com\/wp-content\/uploads\/2019\/04\/Capture-d\u2019\u00e9cran-2019-04-04-\u00e0-16.53.36.png 1892w\" sizes=\"(min-width: 2200px) 100vw, (min-width: 640px) 1100px, \" \/><\/div><\/a><\/div><\/div><div style=\"padding:5px;\" class=\"fusion-grid-column fusion-gallery-column fusion-gallery-column-3 hover-type-zoomin fusion-element-grid\"><div class=\"fusion-gallery-image\"><a href=\"https:\/\/horizonshemato.com\/wp-content\/uploads\/2019\/04\/Capture-d\u2019\u00e9cran-2019-04-04-\u00e0-12.30.57.png\" data-title=\"Aspect tridimensionnel des GRc en microscopie confocale (L. Douay).\" title=\"Aspect tridimensionnel des GRc en microscopie confocale (L. Douay).\" rel=\"noreferrer\" data-rel=\"iLightbox[gallery_image_1]\" class=\"fusion-lightbox\" target=\"_self\"><div style=\"background-image:url(https:\/\/horizonshemato.com\/wp-content\/uploads\/2019\/04\/Capture-d\u2019\u00e9cran-2019-04-04-\u00e0-12.30.57.png);padding-top:calc((100% + 10px) * 0.8 - 5px);background-position:;\" class=\"fusion-masonry-element-container\"><img decoding=\"async\" src=\"https:\/\/horizonshemato.com\/wp-content\/uploads\/2019\/04\/Capture-d\u2019\u00e9cran-2019-04-04-\u00e0-12.30.57.png\" width=\"808\" height=\"718\" alt=\"\" title=\"Aspect tridimensionnel des GRc en microscopie confocale (L. Douay).\" aria-label=\"Aspect tridimensionnel des GRc en microscopie confocale (L. Douay).\" class=\"img-responsive wp-image-14453\" srcset=\"https:\/\/horizonshemato.com\/wp-content\/uploads\/2019\/04\/Capture-d\u2019\u00e9cran-2019-04-04-\u00e0-12.30.57-200x178.png 200w, https:\/\/horizonshemato.com\/wp-content\/uploads\/2019\/04\/Capture-d\u2019\u00e9cran-2019-04-04-\u00e0-12.30.57-400x355.png 400w, https:\/\/horizonshemato.com\/wp-content\/uploads\/2019\/04\/Capture-d\u2019\u00e9cran-2019-04-04-\u00e0-12.30.57-600x533.png 600w, https:\/\/horizonshemato.com\/wp-content\/uploads\/2019\/04\/Capture-d\u2019\u00e9cran-2019-04-04-\u00e0-12.30.57-800x711.png 800w, https:\/\/horizonshemato.com\/wp-content\/uploads\/2019\/04\/Capture-d\u2019\u00e9cran-2019-04-04-\u00e0-12.30.57.png 808w\" sizes=\"(min-width: 2200px) 100vw, (min-width: 824px) 363px, (min-width: 732px) 545px, (min-width: 640px) 732px, \" \/><\/div><\/a><\/div><\/div><\/div><\/div><div class=\"fusion-clearfix\"><\/div><\/div><\/div><\/div><\/div>\n","protected":false},"excerpt":{"rendered":"","protected":false},"author":1,"featured_media":0,"parent":0,"menu_order":0,"comment_status":"closed","ping_status":"closed","template":"","meta":{"_monsterinsights_skip_tracking":false,"_monsterinsights_sitenote_active":false,"_monsterinsights_sitenote_note":"","_monsterinsights_sitenote_category":0,"footnotes":""},"class_list":["post-14440","page","type-page","status-publish","hentry"],"yoast_head":"<!-- This site is optimized with the Yoast SEO plugin v27.1.1 - https:\/\/yoast.com\/product\/yoast-seo-wordpress\/ -->\n<title>An\u00e9mies carentielles non malignes - Horizons H\u00e9mato<\/title>\n<meta name=\"robots\" content=\"index, follow, max-snippet:-1, max-image-preview:large, max-video-preview:-1\" \/>\n<link rel=\"canonical\" href=\"https:\/\/horizonshemato.com\/en\/anemies-carentielles-non-malignes\/\" \/>\n<meta property=\"og:locale\" content=\"en_US\" \/>\n<meta property=\"og:type\" content=\"article\" \/>\n<meta property=\"og:title\" content=\"An\u00e9mies carentielles non malignes - Horizons H\u00e9mato\" \/>\n<meta property=\"og:url\" content=\"https:\/\/horizonshemato.com\/en\/anemies-carentielles-non-malignes\/\" \/>\n<meta property=\"og:site_name\" content=\"Horizons H\u00e9mato\" \/>\n<meta property=\"article:modified_time\" content=\"2024-01-08T17:17:14+00:00\" \/>\n<meta name=\"twitter:card\" content=\"summary_large_image\" \/>\n<meta name=\"twitter:label1\" content=\"Est. reading time\" \/>\n\t<meta name=\"twitter:data1\" content=\"1 minute\" \/>\n<script type=\"application\/ld+json\" class=\"yoast-schema-graph\">{\"@context\":\"https:\/\/schema.org\",\"@graph\":[{\"@type\":\"WebPage\",\"@id\":\"https:\/\/horizonshemato.com\/anemies-carentielles-non-malignes\/\",\"url\":\"https:\/\/horizonshemato.com\/anemies-carentielles-non-malignes\/\",\"name\":\"An\u00e9mies carentielles non malignes - Horizons H\u00e9mato\",\"isPartOf\":{\"@id\":\"https:\/\/horizonshemato.com\/#website\"},\"datePublished\":\"2019-04-04T09:20:10+00:00\",\"dateModified\":\"2024-01-08T17:17:14+00:00\",\"breadcrumb\":{\"@id\":\"https:\/\/horizonshemato.com\/anemies-carentielles-non-malignes\/#breadcrumb\"},\"inLanguage\":\"en-US\",\"potentialAction\":[{\"@type\":\"ReadAction\",\"target\":[\"https:\/\/horizonshemato.com\/anemies-carentielles-non-malignes\/\"]}]},{\"@type\":\"BreadcrumbList\",\"@id\":\"https:\/\/horizonshemato.com\/anemies-carentielles-non-malignes\/#breadcrumb\",\"itemListElement\":[{\"@type\":\"ListItem\",\"position\":1,\"name\":\"Accueil\",\"item\":\"https:\/\/horizonshemato.com\/\"},{\"@type\":\"ListItem\",\"position\":2,\"name\":\"An\u00e9mies carentielles non malignes\"}]},{\"@type\":\"WebSite\",\"@id\":\"https:\/\/horizonshemato.com\/#website\",\"url\":\"https:\/\/horizonshemato.com\/\",\"name\":\"Horizons H\u00e9mato\",\"description\":\"La revue des pratiques en h\u00e9matologie\",\"potentialAction\":[{\"@type\":\"SearchAction\",\"target\":{\"@type\":\"EntryPoint\",\"urlTemplate\":\"https:\/\/horizonshemato.com\/?s={search_term_string}\"},\"query-input\":{\"@type\":\"PropertyValueSpecification\",\"valueRequired\":true,\"valueName\":\"search_term_string\"}}],\"inLanguage\":\"en-US\"}]}<\/script>\n<!-- \/ Yoast SEO plugin. -->","yoast_head_json":{"title":"An\u00e9mies carentielles non malignes - Horizons H\u00e9mato","robots":{"index":"index","follow":"follow","max-snippet":"max-snippet:-1","max-image-preview":"max-image-preview:large","max-video-preview":"max-video-preview:-1"},"canonical":"https:\/\/horizonshemato.com\/en\/anemies-carentielles-non-malignes\/","og_locale":"en_US","og_type":"article","og_title":"An\u00e9mies carentielles non malignes - Horizons H\u00e9mato","og_url":"https:\/\/horizonshemato.com\/en\/anemies-carentielles-non-malignes\/","og_site_name":"Horizons H\u00e9mato","article_modified_time":"2024-01-08T17:17:14+00:00","twitter_card":"summary_large_image","twitter_misc":{"Est. reading time":"1 minute"},"schema":{"@context":"https:\/\/schema.org","@graph":[{"@type":"WebPage","@id":"https:\/\/horizonshemato.com\/anemies-carentielles-non-malignes\/","url":"https:\/\/horizonshemato.com\/anemies-carentielles-non-malignes\/","name":"An\u00e9mies carentielles non malignes - Horizons H\u00e9mato","isPartOf":{"@id":"https:\/\/horizonshemato.com\/#website"},"datePublished":"2019-04-04T09:20:10+00:00","dateModified":"2024-01-08T17:17:14+00:00","breadcrumb":{"@id":"https:\/\/horizonshemato.com\/anemies-carentielles-non-malignes\/#breadcrumb"},"inLanguage":"en-US","potentialAction":[{"@type":"ReadAction","target":["https:\/\/horizonshemato.com\/anemies-carentielles-non-malignes\/"]}]},{"@type":"BreadcrumbList","@id":"https:\/\/horizonshemato.com\/anemies-carentielles-non-malignes\/#breadcrumb","itemListElement":[{"@type":"ListItem","position":1,"name":"Accueil","item":"https:\/\/horizonshemato.com\/"},{"@type":"ListItem","position":2,"name":"An\u00e9mies carentielles non malignes"}]},{"@type":"WebSite","@id":"https:\/\/horizonshemato.com\/#website","url":"https:\/\/horizonshemato.com\/","name":"Horizons H\u00e9mato","description":"La revue des pratiques en h\u00e9matologie","potentialAction":[{"@type":"SearchAction","target":{"@type":"EntryPoint","urlTemplate":"https:\/\/horizonshemato.com\/?s={search_term_string}"},"query-input":{"@type":"PropertyValueSpecification","valueRequired":true,"valueName":"search_term_string"}}],"inLanguage":"en-US"}]}},"_links":{"self":[{"href":"https:\/\/horizonshemato.com\/en\/wp-json\/wp\/v2\/pages\/14440","targetHints":{"allow":["GET"]}}],"collection":[{"href":"https:\/\/horizonshemato.com\/en\/wp-json\/wp\/v2\/pages"}],"about":[{"href":"https:\/\/horizonshemato.com\/en\/wp-json\/wp\/v2\/types\/page"}],"author":[{"embeddable":true,"href":"https:\/\/horizonshemato.com\/en\/wp-json\/wp\/v2\/users\/1"}],"replies":[{"embeddable":true,"href":"https:\/\/horizonshemato.com\/en\/wp-json\/wp\/v2\/comments?post=14440"}],"version-history":[{"count":7,"href":"https:\/\/horizonshemato.com\/en\/wp-json\/wp\/v2\/pages\/14440\/revisions"}],"predecessor-version":[{"id":17846,"href":"https:\/\/horizonshemato.com\/en\/wp-json\/wp\/v2\/pages\/14440\/revisions\/17846"}],"wp:attachment":[{"href":"https:\/\/horizonshemato.com\/en\/wp-json\/wp\/v2\/media?parent=14440"}],"curies":[{"name":"wp","href":"https:\/\/api.w.org\/{rel}","templated":true}]}}