{"id":12677,"date":"2018-02-12T15:49:20","date_gmt":"2018-02-12T15:49:20","guid":{"rendered":"http:\/\/horizonshemato.com\/?page_id=12677"},"modified":"2024-01-08T17:16:58","modified_gmt":"2024-01-08T17:16:58","slug":"mentions-legales","status":"publish","type":"page","link":"https:\/\/horizonshemato.com\/en\/mentions-legales\/","title":{"rendered":"Mentions l\u00e9gales"},"content":{"rendered":"<p><b>\u00c9DITEUR<\/b><\/p>\n<p>Horizons H\u00e9mato<br \/>\nest \u00e9dit\u00e9 par Intercom Sant\u00e9,<br \/>\n2 Rue de Penthi\u00e8vre, 75008 Paris<br \/>\nT\u00e9l\/Fax\u00a0:\u00a001 74 53 36 97<\/p>\n<p>SARL au capital de 5 000 \u20ac<br \/>\n<strong>n\u00b0 SIRET :<\/strong> 500 641 345 RCS Nanterre<br \/>\n<strong>ISSN :<\/strong>\u00a02270-9290<\/p>\n<p>Contact\u00a0: <a href=\"mailto:intercom@intercomsante.fr\">intercom@intercomsante.fr<\/a><\/p>\n<p><b>\u00a0<\/b><\/p>\n<p><b>H\u00c9BERGEUR<\/b><\/p>\n<p>est h\u00e9berg\u00e9 par la soci\u00e9t\u00e9 \u00a01&amp;1 Internet SARL<br \/>\n7, place de la Gare &#8211;\u00a0BP 70109<br \/>\n57201 Sarreguemines Cedex<\/p>\n<p>&nbsp;<\/p>\n<p><b>AUDIENCE<\/b><\/p>\n<p>horizonshemato.com est r\u00e9serv\u00e9 aux professionnels de sant\u00e9 et aux abonn\u00e9s des publications \u00e9dit\u00e9es par Intercom Sant\u00e9.\u00a0Pour avoir acc\u00e8s aux contenus du site, l\u2019utilisateur doit \u00eatre titulaire d\u2019un abonnement qui lui octroie un code d\u2019identification.<b><\/b><\/p>\n<p><b>\u00a0<\/b><\/p>\n<p><b>POLITIQUE DE CONFIDENTIALIT\u00c9 DES INFORMATIONS PERSONNELLES\u00a0<\/b><\/p>\n<p>Le site s\u2019engage \u00e0 prot\u00e9ger votre vie priv\u00e9e en ne divulguant aucune des informations recueillies par son biais \u00e0 des personnes tierces (abonnements, inscription\u2026).<\/p>\n<p>En conformit\u00e9 avec les dispositions l\u00e9gales en vigueur (application de la loi \u00ab Informatiques et Libert\u00e9s \u00bb du 6 janvier 1978), vous disposez en tant qu\u2019utilisateur du site d\u2019un droit d\u2019acc\u00e8s, de rectification et de suppression des donn\u00e9es personnelles qui vous concernent. Pour cela, vous pouvez vous adresser \u00e0 <a href=\"mailto:intercom@intercomsante.fr\">intercom@intercomsante.fr<\/a> .<\/p>\n<p>&nbsp;<\/p>\n<p><b>PROPRI\u00c9T\u00c9 INTELLECTUELLE\u00a0<\/b><\/p>\n<p>Tous les \u00e9l\u00e9ments publi\u00e9s sur le site (articles, donn\u00e9es visuelles et sonores) sont la propri\u00e9t\u00e9\u00a0de la soci\u00e9t\u00e9 \u00e9ditrice Intercom Sant\u00e9. Toute reproduction, exploitation, rediffusion est interdite, m\u00eame partiellement\u00a0sans autorisation pr\u00e9alable \u00e9crite de Intercom Sant\u00e9.<\/p>\n<p>Le code de la propri\u00e9t\u00e9 intellectuelle (article L.122-5) n\u2019autorise, d\u2019une part que \u00ab les copies ou reproductions strictement r\u00e9serv\u00e9es \u00e0 l\u2019usage priv\u00e9 du copiste et non destin\u00e9es \u00e0 une utilisation collective \u00bb et d\u2019autre part, \u00ab sous r\u00e9serve que soient indiqu\u00e9s clairement le nom de l\u2019auteur et la source, les analyses et courtes citations justifi\u00e9es par le caract\u00e8re critique, pol\u00e9mique, p\u00e9dagogique, scientifique ou d\u2019information de l\u2019\u0153uvre \u00e0 laquelle elles sont incorpor\u00e9es \u00bb.<\/p>\n<p>De ce fait, toute autre reproduction ou repr\u00e9sentation int\u00e9grale ou partielle faite sans le consentement de l\u2019auteur ou de ses ayants droit, ainsi que toute traduction, adaptation ou arrangement (article L.122-4) du site ou d\u2019\u00e9l\u00e9ments de son contenu, par quelque proc\u00e9dure que ce soit et sur quelque support que ce soit, constitue une contrefa\u00e7on sanctionn\u00e9e par les articles L.335-2 et suivants du Code de la propri\u00e9t\u00e9 intellectuelle.<\/p>\n<p>&nbsp;<\/p>\n<p><b>RESPONSABILIT\u00c9S<\/b><\/p>\n<p>Les contenus publi\u00e9s sur le site le sont sous la seule responsabilit\u00e9 de leurs auteurs et n\u2019engagent en aucune fa\u00e7on la soci\u00e9t\u00e9 \u00e9ditrice. Horizons H\u00e9mato et Intercomsant\u00e9 ne sauraient en aucun cas \u00eatre tenue responsable de tout dommage ou pr\u00e9judice caus\u00e9s aux personnes ou aux biens, qu\u2019il r\u00e9sulte de la responsabilit\u00e9 li\u00e9e aux contenus (opinions, id\u00e9es, m\u00e9thodes, instructions\u2026) du pr\u00e9sent site.<\/p>\n<p>Intercom Sant\u00e9 ne pourrait \u00eatre tenu responsable des dommages li\u00e9s \u00e0 l\u2019utilisation des informations contenues sur son site ni sur des sites tiers figurant sur ses pages web.<\/p>\n<p>&nbsp;<\/p>\n<p><b>CONDITIONS G\u00c9N\u00c9RALES DE VENTES<\/b><\/p>\n<p>Ventes effectu\u00e9es par Intercom Sant\u00e9,<br \/>\n2 Rue de Penthi\u00e8vre, 75008 Paris.<br \/>\nT\u00e9l\/Fax\u00a0:\u00a001 74 53 36 97<\/p>\n<p>SARL au capital de 5 000 \u20ac\u2028 \u2013 n\u00b0 SIRET : 500 641 345 RCS Nanterre<\/p>\n<p>Contact\u00a0: <a href=\"mailto:intercom@intercomsante.fr\">intercom@intercomsante.fr<\/a><\/p>\n<p>&nbsp;<\/p>\n<p><strong>Abonnement<\/strong> \u2013 Les prix affich\u00e9s TTC sont pour une dur\u00e9e d\u2019un an (parution trimestrielle). Ils comprennent 4 num\u00e9ros et ses suppl\u00e9ments.<\/p>\n<p>Tout abonnement ouvre droit \u00e0 l\u2019acc\u00e8s \u00e0 l\u2019int\u00e9gralit\u00e9 du contenu du site via l\u2019obtention d\u2019un code d\u2019acc\u00e8s valable durant toute la dur\u00e9e de l\u2019abonnement.<\/p>","protected":false},"excerpt":{"rendered":"<p>\u00c9DITEUR Horizons H\u00e9mato est \u00e9dit\u00e9 par Intercom Sant\u00e9, 2 Rue de Penthi\u00e8vre, 75008 Paris T\u00e9l\/Fax\u00a0:\u00a001 74 53 36 97 SARL au capital de 5 000 \u20ac n\u00b0 SIRET : 500 641 345 RCS Nanterre ISSN :\u00a02270-9290 Contact\u00a0: intercom@intercomsante.fr \u00a0 H\u00c9BERGEUR est h\u00e9berg\u00e9 par la soci\u00e9t\u00e9 \u00a01&amp;1 Internet SARL 7, place de la Gare &#8211;\u00a0BP 70109 57201  [&#8230;]<\/p>\n","protected":false},"author":1,"featured_media":0,"parent":0,"menu_order":0,"comment_status":"closed","ping_status":"closed","template":"","meta":{"_monsterinsights_skip_tracking":false,"_monsterinsights_sitenote_active":false,"_monsterinsights_sitenote_note":"","_monsterinsights_sitenote_category":0,"footnotes":""},"class_list":["post-12677","page","type-page","status-publish","hentry"],"yoast_head":"<!-- This site is optimized with the Yoast SEO plugin v27.1.1 - https:\/\/yoast.com\/product\/yoast-seo-wordpress\/ -->\n<title>Mentions l\u00e9gales - Horizons H\u00e9mato<\/title>\n<meta name=\"robots\" content=\"index, follow, max-snippet:-1, max-image-preview:large, max-video-preview:-1\" \/>\n<link rel=\"canonical\" href=\"https:\/\/horizonshemato.com\/en\/mentions-legales\/\" \/>\n<meta property=\"og:locale\" content=\"en_US\" \/>\n<meta property=\"og:type\" content=\"article\" \/>\n<meta property=\"og:title\" content=\"Mentions l\u00e9gales - Horizons H\u00e9mato\" \/>\n<meta property=\"og:description\" content=\"\u00c9DITEUR Horizons H\u00e9mato est \u00e9dit\u00e9 par Intercom Sant\u00e9, 2 Rue de Penthi\u00e8vre, 75008 Paris T\u00e9l\/Fax\u00a0:\u00a001 74 53 36 97 SARL au capital de 5 000 \u20ac n\u00b0 SIRET : 500 641 345 RCS Nanterre ISSN :\u00a02270-9290 Contact\u00a0: intercom@intercomsante.fr \u00a0 H\u00c9BERGEUR est h\u00e9berg\u00e9 par la soci\u00e9t\u00e9 \u00a01&amp;1 Internet SARL 7, place de la Gare &#8211;\u00a0BP 70109 57201 [...]\" \/>\n<meta property=\"og:url\" content=\"https:\/\/horizonshemato.com\/en\/mentions-legales\/\" \/>\n<meta property=\"og:site_name\" content=\"Horizons H\u00e9mato\" \/>\n<meta property=\"article:modified_time\" content=\"2024-01-08T17:16:58+00:00\" \/>\n<meta name=\"twitter:card\" content=\"summary_large_image\" \/>\n<meta name=\"twitter:label1\" content=\"Est. reading time\" \/>\n\t<meta name=\"twitter:data1\" content=\"3 minutes\" \/>\n<script type=\"application\/ld+json\" class=\"yoast-schema-graph\">{\"@context\":\"https:\/\/schema.org\",\"@graph\":[{\"@type\":\"WebPage\",\"@id\":\"https:\/\/horizonshemato.com\/mentions-legales\/\",\"url\":\"https:\/\/horizonshemato.com\/mentions-legales\/\",\"name\":\"Mentions l\u00e9gales - Horizons H\u00e9mato\",\"isPartOf\":{\"@id\":\"https:\/\/horizonshemato.com\/#website\"},\"datePublished\":\"2018-02-12T15:49:20+00:00\",\"dateModified\":\"2024-01-08T17:16:58+00:00\",\"breadcrumb\":{\"@id\":\"https:\/\/horizonshemato.com\/mentions-legales\/#breadcrumb\"},\"inLanguage\":\"en-US\",\"potentialAction\":[{\"@type\":\"ReadAction\",\"target\":[\"https:\/\/horizonshemato.com\/mentions-legales\/\"]}]},{\"@type\":\"BreadcrumbList\",\"@id\":\"https:\/\/horizonshemato.com\/mentions-legales\/#breadcrumb\",\"itemListElement\":[{\"@type\":\"ListItem\",\"position\":1,\"name\":\"Accueil\",\"item\":\"https:\/\/horizonshemato.com\/\"},{\"@type\":\"ListItem\",\"position\":2,\"name\":\"Mentions l\u00e9gales\"}]},{\"@type\":\"WebSite\",\"@id\":\"https:\/\/horizonshemato.com\/#website\",\"url\":\"https:\/\/horizonshemato.com\/\",\"name\":\"Horizons H\u00e9mato\",\"description\":\"La revue des pratiques en h\u00e9matologie\",\"potentialAction\":[{\"@type\":\"SearchAction\",\"target\":{\"@type\":\"EntryPoint\",\"urlTemplate\":\"https:\/\/horizonshemato.com\/?s={search_term_string}\"},\"query-input\":{\"@type\":\"PropertyValueSpecification\",\"valueRequired\":true,\"valueName\":\"search_term_string\"}}],\"inLanguage\":\"en-US\"}]}<\/script>\n<!-- \/ Yoast SEO plugin. -->","yoast_head_json":{"title":"Mentions l\u00e9gales - Horizons H\u00e9mato","robots":{"index":"index","follow":"follow","max-snippet":"max-snippet:-1","max-image-preview":"max-image-preview:large","max-video-preview":"max-video-preview:-1"},"canonical":"https:\/\/horizonshemato.com\/en\/mentions-legales\/","og_locale":"en_US","og_type":"article","og_title":"Mentions l\u00e9gales - Horizons H\u00e9mato","og_description":"\u00c9DITEUR Horizons H\u00e9mato est \u00e9dit\u00e9 par Intercom Sant\u00e9, 2 Rue de Penthi\u00e8vre, 75008 Paris T\u00e9l\/Fax\u00a0:\u00a001 74 53 36 97 SARL au capital de 5 000 \u20ac n\u00b0 SIRET : 500 641 345 RCS Nanterre ISSN :\u00a02270-9290 Contact\u00a0: intercom@intercomsante.fr \u00a0 H\u00c9BERGEUR est h\u00e9berg\u00e9 par la soci\u00e9t\u00e9 \u00a01&amp;1 Internet SARL 7, place de la Gare &#8211;\u00a0BP 70109 57201 [...]","og_url":"https:\/\/horizonshemato.com\/en\/mentions-legales\/","og_site_name":"Horizons H\u00e9mato","article_modified_time":"2024-01-08T17:16:58+00:00","twitter_card":"summary_large_image","twitter_misc":{"Est. reading time":"3 minutes"},"schema":{"@context":"https:\/\/schema.org","@graph":[{"@type":"WebPage","@id":"https:\/\/horizonshemato.com\/mentions-legales\/","url":"https:\/\/horizonshemato.com\/mentions-legales\/","name":"Mentions l\u00e9gales - Horizons H\u00e9mato","isPartOf":{"@id":"https:\/\/horizonshemato.com\/#website"},"datePublished":"2018-02-12T15:49:20+00:00","dateModified":"2024-01-08T17:16:58+00:00","breadcrumb":{"@id":"https:\/\/horizonshemato.com\/mentions-legales\/#breadcrumb"},"inLanguage":"en-US","potentialAction":[{"@type":"ReadAction","target":["https:\/\/horizonshemato.com\/mentions-legales\/"]}]},{"@type":"BreadcrumbList","@id":"https:\/\/horizonshemato.com\/mentions-legales\/#breadcrumb","itemListElement":[{"@type":"ListItem","position":1,"name":"Accueil","item":"https:\/\/horizonshemato.com\/"},{"@type":"ListItem","position":2,"name":"Mentions l\u00e9gales"}]},{"@type":"WebSite","@id":"https:\/\/horizonshemato.com\/#website","url":"https:\/\/horizonshemato.com\/","name":"Horizons H\u00e9mato","description":"La revue des pratiques en h\u00e9matologie","potentialAction":[{"@type":"SearchAction","target":{"@type":"EntryPoint","urlTemplate":"https:\/\/horizonshemato.com\/?s={search_term_string}"},"query-input":{"@type":"PropertyValueSpecification","valueRequired":true,"valueName":"search_term_string"}}],"inLanguage":"en-US"}]}},"_links":{"self":[{"href":"https:\/\/horizonshemato.com\/en\/wp-json\/wp\/v2\/pages\/12677","targetHints":{"allow":["GET"]}}],"collection":[{"href":"https:\/\/horizonshemato.com\/en\/wp-json\/wp\/v2\/pages"}],"about":[{"href":"https:\/\/horizonshemato.com\/en\/wp-json\/wp\/v2\/types\/page"}],"author":[{"embeddable":true,"href":"https:\/\/horizonshemato.com\/en\/wp-json\/wp\/v2\/users\/1"}],"replies":[{"embeddable":true,"href":"https:\/\/horizonshemato.com\/en\/wp-json\/wp\/v2\/comments?post=12677"}],"version-history":[{"count":5,"href":"https:\/\/horizonshemato.com\/en\/wp-json\/wp\/v2\/pages\/12677\/revisions"}],"predecessor-version":[{"id":17762,"href":"https:\/\/horizonshemato.com\/en\/wp-json\/wp\/v2\/pages\/12677\/revisions\/17762"}],"wp:attachment":[{"href":"https:\/\/horizonshemato.com\/en\/wp-json\/wp\/v2\/media?parent=12677"}],"curies":[{"name":"wp","href":"https:\/\/api.w.org\/{rel}","templated":true}]}}