{"id":12664,"date":"2018-02-12T13:47:29","date_gmt":"2018-02-12T13:47:29","guid":{"rendered":"http:\/\/horizonshemato.com\/?page_id=12664"},"modified":"2024-01-08T17:16:57","modified_gmt":"2024-01-08T17:16:57","slug":"abonnements","status":"publish","type":"page","link":"https:\/\/horizonshemato.com\/en\/abonnements\/","title":{"rendered":"Abonnements"},"content":{"rendered":"<p><div class=\"fusion-fullwidth fullwidth-box fusion-builder-row-1 fusion-flex-container has-pattern-background has-mask-background nonhundred-percent-fullwidth non-hundred-percent-height-scrolling\" style=\"--awb-border-radius-top-left:0px;--awb-border-radius-top-right:0px;--awb-border-radius-bottom-right:0px;--awb-border-radius-bottom-left:0px;--awb-background-color:#79c6c0;--awb-flex-wrap:wrap;\" ><div class=\"fusion-builder-row fusion-row fusion-flex-align-items-flex-start fusion-flex-content-wrap\" style=\"max-width:1144px;margin-left: calc(-4% \/ 2 );margin-right: calc(-4% \/ 2 );\"><div class=\"fusion-layout-column fusion_builder_column fusion-builder-column-0 fusion_builder_column_1_1 1_1 fusion-flex-column\" style=\"--awb-bg-size:cover;--awb-width-large:100%;--awb-margin-top-large:0px;--awb-spacing-right-large:1.92%;--awb-margin-bottom-large:20px;--awb-spacing-left-large:1.92%;--awb-width-medium:100%;--awb-order-medium:0;--awb-spacing-right-medium:1.92%;--awb-spacing-left-medium:1.92%;--awb-width-small:100%;--awb-order-small:0;--awb-spacing-right-small:1.92%;--awb-spacing-left-small:1.92%;\"><div class=\"fusion-column-wrapper fusion-column-has-shadow fusion-flex-justify-content-flex-start fusion-content-layout-column\"><div class=\"fusion-separator fusion-full-width-sep\" style=\"align-self: center;margin-left: auto;margin-right: auto;margin-top:15px;width:100%;\"><\/div><div class=\"fusion-text fusion-text-1\"><h2><\/h2>\n<h2><\/h2>\n<h2 style=\"text-align: center;\"><span style=\"color: #ffffff;\"><b>Pour lire les articles, vous devez \u00eatre abonn\u00e9 (voir formules ci-dessous)<span class=\"Apple-converted-space\"><br \/>\n<\/span><\/b>Si vous \u00eates d\u00e9j\u00e0 abonn\u00e9 <a style=\"color: #ffffff;\" href=\"https:\/\/horizonshemato.com\/mon-compte\/\">connectez-vous !<\/a><\/span><\/h2>\n<\/div><\/div><\/div><\/div><\/div><div class=\"fusion-fullwidth fullwidth-box fusion-builder-row-2 nonhundred-percent-fullwidth non-hundred-percent-height-scrolling\" style=\"--awb-background-position:left top;--awb-border-sizes-top:0px;--awb-border-sizes-bottom:0px;--awb-border-sizes-left:0px;--awb-border-sizes-right:0px;--awb-border-radius-top-left:0px;--awb-border-radius-top-right:0px;--awb-border-radius-bottom-right:0px;--awb-border-radius-bottom-left:0px;--awb-padding-top:0px;--awb-padding-right:0px;--awb-padding-bottom:60px;--awb-padding-left:0px;--awb-margin-top:0px;--awb-margin-bottom:0px;--awb-flex-wrap:wrap;\" ><div class=\"fusion-builder-row fusion-row\"><div class=\"fusion-layout-column fusion_builder_column fusion-builder-column-1 fusion_builder_column_1_1 1_1 fusion-one-full fusion-column-first fusion-column-last\" style=\"--awb-bg-size:cover;\"><div class=\"fusion-column-wrapper fusion-flex-column-wrapper-legacy\"><div class=\"fusion-sep-clear\"><\/div><div class=\"fusion-separator fusion-full-width-sep\" style=\"margin-left: auto;margin-right: auto;margin-top:20px;width:100%;\"><\/div><div class=\"fusion-sep-clear\"><\/div><div class=\"fusion-text fusion-text-2\"><p style=\"text-align: center;\">Je choisis l&rsquo;abonnement en ligne ci-dessous o\u00f9<a href=\"https:\/\/horizonshemato.com\/wp-content\/uploads\/2018\/10\/HH_Bulletin_abonnements.pdf\"> je t\u00e9l\u00e9charge le bulletin d&rsquo;abonnement<\/a><\/p>\n<\/div><div class=\"fusion-woo-product-grid fusion-product-archive fusion-woo-product-grid-1 fusion-animated\" data-animationtype=\"fadeInLeft\" data-animationduration=\"0.3\" data-animationoffset=\"top-into-view\"><ul class=\"products products-3\"><li class=\"product type-product post-15383 status-publish first instock product_cat-abonnements has-post-thumbnail shipping-taxable purchasable product-type-variable-subscription product-grid-view\">\n\t<div class=\"fusion-product-wrapper\">\n<a href=\"https:\/\/horizonshemato.com\/en\/product\/entreprises-societes\/\" class=\"product-images\" aria-label=\"Entreprises\/Soci\u00e9t\u00e9s\">\n\n<div class=\"featured-image\">\n\t\t<img decoding=\"async\" width=\"500\" height=\"500\" src=\"https:\/\/horizonshemato.com\/wp-content\/uploads\/2021\/01\/abo-collectivite-500x500.png\" class=\"attachment-woocommerce_thumbnail size-woocommerce_thumbnail wp-post-image\" alt=\"\" srcset=\"https:\/\/horizonshemato.com\/wp-content\/uploads\/2021\/01\/abo-collectivite-12x12.png 12w, https:\/\/horizonshemato.com\/wp-content\/uploads\/2021\/01\/abo-collectivite-66x66.png 66w, https:\/\/horizonshemato.com\/wp-content\/uploads\/2021\/01\/abo-collectivite-100x100.png 100w, https:\/\/horizonshemato.com\/wp-content\/uploads\/2021\/01\/abo-collectivite-150x150.png 150w, https:\/\/horizonshemato.com\/wp-content\/uploads\/2021\/01\/abo-collectivite-200x200.png 200w, https:\/\/horizonshemato.com\/wp-content\/uploads\/2021\/01\/abo-collectivite-300x300.png 300w, https:\/\/horizonshemato.com\/wp-content\/uploads\/2021\/01\/abo-collectivite-400x400.png 400w, https:\/\/horizonshemato.com\/wp-content\/uploads\/2021\/01\/abo-collectivite-500x500.png 500w, https:\/\/horizonshemato.com\/wp-content\/uploads\/2021\/01\/abo-collectivite-600x600.png 600w, https:\/\/horizonshemato.com\/wp-content\/uploads\/2021\/01\/abo-collectivite-700x700.png 700w, https:\/\/horizonshemato.com\/wp-content\/uploads\/2021\/01\/abo-collectivite-768x768.png 768w, https:\/\/horizonshemato.com\/wp-content\/uploads\/2021\/01\/abo-collectivite-800x800.png 800w, https:\/\/horizonshemato.com\/wp-content\/uploads\/2021\/01\/abo-collectivite-1024x1024.png 1024w, https:\/\/horizonshemato.com\/wp-content\/uploads\/2021\/01\/abo-collectivite.png 1200w\" sizes=\"(max-width: 500px) 100vw, 500px\" \/>\n\t\t\t\t\t\t<div class=\"cart-loading\"><i class=\"awb-icon-spinner\" aria-hidden=\"true\"><\/i><\/div>\n\t\t\t<\/div>\n<\/a>\n<div class=\"fusion-product-content\">\n\t<div class=\"product-details\">\n\t\t<div class=\"product-details-container\">\n<h3 class=\"product-title\">\n\t<a href=\"https:\/\/horizonshemato.com\/en\/product\/entreprises-societes\/\">\n\t\tEntreprises\/Soci\u00e9t\u00e9s\t<\/a>\n<\/h3>\n<div class=\"fusion-price-rating\">\n\n\t<span class=\"price\"><span class=\"from\">From: <\/span><span class=\"woocommerce-Price-amount amount\"><bdi>120,00<span class=\"woocommerce-Price-currencySymbol\">&euro;<\/span><\/bdi><\/span> <span class=\"subscription-details\"> for 1 year<\/span><\/span>\n\t\t<\/div>\n\t<\/div>\n<\/div>\n\n\n\t<div class=\"product-buttons\">\n\t\t<div class=\"fusion-content-sep sep-double sep-solid\"><\/div>\n\t\t<div class=\"product-buttons-container clearfix\">\n<a href=\"https:\/\/horizonshemato.com\/en\/product\/entreprises-societes\/\" aria-describedby=\"woocommerce_loop_add_to_cart_link_describedby_15383\" data-quantity=\"1\" class=\"button product_type_variable-subscription add_to_cart_button\" data-product_id=\"15383\" data-product_sku=\"\" aria-label=\"Select options for \u201cEntreprises\/Soci\u00e9t\u00e9s\u201d\" rel=\"nofollow\" data-no-translation=\"\" data-trp-gettext=\"\" data-no-translation-aria-label=\"\">Select options<\/a>\t<span id=\"woocommerce_loop_add_to_cart_link_describedby_15383\" class=\"screen-reader-text\">\n\t\tThis product has multiple variants. The options may be chosen on the product page\t<\/span>\n\n<a href=\"https:\/\/horizonshemato.com\/en\/product\/entreprises-societes\/\" class=\"show_details_button\">\n\tDetails<\/a>\n\n\n\t<\/div>\n\t<\/div>\n\n\t<\/div> <\/div>\n<\/li>\n<li class=\"product type-product post-15386 status-publish instock product_cat-abonnements has-post-thumbnail shipping-taxable purchasable product-type-variable-subscription product-grid-view\">\n\t<div class=\"fusion-product-wrapper\">\n<a href=\"https:\/\/horizonshemato.com\/en\/product\/particulier\/\" class=\"product-images\" aria-label=\"Particulier\">\n\n<div class=\"featured-image\">\n\t\t<img decoding=\"async\" width=\"500\" height=\"500\" src=\"https:\/\/horizonshemato.com\/wp-content\/uploads\/2021\/01\/abo-particulier-500x500.png\" class=\"attachment-woocommerce_thumbnail size-woocommerce_thumbnail wp-post-image\" alt=\"\" srcset=\"https:\/\/horizonshemato.com\/wp-content\/uploads\/2021\/01\/abo-particulier-12x12.png 12w, https:\/\/horizonshemato.com\/wp-content\/uploads\/2021\/01\/abo-particulier-66x66.png 66w, https:\/\/horizonshemato.com\/wp-content\/uploads\/2021\/01\/abo-particulier-100x100.png 100w, https:\/\/horizonshemato.com\/wp-content\/uploads\/2021\/01\/abo-particulier-150x150.png 150w, https:\/\/horizonshemato.com\/wp-content\/uploads\/2021\/01\/abo-particulier-200x200.png 200w, https:\/\/horizonshemato.com\/wp-content\/uploads\/2021\/01\/abo-particulier-300x300.png 300w, https:\/\/horizonshemato.com\/wp-content\/uploads\/2021\/01\/abo-particulier-400x400.png 400w, https:\/\/horizonshemato.com\/wp-content\/uploads\/2021\/01\/abo-particulier-500x500.png 500w, https:\/\/horizonshemato.com\/wp-content\/uploads\/2021\/01\/abo-particulier-600x600.png 600w, https:\/\/horizonshemato.com\/wp-content\/uploads\/2021\/01\/abo-particulier-700x700.png 700w, https:\/\/horizonshemato.com\/wp-content\/uploads\/2021\/01\/abo-particulier-768x768.png 768w, https:\/\/horizonshemato.com\/wp-content\/uploads\/2021\/01\/abo-particulier-800x800.png 800w, https:\/\/horizonshemato.com\/wp-content\/uploads\/2021\/01\/abo-particulier-1024x1024.png 1024w, https:\/\/horizonshemato.com\/wp-content\/uploads\/2021\/01\/abo-particulier.png 1200w\" sizes=\"(max-width: 500px) 100vw, 500px\" \/>\n\t\t\t\t\t\t<div class=\"cart-loading\"><i class=\"awb-icon-spinner\" aria-hidden=\"true\"><\/i><\/div>\n\t\t\t<\/div>\n<\/a>\n<div class=\"fusion-product-content\">\n\t<div class=\"product-details\">\n\t\t<div class=\"product-details-container\">\n<h3 class=\"product-title\">\n\t<a href=\"https:\/\/horizonshemato.com\/en\/product\/particulier\/\">\n\t\tParticulier\t<\/a>\n<\/h3>\n<div class=\"fusion-price-rating\">\n\n\t<span class=\"price\"><span class=\"from\">From: <\/span><span class=\"woocommerce-Price-amount amount\"><bdi>90,00<span class=\"woocommerce-Price-currencySymbol\">&euro;<\/span><\/bdi><\/span> <span class=\"subscription-details\"> for 1 year<\/span><\/span>\n\t\t<\/div>\n\t<\/div>\n<\/div>\n\n\n\t<div class=\"product-buttons\">\n\t\t<div class=\"fusion-content-sep sep-double sep-solid\"><\/div>\n\t\t<div class=\"product-buttons-container clearfix\">\n<a href=\"https:\/\/horizonshemato.com\/en\/product\/particulier\/\" aria-describedby=\"woocommerce_loop_add_to_cart_link_describedby_15386\" data-quantity=\"1\" class=\"button product_type_variable-subscription add_to_cart_button\" data-product_id=\"15386\" data-product_sku=\"\" aria-label=\"Select options for \u201cParticulier\u201d\" rel=\"nofollow\" data-no-translation=\"\" data-trp-gettext=\"\" data-no-translation-aria-label=\"\">Select options<\/a>\t<span id=\"woocommerce_loop_add_to_cart_link_describedby_15386\" class=\"screen-reader-text\">\n\t\tThis product has multiple variants. The options may be chosen on the product page\t<\/span>\n\n<a href=\"https:\/\/horizonshemato.com\/en\/product\/particulier\/\" class=\"show_details_button\">\n\tDetails<\/a>\n\n\n\t<\/div>\n\t<\/div>\n\n\t<\/div> <\/div>\n<\/li>\n<li class=\"product type-product post-15376 status-publish last instock product_cat-abonnements has-post-thumbnail shipping-taxable purchasable product-type-variable-subscription product-grid-view\">\n\t<div class=\"fusion-product-wrapper\">\n<a href=\"https:\/\/horizonshemato.com\/en\/product\/etudiant\/\" class=\"product-images\" aria-label=\"\u00c9tudiant\">\n\n<div class=\"featured-image\">\n\t\t<img decoding=\"async\" width=\"500\" height=\"500\" src=\"https:\/\/horizonshemato.com\/wp-content\/uploads\/2021\/01\/abo-etudiant-500x500.png\" class=\"attachment-woocommerce_thumbnail size-woocommerce_thumbnail wp-post-image\" alt=\"\" srcset=\"https:\/\/horizonshemato.com\/wp-content\/uploads\/2021\/01\/abo-etudiant-12x12.png 12w, https:\/\/horizonshemato.com\/wp-content\/uploads\/2021\/01\/abo-etudiant-66x66.png 66w, https:\/\/horizonshemato.com\/wp-content\/uploads\/2021\/01\/abo-etudiant-100x100.png 100w, https:\/\/horizonshemato.com\/wp-content\/uploads\/2021\/01\/abo-etudiant-150x150.png 150w, https:\/\/horizonshemato.com\/wp-content\/uploads\/2021\/01\/abo-etudiant-200x200.png 200w, https:\/\/horizonshemato.com\/wp-content\/uploads\/2021\/01\/abo-etudiant-300x300.png 300w, https:\/\/horizonshemato.com\/wp-content\/uploads\/2021\/01\/abo-etudiant-400x400.png 400w, https:\/\/horizonshemato.com\/wp-content\/uploads\/2021\/01\/abo-etudiant-500x500.png 500w, https:\/\/horizonshemato.com\/wp-content\/uploads\/2021\/01\/abo-etudiant-600x600.png 600w, https:\/\/horizonshemato.com\/wp-content\/uploads\/2021\/01\/abo-etudiant-700x700.png 700w, https:\/\/horizonshemato.com\/wp-content\/uploads\/2021\/01\/abo-etudiant-768x768.png 768w, https:\/\/horizonshemato.com\/wp-content\/uploads\/2021\/01\/abo-etudiant-800x800.png 800w, https:\/\/horizonshemato.com\/wp-content\/uploads\/2021\/01\/abo-etudiant-1024x1024.png 1024w, https:\/\/horizonshemato.com\/wp-content\/uploads\/2021\/01\/abo-etudiant.png 1200w\" sizes=\"(max-width: 500px) 100vw, 500px\" \/>\n\t\t\t\t\t\t<div class=\"cart-loading\"><i class=\"awb-icon-spinner\" aria-hidden=\"true\"><\/i><\/div>\n\t\t\t<\/div>\n<\/a>\n<div class=\"fusion-product-content\">\n\t<div class=\"product-details\">\n\t\t<div class=\"product-details-container\">\n<h3 class=\"product-title\">\n\t<a href=\"https:\/\/horizonshemato.com\/en\/product\/etudiant\/\">\n\t\t\u00c9tudiant\t<\/a>\n<\/h3>\n<div class=\"fusion-price-rating\">\n\n\t<span class=\"price\"><span class=\"from\">From: <\/span><span class=\"woocommerce-Price-amount amount\"><bdi>50,00<span class=\"woocommerce-Price-currencySymbol\">&euro;<\/span><\/bdi><\/span> <span class=\"subscription-details\"> for 1 year<\/span><\/span>\n\t\t<\/div>\n\t<\/div>\n<\/div>\n\n\n\t<div class=\"product-buttons\">\n\t\t<div class=\"fusion-content-sep sep-double sep-solid\"><\/div>\n\t\t<div class=\"product-buttons-container clearfix\">\n<a href=\"https:\/\/horizonshemato.com\/en\/product\/etudiant\/\" aria-describedby=\"woocommerce_loop_add_to_cart_link_describedby_15376\" data-quantity=\"1\" class=\"button product_type_variable-subscription add_to_cart_button\" data-product_id=\"15376\" data-product_sku=\"\" aria-label=\"Select options for \u201c\u00c9tudiant\u201d\" rel=\"nofollow\" data-no-translation=\"\" data-trp-gettext=\"\" data-no-translation-aria-label=\"\">Select options<\/a>\t<span id=\"woocommerce_loop_add_to_cart_link_describedby_15376\" class=\"screen-reader-text\">\n\t\tThis product has multiple variants. The options may be chosen on the product page\t<\/span>\n\n<a href=\"https:\/\/horizonshemato.com\/en\/product\/etudiant\/\" class=\"show_details_button\">\n\tDetails<\/a>\n\n\n\t<\/div>\n\t<\/div>\n\n\t<\/div> <\/div>\n<\/li>\n<\/ul><\/div><div class=\"fusion-image-element fusion-image-align-center in-legacy-container\" style=\"text-align:center;--awb-caption-title-font-family:var(--h2_typography-font-family);--awb-caption-title-font-weight:var(--h2_typography-font-weight);--awb-caption-title-font-style:var(--h2_typography-font-style);--awb-caption-title-size:var(--h2_typography-font-size);--awb-caption-title-transform:var(--h2_typography-text-transform);--awb-caption-title-line-height:var(--h2_typography-line-height);--awb-caption-title-letter-spacing:var(--h2_typography-letter-spacing);\"><div class=\"imageframe-align-center\"><span class=\"fusion-imageframe imageframe-none imageframe-1 hover-type-zoomout\"><img decoding=\"async\" width=\"1024\" height=\"705\" title=\"abonnements\" src=\"http:\/\/horizonshemato.com\/wp-content\/uploads\/2018\/02\/abonnements-1024x705.png\" alt class=\"img-responsive wp-image-12832\" srcset=\"https:\/\/horizonshemato.com\/wp-content\/uploads\/2018\/02\/abonnements-200x138.png 200w, https:\/\/horizonshemato.com\/wp-content\/uploads\/2018\/02\/abonnements-400x276.png 400w, https:\/\/horizonshemato.com\/wp-content\/uploads\/2018\/02\/abonnements-600x413.png 600w, https:\/\/horizonshemato.com\/wp-content\/uploads\/2018\/02\/abonnements-800x551.png 800w, https:\/\/horizonshemato.com\/wp-content\/uploads\/2018\/02\/abonnements-1200x827.png 1200w, https:\/\/horizonshemato.com\/wp-content\/uploads\/2018\/02\/abonnements.png 1800w\" sizes=\"(max-width: 800px) 100vw, 1200px\" \/><\/span><\/div><\/div><div class=\"fusion-clearfix\"><\/div><\/div><\/div><\/div><\/div><\/p>","protected":false},"excerpt":{"rendered":"","protected":false},"author":1,"featured_media":0,"parent":0,"menu_order":0,"comment_status":"closed","ping_status":"closed","template":"","meta":{"_monsterinsights_skip_tracking":false,"_monsterinsights_sitenote_active":false,"_monsterinsights_sitenote_note":"","_monsterinsights_sitenote_category":0,"footnotes":""},"class_list":["post-12664","page","type-page","status-publish","hentry"],"yoast_head":"<!-- This site is optimized with the Yoast SEO plugin v27.1.1 - https:\/\/yoast.com\/product\/yoast-seo-wordpress\/ -->\n<title>Abonnements - Horizons H\u00e9mato<\/title>\n<meta name=\"robots\" content=\"index, follow, max-snippet:-1, max-image-preview:large, max-video-preview:-1\" \/>\n<link rel=\"canonical\" href=\"https:\/\/horizonshemato.com\/en\/abonnements\/\" \/>\n<meta property=\"og:locale\" content=\"en_US\" \/>\n<meta property=\"og:type\" content=\"article\" \/>\n<meta property=\"og:title\" content=\"Abonnements - Horizons H\u00e9mato\" \/>\n<meta property=\"og:url\" content=\"https:\/\/horizonshemato.com\/en\/abonnements\/\" \/>\n<meta property=\"og:site_name\" content=\"Horizons H\u00e9mato\" \/>\n<meta property=\"article:modified_time\" content=\"2024-01-08T17:16:57+00:00\" \/>\n<meta name=\"twitter:card\" content=\"summary_large_image\" \/>\n<meta name=\"twitter:label1\" content=\"Est. reading time\" \/>\n\t<meta name=\"twitter:data1\" content=\"3 minutes\" \/>\n<script type=\"application\/ld+json\" class=\"yoast-schema-graph\">{\"@context\":\"https:\/\/schema.org\",\"@graph\":[{\"@type\":\"WebPage\",\"@id\":\"https:\/\/horizonshemato.com\/abonnements\/\",\"url\":\"https:\/\/horizonshemato.com\/abonnements\/\",\"name\":\"Abonnements - Horizons H\u00e9mato\",\"isPartOf\":{\"@id\":\"https:\/\/horizonshemato.com\/#website\"},\"datePublished\":\"2018-02-12T13:47:29+00:00\",\"dateModified\":\"2024-01-08T17:16:57+00:00\",\"breadcrumb\":{\"@id\":\"https:\/\/horizonshemato.com\/abonnements\/#breadcrumb\"},\"inLanguage\":\"en-US\",\"potentialAction\":[{\"@type\":\"ReadAction\",\"target\":[\"https:\/\/horizonshemato.com\/abonnements\/\"]}]},{\"@type\":\"BreadcrumbList\",\"@id\":\"https:\/\/horizonshemato.com\/abonnements\/#breadcrumb\",\"itemListElement\":[{\"@type\":\"ListItem\",\"position\":1,\"name\":\"Accueil\",\"item\":\"https:\/\/horizonshemato.com\/\"},{\"@type\":\"ListItem\",\"position\":2,\"name\":\"Abonnements\"}]},{\"@type\":\"WebSite\",\"@id\":\"https:\/\/horizonshemato.com\/#website\",\"url\":\"https:\/\/horizonshemato.com\/\",\"name\":\"Horizons H\u00e9mato\",\"description\":\"La revue des pratiques en h\u00e9matologie\",\"potentialAction\":[{\"@type\":\"SearchAction\",\"target\":{\"@type\":\"EntryPoint\",\"urlTemplate\":\"https:\/\/horizonshemato.com\/?s={search_term_string}\"},\"query-input\":{\"@type\":\"PropertyValueSpecification\",\"valueRequired\":true,\"valueName\":\"search_term_string\"}}],\"inLanguage\":\"en-US\"}]}<\/script>\n<!-- \/ Yoast SEO plugin. -->","yoast_head_json":{"title":"Abonnements - Horizons H\u00e9mato","robots":{"index":"index","follow":"follow","max-snippet":"max-snippet:-1","max-image-preview":"max-image-preview:large","max-video-preview":"max-video-preview:-1"},"canonical":"https:\/\/horizonshemato.com\/en\/abonnements\/","og_locale":"en_US","og_type":"article","og_title":"Abonnements - Horizons H\u00e9mato","og_url":"https:\/\/horizonshemato.com\/en\/abonnements\/","og_site_name":"Horizons H\u00e9mato","article_modified_time":"2024-01-08T17:16:57+00:00","twitter_card":"summary_large_image","twitter_misc":{"Est. reading time":"3 minutes"},"schema":{"@context":"https:\/\/schema.org","@graph":[{"@type":"WebPage","@id":"https:\/\/horizonshemato.com\/abonnements\/","url":"https:\/\/horizonshemato.com\/abonnements\/","name":"Abonnements - Horizons H\u00e9mato","isPartOf":{"@id":"https:\/\/horizonshemato.com\/#website"},"datePublished":"2018-02-12T13:47:29+00:00","dateModified":"2024-01-08T17:16:57+00:00","breadcrumb":{"@id":"https:\/\/horizonshemato.com\/abonnements\/#breadcrumb"},"inLanguage":"en-US","potentialAction":[{"@type":"ReadAction","target":["https:\/\/horizonshemato.com\/abonnements\/"]}]},{"@type":"BreadcrumbList","@id":"https:\/\/horizonshemato.com\/abonnements\/#breadcrumb","itemListElement":[{"@type":"ListItem","position":1,"name":"Accueil","item":"https:\/\/horizonshemato.com\/"},{"@type":"ListItem","position":2,"name":"Abonnements"}]},{"@type":"WebSite","@id":"https:\/\/horizonshemato.com\/#website","url":"https:\/\/horizonshemato.com\/","name":"Horizons H\u00e9mato","description":"La revue des pratiques en h\u00e9matologie","potentialAction":[{"@type":"SearchAction","target":{"@type":"EntryPoint","urlTemplate":"https:\/\/horizonshemato.com\/?s={search_term_string}"},"query-input":{"@type":"PropertyValueSpecification","valueRequired":true,"valueName":"search_term_string"}}],"inLanguage":"en-US"}]}},"_links":{"self":[{"href":"https:\/\/horizonshemato.com\/en\/wp-json\/wp\/v2\/pages\/12664","targetHints":{"allow":["GET"]}}],"collection":[{"href":"https:\/\/horizonshemato.com\/en\/wp-json\/wp\/v2\/pages"}],"about":[{"href":"https:\/\/horizonshemato.com\/en\/wp-json\/wp\/v2\/types\/page"}],"author":[{"embeddable":true,"href":"https:\/\/horizonshemato.com\/en\/wp-json\/wp\/v2\/users\/1"}],"replies":[{"embeddable":true,"href":"https:\/\/horizonshemato.com\/en\/wp-json\/wp\/v2\/comments?post=12664"}],"version-history":[{"count":18,"href":"https:\/\/horizonshemato.com\/en\/wp-json\/wp\/v2\/pages\/12664\/revisions"}],"predecessor-version":[{"id":17752,"href":"https:\/\/horizonshemato.com\/en\/wp-json\/wp\/v2\/pages\/12664\/revisions\/17752"}],"wp:attachment":[{"href":"https:\/\/horizonshemato.com\/en\/wp-json\/wp\/v2\/media?parent=12664"}],"curies":[{"name":"wp","href":"https:\/\/api.w.org\/{rel}","templated":true}]}}