{"id":12407,"date":"2017-10-25T07:43:40","date_gmt":"2017-10-25T07:43:40","guid":{"rendered":"http:\/\/horizonshemato.com\/?page_id=12407"},"modified":"2024-01-08T17:16:54","modified_gmt":"2024-01-08T17:16:54","slug":"eclairage-sur-les-reseaux-de-sante-et-parcours-de-soins-en-hematologie","status":"publish","type":"page","link":"https:\/\/horizonshemato.com\/en\/eclairage-sur-les-reseaux-de-sante-et-parcours-de-soins-en-hematologie\/","title":{"rendered":"\u00c9clairage sur les r\u00e9seaux de sant\u00e9 et parcours de soins en h\u00e9matologie"},"content":{"rendered":"<ul>\n<li><a href=\"http:\/\/horizonshemato.com\/wp-content\/uploads\/2017\/10\/Horizons-Hemato-Mars-2016-40-41-MaRIH-1.pdf\">La fili\u00e8re MaRIH (<em>Mars 2016, vol. 6, n\u00b01<\/em>)<\/a><br \/>\n<b>Am\u00e9lie Marouane, R\u00e9gis Peffault de la Tour<\/b><\/li>\n<\/ul>\n<ul>\n<li><a href=\"http:\/\/horizonshemato.com\/wp-content\/uploads\/2017\/10\/Horizons-Hemato-Septembre-2015-190-192-Touati-1.pdf\">R\u00e9seaux de sant\u00e9 en onco-h\u00e9matologie : hier, aujourd\u2019hui et demain (<em>Septembre 2015, vol. 5, n\u00b03<\/em>)<\/a><br \/>\n<b>Mohamed Touati<\/b><\/li>\n<\/ul>","protected":false},"excerpt":{"rendered":"<p>La fili\u00e8re MaRIH (Mars 2016, vol. 6, n\u00b01) Am\u00e9lie Marouane, R\u00e9gis Peffault de la Tour R\u00e9seaux de sant\u00e9 en onco-h\u00e9matologie : hier, aujourd\u2019hui et demain (Septembre 2015, vol. 5, n\u00b03) Mohamed Touati<\/p>","protected":false},"author":1,"featured_media":0,"parent":0,"menu_order":0,"comment_status":"closed","ping_status":"closed","template":"","meta":{"_monsterinsights_skip_tracking":false,"_monsterinsights_sitenote_active":false,"_monsterinsights_sitenote_note":"","_monsterinsights_sitenote_category":0,"footnotes":""},"class_list":["post-12407","page","type-page","status-publish","hentry"],"yoast_head":"<!-- This site is optimized with the Yoast SEO plugin v27.1.1 - https:\/\/yoast.com\/product\/yoast-seo-wordpress\/ -->\n<title>\u00c9clairage sur les r\u00e9seaux de sant\u00e9 et parcours de soins en h\u00e9matologie - Horizons H\u00e9mato<\/title>\n<meta name=\"robots\" content=\"index, follow, max-snippet:-1, max-image-preview:large, max-video-preview:-1\" \/>\n<link rel=\"canonical\" href=\"https:\/\/horizonshemato.com\/en\/eclairage-sur-les-reseaux-de-sante-et-parcours-de-soins-en-hematologie\/\" \/>\n<meta property=\"og:locale\" content=\"en_US\" \/>\n<meta property=\"og:type\" content=\"article\" \/>\n<meta property=\"og:title\" content=\"\u00c9clairage sur les r\u00e9seaux de sant\u00e9 et parcours de soins en h\u00e9matologie - Horizons H\u00e9mato\" \/>\n<meta property=\"og:description\" content=\"La fili\u00e8re MaRIH (Mars 2016, vol. 6, n\u00b01) Am\u00e9lie Marouane, R\u00e9gis Peffault de la Tour R\u00e9seaux de sant\u00e9 en onco-h\u00e9matologie : hier, aujourd\u2019hui et demain (Septembre 2015, vol. 5, n\u00b03) Mohamed Touati\" \/>\n<meta property=\"og:url\" content=\"https:\/\/horizonshemato.com\/en\/eclairage-sur-les-reseaux-de-sante-et-parcours-de-soins-en-hematologie\/\" \/>\n<meta property=\"og:site_name\" content=\"Horizons H\u00e9mato\" \/>\n<meta property=\"article:modified_time\" content=\"2024-01-08T17:16:54+00:00\" \/>\n<meta name=\"twitter:card\" content=\"summary_large_image\" \/>\n<script type=\"application\/ld+json\" class=\"yoast-schema-graph\">{\"@context\":\"https:\/\/schema.org\",\"@graph\":[{\"@type\":\"WebPage\",\"@id\":\"https:\/\/horizonshemato.com\/eclairage-sur-les-reseaux-de-sante-et-parcours-de-soins-en-hematologie\/\",\"url\":\"https:\/\/horizonshemato.com\/eclairage-sur-les-reseaux-de-sante-et-parcours-de-soins-en-hematologie\/\",\"name\":\"\u00c9clairage sur les r\u00e9seaux de sant\u00e9 et parcours de soins en h\u00e9matologie - Horizons H\u00e9mato\",\"isPartOf\":{\"@id\":\"https:\/\/horizonshemato.com\/#website\"},\"datePublished\":\"2017-10-25T07:43:40+00:00\",\"dateModified\":\"2024-01-08T17:16:54+00:00\",\"breadcrumb\":{\"@id\":\"https:\/\/horizonshemato.com\/eclairage-sur-les-reseaux-de-sante-et-parcours-de-soins-en-hematologie\/#breadcrumb\"},\"inLanguage\":\"en-US\",\"potentialAction\":[{\"@type\":\"ReadAction\",\"target\":[\"https:\/\/horizonshemato.com\/eclairage-sur-les-reseaux-de-sante-et-parcours-de-soins-en-hematologie\/\"]}]},{\"@type\":\"BreadcrumbList\",\"@id\":\"https:\/\/horizonshemato.com\/eclairage-sur-les-reseaux-de-sante-et-parcours-de-soins-en-hematologie\/#breadcrumb\",\"itemListElement\":[{\"@type\":\"ListItem\",\"position\":1,\"name\":\"Accueil\",\"item\":\"https:\/\/horizonshemato.com\/\"},{\"@type\":\"ListItem\",\"position\":2,\"name\":\"\u00c9clairage sur les r\u00e9seaux de sant\u00e9 et parcours de soins en h\u00e9matologie\"}]},{\"@type\":\"WebSite\",\"@id\":\"https:\/\/horizonshemato.com\/#website\",\"url\":\"https:\/\/horizonshemato.com\/\",\"name\":\"Horizons H\u00e9mato\",\"description\":\"La revue des pratiques en h\u00e9matologie\",\"potentialAction\":[{\"@type\":\"SearchAction\",\"target\":{\"@type\":\"EntryPoint\",\"urlTemplate\":\"https:\/\/horizonshemato.com\/?s={search_term_string}\"},\"query-input\":{\"@type\":\"PropertyValueSpecification\",\"valueRequired\":true,\"valueName\":\"search_term_string\"}}],\"inLanguage\":\"en-US\"}]}<\/script>\n<!-- \/ Yoast SEO plugin. -->","yoast_head_json":{"title":"\u00c9clairage sur les r\u00e9seaux de sant\u00e9 et parcours de soins en h\u00e9matologie - Horizons H\u00e9mato","robots":{"index":"index","follow":"follow","max-snippet":"max-snippet:-1","max-image-preview":"max-image-preview:large","max-video-preview":"max-video-preview:-1"},"canonical":"https:\/\/horizonshemato.com\/en\/eclairage-sur-les-reseaux-de-sante-et-parcours-de-soins-en-hematologie\/","og_locale":"en_US","og_type":"article","og_title":"\u00c9clairage sur les r\u00e9seaux de sant\u00e9 et parcours de soins en h\u00e9matologie - Horizons H\u00e9mato","og_description":"La fili\u00e8re MaRIH (Mars 2016, vol. 6, n\u00b01) Am\u00e9lie Marouane, R\u00e9gis Peffault de la Tour R\u00e9seaux de sant\u00e9 en onco-h\u00e9matologie : hier, aujourd\u2019hui et demain (Septembre 2015, vol. 5, n\u00b03) Mohamed Touati","og_url":"https:\/\/horizonshemato.com\/en\/eclairage-sur-les-reseaux-de-sante-et-parcours-de-soins-en-hematologie\/","og_site_name":"Horizons H\u00e9mato","article_modified_time":"2024-01-08T17:16:54+00:00","twitter_card":"summary_large_image","schema":{"@context":"https:\/\/schema.org","@graph":[{"@type":"WebPage","@id":"https:\/\/horizonshemato.com\/eclairage-sur-les-reseaux-de-sante-et-parcours-de-soins-en-hematologie\/","url":"https:\/\/horizonshemato.com\/eclairage-sur-les-reseaux-de-sante-et-parcours-de-soins-en-hematologie\/","name":"\u00c9clairage sur les r\u00e9seaux de sant\u00e9 et parcours de soins en h\u00e9matologie - Horizons H\u00e9mato","isPartOf":{"@id":"https:\/\/horizonshemato.com\/#website"},"datePublished":"2017-10-25T07:43:40+00:00","dateModified":"2024-01-08T17:16:54+00:00","breadcrumb":{"@id":"https:\/\/horizonshemato.com\/eclairage-sur-les-reseaux-de-sante-et-parcours-de-soins-en-hematologie\/#breadcrumb"},"inLanguage":"en-US","potentialAction":[{"@type":"ReadAction","target":["https:\/\/horizonshemato.com\/eclairage-sur-les-reseaux-de-sante-et-parcours-de-soins-en-hematologie\/"]}]},{"@type":"BreadcrumbList","@id":"https:\/\/horizonshemato.com\/eclairage-sur-les-reseaux-de-sante-et-parcours-de-soins-en-hematologie\/#breadcrumb","itemListElement":[{"@type":"ListItem","position":1,"name":"Accueil","item":"https:\/\/horizonshemato.com\/"},{"@type":"ListItem","position":2,"name":"\u00c9clairage sur les r\u00e9seaux de sant\u00e9 et parcours de soins en h\u00e9matologie"}]},{"@type":"WebSite","@id":"https:\/\/horizonshemato.com\/#website","url":"https:\/\/horizonshemato.com\/","name":"Horizons H\u00e9mato","description":"La revue des pratiques en h\u00e9matologie","potentialAction":[{"@type":"SearchAction","target":{"@type":"EntryPoint","urlTemplate":"https:\/\/horizonshemato.com\/?s={search_term_string}"},"query-input":{"@type":"PropertyValueSpecification","valueRequired":true,"valueName":"search_term_string"}}],"inLanguage":"en-US"}]}},"_links":{"self":[{"href":"https:\/\/horizonshemato.com\/en\/wp-json\/wp\/v2\/pages\/12407","targetHints":{"allow":["GET"]}}],"collection":[{"href":"https:\/\/horizonshemato.com\/en\/wp-json\/wp\/v2\/pages"}],"about":[{"href":"https:\/\/horizonshemato.com\/en\/wp-json\/wp\/v2\/types\/page"}],"author":[{"embeddable":true,"href":"https:\/\/horizonshemato.com\/en\/wp-json\/wp\/v2\/users\/1"}],"replies":[{"embeddable":true,"href":"https:\/\/horizonshemato.com\/en\/wp-json\/wp\/v2\/comments?post=12407"}],"version-history":[{"count":3,"href":"https:\/\/horizonshemato.com\/en\/wp-json\/wp\/v2\/pages\/12407\/revisions"}],"predecessor-version":[{"id":17718,"href":"https:\/\/horizonshemato.com\/en\/wp-json\/wp\/v2\/pages\/12407\/revisions\/17718"}],"wp:attachment":[{"href":"https:\/\/horizonshemato.com\/en\/wp-json\/wp\/v2\/media?parent=12407"}],"curies":[{"name":"wp","href":"https:\/\/api.w.org\/{rel}","templated":true}]}}