{"id":12405,"date":"2017-10-25T07:43:06","date_gmt":"2017-10-25T07:43:06","guid":{"rendered":"http:\/\/horizonshemato.com\/?page_id=12405"},"modified":"2024-01-08T17:16:54","modified_gmt":"2024-01-08T17:16:54","slug":"biostatistiques","status":"publish","type":"page","link":"https:\/\/horizonshemato.com\/en\/biostatistiques\/","title":{"rendered":"Biostatistiques"},"content":{"rendered":"<ul>\n<li><a href=\"http:\/\/horizonshemato.com\/wp-content\/uploads\/2017\/10\/Horizons-Hemato-Juin-2012-108-109-Katsahian-Varet-1.pdf\">Incidence cumul\u00e9e et risques comp\u00e9titifs : \u00e7a veut dire quoi ? (<em>\u00a0Juin 2012, vol. 2, n\u00b02<\/em>)<\/a><br \/>\n<b>Sandrine Katsahian, Hugo Varet<\/b><\/li>\n<\/ul>","protected":false},"excerpt":{"rendered":"<p>Incidence cumul\u00e9e et risques comp\u00e9titifs : \u00e7a veut dire quoi ? (\u00a0Juin 2012, vol. 2, n\u00b02) Sandrine Katsahian, Hugo Varet<\/p>","protected":false},"author":1,"featured_media":0,"parent":0,"menu_order":0,"comment_status":"closed","ping_status":"closed","template":"","meta":{"_monsterinsights_skip_tracking":false,"_monsterinsights_sitenote_active":false,"_monsterinsights_sitenote_note":"","_monsterinsights_sitenote_category":0,"footnotes":""},"class_list":["post-12405","page","type-page","status-publish","hentry"],"yoast_head":"<!-- This site is optimized with the Yoast SEO plugin v27.1.1 - https:\/\/yoast.com\/product\/yoast-seo-wordpress\/ -->\n<title>Biostatistiques - Horizons H\u00e9mato<\/title>\n<meta name=\"robots\" content=\"index, follow, max-snippet:-1, max-image-preview:large, max-video-preview:-1\" \/>\n<link rel=\"canonical\" href=\"https:\/\/horizonshemato.com\/en\/biostatistiques\/\" \/>\n<meta property=\"og:locale\" content=\"en_US\" \/>\n<meta property=\"og:type\" content=\"article\" \/>\n<meta property=\"og:title\" content=\"Biostatistiques - Horizons H\u00e9mato\" \/>\n<meta property=\"og:description\" content=\"Incidence cumul\u00e9e et risques comp\u00e9titifs : \u00e7a veut dire quoi ? (\u00a0Juin 2012, vol. 2, n\u00b02) Sandrine Katsahian, Hugo Varet\" \/>\n<meta property=\"og:url\" content=\"https:\/\/horizonshemato.com\/en\/biostatistiques\/\" \/>\n<meta property=\"og:site_name\" content=\"Horizons H\u00e9mato\" \/>\n<meta property=\"article:modified_time\" content=\"2024-01-08T17:16:54+00:00\" \/>\n<meta name=\"twitter:card\" content=\"summary_large_image\" \/>\n<script type=\"application\/ld+json\" class=\"yoast-schema-graph\">{\"@context\":\"https:\/\/schema.org\",\"@graph\":[{\"@type\":\"WebPage\",\"@id\":\"https:\/\/horizonshemato.com\/biostatistiques\/\",\"url\":\"https:\/\/horizonshemato.com\/biostatistiques\/\",\"name\":\"Biostatistiques - Horizons H\u00e9mato\",\"isPartOf\":{\"@id\":\"https:\/\/horizonshemato.com\/#website\"},\"datePublished\":\"2017-10-25T07:43:06+00:00\",\"dateModified\":\"2024-01-08T17:16:54+00:00\",\"breadcrumb\":{\"@id\":\"https:\/\/horizonshemato.com\/biostatistiques\/#breadcrumb\"},\"inLanguage\":\"en-US\",\"potentialAction\":[{\"@type\":\"ReadAction\",\"target\":[\"https:\/\/horizonshemato.com\/biostatistiques\/\"]}]},{\"@type\":\"BreadcrumbList\",\"@id\":\"https:\/\/horizonshemato.com\/biostatistiques\/#breadcrumb\",\"itemListElement\":[{\"@type\":\"ListItem\",\"position\":1,\"name\":\"Accueil\",\"item\":\"https:\/\/horizonshemato.com\/\"},{\"@type\":\"ListItem\",\"position\":2,\"name\":\"Biostatistiques\"}]},{\"@type\":\"WebSite\",\"@id\":\"https:\/\/horizonshemato.com\/#website\",\"url\":\"https:\/\/horizonshemato.com\/\",\"name\":\"Horizons H\u00e9mato\",\"description\":\"La revue des pratiques en h\u00e9matologie\",\"potentialAction\":[{\"@type\":\"SearchAction\",\"target\":{\"@type\":\"EntryPoint\",\"urlTemplate\":\"https:\/\/horizonshemato.com\/?s={search_term_string}\"},\"query-input\":{\"@type\":\"PropertyValueSpecification\",\"valueRequired\":true,\"valueName\":\"search_term_string\"}}],\"inLanguage\":\"en-US\"}]}<\/script>\n<!-- \/ Yoast SEO plugin. -->","yoast_head_json":{"title":"Biostatistiques - Horizons H\u00e9mato","robots":{"index":"index","follow":"follow","max-snippet":"max-snippet:-1","max-image-preview":"max-image-preview:large","max-video-preview":"max-video-preview:-1"},"canonical":"https:\/\/horizonshemato.com\/en\/biostatistiques\/","og_locale":"en_US","og_type":"article","og_title":"Biostatistiques - Horizons H\u00e9mato","og_description":"Incidence cumul\u00e9e et risques comp\u00e9titifs : \u00e7a veut dire quoi ? (\u00a0Juin 2012, vol. 2, n\u00b02) Sandrine Katsahian, Hugo Varet","og_url":"https:\/\/horizonshemato.com\/en\/biostatistiques\/","og_site_name":"Horizons H\u00e9mato","article_modified_time":"2024-01-08T17:16:54+00:00","twitter_card":"summary_large_image","schema":{"@context":"https:\/\/schema.org","@graph":[{"@type":"WebPage","@id":"https:\/\/horizonshemato.com\/biostatistiques\/","url":"https:\/\/horizonshemato.com\/biostatistiques\/","name":"Biostatistiques - Horizons H\u00e9mato","isPartOf":{"@id":"https:\/\/horizonshemato.com\/#website"},"datePublished":"2017-10-25T07:43:06+00:00","dateModified":"2024-01-08T17:16:54+00:00","breadcrumb":{"@id":"https:\/\/horizonshemato.com\/biostatistiques\/#breadcrumb"},"inLanguage":"en-US","potentialAction":[{"@type":"ReadAction","target":["https:\/\/horizonshemato.com\/biostatistiques\/"]}]},{"@type":"BreadcrumbList","@id":"https:\/\/horizonshemato.com\/biostatistiques\/#breadcrumb","itemListElement":[{"@type":"ListItem","position":1,"name":"Accueil","item":"https:\/\/horizonshemato.com\/"},{"@type":"ListItem","position":2,"name":"Biostatistiques"}]},{"@type":"WebSite","@id":"https:\/\/horizonshemato.com\/#website","url":"https:\/\/horizonshemato.com\/","name":"Horizons H\u00e9mato","description":"La revue des pratiques en h\u00e9matologie","potentialAction":[{"@type":"SearchAction","target":{"@type":"EntryPoint","urlTemplate":"https:\/\/horizonshemato.com\/?s={search_term_string}"},"query-input":{"@type":"PropertyValueSpecification","valueRequired":true,"valueName":"search_term_string"}}],"inLanguage":"en-US"}]}},"_links":{"self":[{"href":"https:\/\/horizonshemato.com\/en\/wp-json\/wp\/v2\/pages\/12405","targetHints":{"allow":["GET"]}}],"collection":[{"href":"https:\/\/horizonshemato.com\/en\/wp-json\/wp\/v2\/pages"}],"about":[{"href":"https:\/\/horizonshemato.com\/en\/wp-json\/wp\/v2\/types\/page"}],"author":[{"embeddable":true,"href":"https:\/\/horizonshemato.com\/en\/wp-json\/wp\/v2\/users\/1"}],"replies":[{"embeddable":true,"href":"https:\/\/horizonshemato.com\/en\/wp-json\/wp\/v2\/comments?post=12405"}],"version-history":[{"count":3,"href":"https:\/\/horizonshemato.com\/en\/wp-json\/wp\/v2\/pages\/12405\/revisions"}],"predecessor-version":[{"id":17716,"href":"https:\/\/horizonshemato.com\/en\/wp-json\/wp\/v2\/pages\/12405\/revisions\/17716"}],"wp:attachment":[{"href":"https:\/\/horizonshemato.com\/en\/wp-json\/wp\/v2\/media?parent=12405"}],"curies":[{"name":"wp","href":"https:\/\/api.w.org\/{rel}","templated":true}]}}