{"id":12403,"date":"2017-10-25T07:41:44","date_gmt":"2017-10-25T07:41:44","guid":{"rendered":"http:\/\/horizonshemato.com\/?page_id=12403"},"modified":"2024-01-08T17:16:54","modified_gmt":"2024-01-08T17:16:54","slug":"mise-au-point-sur-la-rd-en-hematologie","status":"publish","type":"page","link":"https:\/\/horizonshemato.com\/en\/mise-au-point-sur-la-rd-en-hematologie\/","title":{"rendered":"Mise au point sur la R&#038;D en h\u00e9matologie"},"content":{"rendered":"<ul>\n<li>AMGEN : retour vers le futur en h\u00e9matologie (<em>Mars 2016, vol. 6, n\u00b01<\/em>)<strong><br \/>\n<\/strong><\/li>\n<\/ul>\n<ul>\n<li>JANSSEN, une soci\u00e9t\u00e9 du groupe Johnson &amp; Johnson : un pionnier de la R&amp;D en h\u00e9matologie (<em>Septembre 2015, vol. 5, n\u00b03<\/em>)<\/li>\n<\/ul>\n<ul>\n<li>ARIAD Pharmaceuticals France, un nouvel acteur en onco-h\u00e9matologie : une partition partag\u00e9e entre recherche et clinique (<em>Mars 2015, vol. 5, n\u00b01<\/em>)<\/li>\n<\/ul>","protected":false},"excerpt":{"rendered":"<p>AMGEN : retour vers le futur en h\u00e9matologie (Mars 2016, vol. 6, n\u00b01) JANSSEN, une soci\u00e9t\u00e9 du groupe Johnson &amp; Johnson : un pionnier de la R&amp;D en h\u00e9matologie (Septembre 2015, vol. 5, n\u00b03) ARIAD Pharmaceuticals France, un nouvel acteur en onco-h\u00e9matologie : une partition partag\u00e9e entre recherche et clinique (Mars 2015, vol. 5, n\u00b01)<\/p>","protected":false},"author":1,"featured_media":0,"parent":0,"menu_order":0,"comment_status":"closed","ping_status":"closed","template":"","meta":{"_monsterinsights_skip_tracking":false,"_monsterinsights_sitenote_active":false,"_monsterinsights_sitenote_note":"","_monsterinsights_sitenote_category":0,"footnotes":""},"class_list":["post-12403","page","type-page","status-publish","hentry"],"yoast_head":"<!-- This site is optimized with the Yoast SEO plugin v27.1.1 - https:\/\/yoast.com\/product\/yoast-seo-wordpress\/ -->\n<title>Mise au point sur la R&amp;D en h\u00e9matologie - Horizons H\u00e9mato<\/title>\n<meta name=\"robots\" content=\"index, follow, max-snippet:-1, max-image-preview:large, max-video-preview:-1\" \/>\n<link rel=\"canonical\" href=\"https:\/\/horizonshemato.com\/en\/mise-au-point-sur-la-rd-en-hematologie\/\" \/>\n<meta property=\"og:locale\" content=\"en_US\" \/>\n<meta property=\"og:type\" content=\"article\" \/>\n<meta property=\"og:title\" content=\"Mise au point sur la R&amp;D en h\u00e9matologie - Horizons H\u00e9mato\" \/>\n<meta property=\"og:description\" content=\"AMGEN : retour vers le futur en h\u00e9matologie (Mars 2016, vol. 6, n\u00b01) JANSSEN, une soci\u00e9t\u00e9 du groupe Johnson &amp; Johnson : un pionnier de la R&amp;D en h\u00e9matologie (Septembre 2015, vol. 5, n\u00b03) ARIAD Pharmaceuticals France, un nouvel acteur en onco-h\u00e9matologie : une partition partag\u00e9e entre recherche et clinique (Mars 2015, vol. 5, n\u00b01)\" \/>\n<meta property=\"og:url\" content=\"https:\/\/horizonshemato.com\/en\/mise-au-point-sur-la-rd-en-hematologie\/\" \/>\n<meta property=\"og:site_name\" content=\"Horizons H\u00e9mato\" \/>\n<meta property=\"article:modified_time\" content=\"2024-01-08T17:16:54+00:00\" \/>\n<meta name=\"twitter:card\" content=\"summary_large_image\" \/>\n<script type=\"application\/ld+json\" class=\"yoast-schema-graph\">{\"@context\":\"https:\/\/schema.org\",\"@graph\":[{\"@type\":\"WebPage\",\"@id\":\"https:\/\/horizonshemato.com\/mise-au-point-sur-la-rd-en-hematologie\/\",\"url\":\"https:\/\/horizonshemato.com\/mise-au-point-sur-la-rd-en-hematologie\/\",\"name\":\"Mise au point sur la R&D en h\u00e9matologie - Horizons H\u00e9mato\",\"isPartOf\":{\"@id\":\"https:\/\/horizonshemato.com\/#website\"},\"datePublished\":\"2017-10-25T07:41:44+00:00\",\"dateModified\":\"2024-01-08T17:16:54+00:00\",\"breadcrumb\":{\"@id\":\"https:\/\/horizonshemato.com\/mise-au-point-sur-la-rd-en-hematologie\/#breadcrumb\"},\"inLanguage\":\"en-US\",\"potentialAction\":[{\"@type\":\"ReadAction\",\"target\":[\"https:\/\/horizonshemato.com\/mise-au-point-sur-la-rd-en-hematologie\/\"]}]},{\"@type\":\"BreadcrumbList\",\"@id\":\"https:\/\/horizonshemato.com\/mise-au-point-sur-la-rd-en-hematologie\/#breadcrumb\",\"itemListElement\":[{\"@type\":\"ListItem\",\"position\":1,\"name\":\"Accueil\",\"item\":\"https:\/\/horizonshemato.com\/\"},{\"@type\":\"ListItem\",\"position\":2,\"name\":\"Mise au point sur la R&#038;D en h\u00e9matologie\"}]},{\"@type\":\"WebSite\",\"@id\":\"https:\/\/horizonshemato.com\/#website\",\"url\":\"https:\/\/horizonshemato.com\/\",\"name\":\"Horizons H\u00e9mato\",\"description\":\"La revue des pratiques en h\u00e9matologie\",\"potentialAction\":[{\"@type\":\"SearchAction\",\"target\":{\"@type\":\"EntryPoint\",\"urlTemplate\":\"https:\/\/horizonshemato.com\/?s={search_term_string}\"},\"query-input\":{\"@type\":\"PropertyValueSpecification\",\"valueRequired\":true,\"valueName\":\"search_term_string\"}}],\"inLanguage\":\"en-US\"}]}<\/script>\n<!-- \/ Yoast SEO plugin. -->","yoast_head_json":{"title":"Mise au point sur la R&D en h\u00e9matologie - Horizons H\u00e9mato","robots":{"index":"index","follow":"follow","max-snippet":"max-snippet:-1","max-image-preview":"max-image-preview:large","max-video-preview":"max-video-preview:-1"},"canonical":"https:\/\/horizonshemato.com\/en\/mise-au-point-sur-la-rd-en-hematologie\/","og_locale":"en_US","og_type":"article","og_title":"Mise au point sur la R&D en h\u00e9matologie - Horizons H\u00e9mato","og_description":"AMGEN : retour vers le futur en h\u00e9matologie (Mars 2016, vol. 6, n\u00b01) JANSSEN, une soci\u00e9t\u00e9 du groupe Johnson &amp; Johnson : un pionnier de la R&amp;D en h\u00e9matologie (Septembre 2015, vol. 5, n\u00b03) ARIAD Pharmaceuticals France, un nouvel acteur en onco-h\u00e9matologie : une partition partag\u00e9e entre recherche et clinique (Mars 2015, vol. 5, n\u00b01)","og_url":"https:\/\/horizonshemato.com\/en\/mise-au-point-sur-la-rd-en-hematologie\/","og_site_name":"Horizons H\u00e9mato","article_modified_time":"2024-01-08T17:16:54+00:00","twitter_card":"summary_large_image","schema":{"@context":"https:\/\/schema.org","@graph":[{"@type":"WebPage","@id":"https:\/\/horizonshemato.com\/mise-au-point-sur-la-rd-en-hematologie\/","url":"https:\/\/horizonshemato.com\/mise-au-point-sur-la-rd-en-hematologie\/","name":"Mise au point sur la R&D en h\u00e9matologie - Horizons H\u00e9mato","isPartOf":{"@id":"https:\/\/horizonshemato.com\/#website"},"datePublished":"2017-10-25T07:41:44+00:00","dateModified":"2024-01-08T17:16:54+00:00","breadcrumb":{"@id":"https:\/\/horizonshemato.com\/mise-au-point-sur-la-rd-en-hematologie\/#breadcrumb"},"inLanguage":"en-US","potentialAction":[{"@type":"ReadAction","target":["https:\/\/horizonshemato.com\/mise-au-point-sur-la-rd-en-hematologie\/"]}]},{"@type":"BreadcrumbList","@id":"https:\/\/horizonshemato.com\/mise-au-point-sur-la-rd-en-hematologie\/#breadcrumb","itemListElement":[{"@type":"ListItem","position":1,"name":"Accueil","item":"https:\/\/horizonshemato.com\/"},{"@type":"ListItem","position":2,"name":"Mise au point sur la R&#038;D en h\u00e9matologie"}]},{"@type":"WebSite","@id":"https:\/\/horizonshemato.com\/#website","url":"https:\/\/horizonshemato.com\/","name":"Horizons H\u00e9mato","description":"La revue des pratiques en h\u00e9matologie","potentialAction":[{"@type":"SearchAction","target":{"@type":"EntryPoint","urlTemplate":"https:\/\/horizonshemato.com\/?s={search_term_string}"},"query-input":{"@type":"PropertyValueSpecification","valueRequired":true,"valueName":"search_term_string"}}],"inLanguage":"en-US"}]}},"_links":{"self":[{"href":"https:\/\/horizonshemato.com\/en\/wp-json\/wp\/v2\/pages\/12403","targetHints":{"allow":["GET"]}}],"collection":[{"href":"https:\/\/horizonshemato.com\/en\/wp-json\/wp\/v2\/pages"}],"about":[{"href":"https:\/\/horizonshemato.com\/en\/wp-json\/wp\/v2\/types\/page"}],"author":[{"embeddable":true,"href":"https:\/\/horizonshemato.com\/en\/wp-json\/wp\/v2\/users\/1"}],"replies":[{"embeddable":true,"href":"https:\/\/horizonshemato.com\/en\/wp-json\/wp\/v2\/comments?post=12403"}],"version-history":[{"count":2,"href":"https:\/\/horizonshemato.com\/en\/wp-json\/wp\/v2\/pages\/12403\/revisions"}],"predecessor-version":[{"id":17714,"href":"https:\/\/horizonshemato.com\/en\/wp-json\/wp\/v2\/pages\/12403\/revisions\/17714"}],"wp:attachment":[{"href":"https:\/\/horizonshemato.com\/en\/wp-json\/wp\/v2\/media?parent=12403"}],"curies":[{"name":"wp","href":"https:\/\/api.w.org\/{rel}","templated":true}]}}