{"id":12400,"date":"2017-10-24T15:36:04","date_gmt":"2017-10-24T15:36:04","guid":{"rendered":"http:\/\/horizonshemato.com\/?page_id=12400"},"modified":"2024-01-08T17:16:54","modified_gmt":"2024-01-08T17:16:54","slug":"mise-a-jour","status":"publish","type":"page","link":"https:\/\/horizonshemato.com\/en\/mise-a-jour\/","title":{"rendered":"Mise \u00e0 jour"},"content":{"rendered":"<ul>\n<li>Incidence et survie des h\u00e9mopathies malignes en France m\u00e9tropolitaine (<em>Juin 2016, vol. 6, n\u00b02<\/em>)<br \/>\n<strong>Xavier Troussard<\/strong><\/li>\n<\/ul>\n<ul>\n<li>Int\u00e9r\u00eat du thiot\u00e9pa dans les conditionnements de greffes de sang placentaire et haplo-identiques (<em>Mars 2016, vol. 6, n\u00b01<\/em>)<br \/>\n<strong>Marie-Th\u00e9r\u00e8se Rubio<\/strong><\/li>\n<\/ul>","protected":false},"excerpt":{"rendered":"<p>Incidence et survie des h\u00e9mopathies malignes en France m\u00e9tropolitaine (Juin 2016, vol. 6, n\u00b02) Xavier Troussard Int\u00e9r\u00eat du thiot\u00e9pa dans les conditionnements de greffes de sang placentaire et haplo-identiques (Mars 2016, vol. 6, n\u00b01) Marie-Th\u00e9r\u00e8se Rubio<\/p>","protected":false},"author":1,"featured_media":0,"parent":0,"menu_order":0,"comment_status":"closed","ping_status":"closed","template":"","meta":{"_monsterinsights_skip_tracking":false,"_monsterinsights_sitenote_active":false,"_monsterinsights_sitenote_note":"","_monsterinsights_sitenote_category":0,"footnotes":""},"class_list":["post-12400","page","type-page","status-publish","hentry"],"yoast_head":"<!-- This site is optimized with the Yoast SEO plugin v27.1.1 - https:\/\/yoast.com\/product\/yoast-seo-wordpress\/ -->\n<title>Mise \u00e0 jour - Horizons H\u00e9mato<\/title>\n<meta name=\"robots\" content=\"index, follow, max-snippet:-1, max-image-preview:large, max-video-preview:-1\" \/>\n<link rel=\"canonical\" href=\"https:\/\/horizonshemato.com\/en\/mise-a-jour\/\" \/>\n<meta property=\"og:locale\" content=\"en_US\" \/>\n<meta property=\"og:type\" content=\"article\" \/>\n<meta property=\"og:title\" content=\"Mise \u00e0 jour - Horizons H\u00e9mato\" \/>\n<meta property=\"og:description\" content=\"Incidence et survie des h\u00e9mopathies malignes en France m\u00e9tropolitaine (Juin 2016, vol. 6, n\u00b02) Xavier Troussard Int\u00e9r\u00eat du thiot\u00e9pa dans les conditionnements de greffes de sang placentaire et haplo-identiques (Mars 2016, vol. 6, n\u00b01) Marie-Th\u00e9r\u00e8se Rubio\" \/>\n<meta property=\"og:url\" content=\"https:\/\/horizonshemato.com\/en\/mise-a-jour\/\" \/>\n<meta property=\"og:site_name\" content=\"Horizons H\u00e9mato\" \/>\n<meta property=\"article:modified_time\" content=\"2024-01-08T17:16:54+00:00\" \/>\n<meta name=\"twitter:card\" content=\"summary_large_image\" \/>\n<script type=\"application\/ld+json\" class=\"yoast-schema-graph\">{\"@context\":\"https:\/\/schema.org\",\"@graph\":[{\"@type\":\"WebPage\",\"@id\":\"https:\/\/horizonshemato.com\/mise-a-jour\/\",\"url\":\"https:\/\/horizonshemato.com\/mise-a-jour\/\",\"name\":\"Mise \u00e0 jour - Horizons H\u00e9mato\",\"isPartOf\":{\"@id\":\"https:\/\/horizonshemato.com\/#website\"},\"datePublished\":\"2017-10-24T15:36:04+00:00\",\"dateModified\":\"2024-01-08T17:16:54+00:00\",\"breadcrumb\":{\"@id\":\"https:\/\/horizonshemato.com\/mise-a-jour\/#breadcrumb\"},\"inLanguage\":\"en-US\",\"potentialAction\":[{\"@type\":\"ReadAction\",\"target\":[\"https:\/\/horizonshemato.com\/mise-a-jour\/\"]}]},{\"@type\":\"BreadcrumbList\",\"@id\":\"https:\/\/horizonshemato.com\/mise-a-jour\/#breadcrumb\",\"itemListElement\":[{\"@type\":\"ListItem\",\"position\":1,\"name\":\"Accueil\",\"item\":\"https:\/\/horizonshemato.com\/\"},{\"@type\":\"ListItem\",\"position\":2,\"name\":\"Mise \u00e0 jour\"}]},{\"@type\":\"WebSite\",\"@id\":\"https:\/\/horizonshemato.com\/#website\",\"url\":\"https:\/\/horizonshemato.com\/\",\"name\":\"Horizons H\u00e9mato\",\"description\":\"La revue des pratiques en h\u00e9matologie\",\"potentialAction\":[{\"@type\":\"SearchAction\",\"target\":{\"@type\":\"EntryPoint\",\"urlTemplate\":\"https:\/\/horizonshemato.com\/?s={search_term_string}\"},\"query-input\":{\"@type\":\"PropertyValueSpecification\",\"valueRequired\":true,\"valueName\":\"search_term_string\"}}],\"inLanguage\":\"en-US\"}]}<\/script>\n<!-- \/ Yoast SEO plugin. -->","yoast_head_json":{"title":"Mise \u00e0 jour - Horizons H\u00e9mato","robots":{"index":"index","follow":"follow","max-snippet":"max-snippet:-1","max-image-preview":"max-image-preview:large","max-video-preview":"max-video-preview:-1"},"canonical":"https:\/\/horizonshemato.com\/en\/mise-a-jour\/","og_locale":"en_US","og_type":"article","og_title":"Mise \u00e0 jour - Horizons H\u00e9mato","og_description":"Incidence et survie des h\u00e9mopathies malignes en France m\u00e9tropolitaine (Juin 2016, vol. 6, n\u00b02) Xavier Troussard Int\u00e9r\u00eat du thiot\u00e9pa dans les conditionnements de greffes de sang placentaire et haplo-identiques (Mars 2016, vol. 6, n\u00b01) Marie-Th\u00e9r\u00e8se Rubio","og_url":"https:\/\/horizonshemato.com\/en\/mise-a-jour\/","og_site_name":"Horizons H\u00e9mato","article_modified_time":"2024-01-08T17:16:54+00:00","twitter_card":"summary_large_image","schema":{"@context":"https:\/\/schema.org","@graph":[{"@type":"WebPage","@id":"https:\/\/horizonshemato.com\/mise-a-jour\/","url":"https:\/\/horizonshemato.com\/mise-a-jour\/","name":"Mise \u00e0 jour - Horizons H\u00e9mato","isPartOf":{"@id":"https:\/\/horizonshemato.com\/#website"},"datePublished":"2017-10-24T15:36:04+00:00","dateModified":"2024-01-08T17:16:54+00:00","breadcrumb":{"@id":"https:\/\/horizonshemato.com\/mise-a-jour\/#breadcrumb"},"inLanguage":"en-US","potentialAction":[{"@type":"ReadAction","target":["https:\/\/horizonshemato.com\/mise-a-jour\/"]}]},{"@type":"BreadcrumbList","@id":"https:\/\/horizonshemato.com\/mise-a-jour\/#breadcrumb","itemListElement":[{"@type":"ListItem","position":1,"name":"Accueil","item":"https:\/\/horizonshemato.com\/"},{"@type":"ListItem","position":2,"name":"Mise \u00e0 jour"}]},{"@type":"WebSite","@id":"https:\/\/horizonshemato.com\/#website","url":"https:\/\/horizonshemato.com\/","name":"Horizons H\u00e9mato","description":"La revue des pratiques en h\u00e9matologie","potentialAction":[{"@type":"SearchAction","target":{"@type":"EntryPoint","urlTemplate":"https:\/\/horizonshemato.com\/?s={search_term_string}"},"query-input":{"@type":"PropertyValueSpecification","valueRequired":true,"valueName":"search_term_string"}}],"inLanguage":"en-US"}]}},"_links":{"self":[{"href":"https:\/\/horizonshemato.com\/en\/wp-json\/wp\/v2\/pages\/12400","targetHints":{"allow":["GET"]}}],"collection":[{"href":"https:\/\/horizonshemato.com\/en\/wp-json\/wp\/v2\/pages"}],"about":[{"href":"https:\/\/horizonshemato.com\/en\/wp-json\/wp\/v2\/types\/page"}],"author":[{"embeddable":true,"href":"https:\/\/horizonshemato.com\/en\/wp-json\/wp\/v2\/users\/1"}],"replies":[{"embeddable":true,"href":"https:\/\/horizonshemato.com\/en\/wp-json\/wp\/v2\/comments?post=12400"}],"version-history":[{"count":3,"href":"https:\/\/horizonshemato.com\/en\/wp-json\/wp\/v2\/pages\/12400\/revisions"}],"predecessor-version":[{"id":17712,"href":"https:\/\/horizonshemato.com\/en\/wp-json\/wp\/v2\/pages\/12400\/revisions\/17712"}],"wp:attachment":[{"href":"https:\/\/horizonshemato.com\/en\/wp-json\/wp\/v2\/media?parent=12400"}],"curies":[{"name":"wp","href":"https:\/\/api.w.org\/{rel}","templated":true}]}}