{"id":12392,"date":"2017-10-24T10:04:51","date_gmt":"2017-10-24T10:04:51","guid":{"rendered":"http:\/\/horizonshemato.com\/?page_id=12392"},"modified":"2024-01-08T17:16:53","modified_gmt":"2024-01-08T17:16:53","slug":"flash-presse","status":"publish","type":"page","link":"https:\/\/horizonshemato.com\/en\/flash-presse\/","title":{"rendered":"Flash presse"},"content":{"rendered":"<h4>Revue de presse<\/h4>\n<p>Les articles sont s\u00e9lectionn\u00e9s chaque trimestre parmi les grandes revues internationales.<br \/>\nIls sont pr\u00e9sent\u00e9s sous la forme d\u2019un court r\u00e9sum\u00e9 et analys\u00e9s sous l\u2019angle des pratiques cliniques.<\/p>\n<ul>\n<li>Revue de presse du vol. 7, n\u00b03, Septembre 2017<\/li>\n<li>Revue de presse du vol. 7, n\u00b02, Juin 2017<\/li>\n<li>Revue de presse du vol. 7, n\u00b01, Mars 2017<\/li>\n<li>Revue de presse du vol. 6, n\u00b04, D\u00e9cembre 2016<\/li>\n<li>Revue de presse du vol. 6, n\u00b03, Septembre 2016<\/li>\n<li>Revue de presse du vol. 6, n\u00b01, Mars 2016<\/li>\n<li>Revue de presse du vol. 5, n\u00b04, D\u00e9cembre 2015<\/li>\n<li>Revue de presse du vol. 5, n\u00b02, Juin 2015<\/li>\n<li>Revue de presse du vol. 5, n\u00b01, Mars 2015<\/li>\n<li>Revue de presse du vol. 4, n\u00b04, D\u00e9cembre 2014<\/li>\n<li>Revue de presse du vol. 4, n\u00b02, Juin 2014<\/li>\n<li>Revue de presse du vol. 4, n\u00b01, Mars 2014<\/li>\n<li>Revue de presse du vol. 3, n\u00b04, D\u00e9cembre 2013<\/li>\n<li>Revue de presse du vol. 3, n\u00b02, Juin 2013<\/li>\n<li>Revue de presse du vol. 3, n\u00b01, Mars 2013<\/li>\n<li>Revue de presse du vol. 2, n\u00b04, D\u00e9cembre 2012<\/li>\n<li>Revue de presse du vol. 2, n\u00b02, Juin 2012<\/li>\n<li>Revue de presse du vol. 2, n\u00b01, Mars 2012<\/li>\n<li>Revue de presse du vol. 1, n\u00b02, D\u00e9cembre 2011<\/li>\n<li>Revue de presse du vol. 1, n\u00b01, Septembre 2011<\/li>\n<\/ul>","protected":false},"excerpt":{"rendered":"<p>Revue de presse Les articles sont s\u00e9lectionn\u00e9s chaque trimestre parmi les grandes revues internationales. Ils sont pr\u00e9sent\u00e9s sous la forme d\u2019un court r\u00e9sum\u00e9 et analys\u00e9s sous l\u2019angle des pratiques cliniques. Revue de presse du vol. 7, n\u00b03, Septembre 2017 Revue de presse du vol. 7, n\u00b02, Juin 2017 Revue de presse du vol. 7, n\u00b01, Mars  [&#8230;]<\/p>\n","protected":false},"author":1,"featured_media":0,"parent":0,"menu_order":0,"comment_status":"closed","ping_status":"closed","template":"","meta":{"_monsterinsights_skip_tracking":false,"_monsterinsights_sitenote_active":false,"_monsterinsights_sitenote_note":"","_monsterinsights_sitenote_category":0,"footnotes":""},"class_list":["post-12392","page","type-page","status-publish","hentry"],"yoast_head":"<!-- This site is optimized with the Yoast SEO plugin v27.1.1 - https:\/\/yoast.com\/product\/yoast-seo-wordpress\/ -->\n<title>Flash presse - Horizons H\u00e9mato<\/title>\n<meta name=\"robots\" content=\"index, follow, max-snippet:-1, max-image-preview:large, max-video-preview:-1\" \/>\n<link rel=\"canonical\" href=\"https:\/\/horizonshemato.com\/en\/flash-presse\/\" \/>\n<meta property=\"og:locale\" content=\"en_US\" \/>\n<meta property=\"og:type\" content=\"article\" \/>\n<meta property=\"og:title\" content=\"Flash presse - Horizons H\u00e9mato\" \/>\n<meta property=\"og:description\" content=\"Revue de presse Les articles sont s\u00e9lectionn\u00e9s chaque trimestre parmi les grandes revues internationales. Ils sont pr\u00e9sent\u00e9s sous la forme d\u2019un court r\u00e9sum\u00e9 et analys\u00e9s sous l\u2019angle des pratiques cliniques. Revue de presse du vol. 7, n\u00b03, Septembre 2017 Revue de presse du vol. 7, n\u00b02, Juin 2017 Revue de presse du vol. 7, n\u00b01, Mars [...]\" \/>\n<meta property=\"og:url\" content=\"https:\/\/horizonshemato.com\/en\/flash-presse\/\" \/>\n<meta property=\"og:site_name\" content=\"Horizons H\u00e9mato\" \/>\n<meta property=\"article:modified_time\" content=\"2024-01-08T17:16:53+00:00\" \/>\n<meta name=\"twitter:card\" content=\"summary_large_image\" \/>\n<meta name=\"twitter:label1\" content=\"Est. reading time\" \/>\n\t<meta name=\"twitter:data1\" content=\"1 minute\" \/>\n<script type=\"application\/ld+json\" class=\"yoast-schema-graph\">{\"@context\":\"https:\/\/schema.org\",\"@graph\":[{\"@type\":\"WebPage\",\"@id\":\"https:\/\/horizonshemato.com\/flash-presse\/\",\"url\":\"https:\/\/horizonshemato.com\/flash-presse\/\",\"name\":\"Flash presse - Horizons H\u00e9mato\",\"isPartOf\":{\"@id\":\"https:\/\/horizonshemato.com\/#website\"},\"datePublished\":\"2017-10-24T10:04:51+00:00\",\"dateModified\":\"2024-01-08T17:16:53+00:00\",\"breadcrumb\":{\"@id\":\"https:\/\/horizonshemato.com\/flash-presse\/#breadcrumb\"},\"inLanguage\":\"en-US\",\"potentialAction\":[{\"@type\":\"ReadAction\",\"target\":[\"https:\/\/horizonshemato.com\/flash-presse\/\"]}]},{\"@type\":\"BreadcrumbList\",\"@id\":\"https:\/\/horizonshemato.com\/flash-presse\/#breadcrumb\",\"itemListElement\":[{\"@type\":\"ListItem\",\"position\":1,\"name\":\"Accueil\",\"item\":\"https:\/\/horizonshemato.com\/\"},{\"@type\":\"ListItem\",\"position\":2,\"name\":\"Flash presse\"}]},{\"@type\":\"WebSite\",\"@id\":\"https:\/\/horizonshemato.com\/#website\",\"url\":\"https:\/\/horizonshemato.com\/\",\"name\":\"Horizons H\u00e9mato\",\"description\":\"La revue des pratiques en h\u00e9matologie\",\"potentialAction\":[{\"@type\":\"SearchAction\",\"target\":{\"@type\":\"EntryPoint\",\"urlTemplate\":\"https:\/\/horizonshemato.com\/?s={search_term_string}\"},\"query-input\":{\"@type\":\"PropertyValueSpecification\",\"valueRequired\":true,\"valueName\":\"search_term_string\"}}],\"inLanguage\":\"en-US\"}]}<\/script>\n<!-- \/ Yoast SEO plugin. -->","yoast_head_json":{"title":"Flash presse - Horizons H\u00e9mato","robots":{"index":"index","follow":"follow","max-snippet":"max-snippet:-1","max-image-preview":"max-image-preview:large","max-video-preview":"max-video-preview:-1"},"canonical":"https:\/\/horizonshemato.com\/en\/flash-presse\/","og_locale":"en_US","og_type":"article","og_title":"Flash presse - Horizons H\u00e9mato","og_description":"Revue de presse Les articles sont s\u00e9lectionn\u00e9s chaque trimestre parmi les grandes revues internationales. Ils sont pr\u00e9sent\u00e9s sous la forme d\u2019un court r\u00e9sum\u00e9 et analys\u00e9s sous l\u2019angle des pratiques cliniques. Revue de presse du vol. 7, n\u00b03, Septembre 2017 Revue de presse du vol. 7, n\u00b02, Juin 2017 Revue de presse du vol. 7, n\u00b01, Mars [...]","og_url":"https:\/\/horizonshemato.com\/en\/flash-presse\/","og_site_name":"Horizons H\u00e9mato","article_modified_time":"2024-01-08T17:16:53+00:00","twitter_card":"summary_large_image","twitter_misc":{"Est. reading time":"1 minute"},"schema":{"@context":"https:\/\/schema.org","@graph":[{"@type":"WebPage","@id":"https:\/\/horizonshemato.com\/flash-presse\/","url":"https:\/\/horizonshemato.com\/flash-presse\/","name":"Flash presse - Horizons H\u00e9mato","isPartOf":{"@id":"https:\/\/horizonshemato.com\/#website"},"datePublished":"2017-10-24T10:04:51+00:00","dateModified":"2024-01-08T17:16:53+00:00","breadcrumb":{"@id":"https:\/\/horizonshemato.com\/flash-presse\/#breadcrumb"},"inLanguage":"en-US","potentialAction":[{"@type":"ReadAction","target":["https:\/\/horizonshemato.com\/flash-presse\/"]}]},{"@type":"BreadcrumbList","@id":"https:\/\/horizonshemato.com\/flash-presse\/#breadcrumb","itemListElement":[{"@type":"ListItem","position":1,"name":"Accueil","item":"https:\/\/horizonshemato.com\/"},{"@type":"ListItem","position":2,"name":"Flash presse"}]},{"@type":"WebSite","@id":"https:\/\/horizonshemato.com\/#website","url":"https:\/\/horizonshemato.com\/","name":"Horizons H\u00e9mato","description":"La revue des pratiques en h\u00e9matologie","potentialAction":[{"@type":"SearchAction","target":{"@type":"EntryPoint","urlTemplate":"https:\/\/horizonshemato.com\/?s={search_term_string}"},"query-input":{"@type":"PropertyValueSpecification","valueRequired":true,"valueName":"search_term_string"}}],"inLanguage":"en-US"}]}},"_links":{"self":[{"href":"https:\/\/horizonshemato.com\/en\/wp-json\/wp\/v2\/pages\/12392","targetHints":{"allow":["GET"]}}],"collection":[{"href":"https:\/\/horizonshemato.com\/en\/wp-json\/wp\/v2\/pages"}],"about":[{"href":"https:\/\/horizonshemato.com\/en\/wp-json\/wp\/v2\/types\/page"}],"author":[{"embeddable":true,"href":"https:\/\/horizonshemato.com\/en\/wp-json\/wp\/v2\/users\/1"}],"replies":[{"embeddable":true,"href":"https:\/\/horizonshemato.com\/en\/wp-json\/wp\/v2\/comments?post=12392"}],"version-history":[{"count":2,"href":"https:\/\/horizonshemato.com\/en\/wp-json\/wp\/v2\/pages\/12392\/revisions"}],"predecessor-version":[{"id":17708,"href":"https:\/\/horizonshemato.com\/en\/wp-json\/wp\/v2\/pages\/12392\/revisions\/17708"}],"wp:attachment":[{"href":"https:\/\/horizonshemato.com\/en\/wp-json\/wp\/v2\/media?parent=12392"}],"curies":[{"name":"wp","href":"https:\/\/api.w.org\/{rel}","templated":true}]}}