{"id":12388,"date":"2017-10-24T09:50:07","date_gmt":"2017-10-24T09:50:07","guid":{"rendered":"http:\/\/horizonshemato.com\/?page_id=12388"},"modified":"2024-01-08T17:16:53","modified_gmt":"2024-01-08T17:16:53","slug":"fiches-pratiques","status":"publish","type":"page","link":"https:\/\/horizonshemato.com\/en\/fiches-pratiques\/","title":{"rendered":"Fiches pratiques"},"content":{"rendered":"<ul>\n<li>Prophylaxie de la neutrop\u00e9nie f\u00e9brile. (Mars 2017, vol. 7 n\u00b01)<br \/>\n<strong>Philippe Colombat<\/strong><\/li>\n<\/ul>\n<ul>\n<li>\u00a0Fatigue et cancer. (D\u00e9cembre 2016, vol. 6 n\u00b04)<br \/>\n<strong>Michel Pavic,\u00a0Philippe Colombat<\/strong><\/li>\n<\/ul>\n<ul>\n<li>Cath\u00e9ter \u00e0 Chambre Implantable(CCI) : indications, pose et complications. (Septembre 2016, vol. 6 n\u00b03)<br \/>\n<strong>Philippe Colombat<\/strong><\/li>\n<\/ul>\n<ul>\n<li>Syndrome d\u2019\u00c9puisement Professionnel des Soignants (SEPS) (<em>Juin 2016, vol. 6, n\u00b02<\/em>)<br \/>\n<strong>Philippe Colombat<\/strong><\/li>\n<\/ul>\n<ul>\n<li>Mucites et candidoses (<em>Mars 2016, vol. 6, n\u00b01<\/em>)<br \/>\n<strong>Philippe Colombat<\/strong><\/li>\n<\/ul>","protected":false},"excerpt":{"rendered":"<p>Prophylaxie de la neutrop\u00e9nie f\u00e9brile. (Mars 2017, vol. 7 n\u00b01) Philippe Colombat \u00a0Fatigue et cancer. (D\u00e9cembre 2016, vol. 6 n\u00b04) Michel Pavic,\u00a0Philippe Colombat Cath\u00e9ter \u00e0 Chambre Implantable(CCI) : indications, pose et complications. (Septembre 2016, vol. 6 n\u00b03) Philippe Colombat Syndrome d\u2019\u00c9puisement Professionnel des Soignants (SEPS) (Juin 2016, vol. 6, n\u00b02) Philippe Colombat Mucites et candidoses (Mars  [&#8230;]<\/p>\n","protected":false},"author":1,"featured_media":0,"parent":0,"menu_order":0,"comment_status":"closed","ping_status":"closed","template":"","meta":{"_monsterinsights_skip_tracking":false,"_monsterinsights_sitenote_active":false,"_monsterinsights_sitenote_note":"","_monsterinsights_sitenote_category":0,"footnotes":""},"class_list":["post-12388","page","type-page","status-publish","hentry"],"yoast_head":"<!-- This site is optimized with the Yoast SEO plugin v27.1.1 - https:\/\/yoast.com\/product\/yoast-seo-wordpress\/ -->\n<title>Fiches pratiques - Horizons H\u00e9mato<\/title>\n<meta name=\"robots\" content=\"index, follow, max-snippet:-1, max-image-preview:large, max-video-preview:-1\" \/>\n<link rel=\"canonical\" href=\"https:\/\/horizonshemato.com\/en\/fiches-pratiques\/\" \/>\n<meta property=\"og:locale\" content=\"en_US\" \/>\n<meta property=\"og:type\" content=\"article\" \/>\n<meta property=\"og:title\" content=\"Fiches pratiques - Horizons H\u00e9mato\" \/>\n<meta property=\"og:description\" content=\"Prophylaxie de la neutrop\u00e9nie f\u00e9brile. (Mars 2017, vol. 7 n\u00b01) Philippe Colombat \u00a0Fatigue et cancer. (D\u00e9cembre 2016, vol. 6 n\u00b04) Michel Pavic,\u00a0Philippe Colombat Cath\u00e9ter \u00e0 Chambre Implantable(CCI) : indications, pose et complications. (Septembre 2016, vol. 6 n\u00b03) Philippe Colombat Syndrome d\u2019\u00c9puisement Professionnel des Soignants (SEPS) (Juin 2016, vol. 6, n\u00b02) Philippe Colombat Mucites et candidoses (Mars [...]\" \/>\n<meta property=\"og:url\" content=\"https:\/\/horizonshemato.com\/en\/fiches-pratiques\/\" \/>\n<meta property=\"og:site_name\" content=\"Horizons H\u00e9mato\" \/>\n<meta property=\"article:modified_time\" content=\"2024-01-08T17:16:53+00:00\" \/>\n<meta name=\"twitter:card\" content=\"summary_large_image\" \/>\n<script type=\"application\/ld+json\" class=\"yoast-schema-graph\">{\"@context\":\"https:\/\/schema.org\",\"@graph\":[{\"@type\":\"WebPage\",\"@id\":\"https:\/\/horizonshemato.com\/fiches-pratiques\/\",\"url\":\"https:\/\/horizonshemato.com\/fiches-pratiques\/\",\"name\":\"Fiches pratiques - Horizons H\u00e9mato\",\"isPartOf\":{\"@id\":\"https:\/\/horizonshemato.com\/#website\"},\"datePublished\":\"2017-10-24T09:50:07+00:00\",\"dateModified\":\"2024-01-08T17:16:53+00:00\",\"breadcrumb\":{\"@id\":\"https:\/\/horizonshemato.com\/fiches-pratiques\/#breadcrumb\"},\"inLanguage\":\"en-US\",\"potentialAction\":[{\"@type\":\"ReadAction\",\"target\":[\"https:\/\/horizonshemato.com\/fiches-pratiques\/\"]}]},{\"@type\":\"BreadcrumbList\",\"@id\":\"https:\/\/horizonshemato.com\/fiches-pratiques\/#breadcrumb\",\"itemListElement\":[{\"@type\":\"ListItem\",\"position\":1,\"name\":\"Accueil\",\"item\":\"https:\/\/horizonshemato.com\/\"},{\"@type\":\"ListItem\",\"position\":2,\"name\":\"Fiches pratiques\"}]},{\"@type\":\"WebSite\",\"@id\":\"https:\/\/horizonshemato.com\/#website\",\"url\":\"https:\/\/horizonshemato.com\/\",\"name\":\"Horizons H\u00e9mato\",\"description\":\"La revue des pratiques en h\u00e9matologie\",\"potentialAction\":[{\"@type\":\"SearchAction\",\"target\":{\"@type\":\"EntryPoint\",\"urlTemplate\":\"https:\/\/horizonshemato.com\/?s={search_term_string}\"},\"query-input\":{\"@type\":\"PropertyValueSpecification\",\"valueRequired\":true,\"valueName\":\"search_term_string\"}}],\"inLanguage\":\"en-US\"}]}<\/script>\n<!-- \/ Yoast SEO plugin. -->","yoast_head_json":{"title":"Fiches pratiques - Horizons H\u00e9mato","robots":{"index":"index","follow":"follow","max-snippet":"max-snippet:-1","max-image-preview":"max-image-preview:large","max-video-preview":"max-video-preview:-1"},"canonical":"https:\/\/horizonshemato.com\/en\/fiches-pratiques\/","og_locale":"en_US","og_type":"article","og_title":"Fiches pratiques - Horizons H\u00e9mato","og_description":"Prophylaxie de la neutrop\u00e9nie f\u00e9brile. (Mars 2017, vol. 7 n\u00b01) Philippe Colombat \u00a0Fatigue et cancer. (D\u00e9cembre 2016, vol. 6 n\u00b04) Michel Pavic,\u00a0Philippe Colombat Cath\u00e9ter \u00e0 Chambre Implantable(CCI) : indications, pose et complications. (Septembre 2016, vol. 6 n\u00b03) Philippe Colombat Syndrome d\u2019\u00c9puisement Professionnel des Soignants (SEPS) (Juin 2016, vol. 6, n\u00b02) Philippe Colombat Mucites et candidoses (Mars [...]","og_url":"https:\/\/horizonshemato.com\/en\/fiches-pratiques\/","og_site_name":"Horizons H\u00e9mato","article_modified_time":"2024-01-08T17:16:53+00:00","twitter_card":"summary_large_image","schema":{"@context":"https:\/\/schema.org","@graph":[{"@type":"WebPage","@id":"https:\/\/horizonshemato.com\/fiches-pratiques\/","url":"https:\/\/horizonshemato.com\/fiches-pratiques\/","name":"Fiches pratiques - Horizons H\u00e9mato","isPartOf":{"@id":"https:\/\/horizonshemato.com\/#website"},"datePublished":"2017-10-24T09:50:07+00:00","dateModified":"2024-01-08T17:16:53+00:00","breadcrumb":{"@id":"https:\/\/horizonshemato.com\/fiches-pratiques\/#breadcrumb"},"inLanguage":"en-US","potentialAction":[{"@type":"ReadAction","target":["https:\/\/horizonshemato.com\/fiches-pratiques\/"]}]},{"@type":"BreadcrumbList","@id":"https:\/\/horizonshemato.com\/fiches-pratiques\/#breadcrumb","itemListElement":[{"@type":"ListItem","position":1,"name":"Accueil","item":"https:\/\/horizonshemato.com\/"},{"@type":"ListItem","position":2,"name":"Fiches pratiques"}]},{"@type":"WebSite","@id":"https:\/\/horizonshemato.com\/#website","url":"https:\/\/horizonshemato.com\/","name":"Horizons H\u00e9mato","description":"La revue des pratiques en h\u00e9matologie","potentialAction":[{"@type":"SearchAction","target":{"@type":"EntryPoint","urlTemplate":"https:\/\/horizonshemato.com\/?s={search_term_string}"},"query-input":{"@type":"PropertyValueSpecification","valueRequired":true,"valueName":"search_term_string"}}],"inLanguage":"en-US"}]}},"_links":{"self":[{"href":"https:\/\/horizonshemato.com\/en\/wp-json\/wp\/v2\/pages\/12388","targetHints":{"allow":["GET"]}}],"collection":[{"href":"https:\/\/horizonshemato.com\/en\/wp-json\/wp\/v2\/pages"}],"about":[{"href":"https:\/\/horizonshemato.com\/en\/wp-json\/wp\/v2\/types\/page"}],"author":[{"embeddable":true,"href":"https:\/\/horizonshemato.com\/en\/wp-json\/wp\/v2\/users\/1"}],"replies":[{"embeddable":true,"href":"https:\/\/horizonshemato.com\/en\/wp-json\/wp\/v2\/comments?post=12388"}],"version-history":[{"count":2,"href":"https:\/\/horizonshemato.com\/en\/wp-json\/wp\/v2\/pages\/12388\/revisions"}],"predecessor-version":[{"id":17706,"href":"https:\/\/horizonshemato.com\/en\/wp-json\/wp\/v2\/pages\/12388\/revisions\/17706"}],"wp:attachment":[{"href":"https:\/\/horizonshemato.com\/en\/wp-json\/wp\/v2\/media?parent=12388"}],"curies":[{"name":"wp","href":"https:\/\/api.w.org\/{rel}","templated":true}]}}