{"id":12386,"date":"2017-10-24T09:49:31","date_gmt":"2017-10-24T09:49:31","guid":{"rendered":"http:\/\/horizonshemato.com\/?page_id=12386"},"modified":"2024-01-08T17:16:53","modified_gmt":"2024-01-08T17:16:53","slug":"actualites-associations-de-patients","status":"publish","type":"page","link":"https:\/\/horizonshemato.com\/en\/actualites-associations-de-patients\/","title":{"rendered":"Actualit\u00e9s associations de patients"},"content":{"rendered":"<ul>\n<li>Actualit\u00e9s <em>Septembre 2017, vol.7, n\u00b03<\/em><br \/>\n<strong>Ghislaine Lasseron<\/p>\n<p><\/strong><\/li>\n<li><a href=\"http:\/\/horizonshemato.com\/wp-content\/uploads\/2017\/10\/actuasso.pdf\">Actualit\u00e9s <em>Juin\u00a02017, vol. 7, n\u00b02<\/em><\/a><br \/>\n<strong>Ghislaine Lasseron<\/strong><\/li>\n<\/ul>\n<ul>\n<li><a href=\"http:\/\/horizonshemato.com\/wp-content\/uploads\/2017\/10\/actu1.pdf\">Actualit\u00e9s <em>Mars\u00a02017, vol. 7, n\u00b01<\/em><\/a><br \/>\n<strong>Ghislaine Lasseron<\/strong><\/li>\n<\/ul>\n<ul>\n<li><a href=\"http:\/\/horizonshemato.com\/wp-content\/uploads\/2017\/10\/actu_associations.pdf\">Actualit\u00e9s <em>D\u00e9cembre\u00a02016, vol. 6, n\u00b04<\/em><\/a><br \/>\n<strong>Ghislaine Lasseron<\/strong><\/li>\n<\/ul>\n<ul>\n<li><a href=\"http:\/\/horizonshemato.com\/wp-content\/uploads\/2017\/10\/actuassociation.pdf\">Actualit\u00e9s <em>Septembre\u00a02016, vol. 6, n\u00b03<\/em><\/a><br \/>\n<strong>Ghislaine Lasseron<\/strong><\/li>\n<\/ul>\n<ul>\n<li><a href=\"http:\/\/horizonshemato.com\/wp-content\/uploads\/2017\/10\/Horizons-Hemato-Juin-2016-44-Associations.pdf\">Actualit\u00e9s <em>Juin 2016, vol. 6, n\u00b02<\/em><\/a><br \/>\n<strong>Ghislaine Lasseron<\/strong><\/li>\n<\/ul>\n<ul>\n<li><a href=\"http:\/\/horizonshemato.com\/wp-content\/uploads\/2017\/10\/Horizons-Hemato-Mars-2016-58-Associations.pdf\">Actualit\u00e9s <em>Mars 2016, vol. 6, n\u00b01<\/em><\/a><br \/>\n<strong>Ghislaine Lasseron<\/strong><\/li>\n<\/ul>\n<ul>\n<li><a href=\"http:\/\/horizonshemato.com\/wp-content\/uploads\/2017\/10\/Horizons-Hemato-Decembre-2015-243-Associations.pdf\">Actualit\u00e9s <em>D\u00e9cembre 2015, vol. 5, n\u00b04<\/em><\/a><br \/>\n<strong>Ghislaine Lasseron<br \/>\n<\/strong><\/li>\n<\/ul>\n<ul>\n<li><a href=\"http:\/\/horizonshemato.com\/wp-content\/uploads\/2017\/10\/Horizons-Hemato-Septembre-2015-195-associations.pdf\">Actualit\u00e9s <em>Septembre 2015, vol. 5, n\u00b04<\/em><\/a><br \/>\n<strong>Ghislaine Lasseron<br \/>\n<\/strong><\/li>\n<\/ul>\n<ul>\n<li><a href=\"http:\/\/horizonshemato.com\/wp-content\/uploads\/2017\/10\/Horizons-Hemato-Juin-2015-147-Associations.pdf\">Actualit\u00e9s <em>Juin 2015, vol. 5, n\u00b02<\/em><\/a><br \/>\n<strong>Ghislaine Lasseron<br \/>\n<\/strong><\/li>\n<\/ul>\n<ul>\n<li><a href=\"http:\/\/horizonshemato.com\/wp-content\/uploads\/2017\/10\/Horizons-Hemato-Mars-2015-59-Actu-associations.pdf\">Actualit\u00e9s <em>Mars 2015, vol. 5, n\u00b01<\/em><\/a><br \/>\n<strong>Ghislaine Lasseron<br \/>\n<\/strong><\/li>\n<\/ul>\n<ul>\n<li><a href=\"http:\/\/horizonshemato.com\/wp-content\/uploads\/2017\/10\/Horizons-Hemato-Decembre-2014-142-Actu-associations.pdf\">Actualit\u00e9s <em>D\u00e9cembre 2014, vol. 4, n\u00b04<\/em><\/a><br \/>\n<strong>Ghislaine Lasseron<br \/>\n<\/strong><\/li>\n<\/ul>\n<ul>\n<li>Actualit\u00e9s <em>Septembre 2014, vol. 4, n\u00b03<\/em><br \/>\n<strong>Ghislaine Lasseron<br \/>\n<\/strong><\/li>\n<\/ul>\n<ul>\n<li><a href=\"http:\/\/horizonshemato.com\/wp-content\/uploads\/2017\/10\/Horizons-Hemato-Juin-2014-29-Actus-associations.pdf\">Actualit\u00e9s <em>Juin 2014, vol. 4, n\u00b02<\/em><\/a><br \/>\n<strong>Ghislaine Lasseron<br \/>\n<\/strong><\/li>\n<\/ul>\n<ul>\n<li><a href=\"http:\/\/horizonshemato.com\/wp-content\/uploads\/2017\/10\/Horizons-Hemato-Mars-2014-40-Actus-associations.pdf\">Actualit\u00e9s <em>Mars 2014, vol. 4, n\u00b01<\/em><\/a><br \/>\n<strong>Ghislaine Lasseron<br \/>\n<\/strong><\/li>\n<\/ul>\n<ul>\n<li><a href=\"http:\/\/horizonshemato.com\/wp-content\/uploads\/2017\/10\/Horizons-Hemato-Decembre-2013-162-Actus-associations.pdf\">Actualit\u00e9s <em>D\u00e9cembre 2013, vol. 3, n\u00b04<\/em><\/a><br \/>\n<strong>Ghislaine Lasseron<\/strong><\/li>\n<\/ul>","protected":false},"excerpt":{"rendered":"<p>Actualit\u00e9s Septembre 2017, vol.7, n\u00b03 Ghislaine Lasseron Actualit\u00e9s Juin\u00a02017, vol. 7, n\u00b02 Ghislaine Lasseron Actualit\u00e9s Mars\u00a02017, vol. 7, n\u00b01 Ghislaine Lasseron Actualit\u00e9s D\u00e9cembre\u00a02016, vol. 6, n\u00b04 Ghislaine Lasseron Actualit\u00e9s Septembre\u00a02016, vol. 6, n\u00b03 Ghislaine Lasseron Actualit\u00e9s Juin 2016, vol. 6, n\u00b02 Ghislaine Lasseron Actualit\u00e9s Mars 2016, vol. 6, n\u00b01 Ghislaine Lasseron Actualit\u00e9s D\u00e9cembre 2015, vol. 5,  [&#8230;]<\/p>\n","protected":false},"author":1,"featured_media":0,"parent":0,"menu_order":0,"comment_status":"closed","ping_status":"closed","template":"","meta":{"_monsterinsights_skip_tracking":false,"_monsterinsights_sitenote_active":false,"_monsterinsights_sitenote_note":"","_monsterinsights_sitenote_category":0,"footnotes":""},"class_list":["post-12386","page","type-page","status-publish","hentry"],"yoast_head":"<!-- This site is optimized with the Yoast SEO plugin v27.1.1 - https:\/\/yoast.com\/product\/yoast-seo-wordpress\/ -->\n<title>Actualit\u00e9s associations de patients - Horizons H\u00e9mato<\/title>\n<meta name=\"robots\" content=\"index, follow, max-snippet:-1, max-image-preview:large, max-video-preview:-1\" \/>\n<link rel=\"canonical\" href=\"https:\/\/horizonshemato.com\/en\/actualites-associations-de-patients\/\" \/>\n<meta property=\"og:locale\" content=\"en_US\" \/>\n<meta property=\"og:type\" content=\"article\" \/>\n<meta property=\"og:title\" content=\"Actualit\u00e9s associations de patients - Horizons H\u00e9mato\" \/>\n<meta property=\"og:description\" content=\"Actualit\u00e9s Septembre 2017, vol.7, n\u00b03 Ghislaine Lasseron Actualit\u00e9s Juin\u00a02017, vol. 7, n\u00b02 Ghislaine Lasseron Actualit\u00e9s Mars\u00a02017, vol. 7, n\u00b01 Ghislaine Lasseron Actualit\u00e9s D\u00e9cembre\u00a02016, vol. 6, n\u00b04 Ghislaine Lasseron Actualit\u00e9s Septembre\u00a02016, vol. 6, n\u00b03 Ghislaine Lasseron Actualit\u00e9s Juin 2016, vol. 6, n\u00b02 Ghislaine Lasseron Actualit\u00e9s Mars 2016, vol. 6, n\u00b01 Ghislaine Lasseron Actualit\u00e9s D\u00e9cembre 2015, vol. 5, [...]\" \/>\n<meta property=\"og:url\" content=\"https:\/\/horizonshemato.com\/en\/actualites-associations-de-patients\/\" \/>\n<meta property=\"og:site_name\" content=\"Horizons H\u00e9mato\" \/>\n<meta property=\"article:modified_time\" content=\"2024-01-08T17:16:53+00:00\" \/>\n<meta name=\"twitter:card\" content=\"summary_large_image\" \/>\n<meta name=\"twitter:label1\" content=\"Est. reading time\" \/>\n\t<meta name=\"twitter:data1\" content=\"1 minute\" \/>\n<script type=\"application\/ld+json\" class=\"yoast-schema-graph\">{\"@context\":\"https:\/\/schema.org\",\"@graph\":[{\"@type\":\"WebPage\",\"@id\":\"https:\/\/horizonshemato.com\/actualites-associations-de-patients\/\",\"url\":\"https:\/\/horizonshemato.com\/actualites-associations-de-patients\/\",\"name\":\"Actualit\u00e9s associations de patients - Horizons H\u00e9mato\",\"isPartOf\":{\"@id\":\"https:\/\/horizonshemato.com\/#website\"},\"datePublished\":\"2017-10-24T09:49:31+00:00\",\"dateModified\":\"2024-01-08T17:16:53+00:00\",\"breadcrumb\":{\"@id\":\"https:\/\/horizonshemato.com\/actualites-associations-de-patients\/#breadcrumb\"},\"inLanguage\":\"en-US\",\"potentialAction\":[{\"@type\":\"ReadAction\",\"target\":[\"https:\/\/horizonshemato.com\/actualites-associations-de-patients\/\"]}]},{\"@type\":\"BreadcrumbList\",\"@id\":\"https:\/\/horizonshemato.com\/actualites-associations-de-patients\/#breadcrumb\",\"itemListElement\":[{\"@type\":\"ListItem\",\"position\":1,\"name\":\"Accueil\",\"item\":\"https:\/\/horizonshemato.com\/\"},{\"@type\":\"ListItem\",\"position\":2,\"name\":\"Actualit\u00e9s associations de patients\"}]},{\"@type\":\"WebSite\",\"@id\":\"https:\/\/horizonshemato.com\/#website\",\"url\":\"https:\/\/horizonshemato.com\/\",\"name\":\"Horizons H\u00e9mato\",\"description\":\"La revue des pratiques en h\u00e9matologie\",\"potentialAction\":[{\"@type\":\"SearchAction\",\"target\":{\"@type\":\"EntryPoint\",\"urlTemplate\":\"https:\/\/horizonshemato.com\/?s={search_term_string}\"},\"query-input\":{\"@type\":\"PropertyValueSpecification\",\"valueRequired\":true,\"valueName\":\"search_term_string\"}}],\"inLanguage\":\"en-US\"}]}<\/script>\n<!-- \/ Yoast SEO plugin. -->","yoast_head_json":{"title":"Actualit\u00e9s associations de patients - Horizons H\u00e9mato","robots":{"index":"index","follow":"follow","max-snippet":"max-snippet:-1","max-image-preview":"max-image-preview:large","max-video-preview":"max-video-preview:-1"},"canonical":"https:\/\/horizonshemato.com\/en\/actualites-associations-de-patients\/","og_locale":"en_US","og_type":"article","og_title":"Actualit\u00e9s associations de patients - Horizons H\u00e9mato","og_description":"Actualit\u00e9s Septembre 2017, vol.7, n\u00b03 Ghislaine Lasseron Actualit\u00e9s Juin\u00a02017, vol. 7, n\u00b02 Ghislaine Lasseron Actualit\u00e9s Mars\u00a02017, vol. 7, n\u00b01 Ghislaine Lasseron Actualit\u00e9s D\u00e9cembre\u00a02016, vol. 6, n\u00b04 Ghislaine Lasseron Actualit\u00e9s Septembre\u00a02016, vol. 6, n\u00b03 Ghislaine Lasseron Actualit\u00e9s Juin 2016, vol. 6, n\u00b02 Ghislaine Lasseron Actualit\u00e9s Mars 2016, vol. 6, n\u00b01 Ghislaine Lasseron Actualit\u00e9s D\u00e9cembre 2015, vol. 5, [...]","og_url":"https:\/\/horizonshemato.com\/en\/actualites-associations-de-patients\/","og_site_name":"Horizons H\u00e9mato","article_modified_time":"2024-01-08T17:16:53+00:00","twitter_card":"summary_large_image","twitter_misc":{"Est. reading time":"1 minute"},"schema":{"@context":"https:\/\/schema.org","@graph":[{"@type":"WebPage","@id":"https:\/\/horizonshemato.com\/actualites-associations-de-patients\/","url":"https:\/\/horizonshemato.com\/actualites-associations-de-patients\/","name":"Actualit\u00e9s associations de patients - Horizons H\u00e9mato","isPartOf":{"@id":"https:\/\/horizonshemato.com\/#website"},"datePublished":"2017-10-24T09:49:31+00:00","dateModified":"2024-01-08T17:16:53+00:00","breadcrumb":{"@id":"https:\/\/horizonshemato.com\/actualites-associations-de-patients\/#breadcrumb"},"inLanguage":"en-US","potentialAction":[{"@type":"ReadAction","target":["https:\/\/horizonshemato.com\/actualites-associations-de-patients\/"]}]},{"@type":"BreadcrumbList","@id":"https:\/\/horizonshemato.com\/actualites-associations-de-patients\/#breadcrumb","itemListElement":[{"@type":"ListItem","position":1,"name":"Accueil","item":"https:\/\/horizonshemato.com\/"},{"@type":"ListItem","position":2,"name":"Actualit\u00e9s associations de patients"}]},{"@type":"WebSite","@id":"https:\/\/horizonshemato.com\/#website","url":"https:\/\/horizonshemato.com\/","name":"Horizons H\u00e9mato","description":"La revue des pratiques en h\u00e9matologie","potentialAction":[{"@type":"SearchAction","target":{"@type":"EntryPoint","urlTemplate":"https:\/\/horizonshemato.com\/?s={search_term_string}"},"query-input":{"@type":"PropertyValueSpecification","valueRequired":true,"valueName":"search_term_string"}}],"inLanguage":"en-US"}]}},"_links":{"self":[{"href":"https:\/\/horizonshemato.com\/en\/wp-json\/wp\/v2\/pages\/12386","targetHints":{"allow":["GET"]}}],"collection":[{"href":"https:\/\/horizonshemato.com\/en\/wp-json\/wp\/v2\/pages"}],"about":[{"href":"https:\/\/horizonshemato.com\/en\/wp-json\/wp\/v2\/types\/page"}],"author":[{"embeddable":true,"href":"https:\/\/horizonshemato.com\/en\/wp-json\/wp\/v2\/users\/1"}],"replies":[{"embeddable":true,"href":"https:\/\/horizonshemato.com\/en\/wp-json\/wp\/v2\/comments?post=12386"}],"version-history":[{"count":4,"href":"https:\/\/horizonshemato.com\/en\/wp-json\/wp\/v2\/pages\/12386\/revisions"}],"predecessor-version":[{"id":17704,"href":"https:\/\/horizonshemato.com\/en\/wp-json\/wp\/v2\/pages\/12386\/revisions\/17704"}],"wp:attachment":[{"href":"https:\/\/horizonshemato.com\/en\/wp-json\/wp\/v2\/media?parent=12386"}],"curies":[{"name":"wp","href":"https:\/\/api.w.org\/{rel}","templated":true}]}}